{"id":9575,"date":"2019-05-25T22:24:01","date_gmt":"2019-05-26T03:24:01","guid":{"rendered":"https:\/\/pride.audio\/product\/amplifier-pride-quattro-plus-4-x-140w\/"},"modified":"2024-08-13T19:26:37","modified_gmt":"2024-08-13T17:26:37","slug":"q-125plus","status":"publish","type":"product","link":"https:\/\/pride.audio\/de\/produkt\/q-125plus\/","title":{"rendered":"Car-Audio-Verst\u00e4rker Quattro Plus \u2013 140 W x 4 Kan\u00e4le"},"content":{"rendered":"<p><strong>Verst\u00e4rker Pride Quattro Plus<\/strong><\/p>\n<p>Im Sortiment der Marke Pride Car Audio finden Sie einen Verst\u00e4rker Pride Quattro Plus. Es ist jetzt auf dem US-Markt erh\u00e4ltlich!<\/p>\n<p>Es handelt sich um einen 4-Kanal-Verst\u00e4rker der AB-Klasse, der sich ideal f\u00fcr die Stromversorgung einer Freisprecheinrichtung eignet.<br \/>\nPride Quattro plus Stabilly arbeitet mit einer Last von 2 Ohm pro Kanal oder 4 Ohm im \u201eBr\u00fcckenschaltmodus\u201c der Kan\u00e4le.<\/p>\n<p>Die Leistung jedes der vier Kan\u00e4le betr\u00e4gt 100 W bei einer Last von 4 Ohm oder 140 W bei einer Last von 2 Ohm, bei einer Spannung von 14,4 Volt und K.N.I. 1 %<\/p>\n<p>Bereich der wiedergegebenen Frequenzen, Hz 15 \u2013 30000<\/p>\n<p>RMS-Nennleistung von 2 Ohm, Anzahl Kan\u00e4le x W 4 x 140<br \/>\nRMS-Nennleistung von 4 Ohm, Anzahl Kan\u00e4le x W 4 x 100<br \/>\nRMS-Nennleistung an 4 Ohm, Br\u00fccke, W 2 x 280<\/p>\n<p>Sie k\u00f6nnen eine hochwertige L\u00f6sung f\u00fcr Ihr Auto installieren und 4-Kanal-Lautsprecher oder Twitters anschlie\u00dfen. Es ist m\u00f6glich, an 2 Ohm zu arbeiten.<\/p>\n<p>Kaufen Sie es jetzt und genie\u00dfen Sie die Klangkraft von Pride Car Audio!<\/p>\n","protected":false},"excerpt":{"rendered":"<p>4 x 140W<\/p>\n","protected":false},"featured_media":18833,"template":"","meta":{"inline_featured_image":false},"product_brand":[],"product_cat":[328,331],"product_tag":[],"class_list":{"0":"post-9575","1":"product","2":"type-product","3":"status-publish","4":"has-post-thumbnail","6":"product_cat-amplifiers","7":"product_cat-4-channel","9":"first","10":"outofstock","11":"taxable","12":"shipping-taxable","13":"product-type-simple"},"acf":[],"yoast_head":"<!-- This site is optimized with the Yoast SEO plugin v27.5 - https:\/\/yoast.com\/product\/yoast-seo-wordpress\/ -->\n<title>Car-Audio-Verst\u00e4rker Quattro Plus \u2013 140 W x 4 Kan\u00e4le - Pride Car Audio1<\/title>\n<meta name=\"robots\" content=\"index, follow, max-snippet:-1, max-image-preview:large, max-video-preview:-1\" \/>\n<link rel=\"canonical\" href=\"https:\/\/pride.audio\/produkt\/q-125plus\/\" \/>\n<meta property=\"og:locale\" content=\"de_DE\" \/>\n<meta property=\"og:type\" content=\"article\" \/>\n<meta property=\"og:title\" content=\"Car-Audio-Verst\u00e4rker Quattro Plus \u2013 140 W x 4 Kan\u00e4le - Pride Car Audio1\" \/>\n<meta property=\"og:description\" content=\"4 x 140W\" \/>\n<meta property=\"og:url\" content=\"https:\/\/pride.audio\/produkt\/q-125plus\/\" \/>\n<meta property=\"og:site_name\" content=\"Pride Car Audio1\" \/>\n<meta property=\"article:modified_time\" content=\"2024-08-13T17:26:37+00:00\" \/>\n<meta property=\"og:image\" content=\"https:\/\/pride.audio\/wp-content\/uploads\/czlo8cxqrolwrhdfvye1a_thumb_427c.jpg\" \/>\n\t<meta property=\"og:image:width\" content=\"652\" \/>\n\t<meta property=\"og:image:height\" content=\"654\" \/>\n\t<meta property=\"og:image:type\" content=\"image\/jpeg\" \/>\n<meta name=\"twitter:card\" content=\"summary_large_image\" \/>\n<meta name=\"twitter:label1\" content=\"Gesch\u00e4tzte Lesezeit\" \/>\n\t<meta name=\"twitter:data1\" content=\"1\u00a0Minute\" \/>\n<script type=\"application\/ld+json\" class=\"yoast-schema-graph\">{\"@context\":\"https:\\\/\\\/schema.org\",\"@graph\":[{\"@type\":\"WebPage\",\"@id\":\"https:\\\/\\\/pride.audio\\\/produkt\\\/q-125plus\\\/\",\"url\":\"https:\\\/\\\/pride.audio\\\/produkt\\\/q-125plus\\\/\",\"name\":\"Car-Audio-Verst\u00e4rker Quattro Plus \u2013 140 W x 4 Kan\u00e4le - Pride Car Audio1\",\"isPartOf\":{\"@id\":\"https:\\\/\\\/pride.audio\\\/#website\"},\"primaryImageOfPage\":{\"@id\":\"https:\\\/\\\/pride.audio\\\/produkt\\\/q-125plus\\\/#primaryimage\"},\"image\":{\"@id\":\"https:\\\/\\\/pride.audio\\\/produkt\\\/q-125plus\\\/#primaryimage\"},\"thumbnailUrl\":\"https:\\\/\\\/pride.audio\\\/wp-content\\\/uploads\\\/2019\\\/05\\\/IMG_2018.jpg\",\"datePublished\":\"2019-05-26T03:24:01+00:00\",\"dateModified\":\"2024-08-13T17:26:37+00:00\",\"breadcrumb\":{\"@id\":\"https:\\\/\\\/pride.audio\\\/produkt\\\/q-125plus\\\/#breadcrumb\"},\"inLanguage\":\"de\",\"potentialAction\":[{\"@type\":\"ReadAction\",\"target\":[\"https:\\\/\\\/pride.audio\\\/produkt\\\/q-125plus\\\/\"]}]},{\"@type\":\"ImageObject\",\"inLanguage\":\"de\",\"@id\":\"https:\\\/\\\/pride.audio\\\/produkt\\\/q-125plus\\\/#primaryimage\",\"url\":\"https:\\\/\\\/pride.audio\\\/wp-content\\\/uploads\\\/2019\\\/05\\\/IMG_2018.jpg\",\"contentUrl\":\"https:\\\/\\\/pride.audio\\\/wp-content\\\/uploads\\\/2019\\\/05\\\/IMG_2018.jpg\",\"width\":1170,\"height\":1170,\"caption\":\"Screenshot\"},{\"@type\":\"BreadcrumbList\",\"@id\":\"https:\\\/\\\/pride.audio\\\/produkt\\\/q-125plus\\\/#breadcrumb\",\"itemListElement\":[{\"@type\":\"ListItem\",\"position\":1,\"name\":\"Home\",\"item\":\"https:\\\/\\\/pride.audio\\\/de\\\/\"},{\"@type\":\"ListItem\",\"position\":2,\"name\":\"Shop\",\"item\":\"https:\\\/\\\/pride.audio\\\/de\\\/shop-2\\\/\"},{\"@type\":\"ListItem\",\"position\":3,\"name\":\"Car-Audio-Verst\u00e4rker Quattro Plus \u2013 140 W x 4 Kan\u00e4le\"}]},{\"@type\":\"WebSite\",\"@id\":\"https:\\\/\\\/pride.audio\\\/#website\",\"url\":\"https:\\\/\\\/pride.audio\\\/\",\"name\":\"Pride Car Audio1\",\"description\":\"Pride Car Audio: Official site\",\"publisher\":{\"@id\":\"https:\\\/\\\/pride.audio\\\/#organization\"},\"potentialAction\":[{\"@type\":\"SearchAction\",\"target\":{\"@type\":\"EntryPoint\",\"urlTemplate\":\"https:\\\/\\\/pride.audio\\\/?s={search_term_string}\"},\"query-input\":{\"@type\":\"PropertyValueSpecification\",\"valueRequired\":true,\"valueName\":\"search_term_string\"}}],\"inLanguage\":\"de\"},{\"@type\":\"Organization\",\"@id\":\"https:\\\/\\\/pride.audio\\\/#organization\",\"name\":\"Pride Car Audio1\",\"url\":\"https:\\\/\\\/pride.audio\\\/\",\"logo\":{\"@type\":\"ImageObject\",\"inLanguage\":\"de\",\"@id\":\"https:\\\/\\\/pride.audio\\\/#\\\/schema\\\/logo\\\/image\\\/\",\"url\":\"https:\\\/\\\/pride.audio\\\/wp-content\\\/uploads\\\/2023\\\/08\\\/g10.svg\",\"contentUrl\":\"https:\\\/\\\/pride.audio\\\/wp-content\\\/uploads\\\/2023\\\/08\\\/g10.svg\",\"width\":158,\"height\":34,\"caption\":\"Pride Car Audio1\"},\"image\":{\"@id\":\"https:\\\/\\\/pride.audio\\\/#\\\/schema\\\/logo\\\/image\\\/\"}}]}<\/script>\n<!-- \/ Yoast SEO plugin. -->","yoast_head_json":{"title":"Car-Audio-Verst\u00e4rker Quattro Plus \u2013 140 W x 4 Kan\u00e4le - Pride Car Audio1","robots":{"index":"index","follow":"follow","max-snippet":"max-snippet:-1","max-image-preview":"max-image-preview:large","max-video-preview":"max-video-preview:-1"},"canonical":"https:\/\/pride.audio\/produkt\/q-125plus\/","og_locale":"de_DE","og_type":"article","og_title":"Car-Audio-Verst\u00e4rker Quattro Plus \u2013 140 W x 4 Kan\u00e4le - Pride Car Audio1","og_description":"4 x 140W","og_url":"https:\/\/pride.audio\/produkt\/q-125plus\/","og_site_name":"Pride Car Audio1","article_modified_time":"2024-08-13T17:26:37+00:00","og_image":[{"width":652,"height":654,"url":"https:\/\/pride.audio\/wp-content\/uploads\/czlo8cxqrolwrhdfvye1a_thumb_427c.jpg","type":"image\/jpeg"}],"twitter_card":"summary_large_image","twitter_misc":{"Gesch\u00e4tzte Lesezeit":"1\u00a0Minute"},"schema":{"@context":"https:\/\/schema.org","@graph":[{"@type":"WebPage","@id":"https:\/\/pride.audio\/produkt\/q-125plus\/","url":"https:\/\/pride.audio\/produkt\/q-125plus\/","name":"Car-Audio-Verst\u00e4rker Quattro Plus \u2013 140 W x 4 Kan\u00e4le - Pride Car Audio1","isPartOf":{"@id":"https:\/\/pride.audio\/#website"},"primaryImageOfPage":{"@id":"https:\/\/pride.audio\/produkt\/q-125plus\/#primaryimage"},"image":{"@id":"https:\/\/pride.audio\/produkt\/q-125plus\/#primaryimage"},"thumbnailUrl":"https:\/\/pride.audio\/wp-content\/uploads\/2019\/05\/IMG_2018.jpg","datePublished":"2019-05-26T03:24:01+00:00","dateModified":"2024-08-13T17:26:37+00:00","breadcrumb":{"@id":"https:\/\/pride.audio\/produkt\/q-125plus\/#breadcrumb"},"inLanguage":"de","potentialAction":[{"@type":"ReadAction","target":["https:\/\/pride.audio\/produkt\/q-125plus\/"]}]},{"@type":"ImageObject","inLanguage":"de","@id":"https:\/\/pride.audio\/produkt\/q-125plus\/#primaryimage","url":"https:\/\/pride.audio\/wp-content\/uploads\/2019\/05\/IMG_2018.jpg","contentUrl":"https:\/\/pride.audio\/wp-content\/uploads\/2019\/05\/IMG_2018.jpg","width":1170,"height":1170,"caption":"Screenshot"},{"@type":"BreadcrumbList","@id":"https:\/\/pride.audio\/produkt\/q-125plus\/#breadcrumb","itemListElement":[{"@type":"ListItem","position":1,"name":"Home","item":"https:\/\/pride.audio\/de\/"},{"@type":"ListItem","position":2,"name":"Shop","item":"https:\/\/pride.audio\/de\/shop-2\/"},{"@type":"ListItem","position":3,"name":"Car-Audio-Verst\u00e4rker Quattro Plus \u2013 140 W x 4 Kan\u00e4le"}]},{"@type":"WebSite","@id":"https:\/\/pride.audio\/#website","url":"https:\/\/pride.audio\/","name":"Pride Car Audio1","description":"Pride Car Audio: Official site","publisher":{"@id":"https:\/\/pride.audio\/#organization"},"potentialAction":[{"@type":"SearchAction","target":{"@type":"EntryPoint","urlTemplate":"https:\/\/pride.audio\/?s={search_term_string}"},"query-input":{"@type":"PropertyValueSpecification","valueRequired":true,"valueName":"search_term_string"}}],"inLanguage":"de"},{"@type":"Organization","@id":"https:\/\/pride.audio\/#organization","name":"Pride Car Audio1","url":"https:\/\/pride.audio\/","logo":{"@type":"ImageObject","inLanguage":"de","@id":"https:\/\/pride.audio\/#\/schema\/logo\/image\/","url":"https:\/\/pride.audio\/wp-content\/uploads\/2023\/08\/g10.svg","contentUrl":"https:\/\/pride.audio\/wp-content\/uploads\/2023\/08\/g10.svg","width":158,"height":34,"caption":"Pride Car Audio1"},"image":{"@id":"https:\/\/pride.audio\/#\/schema\/logo\/image\/"}}]}},"_links":{"self":[{"href":"https:\/\/pride.audio\/de\/wp-json\/wp\/v2\/product\/9575","targetHints":{"allow":["GET"]}}],"collection":[{"href":"https:\/\/pride.audio\/de\/wp-json\/wp\/v2\/product"}],"about":[{"href":"https:\/\/pride.audio\/de\/wp-json\/wp\/v2\/types\/product"}],"wp:featuredmedia":[{"embeddable":true,"href":"https:\/\/pride.audio\/de\/wp-json\/wp\/v2\/media\/18833"}],"wp:attachment":[{"href":"https:\/\/pride.audio\/de\/wp-json\/wp\/v2\/media?parent=9575"}],"wp:term":[{"taxonomy":"product_brand","embeddable":true,"href":"https:\/\/pride.audio\/de\/wp-json\/wp\/v2\/product_brand?post=9575"},{"taxonomy":"product_cat","embeddable":true,"href":"https:\/\/pride.audio\/de\/wp-json\/wp\/v2\/product_cat?post=9575"},{"taxonomy":"product_tag","embeddable":true,"href":"https:\/\/pride.audio\/de\/wp-json\/wp\/v2\/product_tag?post=9575"}],"curies":[{"name":"wp","href":"https:\/\/api.w.org\/{rel}","templated":true}]}}