{"id":9569,"date":"2019-05-25T22:27:27","date_gmt":"2019-05-26T03:27:27","guid":{"rendered":"https:\/\/pride.audio\/product\/amplifier-pride-quattro-xl-4-x-300w\/"},"modified":"2025-02-09T09:11:47","modified_gmt":"2025-02-09T07:11:47","slug":"q-150xl","status":"publish","type":"product","link":"https:\/\/pride.audio\/de\/produkt\/q-150xl\/","title":{"rendered":"Car-Audio-Verst\u00e4rker Pride Quattro XL \u2013 300 W x 4 Kan\u00e4le"},"content":{"rendered":"<p><strong>Verst\u00e4rker Pride Quattro XL<\/strong><\/p>\n<p>Stilvoller und leistungsstarker 4-Kanal-Autoverst\u00e4rker mit ausgereifter Frequenzweiche. Dieser Verst\u00e4rker wurde f\u00fcr echte Fans der Marke Pride entwickelt, die mit ihrem Lautsprechersystem maximale Ergebnisse erzielen m\u00f6chten. Da der Pride Quattro XL zu den Verst\u00e4rkern der Klasse AB geh\u00f6rt, k\u00f6nnen Sie bei richtiger Einrichtung eine hervorragende Klangqualit\u00e4t aus Ihrem System erzielen.<\/p>\n<p>Pride Quattro XL ist ein 4-Kanal-Verst\u00e4rker der AB-Klasse. Funktioniert stabil bei einer Last von 2 Ohm pro Kanal oder 4 Ohm im \u201eBr\u00fcckenschaltmodus\u201c der Kan\u00e4le. Die Leistung jedes der vier Kan\u00e4le betr\u00e4gt 175 W bei einer Last von 4 Ohm oder 300 W bei einer Last von 2 Ohm, bei einer Spannung von 14,4 V und K.N.I. 1 %.<\/p>\n<p>Der Quattro X ist mit 3 40-A-Sicherungen sowie Hoch- und Niederfrequenzfiltern mit gro\u00dfem Arbeitsbereich ausgestattet.<br \/>\nDer Verst\u00e4rker Quattro X verf\u00fcgt aufgrund des massiven Aluminiumgeh\u00e4uses mit einer L\u00e4nge von mehr als 500 mm \u00fcber eine hervorragende W\u00e4rmeableitung.<\/p>\n<p>Der Pride Quattro XL ist mit praktischen Klemmen zur sicheren Kabelfixierung ausgestattet und garantiert ein hohes Ma\u00df an Zuverl\u00e4ssigkeit und Montage. Die aktualisierte Version verf\u00fcgt \u00fcber einen verbesserten Temperaturschutz und Filtermultiplikatoren.<\/p>\n<p>RMS-Nennleistung von 2 Ohm, Anzahl Kan\u00e4le x W 4 x 300<br \/>\nRMS-Nennleistung bei 4 Ohm, Anzahl Kan\u00e4le x W 4 x 175<br \/>\nRMS-Nennleistung bei 4 Ohm (Mono), W 600<\/p>\n<p>Bereich der wiedergegebenen Frequenzen, Hz 15 \u2013 30000<\/p>\n<p>Sie k\u00f6nnen eine hochwertige L\u00f6sung f\u00fcr Ihr Auto installieren und 4-Kanal-Lautsprecher oder Twitters anschlie\u00dfen. Es ist m\u00f6glich, an 2 Ohm zu arbeiten.<\/p>\n<p>Unsere Produkte sind in den USA erh\u00e4ltlich und Sie k\u00f6nnen jetzt die besten Car-Audio-Ger\u00e4te kaufen!<\/p>\n","protected":false},"excerpt":{"rendered":"<p>4 x 300W<\/p>\n","protected":false},"featured_media":18843,"template":"","meta":{"inline_featured_image":false},"product_brand":[],"product_cat":[328,331],"product_tag":[],"class_list":{"0":"post-9569","1":"product","2":"type-product","3":"status-publish","4":"has-post-thumbnail","6":"product_cat-amplifiers","7":"product_cat-4-channel","9":"first","10":"outofstock","11":"taxable","12":"shipping-taxable","13":"product-type-simple"},"acf":[],"yoast_head":"<!-- This site is optimized with the Yoast SEO plugin v27.3 - https:\/\/yoast.com\/product\/yoast-seo-wordpress\/ -->\n<title>Car-Audio-Verst\u00e4rker Pride Quattro XL \u2013 300 W x 4 Kan\u00e4le - Pride Car Audio1<\/title>\n<meta name=\"robots\" content=\"index, follow, max-snippet:-1, max-image-preview:large, max-video-preview:-1\" \/>\n<link rel=\"canonical\" href=\"https:\/\/pride.audio\/de\/produkt\/q-150xl\/\" \/>\n<meta property=\"og:locale\" content=\"de_DE\" \/>\n<meta property=\"og:type\" content=\"article\" \/>\n<meta property=\"og:title\" content=\"Car-Audio-Verst\u00e4rker Pride Quattro XL \u2013 300 W x 4 Kan\u00e4le - Pride Car Audio1\" \/>\n<meta property=\"og:description\" content=\"4 x 300W\" \/>\n<meta property=\"og:url\" content=\"https:\/\/pride.audio\/de\/produkt\/q-150xl\/\" \/>\n<meta property=\"og:site_name\" content=\"Pride Car Audio1\" \/>\n<meta property=\"article:modified_time\" content=\"2025-02-09T07:11:47+00:00\" \/>\n<meta property=\"og:image\" content=\"https:\/\/pride.audio\/wp-content\/uploads\/2019\/05\/IMG_2020.jpg\" \/>\n\t<meta property=\"og:image:width\" content=\"1170\" \/>\n\t<meta property=\"og:image:height\" content=\"1170\" \/>\n\t<meta property=\"og:image:type\" content=\"image\/jpeg\" \/>\n<meta name=\"twitter:card\" content=\"summary_large_image\" \/>\n<meta name=\"twitter:label1\" content=\"Gesch\u00e4tzte Lesezeit\" \/>\n\t<meta name=\"twitter:data1\" content=\"1\u00a0Minute\" \/>\n<script type=\"application\/ld+json\" class=\"yoast-schema-graph\">{\"@context\":\"https:\\\/\\\/schema.org\",\"@graph\":[{\"@type\":\"WebPage\",\"@id\":\"https:\\\/\\\/pride.audio\\\/de\\\/produkt\\\/q-150xl\\\/\",\"url\":\"https:\\\/\\\/pride.audio\\\/de\\\/produkt\\\/q-150xl\\\/\",\"name\":\"Car-Audio-Verst\u00e4rker Pride Quattro XL \u2013 300 W x 4 Kan\u00e4le - Pride Car Audio1\",\"isPartOf\":{\"@id\":\"https:\\\/\\\/pride.audio\\\/#website\"},\"primaryImageOfPage\":{\"@id\":\"https:\\\/\\\/pride.audio\\\/de\\\/produkt\\\/q-150xl\\\/#primaryimage\"},\"image\":{\"@id\":\"https:\\\/\\\/pride.audio\\\/de\\\/produkt\\\/q-150xl\\\/#primaryimage\"},\"thumbnailUrl\":\"https:\\\/\\\/pride.audio\\\/wp-content\\\/uploads\\\/2019\\\/05\\\/IMG_2020.jpg\",\"datePublished\":\"2019-05-26T03:27:27+00:00\",\"dateModified\":\"2025-02-09T07:11:47+00:00\",\"breadcrumb\":{\"@id\":\"https:\\\/\\\/pride.audio\\\/de\\\/produkt\\\/q-150xl\\\/#breadcrumb\"},\"inLanguage\":\"de\",\"potentialAction\":[{\"@type\":\"ReadAction\",\"target\":[\"https:\\\/\\\/pride.audio\\\/de\\\/produkt\\\/q-150xl\\\/\"]}]},{\"@type\":\"ImageObject\",\"inLanguage\":\"de\",\"@id\":\"https:\\\/\\\/pride.audio\\\/de\\\/produkt\\\/q-150xl\\\/#primaryimage\",\"url\":\"https:\\\/\\\/pride.audio\\\/wp-content\\\/uploads\\\/2019\\\/05\\\/IMG_2020.jpg\",\"contentUrl\":\"https:\\\/\\\/pride.audio\\\/wp-content\\\/uploads\\\/2019\\\/05\\\/IMG_2020.jpg\",\"width\":1170,\"height\":1170,\"caption\":\"Screenshot\"},{\"@type\":\"BreadcrumbList\",\"@id\":\"https:\\\/\\\/pride.audio\\\/de\\\/produkt\\\/q-150xl\\\/#breadcrumb\",\"itemListElement\":[{\"@type\":\"ListItem\",\"position\":1,\"name\":\"Home\",\"item\":\"https:\\\/\\\/pride.audio\\\/de\\\/\"},{\"@type\":\"ListItem\",\"position\":2,\"name\":\"Shop\",\"item\":\"https:\\\/\\\/pride.audio\\\/de\\\/shop-2\\\/\"},{\"@type\":\"ListItem\",\"position\":3,\"name\":\"Car-Audio-Verst\u00e4rker Pride Quattro XL \u2013 300 W x 4 Kan\u00e4le\"}]},{\"@type\":\"WebSite\",\"@id\":\"https:\\\/\\\/pride.audio\\\/#website\",\"url\":\"https:\\\/\\\/pride.audio\\\/\",\"name\":\"Pride Car Audio1\",\"description\":\"Pride Car Audio: Official site\",\"publisher\":{\"@id\":\"https:\\\/\\\/pride.audio\\\/#organization\"},\"potentialAction\":[{\"@type\":\"SearchAction\",\"target\":{\"@type\":\"EntryPoint\",\"urlTemplate\":\"https:\\\/\\\/pride.audio\\\/?s={search_term_string}\"},\"query-input\":{\"@type\":\"PropertyValueSpecification\",\"valueRequired\":true,\"valueName\":\"search_term_string\"}}],\"inLanguage\":\"de\"},{\"@type\":\"Organization\",\"@id\":\"https:\\\/\\\/pride.audio\\\/#organization\",\"name\":\"Pride Car Audio1\",\"url\":\"https:\\\/\\\/pride.audio\\\/\",\"logo\":{\"@type\":\"ImageObject\",\"inLanguage\":\"de\",\"@id\":\"https:\\\/\\\/pride.audio\\\/#\\\/schema\\\/logo\\\/image\\\/\",\"url\":\"https:\\\/\\\/pride.audio\\\/wp-content\\\/uploads\\\/2023\\\/08\\\/g10.svg\",\"contentUrl\":\"https:\\\/\\\/pride.audio\\\/wp-content\\\/uploads\\\/2023\\\/08\\\/g10.svg\",\"width\":158,\"height\":34,\"caption\":\"Pride Car Audio1\"},\"image\":{\"@id\":\"https:\\\/\\\/pride.audio\\\/#\\\/schema\\\/logo\\\/image\\\/\"}}]}<\/script>\n<!-- \/ Yoast SEO plugin. -->","yoast_head_json":{"title":"Car-Audio-Verst\u00e4rker Pride Quattro XL \u2013 300 W x 4 Kan\u00e4le - Pride Car Audio1","robots":{"index":"index","follow":"follow","max-snippet":"max-snippet:-1","max-image-preview":"max-image-preview:large","max-video-preview":"max-video-preview:-1"},"canonical":"https:\/\/pride.audio\/de\/produkt\/q-150xl\/","og_locale":"de_DE","og_type":"article","og_title":"Car-Audio-Verst\u00e4rker Pride Quattro XL \u2013 300 W x 4 Kan\u00e4le - Pride Car Audio1","og_description":"4 x 300W","og_url":"https:\/\/pride.audio\/de\/produkt\/q-150xl\/","og_site_name":"Pride Car Audio1","article_modified_time":"2025-02-09T07:11:47+00:00","og_image":[{"width":1170,"height":1170,"url":"https:\/\/pride.audio\/wp-content\/uploads\/2019\/05\/IMG_2020.jpg","type":"image\/jpeg"}],"twitter_card":"summary_large_image","twitter_misc":{"Gesch\u00e4tzte Lesezeit":"1\u00a0Minute"},"schema":{"@context":"https:\/\/schema.org","@graph":[{"@type":"WebPage","@id":"https:\/\/pride.audio\/de\/produkt\/q-150xl\/","url":"https:\/\/pride.audio\/de\/produkt\/q-150xl\/","name":"Car-Audio-Verst\u00e4rker Pride Quattro XL \u2013 300 W x 4 Kan\u00e4le - Pride Car Audio1","isPartOf":{"@id":"https:\/\/pride.audio\/#website"},"primaryImageOfPage":{"@id":"https:\/\/pride.audio\/de\/produkt\/q-150xl\/#primaryimage"},"image":{"@id":"https:\/\/pride.audio\/de\/produkt\/q-150xl\/#primaryimage"},"thumbnailUrl":"https:\/\/pride.audio\/wp-content\/uploads\/2019\/05\/IMG_2020.jpg","datePublished":"2019-05-26T03:27:27+00:00","dateModified":"2025-02-09T07:11:47+00:00","breadcrumb":{"@id":"https:\/\/pride.audio\/de\/produkt\/q-150xl\/#breadcrumb"},"inLanguage":"de","potentialAction":[{"@type":"ReadAction","target":["https:\/\/pride.audio\/de\/produkt\/q-150xl\/"]}]},{"@type":"ImageObject","inLanguage":"de","@id":"https:\/\/pride.audio\/de\/produkt\/q-150xl\/#primaryimage","url":"https:\/\/pride.audio\/wp-content\/uploads\/2019\/05\/IMG_2020.jpg","contentUrl":"https:\/\/pride.audio\/wp-content\/uploads\/2019\/05\/IMG_2020.jpg","width":1170,"height":1170,"caption":"Screenshot"},{"@type":"BreadcrumbList","@id":"https:\/\/pride.audio\/de\/produkt\/q-150xl\/#breadcrumb","itemListElement":[{"@type":"ListItem","position":1,"name":"Home","item":"https:\/\/pride.audio\/de\/"},{"@type":"ListItem","position":2,"name":"Shop","item":"https:\/\/pride.audio\/de\/shop-2\/"},{"@type":"ListItem","position":3,"name":"Car-Audio-Verst\u00e4rker Pride Quattro XL \u2013 300 W x 4 Kan\u00e4le"}]},{"@type":"WebSite","@id":"https:\/\/pride.audio\/#website","url":"https:\/\/pride.audio\/","name":"Pride Car Audio1","description":"Pride Car Audio: Official site","publisher":{"@id":"https:\/\/pride.audio\/#organization"},"potentialAction":[{"@type":"SearchAction","target":{"@type":"EntryPoint","urlTemplate":"https:\/\/pride.audio\/?s={search_term_string}"},"query-input":{"@type":"PropertyValueSpecification","valueRequired":true,"valueName":"search_term_string"}}],"inLanguage":"de"},{"@type":"Organization","@id":"https:\/\/pride.audio\/#organization","name":"Pride Car Audio1","url":"https:\/\/pride.audio\/","logo":{"@type":"ImageObject","inLanguage":"de","@id":"https:\/\/pride.audio\/#\/schema\/logo\/image\/","url":"https:\/\/pride.audio\/wp-content\/uploads\/2023\/08\/g10.svg","contentUrl":"https:\/\/pride.audio\/wp-content\/uploads\/2023\/08\/g10.svg","width":158,"height":34,"caption":"Pride Car Audio1"},"image":{"@id":"https:\/\/pride.audio\/#\/schema\/logo\/image\/"}}]}},"_links":{"self":[{"href":"https:\/\/pride.audio\/de\/wp-json\/wp\/v2\/product\/9569","targetHints":{"allow":["GET"]}}],"collection":[{"href":"https:\/\/pride.audio\/de\/wp-json\/wp\/v2\/product"}],"about":[{"href":"https:\/\/pride.audio\/de\/wp-json\/wp\/v2\/types\/product"}],"wp:featuredmedia":[{"embeddable":true,"href":"https:\/\/pride.audio\/de\/wp-json\/wp\/v2\/media\/18843"}],"wp:attachment":[{"href":"https:\/\/pride.audio\/de\/wp-json\/wp\/v2\/media?parent=9569"}],"wp:term":[{"taxonomy":"product_brand","embeddable":true,"href":"https:\/\/pride.audio\/de\/wp-json\/wp\/v2\/product_brand?post=9569"},{"taxonomy":"product_cat","embeddable":true,"href":"https:\/\/pride.audio\/de\/wp-json\/wp\/v2\/product_cat?post=9569"},{"taxonomy":"product_tag","embeddable":true,"href":"https:\/\/pride.audio\/de\/wp-json\/wp\/v2\/product_tag?post=9569"}],"curies":[{"name":"wp","href":"https:\/\/api.w.org\/{rel}","templated":true}]}}