{"id":9557,"date":"2019-05-25T22:35:25","date_gmt":"2019-05-26T03:35:25","guid":{"rendered":"https:\/\/pride.audio\/product\/amplifier-pride-fr2500\/"},"modified":"2024-04-10T14:30:51","modified_gmt":"2024-04-10T12:30:51","slug":"fr-2500","status":"publish","type":"product","link":"https:\/\/pride.audio\/de\/produkt\/fr-2500\/","title":{"rendered":"Car-Audio-Verst\u00e4rker Pride FR2500 \u2013 2500 W x 1 Vollbereichskanal"},"content":{"rendered":"<p><strong>Verst\u00e4rker Pride FR2500<\/strong><\/p>\n<p>Die beste Version des Schaltungsdesigns, entwickelt auf Basis der Produktion in S\u00fcdkorea.<\/p>\n<p>Der Verst\u00e4rker Pride FR2500 arbeitet stabil bei einer Last von 1 Ohm. Leistung 2500 W pro Last von 1 Ohm, bei einer Spannung von 14,8 Volt und K.N.I. auf dem Niveau von ~5 %. Die Fernbedienung der Eingangsempfindlichkeitsstufe verf\u00fcgt \u00fcber eine LED-Anzeige, dass die zul\u00e4ssige Verzerrungsschwelle \u00fcberschritten wurde. M\u00f6glichkeit des Betriebs im Modus \u201eBr\u00fcckenschaltung\u201c.<\/p>\n<p>Sehr leistungsstarker Vollbereichsverst\u00e4rker. Sie k\u00f6nnen viele Lautsprecher an einen Kanal anschlie\u00dfen und so einen lauten und hochwertigen Klang erhalten.<\/p>\n<p>RMS-Nennleistung in 1 Ohm, W: 2500<br \/>\nRMS-Nennleistung bei 2 Ohm, W: 1600<br \/>\nRMS-Nennleistung bei 4 Ohm, W: 850<\/p>\n<p>Frequenzgangbereich, Hz: 20 \u2013 17000<\/p>\n<p>M\u00f6chten Sie mehr \u00fcber den Verst\u00e4rker Pride FR2500 erfahren?<br \/>\nStellen Sie jetzt Ihre Fragen zu diesem Modell!<\/p>\n","protected":false},"excerpt":{"rendered":"<p>2500W Full Range<\/p>\n","protected":false},"featured_media":17143,"template":"","meta":{"inline_featured_image":false},"product_brand":[],"product_cat":[328,332],"product_tag":[],"class_list":{"0":"post-9557","1":"product","2":"type-product","3":"status-publish","4":"has-post-thumbnail","6":"product_cat-amplifiers","7":"product_cat-fr-series","9":"first","10":"outofstock","11":"taxable","12":"shipping-taxable","13":"product-type-simple"},"acf":[],"yoast_head":"<!-- This site is optimized with the Yoast SEO plugin v27.3 - https:\/\/yoast.com\/product\/yoast-seo-wordpress\/ -->\n<title>Car-Audio-Verst\u00e4rker Pride FR2500 \u2013 2500 W x 1 Vollbereichskanal - Pride Car Audio1<\/title>\n<meta name=\"robots\" content=\"index, follow, max-snippet:-1, max-image-preview:large, max-video-preview:-1\" \/>\n<link rel=\"canonical\" href=\"https:\/\/pride.audio\/produkt\/fr-2500\/\" \/>\n<meta property=\"og:locale\" content=\"de_DE\" \/>\n<meta property=\"og:type\" content=\"article\" \/>\n<meta property=\"og:title\" content=\"Car-Audio-Verst\u00e4rker Pride FR2500 \u2013 2500 W x 1 Vollbereichskanal - Pride Car Audio1\" \/>\n<meta property=\"og:description\" content=\"2500W Full Range\" \/>\n<meta property=\"og:url\" content=\"https:\/\/pride.audio\/produkt\/fr-2500\/\" \/>\n<meta property=\"og:site_name\" content=\"Pride Car Audio1\" \/>\n<meta property=\"article:modified_time\" content=\"2024-04-10T12:30:51+00:00\" \/>\n<meta property=\"og:image\" content=\"https:\/\/pride.audio\/wp-content\/uploads\/izobrazhenie-sdelano-21.10.2019-v-22.54.jpg\" \/>\n\t<meta property=\"og:image:width\" content=\"583\" \/>\n\t<meta property=\"og:image:height\" content=\"583\" \/>\n\t<meta property=\"og:image:type\" content=\"image\/jpeg\" \/>\n<meta name=\"twitter:card\" content=\"summary_large_image\" \/>\n<meta name=\"twitter:label1\" content=\"Gesch\u00e4tzte Lesezeit\" \/>\n\t<meta name=\"twitter:data1\" content=\"1\u00a0Minute\" \/>\n<script type=\"application\/ld+json\" class=\"yoast-schema-graph\">{\"@context\":\"https:\\\/\\\/schema.org\",\"@graph\":[{\"@type\":\"WebPage\",\"@id\":\"https:\\\/\\\/pride.audio\\\/produkt\\\/fr-2500\\\/\",\"url\":\"https:\\\/\\\/pride.audio\\\/produkt\\\/fr-2500\\\/\",\"name\":\"Car-Audio-Verst\u00e4rker Pride FR2500 \u2013 2500 W x 1 Vollbereichskanal - Pride Car Audio1\",\"isPartOf\":{\"@id\":\"https:\\\/\\\/pride.audio\\\/#website\"},\"primaryImageOfPage\":{\"@id\":\"https:\\\/\\\/pride.audio\\\/produkt\\\/fr-2500\\\/#primaryimage\"},\"image\":{\"@id\":\"https:\\\/\\\/pride.audio\\\/produkt\\\/fr-2500\\\/#primaryimage\"},\"thumbnailUrl\":\"https:\\\/\\\/pride.audio\\\/wp-content\\\/uploads\\\/2019\\\/05\\\/amplifer_fr2500_3.jpg\",\"datePublished\":\"2019-05-26T03:35:25+00:00\",\"dateModified\":\"2024-04-10T12:30:51+00:00\",\"breadcrumb\":{\"@id\":\"https:\\\/\\\/pride.audio\\\/produkt\\\/fr-2500\\\/#breadcrumb\"},\"inLanguage\":\"de\",\"potentialAction\":[{\"@type\":\"ReadAction\",\"target\":[\"https:\\\/\\\/pride.audio\\\/produkt\\\/fr-2500\\\/\"]}]},{\"@type\":\"ImageObject\",\"inLanguage\":\"de\",\"@id\":\"https:\\\/\\\/pride.audio\\\/produkt\\\/fr-2500\\\/#primaryimage\",\"url\":\"https:\\\/\\\/pride.audio\\\/wp-content\\\/uploads\\\/2019\\\/05\\\/amplifer_fr2500_3.jpg\",\"contentUrl\":\"https:\\\/\\\/pride.audio\\\/wp-content\\\/uploads\\\/2019\\\/05\\\/amplifer_fr2500_3.jpg\",\"width\":377,\"height\":318},{\"@type\":\"BreadcrumbList\",\"@id\":\"https:\\\/\\\/pride.audio\\\/produkt\\\/fr-2500\\\/#breadcrumb\",\"itemListElement\":[{\"@type\":\"ListItem\",\"position\":1,\"name\":\"Home\",\"item\":\"https:\\\/\\\/pride.audio\\\/de\\\/\"},{\"@type\":\"ListItem\",\"position\":2,\"name\":\"Shop\",\"item\":\"https:\\\/\\\/pride.audio\\\/de\\\/shop-2\\\/\"},{\"@type\":\"ListItem\",\"position\":3,\"name\":\"Car-Audio-Verst\u00e4rker Pride FR2500 \u2013 2500 W x 1 Vollbereichskanal\"}]},{\"@type\":\"WebSite\",\"@id\":\"https:\\\/\\\/pride.audio\\\/#website\",\"url\":\"https:\\\/\\\/pride.audio\\\/\",\"name\":\"Pride Car Audio1\",\"description\":\"Pride Car Audio: Official site\",\"publisher\":{\"@id\":\"https:\\\/\\\/pride.audio\\\/#organization\"},\"potentialAction\":[{\"@type\":\"SearchAction\",\"target\":{\"@type\":\"EntryPoint\",\"urlTemplate\":\"https:\\\/\\\/pride.audio\\\/?s={search_term_string}\"},\"query-input\":{\"@type\":\"PropertyValueSpecification\",\"valueRequired\":true,\"valueName\":\"search_term_string\"}}],\"inLanguage\":\"de\"},{\"@type\":\"Organization\",\"@id\":\"https:\\\/\\\/pride.audio\\\/#organization\",\"name\":\"Pride Car Audio1\",\"url\":\"https:\\\/\\\/pride.audio\\\/\",\"logo\":{\"@type\":\"ImageObject\",\"inLanguage\":\"de\",\"@id\":\"https:\\\/\\\/pride.audio\\\/#\\\/schema\\\/logo\\\/image\\\/\",\"url\":\"https:\\\/\\\/pride.audio\\\/wp-content\\\/uploads\\\/2023\\\/08\\\/g10.svg\",\"contentUrl\":\"https:\\\/\\\/pride.audio\\\/wp-content\\\/uploads\\\/2023\\\/08\\\/g10.svg\",\"width\":158,\"height\":34,\"caption\":\"Pride Car Audio1\"},\"image\":{\"@id\":\"https:\\\/\\\/pride.audio\\\/#\\\/schema\\\/logo\\\/image\\\/\"}}]}<\/script>\n<!-- \/ Yoast SEO plugin. -->","yoast_head_json":{"title":"Car-Audio-Verst\u00e4rker Pride FR2500 \u2013 2500 W x 1 Vollbereichskanal - Pride Car Audio1","robots":{"index":"index","follow":"follow","max-snippet":"max-snippet:-1","max-image-preview":"max-image-preview:large","max-video-preview":"max-video-preview:-1"},"canonical":"https:\/\/pride.audio\/produkt\/fr-2500\/","og_locale":"de_DE","og_type":"article","og_title":"Car-Audio-Verst\u00e4rker Pride FR2500 \u2013 2500 W x 1 Vollbereichskanal - Pride Car Audio1","og_description":"2500W Full Range","og_url":"https:\/\/pride.audio\/produkt\/fr-2500\/","og_site_name":"Pride Car Audio1","article_modified_time":"2024-04-10T12:30:51+00:00","og_image":[{"width":583,"height":583,"url":"https:\/\/pride.audio\/wp-content\/uploads\/izobrazhenie-sdelano-21.10.2019-v-22.54.jpg","type":"image\/jpeg"}],"twitter_card":"summary_large_image","twitter_misc":{"Gesch\u00e4tzte Lesezeit":"1\u00a0Minute"},"schema":{"@context":"https:\/\/schema.org","@graph":[{"@type":"WebPage","@id":"https:\/\/pride.audio\/produkt\/fr-2500\/","url":"https:\/\/pride.audio\/produkt\/fr-2500\/","name":"Car-Audio-Verst\u00e4rker Pride FR2500 \u2013 2500 W x 1 Vollbereichskanal - Pride Car Audio1","isPartOf":{"@id":"https:\/\/pride.audio\/#website"},"primaryImageOfPage":{"@id":"https:\/\/pride.audio\/produkt\/fr-2500\/#primaryimage"},"image":{"@id":"https:\/\/pride.audio\/produkt\/fr-2500\/#primaryimage"},"thumbnailUrl":"https:\/\/pride.audio\/wp-content\/uploads\/2019\/05\/amplifer_fr2500_3.jpg","datePublished":"2019-05-26T03:35:25+00:00","dateModified":"2024-04-10T12:30:51+00:00","breadcrumb":{"@id":"https:\/\/pride.audio\/produkt\/fr-2500\/#breadcrumb"},"inLanguage":"de","potentialAction":[{"@type":"ReadAction","target":["https:\/\/pride.audio\/produkt\/fr-2500\/"]}]},{"@type":"ImageObject","inLanguage":"de","@id":"https:\/\/pride.audio\/produkt\/fr-2500\/#primaryimage","url":"https:\/\/pride.audio\/wp-content\/uploads\/2019\/05\/amplifer_fr2500_3.jpg","contentUrl":"https:\/\/pride.audio\/wp-content\/uploads\/2019\/05\/amplifer_fr2500_3.jpg","width":377,"height":318},{"@type":"BreadcrumbList","@id":"https:\/\/pride.audio\/produkt\/fr-2500\/#breadcrumb","itemListElement":[{"@type":"ListItem","position":1,"name":"Home","item":"https:\/\/pride.audio\/de\/"},{"@type":"ListItem","position":2,"name":"Shop","item":"https:\/\/pride.audio\/de\/shop-2\/"},{"@type":"ListItem","position":3,"name":"Car-Audio-Verst\u00e4rker Pride FR2500 \u2013 2500 W x 1 Vollbereichskanal"}]},{"@type":"WebSite","@id":"https:\/\/pride.audio\/#website","url":"https:\/\/pride.audio\/","name":"Pride Car Audio1","description":"Pride Car Audio: Official site","publisher":{"@id":"https:\/\/pride.audio\/#organization"},"potentialAction":[{"@type":"SearchAction","target":{"@type":"EntryPoint","urlTemplate":"https:\/\/pride.audio\/?s={search_term_string}"},"query-input":{"@type":"PropertyValueSpecification","valueRequired":true,"valueName":"search_term_string"}}],"inLanguage":"de"},{"@type":"Organization","@id":"https:\/\/pride.audio\/#organization","name":"Pride Car Audio1","url":"https:\/\/pride.audio\/","logo":{"@type":"ImageObject","inLanguage":"de","@id":"https:\/\/pride.audio\/#\/schema\/logo\/image\/","url":"https:\/\/pride.audio\/wp-content\/uploads\/2023\/08\/g10.svg","contentUrl":"https:\/\/pride.audio\/wp-content\/uploads\/2023\/08\/g10.svg","width":158,"height":34,"caption":"Pride Car Audio1"},"image":{"@id":"https:\/\/pride.audio\/#\/schema\/logo\/image\/"}}]}},"_links":{"self":[{"href":"https:\/\/pride.audio\/de\/wp-json\/wp\/v2\/product\/9557","targetHints":{"allow":["GET"]}}],"collection":[{"href":"https:\/\/pride.audio\/de\/wp-json\/wp\/v2\/product"}],"about":[{"href":"https:\/\/pride.audio\/de\/wp-json\/wp\/v2\/types\/product"}],"wp:featuredmedia":[{"embeddable":true,"href":"https:\/\/pride.audio\/de\/wp-json\/wp\/v2\/media\/17143"}],"wp:attachment":[{"href":"https:\/\/pride.audio\/de\/wp-json\/wp\/v2\/media?parent=9557"}],"wp:term":[{"taxonomy":"product_brand","embeddable":true,"href":"https:\/\/pride.audio\/de\/wp-json\/wp\/v2\/product_brand?post=9557"},{"taxonomy":"product_cat","embeddable":true,"href":"https:\/\/pride.audio\/de\/wp-json\/wp\/v2\/product_cat?post=9557"},{"taxonomy":"product_tag","embeddable":true,"href":"https:\/\/pride.audio\/de\/wp-json\/wp\/v2\/product_tag?post=9557"}],"curies":[{"name":"wp","href":"https:\/\/api.w.org\/{rel}","templated":true}]}}