{"id":9551,"date":"2019-05-25T22:38:15","date_gmt":"2019-05-26T03:38:15","guid":{"rendered":"https:\/\/pride.audio\/product\/amplifier-pride-fr4000\/"},"modified":"2024-04-10T14:30:00","modified_gmt":"2024-04-10T12:30:00","slug":"fr-4000","status":"publish","type":"product","link":"https:\/\/pride.audio\/de\/produkt\/fr-4000\/","title":{"rendered":"Car-Audio-Verst\u00e4rker Pride FR4000 \u2013 4000 W x 1 Vollbereichskanal"},"content":{"rendered":"<p><strong>Verst\u00e4rker Pride FR4000<\/strong><\/p>\n<p>Der Verst\u00e4rker Pride FR4000 ist jetzt f\u00fcr unsere Verbraucher in den USA erh\u00e4ltlich! Es ist eines der beliebtesten Modelle im Sortiment unserer Marke.<\/p>\n<p>1-Kanal-Leistungsverst\u00e4rker Pride FR4000.<br \/>\nSehr leistungsstarker Vollbereichsverst\u00e4rker. Sie k\u00f6nnen viele Lautsprecher an einen Kanal anschlie\u00dfen und so einen lauten und hochwertigen Klang erhalten.<\/p>\n<p>Pride FR4000 ist das beste Schaltungsdesign, das auf Basis der Produktion in S\u00fcdkorea entwickelt wurde<br \/>\nPride FR4000 Stabil bei 1 Ohm Last.<\/p>\n<p>Leistung 1500 W f\u00fcr eine Last von 1 Ohm, bei einer Spannung von 14,8 Volt und K.N.I. ~ 5 %, was der Norm f\u00fcr die Subwoofer-Verbindung entspricht. Die Fernbedienung der Eingangsempfindlichkeitsstufe verf\u00fcgt \u00fcber eine LED-Anzeige f\u00fcr das \u00dcberschreiten der zul\u00e4ssigen Verzerrungsschwelle. Es ist m\u00f6glich, im Modus der \u201eBr\u00fccke-Inklusion\u201c zu arbeiten.<\/p>\n<p>1 Ohm RMS-Nennleistung: 4000 W<\/p>\n<p>RMS-Nennleistung an 2 Ohm: 2300 W<br \/>\nRMS-Nennleistung an 4 Ohm: 1300 W<\/p>\n<p>Frequenzgangbereich, Hz: 20 \u2013 17000<\/p>\n<p>Kaufen Sie es jetzt und genie\u00dfen Sie die Klangkraft von Pride Car Audio!<\/p>\n","protected":false},"excerpt":{"rendered":"<p>4000W Full Range<\/p>\n","protected":false},"featured_media":18864,"template":"","meta":{"inline_featured_image":false},"product_brand":[],"product_cat":[328,332],"product_tag":[],"class_list":{"0":"post-9551","1":"product","2":"type-product","3":"status-publish","4":"has-post-thumbnail","6":"product_cat-amplifiers","7":"product_cat-fr-series","9":"first","10":"outofstock","11":"taxable","12":"shipping-taxable","13":"product-type-simple"},"acf":[],"yoast_head":"<!-- This site is optimized with the Yoast SEO plugin v27.2 - https:\/\/yoast.com\/product\/yoast-seo-wordpress\/ -->\n<title>Car-Audio-Verst\u00e4rker Pride FR4000 \u2013 4000 W x 1 Vollbereichskanal - Pride Car Audio1<\/title>\n<meta name=\"robots\" content=\"index, follow, max-snippet:-1, max-image-preview:large, max-video-preview:-1\" \/>\n<link rel=\"canonical\" href=\"https:\/\/pride.audio\/produkt\/fr-4000\/\" \/>\n<meta property=\"og:locale\" content=\"de_DE\" \/>\n<meta property=\"og:type\" content=\"article\" \/>\n<meta property=\"og:title\" content=\"Car-Audio-Verst\u00e4rker Pride FR4000 \u2013 4000 W x 1 Vollbereichskanal - Pride Car Audio1\" \/>\n<meta property=\"og:description\" content=\"4000W Full Range\" \/>\n<meta property=\"og:url\" content=\"https:\/\/pride.audio\/produkt\/fr-4000\/\" \/>\n<meta property=\"og:site_name\" content=\"Pride Car Audio1\" \/>\n<meta property=\"article:modified_time\" content=\"2024-04-10T12:30:00+00:00\" \/>\n<meta property=\"og:image\" content=\"https:\/\/pride.audio\/wp-content\/uploads\/fr4000-.jpg\" \/>\n\t<meta property=\"og:image:width\" content=\"560\" \/>\n\t<meta property=\"og:image:height\" content=\"560\" \/>\n\t<meta property=\"og:image:type\" content=\"image\/jpeg\" \/>\n<meta name=\"twitter:card\" content=\"summary_large_image\" \/>\n<meta name=\"twitter:label1\" content=\"Gesch\u00e4tzte Lesezeit\" \/>\n\t<meta name=\"twitter:data1\" content=\"1\u00a0Minute\" \/>\n<script type=\"application\/ld+json\" class=\"yoast-schema-graph\">{\"@context\":\"https:\/\/schema.org\",\"@graph\":[{\"@type\":\"WebPage\",\"@id\":\"https:\/\/pride.audio\/produkt\/fr-4000\/\",\"url\":\"https:\/\/pride.audio\/produkt\/fr-4000\/\",\"name\":\"Car-Audio-Verst\u00e4rker Pride FR4000 \u2013 4000 W x 1 Vollbereichskanal - Pride Car Audio1\",\"isPartOf\":{\"@id\":\"https:\/\/pride.audio\/#website\"},\"primaryImageOfPage\":{\"@id\":\"https:\/\/pride.audio\/produkt\/fr-4000\/#primaryimage\"},\"image\":{\"@id\":\"https:\/\/pride.audio\/produkt\/fr-4000\/#primaryimage\"},\"thumbnailUrl\":\"https:\/\/pride.audio\/wp-content\/uploads\/2019\/05\/IMG_2026.jpg\",\"datePublished\":\"2019-05-26T03:38:15+00:00\",\"dateModified\":\"2024-04-10T12:30:00+00:00\",\"breadcrumb\":{\"@id\":\"https:\/\/pride.audio\/produkt\/fr-4000\/#breadcrumb\"},\"inLanguage\":\"de\",\"potentialAction\":[{\"@type\":\"ReadAction\",\"target\":[\"https:\/\/pride.audio\/produkt\/fr-4000\/\"]}]},{\"@type\":\"ImageObject\",\"inLanguage\":\"de\",\"@id\":\"https:\/\/pride.audio\/produkt\/fr-4000\/#primaryimage\",\"url\":\"https:\/\/pride.audio\/wp-content\/uploads\/2019\/05\/IMG_2026.jpg\",\"contentUrl\":\"https:\/\/pride.audio\/wp-content\/uploads\/2019\/05\/IMG_2026.jpg\",\"width\":1170,\"height\":1170,\"caption\":\"Screenshot\"},{\"@type\":\"BreadcrumbList\",\"@id\":\"https:\/\/pride.audio\/produkt\/fr-4000\/#breadcrumb\",\"itemListElement\":[{\"@type\":\"ListItem\",\"position\":1,\"name\":\"Home\",\"item\":\"https:\/\/pride.audio\/de\/\"},{\"@type\":\"ListItem\",\"position\":2,\"name\":\"Shop\",\"item\":\"https:\/\/pride.audio\/de\/shop-2\/\"},{\"@type\":\"ListItem\",\"position\":3,\"name\":\"Car-Audio-Verst\u00e4rker Pride FR4000 \u2013 4000 W x 1 Vollbereichskanal\"}]},{\"@type\":\"WebSite\",\"@id\":\"https:\/\/pride.audio\/#website\",\"url\":\"https:\/\/pride.audio\/\",\"name\":\"Pride Car Audio1\",\"description\":\"Pride Car Audio: Official site\",\"publisher\":{\"@id\":\"https:\/\/pride.audio\/#organization\"},\"potentialAction\":[{\"@type\":\"SearchAction\",\"target\":{\"@type\":\"EntryPoint\",\"urlTemplate\":\"https:\/\/pride.audio\/?s={search_term_string}\"},\"query-input\":{\"@type\":\"PropertyValueSpecification\",\"valueRequired\":true,\"valueName\":\"search_term_string\"}}],\"inLanguage\":\"de\"},{\"@type\":\"Organization\",\"@id\":\"https:\/\/pride.audio\/#organization\",\"name\":\"Pride Car Audio1\",\"url\":\"https:\/\/pride.audio\/\",\"logo\":{\"@type\":\"ImageObject\",\"inLanguage\":\"de\",\"@id\":\"https:\/\/pride.audio\/#\/schema\/logo\/image\/\",\"url\":\"https:\/\/pride.audio\/wp-content\/uploads\/2023\/08\/g10.svg\",\"contentUrl\":\"https:\/\/pride.audio\/wp-content\/uploads\/2023\/08\/g10.svg\",\"width\":158,\"height\":34,\"caption\":\"Pride Car Audio1\"},\"image\":{\"@id\":\"https:\/\/pride.audio\/#\/schema\/logo\/image\/\"}}]}<\/script>\n<!-- \/ Yoast SEO plugin. -->","yoast_head_json":{"title":"Car-Audio-Verst\u00e4rker Pride FR4000 \u2013 4000 W x 1 Vollbereichskanal - Pride Car Audio1","robots":{"index":"index","follow":"follow","max-snippet":"max-snippet:-1","max-image-preview":"max-image-preview:large","max-video-preview":"max-video-preview:-1"},"canonical":"https:\/\/pride.audio\/produkt\/fr-4000\/","og_locale":"de_DE","og_type":"article","og_title":"Car-Audio-Verst\u00e4rker Pride FR4000 \u2013 4000 W x 1 Vollbereichskanal - Pride Car Audio1","og_description":"4000W Full Range","og_url":"https:\/\/pride.audio\/produkt\/fr-4000\/","og_site_name":"Pride Car Audio1","article_modified_time":"2024-04-10T12:30:00+00:00","og_image":[{"width":560,"height":560,"url":"https:\/\/pride.audio\/wp-content\/uploads\/fr4000-.jpg","type":"image\/jpeg"}],"twitter_card":"summary_large_image","twitter_misc":{"Gesch\u00e4tzte Lesezeit":"1\u00a0Minute"},"schema":{"@context":"https:\/\/schema.org","@graph":[{"@type":"WebPage","@id":"https:\/\/pride.audio\/produkt\/fr-4000\/","url":"https:\/\/pride.audio\/produkt\/fr-4000\/","name":"Car-Audio-Verst\u00e4rker Pride FR4000 \u2013 4000 W x 1 Vollbereichskanal - Pride Car Audio1","isPartOf":{"@id":"https:\/\/pride.audio\/#website"},"primaryImageOfPage":{"@id":"https:\/\/pride.audio\/produkt\/fr-4000\/#primaryimage"},"image":{"@id":"https:\/\/pride.audio\/produkt\/fr-4000\/#primaryimage"},"thumbnailUrl":"https:\/\/pride.audio\/wp-content\/uploads\/2019\/05\/IMG_2026.jpg","datePublished":"2019-05-26T03:38:15+00:00","dateModified":"2024-04-10T12:30:00+00:00","breadcrumb":{"@id":"https:\/\/pride.audio\/produkt\/fr-4000\/#breadcrumb"},"inLanguage":"de","potentialAction":[{"@type":"ReadAction","target":["https:\/\/pride.audio\/produkt\/fr-4000\/"]}]},{"@type":"ImageObject","inLanguage":"de","@id":"https:\/\/pride.audio\/produkt\/fr-4000\/#primaryimage","url":"https:\/\/pride.audio\/wp-content\/uploads\/2019\/05\/IMG_2026.jpg","contentUrl":"https:\/\/pride.audio\/wp-content\/uploads\/2019\/05\/IMG_2026.jpg","width":1170,"height":1170,"caption":"Screenshot"},{"@type":"BreadcrumbList","@id":"https:\/\/pride.audio\/produkt\/fr-4000\/#breadcrumb","itemListElement":[{"@type":"ListItem","position":1,"name":"Home","item":"https:\/\/pride.audio\/de\/"},{"@type":"ListItem","position":2,"name":"Shop","item":"https:\/\/pride.audio\/de\/shop-2\/"},{"@type":"ListItem","position":3,"name":"Car-Audio-Verst\u00e4rker Pride FR4000 \u2013 4000 W x 1 Vollbereichskanal"}]},{"@type":"WebSite","@id":"https:\/\/pride.audio\/#website","url":"https:\/\/pride.audio\/","name":"Pride Car Audio1","description":"Pride Car Audio: Official site","publisher":{"@id":"https:\/\/pride.audio\/#organization"},"potentialAction":[{"@type":"SearchAction","target":{"@type":"EntryPoint","urlTemplate":"https:\/\/pride.audio\/?s={search_term_string}"},"query-input":{"@type":"PropertyValueSpecification","valueRequired":true,"valueName":"search_term_string"}}],"inLanguage":"de"},{"@type":"Organization","@id":"https:\/\/pride.audio\/#organization","name":"Pride Car Audio1","url":"https:\/\/pride.audio\/","logo":{"@type":"ImageObject","inLanguage":"de","@id":"https:\/\/pride.audio\/#\/schema\/logo\/image\/","url":"https:\/\/pride.audio\/wp-content\/uploads\/2023\/08\/g10.svg","contentUrl":"https:\/\/pride.audio\/wp-content\/uploads\/2023\/08\/g10.svg","width":158,"height":34,"caption":"Pride Car Audio1"},"image":{"@id":"https:\/\/pride.audio\/#\/schema\/logo\/image\/"}}]}},"_links":{"self":[{"href":"https:\/\/pride.audio\/de\/wp-json\/wp\/v2\/product\/9551","targetHints":{"allow":["GET"]}}],"collection":[{"href":"https:\/\/pride.audio\/de\/wp-json\/wp\/v2\/product"}],"about":[{"href":"https:\/\/pride.audio\/de\/wp-json\/wp\/v2\/types\/product"}],"wp:featuredmedia":[{"embeddable":true,"href":"https:\/\/pride.audio\/de\/wp-json\/wp\/v2\/media\/18864"}],"wp:attachment":[{"href":"https:\/\/pride.audio\/de\/wp-json\/wp\/v2\/media?parent=9551"}],"wp:term":[{"taxonomy":"product_brand","embeddable":true,"href":"https:\/\/pride.audio\/de\/wp-json\/wp\/v2\/product_brand?post=9551"},{"taxonomy":"product_cat","embeddable":true,"href":"https:\/\/pride.audio\/de\/wp-json\/wp\/v2\/product_cat?post=9551"},{"taxonomy":"product_tag","embeddable":true,"href":"https:\/\/pride.audio\/de\/wp-json\/wp\/v2\/product_tag?post=9551"}],"curies":[{"name":"wp","href":"https:\/\/api.w.org\/{rel}","templated":true}]}}