{"id":9355,"date":"2019-07-20T00:44:38","date_gmt":"2019-07-19T22:44:38","guid":{"rendered":"https:\/\/pride.audio\/product\/sapphire-1414\/"},"modified":"2024-12-03T14:54:15","modified_gmt":"2024-12-03T12:54:15","slug":"sapphire1414","status":"publish","type":"product","link":"https:\/\/pride.audio\/de\/produkt\/sapphire1414\/","title":{"rendered":"Sapphire 1414 Sicherungshalterung"},"content":{"rendered":"<p class=\"p1\"><strong>Pride Sapphire 1414: Maximale Sicherheit und Leistung f\u00fcr Ihr Audiosystem<\/strong><\/p>\n<p class=\"p1\">Pride pr\u00e4sentiert ein neues Produkt \u2013 die Sapphire 1414 Sicherungshalterung f\u00fcr mini ANL-Sicherungen. Dieses Modell wurde entwickelt, um Ihr Audiosystem vor \u00dcberlastungen und Kurzschl\u00fcssen zu sch\u00fctzen und somit Sicherheit und Langlebigkeit zu gew\u00e4hrleisten.<\/p>\n<p class=\"p1\">Vorteile der Pride Sapphire 1414<\/p>\n<p class=\"p1\">\u2022 Unterst\u00fctzt Kabelanschl\u00fcsse bis zu 25 mm\u00b2. Eine ideale L\u00f6sung f\u00fcr leistungsstarke Audiosysteme, bei denen Lautst\u00e4rke und Klangqualit\u00e4t im Vordergrund stehen.<br \/>\n\u2022 Kompakte Gr\u00f6\u00dfe und stilvolles Design. L\u00e4sst sich nahtlos in jedes Fahrzeuginnenraum integrieren und ben\u00f6tigt nur wenig Platz.<br \/>\n\u2022 Hochwertige Materialien. Sorgen f\u00fcr Zuverl\u00e4ssigkeit und eine lange Lebensdauer.<\/p>\n<p class=\"p1\">Setzen Sie auf Qualit\u00e4t und Sicherheit<\/p>\n<p class=\"p1\">Mit der Pride Sapphire 1414 erhalten Sie nicht nur einen zuverl\u00e4ssigen Schutz, sondern auch die M\u00f6glichkeit, das volle Potenzial Ihres Audiosystems auszusch\u00f6pfen. Genie\u00dfen Sie kraftvollen Klang ohne Kompromisse!<\/p>\n<p class=\"p1\">W\u00e4hlen Sie die Pride Sapphire 1414 und erleben Sie klaren, kraftvollen Sound bei jeder Fahrt.<\/p>\n","protected":false},"excerpt":{"rendered":"<p>Pride Sapphire 1414: Maximale Sicherheit und Leistung f\u00fcr Ihr Audiosystem Pride pr\u00e4sentiert ein neues Produkt \u2013 die Sapphire 1414 Sicherungshalterung f\u00fcr mini ANL-Sicherungen. Dieses Modell wurde entwickelt, um Ihr Audiosystem vor \u00dcberlastungen und Kurzschl\u00fcssen zu sch\u00fctzen und somit Sicherheit und Langlebigkeit zu gew\u00e4hrleisten. Vorteile der Pride Sapphire 1414 \u2022 Unterst\u00fctzt Kabelanschl\u00fcsse bis zu 25 mm\u00b2. [&hellip;]<\/p>\n","protected":false},"featured_media":20187,"template":"","meta":{"inline_featured_image":false},"product_brand":[],"product_cat":[619,617],"product_tag":[],"class_list":{"0":"post-9355","1":"product","2":"type-product","3":"status-publish","4":"has-post-thumbnail","6":"product_cat-fuseholders-de","7":"product_cat-accessories-de","9":"first","10":"outofstock","11":"taxable","12":"shipping-taxable","13":"product-type-simple"},"acf":[],"yoast_head":"<!-- This site is optimized with the Yoast SEO plugin v27.3 - https:\/\/yoast.com\/product\/yoast-seo-wordpress\/ -->\n<title>Sapphire 1414 Sicherungshalterung - Pride Car Audio1<\/title>\n<meta name=\"robots\" content=\"index, follow, max-snippet:-1, max-image-preview:large, max-video-preview:-1\" \/>\n<link rel=\"canonical\" href=\"https:\/\/pride.audio\/de\/produkt\/sapphire1414\/\" \/>\n<meta property=\"og:locale\" content=\"de_DE\" \/>\n<meta property=\"og:type\" content=\"article\" \/>\n<meta property=\"og:title\" content=\"Sapphire 1414 Sicherungshalterung - Pride Car Audio1\" \/>\n<meta property=\"og:description\" content=\"Pride Sapphire 1414: Maximale Sicherheit und Leistung f\u00fcr Ihr Audiosystem Pride pr\u00e4sentiert ein neues Produkt \u2013 die Sapphire 1414 Sicherungshalterung f\u00fcr mini ANL-Sicherungen. Dieses Modell wurde entwickelt, um Ihr Audiosystem vor \u00dcberlastungen und Kurzschl\u00fcssen zu sch\u00fctzen und somit Sicherheit und Langlebigkeit zu gew\u00e4hrleisten. Vorteile der Pride Sapphire 1414 \u2022 Unterst\u00fctzt Kabelanschl\u00fcsse bis zu 25 mm\u00b2. [&hellip;]\" \/>\n<meta property=\"og:url\" content=\"https:\/\/pride.audio\/de\/produkt\/sapphire1414\/\" \/>\n<meta property=\"og:site_name\" content=\"Pride Car Audio1\" \/>\n<meta property=\"article:modified_time\" content=\"2024-12-03T12:54:15+00:00\" \/>\n<meta property=\"og:image\" content=\"https:\/\/pride.audio\/wp-content\/uploads\/2019\/07\/63da2623858df4b2e3eda1ce195b8ffe.jpg\" \/>\n\t<meta property=\"og:image:width\" content=\"500\" \/>\n\t<meta property=\"og:image:height\" content=\"500\" \/>\n\t<meta property=\"og:image:type\" content=\"image\/jpeg\" \/>\n<meta name=\"twitter:card\" content=\"summary_large_image\" \/>\n<meta name=\"twitter:label1\" content=\"Gesch\u00e4tzte Lesezeit\" \/>\n\t<meta name=\"twitter:data1\" content=\"1\u00a0Minute\" \/>\n<script type=\"application\/ld+json\" class=\"yoast-schema-graph\">{\"@context\":\"https:\\\/\\\/schema.org\",\"@graph\":[{\"@type\":\"WebPage\",\"@id\":\"https:\\\/\\\/pride.audio\\\/de\\\/produkt\\\/sapphire1414\\\/\",\"url\":\"https:\\\/\\\/pride.audio\\\/de\\\/produkt\\\/sapphire1414\\\/\",\"name\":\"Sapphire 1414 Sicherungshalterung - Pride Car Audio1\",\"isPartOf\":{\"@id\":\"https:\\\/\\\/pride.audio\\\/#website\"},\"primaryImageOfPage\":{\"@id\":\"https:\\\/\\\/pride.audio\\\/de\\\/produkt\\\/sapphire1414\\\/#primaryimage\"},\"image\":{\"@id\":\"https:\\\/\\\/pride.audio\\\/de\\\/produkt\\\/sapphire1414\\\/#primaryimage\"},\"thumbnailUrl\":\"https:\\\/\\\/pride.audio\\\/wp-content\\\/uploads\\\/2019\\\/07\\\/63da2623858df4b2e3eda1ce195b8ffe.jpg\",\"datePublished\":\"2019-07-19T22:44:38+00:00\",\"dateModified\":\"2024-12-03T12:54:15+00:00\",\"breadcrumb\":{\"@id\":\"https:\\\/\\\/pride.audio\\\/de\\\/produkt\\\/sapphire1414\\\/#breadcrumb\"},\"inLanguage\":\"de\",\"potentialAction\":[{\"@type\":\"ReadAction\",\"target\":[\"https:\\\/\\\/pride.audio\\\/de\\\/produkt\\\/sapphire1414\\\/\"]}]},{\"@type\":\"ImageObject\",\"inLanguage\":\"de\",\"@id\":\"https:\\\/\\\/pride.audio\\\/de\\\/produkt\\\/sapphire1414\\\/#primaryimage\",\"url\":\"https:\\\/\\\/pride.audio\\\/wp-content\\\/uploads\\\/2019\\\/07\\\/63da2623858df4b2e3eda1ce195b8ffe.jpg\",\"contentUrl\":\"https:\\\/\\\/pride.audio\\\/wp-content\\\/uploads\\\/2019\\\/07\\\/63da2623858df4b2e3eda1ce195b8ffe.jpg\",\"width\":500,\"height\":500},{\"@type\":\"BreadcrumbList\",\"@id\":\"https:\\\/\\\/pride.audio\\\/de\\\/produkt\\\/sapphire1414\\\/#breadcrumb\",\"itemListElement\":[{\"@type\":\"ListItem\",\"position\":1,\"name\":\"Home\",\"item\":\"https:\\\/\\\/pride.audio\\\/de\\\/\"},{\"@type\":\"ListItem\",\"position\":2,\"name\":\"Shop\",\"item\":\"https:\\\/\\\/pride.audio\\\/de\\\/shop-2\\\/\"},{\"@type\":\"ListItem\",\"position\":3,\"name\":\"Sapphire 1414 Sicherungshalterung\"}]},{\"@type\":\"WebSite\",\"@id\":\"https:\\\/\\\/pride.audio\\\/#website\",\"url\":\"https:\\\/\\\/pride.audio\\\/\",\"name\":\"Pride Car Audio1\",\"description\":\"Pride Car Audio: Official site\",\"publisher\":{\"@id\":\"https:\\\/\\\/pride.audio\\\/#organization\"},\"potentialAction\":[{\"@type\":\"SearchAction\",\"target\":{\"@type\":\"EntryPoint\",\"urlTemplate\":\"https:\\\/\\\/pride.audio\\\/?s={search_term_string}\"},\"query-input\":{\"@type\":\"PropertyValueSpecification\",\"valueRequired\":true,\"valueName\":\"search_term_string\"}}],\"inLanguage\":\"de\"},{\"@type\":\"Organization\",\"@id\":\"https:\\\/\\\/pride.audio\\\/#organization\",\"name\":\"Pride Car Audio1\",\"url\":\"https:\\\/\\\/pride.audio\\\/\",\"logo\":{\"@type\":\"ImageObject\",\"inLanguage\":\"de\",\"@id\":\"https:\\\/\\\/pride.audio\\\/#\\\/schema\\\/logo\\\/image\\\/\",\"url\":\"https:\\\/\\\/pride.audio\\\/wp-content\\\/uploads\\\/2023\\\/08\\\/g10.svg\",\"contentUrl\":\"https:\\\/\\\/pride.audio\\\/wp-content\\\/uploads\\\/2023\\\/08\\\/g10.svg\",\"width\":158,\"height\":34,\"caption\":\"Pride Car Audio1\"},\"image\":{\"@id\":\"https:\\\/\\\/pride.audio\\\/#\\\/schema\\\/logo\\\/image\\\/\"}}]}<\/script>\n<!-- \/ Yoast SEO plugin. -->","yoast_head_json":{"title":"Sapphire 1414 Sicherungshalterung - Pride Car Audio1","robots":{"index":"index","follow":"follow","max-snippet":"max-snippet:-1","max-image-preview":"max-image-preview:large","max-video-preview":"max-video-preview:-1"},"canonical":"https:\/\/pride.audio\/de\/produkt\/sapphire1414\/","og_locale":"de_DE","og_type":"article","og_title":"Sapphire 1414 Sicherungshalterung - Pride Car Audio1","og_description":"Pride Sapphire 1414: Maximale Sicherheit und Leistung f\u00fcr Ihr Audiosystem Pride pr\u00e4sentiert ein neues Produkt \u2013 die Sapphire 1414 Sicherungshalterung f\u00fcr mini ANL-Sicherungen. Dieses Modell wurde entwickelt, um Ihr Audiosystem vor \u00dcberlastungen und Kurzschl\u00fcssen zu sch\u00fctzen und somit Sicherheit und Langlebigkeit zu gew\u00e4hrleisten. Vorteile der Pride Sapphire 1414 \u2022 Unterst\u00fctzt Kabelanschl\u00fcsse bis zu 25 mm\u00b2. [&hellip;]","og_url":"https:\/\/pride.audio\/de\/produkt\/sapphire1414\/","og_site_name":"Pride Car Audio1","article_modified_time":"2024-12-03T12:54:15+00:00","og_image":[{"width":500,"height":500,"url":"https:\/\/pride.audio\/wp-content\/uploads\/2019\/07\/63da2623858df4b2e3eda1ce195b8ffe.jpg","type":"image\/jpeg"}],"twitter_card":"summary_large_image","twitter_misc":{"Gesch\u00e4tzte Lesezeit":"1\u00a0Minute"},"schema":{"@context":"https:\/\/schema.org","@graph":[{"@type":"WebPage","@id":"https:\/\/pride.audio\/de\/produkt\/sapphire1414\/","url":"https:\/\/pride.audio\/de\/produkt\/sapphire1414\/","name":"Sapphire 1414 Sicherungshalterung - Pride Car Audio1","isPartOf":{"@id":"https:\/\/pride.audio\/#website"},"primaryImageOfPage":{"@id":"https:\/\/pride.audio\/de\/produkt\/sapphire1414\/#primaryimage"},"image":{"@id":"https:\/\/pride.audio\/de\/produkt\/sapphire1414\/#primaryimage"},"thumbnailUrl":"https:\/\/pride.audio\/wp-content\/uploads\/2019\/07\/63da2623858df4b2e3eda1ce195b8ffe.jpg","datePublished":"2019-07-19T22:44:38+00:00","dateModified":"2024-12-03T12:54:15+00:00","breadcrumb":{"@id":"https:\/\/pride.audio\/de\/produkt\/sapphire1414\/#breadcrumb"},"inLanguage":"de","potentialAction":[{"@type":"ReadAction","target":["https:\/\/pride.audio\/de\/produkt\/sapphire1414\/"]}]},{"@type":"ImageObject","inLanguage":"de","@id":"https:\/\/pride.audio\/de\/produkt\/sapphire1414\/#primaryimage","url":"https:\/\/pride.audio\/wp-content\/uploads\/2019\/07\/63da2623858df4b2e3eda1ce195b8ffe.jpg","contentUrl":"https:\/\/pride.audio\/wp-content\/uploads\/2019\/07\/63da2623858df4b2e3eda1ce195b8ffe.jpg","width":500,"height":500},{"@type":"BreadcrumbList","@id":"https:\/\/pride.audio\/de\/produkt\/sapphire1414\/#breadcrumb","itemListElement":[{"@type":"ListItem","position":1,"name":"Home","item":"https:\/\/pride.audio\/de\/"},{"@type":"ListItem","position":2,"name":"Shop","item":"https:\/\/pride.audio\/de\/shop-2\/"},{"@type":"ListItem","position":3,"name":"Sapphire 1414 Sicherungshalterung"}]},{"@type":"WebSite","@id":"https:\/\/pride.audio\/#website","url":"https:\/\/pride.audio\/","name":"Pride Car Audio1","description":"Pride Car Audio: Official site","publisher":{"@id":"https:\/\/pride.audio\/#organization"},"potentialAction":[{"@type":"SearchAction","target":{"@type":"EntryPoint","urlTemplate":"https:\/\/pride.audio\/?s={search_term_string}"},"query-input":{"@type":"PropertyValueSpecification","valueRequired":true,"valueName":"search_term_string"}}],"inLanguage":"de"},{"@type":"Organization","@id":"https:\/\/pride.audio\/#organization","name":"Pride Car Audio1","url":"https:\/\/pride.audio\/","logo":{"@type":"ImageObject","inLanguage":"de","@id":"https:\/\/pride.audio\/#\/schema\/logo\/image\/","url":"https:\/\/pride.audio\/wp-content\/uploads\/2023\/08\/g10.svg","contentUrl":"https:\/\/pride.audio\/wp-content\/uploads\/2023\/08\/g10.svg","width":158,"height":34,"caption":"Pride Car Audio1"},"image":{"@id":"https:\/\/pride.audio\/#\/schema\/logo\/image\/"}}]}},"_links":{"self":[{"href":"https:\/\/pride.audio\/de\/wp-json\/wp\/v2\/product\/9355","targetHints":{"allow":["GET"]}}],"collection":[{"href":"https:\/\/pride.audio\/de\/wp-json\/wp\/v2\/product"}],"about":[{"href":"https:\/\/pride.audio\/de\/wp-json\/wp\/v2\/types\/product"}],"wp:featuredmedia":[{"embeddable":true,"href":"https:\/\/pride.audio\/de\/wp-json\/wp\/v2\/media\/20187"}],"wp:attachment":[{"href":"https:\/\/pride.audio\/de\/wp-json\/wp\/v2\/media?parent=9355"}],"wp:term":[{"taxonomy":"product_brand","embeddable":true,"href":"https:\/\/pride.audio\/de\/wp-json\/wp\/v2\/product_brand?post=9355"},{"taxonomy":"product_cat","embeddable":true,"href":"https:\/\/pride.audio\/de\/wp-json\/wp\/v2\/product_cat?post=9355"},{"taxonomy":"product_tag","embeddable":true,"href":"https:\/\/pride.audio\/de\/wp-json\/wp\/v2\/product_tag?post=9355"}],"curies":[{"name":"wp","href":"https:\/\/api.w.org\/{rel}","templated":true}]}}