{"id":9262,"date":"2019-08-18T19:53:59","date_gmt":"2019-08-19T00:53:59","guid":{"rendered":"https:\/\/pride.audio\/product\/amplifier-pride-fr600-2\/"},"modified":"2024-09-13T18:09:53","modified_gmt":"2024-09-13T16:09:53","slug":"fr-600-2","status":"publish","type":"product","link":"https:\/\/pride.audio\/de\/produkt\/fr-600-2\/","title":{"rendered":"Car-Audio-Verst\u00e4rker Pride FR600\/2 \u2013 600 W x 2 Vollbereichskan\u00e4le"},"content":{"rendered":"<p><strong>Verst\u00e4rker Pride FR600\/2<\/strong><\/p>\n<p>Der Verst\u00e4rker Pride FR600\/2 ist eine zuverl\u00e4ssige Wahl f\u00fcr jedes System. Der Pride FR600\/2 ist kompakt und effizient. Hervorragende Komponentenanordnung f\u00fcr hohe Leistung und hervorragende Klangqualit\u00e4t.<\/p>\n<p>Pride FR600\/2 verf\u00fcgt \u00fcber zwei Verst\u00e4rkungskan\u00e4le und arbeitet stabil an einer 2-Ohm-Last. Leistung in 4 und 2 Ohm.<\/p>\n<p>Frequenzbereich des Filterabschnitts: 20 Hz \u2013 8 kHz. Die Eingangsklemmen des Modells FR600\/2 sind f\u00fcr Kabel mit einem Querschnitt von bis zu 25 mm2 ausgelegt.<\/p>\n<p>Pride FR600\/2 2-Kanal-Leistungsverst\u00e4rker.<\/p>\n<p>Sehr leistungsstarker Vollbereichsverst\u00e4rker.<br \/>\nSie k\u00f6nnen an jeden Kanal mehrere Lautsprecher anschlie\u00dfen und so einen lauten, hochwertigen Klang erhalten.<\/p>\n<p>Preis f\u00fcr 1 St\u00fcck.<\/p>\n<p>Unsere Produkte sind in den USA erh\u00e4ltlich und Sie k\u00f6nnen jetzt die besten Car-Audio-Ger\u00e4te kaufen!<\/p>\n","protected":false},"excerpt":{"rendered":"<p>2 x 600W<\/p>\n","protected":false},"featured_media":18849,"template":"","meta":{"inline_featured_image":false},"product_brand":[],"product_cat":[328,332],"product_tag":[],"class_list":{"0":"post-9262","1":"product","2":"type-product","3":"status-publish","4":"has-post-thumbnail","6":"product_cat-amplifiers","7":"product_cat-fr-series","9":"first","10":"outofstock","11":"taxable","12":"shipping-taxable","13":"product-type-simple"},"acf":[],"yoast_head":"<!-- This site is optimized with the Yoast SEO plugin v27.3 - https:\/\/yoast.com\/product\/yoast-seo-wordpress\/ -->\n<title>Car-Audio-Verst\u00e4rker Pride FR600\/2 \u2013 600 W x 2 Vollbereichskan\u00e4le - Pride Car Audio1<\/title>\n<meta name=\"robots\" content=\"index, follow, max-snippet:-1, max-image-preview:large, max-video-preview:-1\" \/>\n<link rel=\"canonical\" href=\"https:\/\/pride.audio\/produkt\/fr-600-2\/\" \/>\n<meta property=\"og:locale\" content=\"de_DE\" \/>\n<meta property=\"og:type\" content=\"article\" \/>\n<meta property=\"og:title\" content=\"Car-Audio-Verst\u00e4rker Pride FR600\/2 \u2013 600 W x 2 Vollbereichskan\u00e4le - Pride Car Audio1\" \/>\n<meta property=\"og:description\" content=\"2 x 600W\" \/>\n<meta property=\"og:url\" content=\"https:\/\/pride.audio\/produkt\/fr-600-2\/\" \/>\n<meta property=\"og:site_name\" content=\"Pride Car Audio1\" \/>\n<meta property=\"article:modified_time\" content=\"2024-09-13T16:09:53+00:00\" \/>\n<meta property=\"og:image\" content=\"https:\/\/pride.audio\/wp-content\/uploads\/2019\/08\/fr6002-.jpg\" \/>\n\t<meta property=\"og:image:width\" content=\"600\" \/>\n\t<meta property=\"og:image:height\" content=\"600\" \/>\n\t<meta property=\"og:image:type\" content=\"image\/jpeg\" \/>\n<meta name=\"twitter:card\" content=\"summary_large_image\" \/>\n<meta name=\"twitter:label1\" content=\"Gesch\u00e4tzte Lesezeit\" \/>\n\t<meta name=\"twitter:data1\" content=\"1\u00a0Minute\" \/>\n<script type=\"application\/ld+json\" class=\"yoast-schema-graph\">{\"@context\":\"https:\\\/\\\/schema.org\",\"@graph\":[{\"@type\":\"WebPage\",\"@id\":\"https:\\\/\\\/pride.audio\\\/produkt\\\/fr-600-2\\\/\",\"url\":\"https:\\\/\\\/pride.audio\\\/produkt\\\/fr-600-2\\\/\",\"name\":\"Car-Audio-Verst\u00e4rker Pride FR600\\\/2 \u2013 600 W x 2 Vollbereichskan\u00e4le - Pride Car Audio1\",\"isPartOf\":{\"@id\":\"https:\\\/\\\/pride.audio\\\/#website\"},\"primaryImageOfPage\":{\"@id\":\"https:\\\/\\\/pride.audio\\\/produkt\\\/fr-600-2\\\/#primaryimage\"},\"image\":{\"@id\":\"https:\\\/\\\/pride.audio\\\/produkt\\\/fr-600-2\\\/#primaryimage\"},\"thumbnailUrl\":\"https:\\\/\\\/pride.audio\\\/wp-content\\\/uploads\\\/2019\\\/08\\\/IMG_2022.jpg\",\"datePublished\":\"2019-08-19T00:53:59+00:00\",\"dateModified\":\"2024-09-13T16:09:53+00:00\",\"breadcrumb\":{\"@id\":\"https:\\\/\\\/pride.audio\\\/produkt\\\/fr-600-2\\\/#breadcrumb\"},\"inLanguage\":\"de\",\"potentialAction\":[{\"@type\":\"ReadAction\",\"target\":[\"https:\\\/\\\/pride.audio\\\/produkt\\\/fr-600-2\\\/\"]}]},{\"@type\":\"ImageObject\",\"inLanguage\":\"de\",\"@id\":\"https:\\\/\\\/pride.audio\\\/produkt\\\/fr-600-2\\\/#primaryimage\",\"url\":\"https:\\\/\\\/pride.audio\\\/wp-content\\\/uploads\\\/2019\\\/08\\\/IMG_2022.jpg\",\"contentUrl\":\"https:\\\/\\\/pride.audio\\\/wp-content\\\/uploads\\\/2019\\\/08\\\/IMG_2022.jpg\",\"width\":1170,\"height\":1170,\"caption\":\"Screenshot\"},{\"@type\":\"BreadcrumbList\",\"@id\":\"https:\\\/\\\/pride.audio\\\/produkt\\\/fr-600-2\\\/#breadcrumb\",\"itemListElement\":[{\"@type\":\"ListItem\",\"position\":1,\"name\":\"Home\",\"item\":\"https:\\\/\\\/pride.audio\\\/de\\\/\"},{\"@type\":\"ListItem\",\"position\":2,\"name\":\"Shop\",\"item\":\"https:\\\/\\\/pride.audio\\\/de\\\/shop-2\\\/\"},{\"@type\":\"ListItem\",\"position\":3,\"name\":\"Car-Audio-Verst\u00e4rker Pride FR600\\\/2 \u2013 600 W x 2 Vollbereichskan\u00e4le\"}]},{\"@type\":\"WebSite\",\"@id\":\"https:\\\/\\\/pride.audio\\\/#website\",\"url\":\"https:\\\/\\\/pride.audio\\\/\",\"name\":\"Pride Car Audio1\",\"description\":\"Pride Car Audio: Official site\",\"publisher\":{\"@id\":\"https:\\\/\\\/pride.audio\\\/#organization\"},\"potentialAction\":[{\"@type\":\"SearchAction\",\"target\":{\"@type\":\"EntryPoint\",\"urlTemplate\":\"https:\\\/\\\/pride.audio\\\/?s={search_term_string}\"},\"query-input\":{\"@type\":\"PropertyValueSpecification\",\"valueRequired\":true,\"valueName\":\"search_term_string\"}}],\"inLanguage\":\"de\"},{\"@type\":\"Organization\",\"@id\":\"https:\\\/\\\/pride.audio\\\/#organization\",\"name\":\"Pride Car Audio1\",\"url\":\"https:\\\/\\\/pride.audio\\\/\",\"logo\":{\"@type\":\"ImageObject\",\"inLanguage\":\"de\",\"@id\":\"https:\\\/\\\/pride.audio\\\/#\\\/schema\\\/logo\\\/image\\\/\",\"url\":\"https:\\\/\\\/pride.audio\\\/wp-content\\\/uploads\\\/2023\\\/08\\\/g10.svg\",\"contentUrl\":\"https:\\\/\\\/pride.audio\\\/wp-content\\\/uploads\\\/2023\\\/08\\\/g10.svg\",\"width\":158,\"height\":34,\"caption\":\"Pride Car Audio1\"},\"image\":{\"@id\":\"https:\\\/\\\/pride.audio\\\/#\\\/schema\\\/logo\\\/image\\\/\"}}]}<\/script>\n<!-- \/ Yoast SEO plugin. -->","yoast_head_json":{"title":"Car-Audio-Verst\u00e4rker Pride FR600\/2 \u2013 600 W x 2 Vollbereichskan\u00e4le - Pride Car Audio1","robots":{"index":"index","follow":"follow","max-snippet":"max-snippet:-1","max-image-preview":"max-image-preview:large","max-video-preview":"max-video-preview:-1"},"canonical":"https:\/\/pride.audio\/produkt\/fr-600-2\/","og_locale":"de_DE","og_type":"article","og_title":"Car-Audio-Verst\u00e4rker Pride FR600\/2 \u2013 600 W x 2 Vollbereichskan\u00e4le - Pride Car Audio1","og_description":"2 x 600W","og_url":"https:\/\/pride.audio\/produkt\/fr-600-2\/","og_site_name":"Pride Car Audio1","article_modified_time":"2024-09-13T16:09:53+00:00","og_image":[{"width":600,"height":600,"url":"https:\/\/pride.audio\/wp-content\/uploads\/2019\/08\/fr6002-.jpg","type":"image\/jpeg"}],"twitter_card":"summary_large_image","twitter_misc":{"Gesch\u00e4tzte Lesezeit":"1\u00a0Minute"},"schema":{"@context":"https:\/\/schema.org","@graph":[{"@type":"WebPage","@id":"https:\/\/pride.audio\/produkt\/fr-600-2\/","url":"https:\/\/pride.audio\/produkt\/fr-600-2\/","name":"Car-Audio-Verst\u00e4rker Pride FR600\/2 \u2013 600 W x 2 Vollbereichskan\u00e4le - Pride Car Audio1","isPartOf":{"@id":"https:\/\/pride.audio\/#website"},"primaryImageOfPage":{"@id":"https:\/\/pride.audio\/produkt\/fr-600-2\/#primaryimage"},"image":{"@id":"https:\/\/pride.audio\/produkt\/fr-600-2\/#primaryimage"},"thumbnailUrl":"https:\/\/pride.audio\/wp-content\/uploads\/2019\/08\/IMG_2022.jpg","datePublished":"2019-08-19T00:53:59+00:00","dateModified":"2024-09-13T16:09:53+00:00","breadcrumb":{"@id":"https:\/\/pride.audio\/produkt\/fr-600-2\/#breadcrumb"},"inLanguage":"de","potentialAction":[{"@type":"ReadAction","target":["https:\/\/pride.audio\/produkt\/fr-600-2\/"]}]},{"@type":"ImageObject","inLanguage":"de","@id":"https:\/\/pride.audio\/produkt\/fr-600-2\/#primaryimage","url":"https:\/\/pride.audio\/wp-content\/uploads\/2019\/08\/IMG_2022.jpg","contentUrl":"https:\/\/pride.audio\/wp-content\/uploads\/2019\/08\/IMG_2022.jpg","width":1170,"height":1170,"caption":"Screenshot"},{"@type":"BreadcrumbList","@id":"https:\/\/pride.audio\/produkt\/fr-600-2\/#breadcrumb","itemListElement":[{"@type":"ListItem","position":1,"name":"Home","item":"https:\/\/pride.audio\/de\/"},{"@type":"ListItem","position":2,"name":"Shop","item":"https:\/\/pride.audio\/de\/shop-2\/"},{"@type":"ListItem","position":3,"name":"Car-Audio-Verst\u00e4rker Pride FR600\/2 \u2013 600 W x 2 Vollbereichskan\u00e4le"}]},{"@type":"WebSite","@id":"https:\/\/pride.audio\/#website","url":"https:\/\/pride.audio\/","name":"Pride Car Audio1","description":"Pride Car Audio: Official site","publisher":{"@id":"https:\/\/pride.audio\/#organization"},"potentialAction":[{"@type":"SearchAction","target":{"@type":"EntryPoint","urlTemplate":"https:\/\/pride.audio\/?s={search_term_string}"},"query-input":{"@type":"PropertyValueSpecification","valueRequired":true,"valueName":"search_term_string"}}],"inLanguage":"de"},{"@type":"Organization","@id":"https:\/\/pride.audio\/#organization","name":"Pride Car Audio1","url":"https:\/\/pride.audio\/","logo":{"@type":"ImageObject","inLanguage":"de","@id":"https:\/\/pride.audio\/#\/schema\/logo\/image\/","url":"https:\/\/pride.audio\/wp-content\/uploads\/2023\/08\/g10.svg","contentUrl":"https:\/\/pride.audio\/wp-content\/uploads\/2023\/08\/g10.svg","width":158,"height":34,"caption":"Pride Car Audio1"},"image":{"@id":"https:\/\/pride.audio\/#\/schema\/logo\/image\/"}}]}},"_links":{"self":[{"href":"https:\/\/pride.audio\/de\/wp-json\/wp\/v2\/product\/9262","targetHints":{"allow":["GET"]}}],"collection":[{"href":"https:\/\/pride.audio\/de\/wp-json\/wp\/v2\/product"}],"about":[{"href":"https:\/\/pride.audio\/de\/wp-json\/wp\/v2\/types\/product"}],"wp:featuredmedia":[{"embeddable":true,"href":"https:\/\/pride.audio\/de\/wp-json\/wp\/v2\/media\/18849"}],"wp:attachment":[{"href":"https:\/\/pride.audio\/de\/wp-json\/wp\/v2\/media?parent=9262"}],"wp:term":[{"taxonomy":"product_brand","embeddable":true,"href":"https:\/\/pride.audio\/de\/wp-json\/wp\/v2\/product_brand?post=9262"},{"taxonomy":"product_cat","embeddable":true,"href":"https:\/\/pride.audio\/de\/wp-json\/wp\/v2\/product_cat?post=9262"},{"taxonomy":"product_tag","embeddable":true,"href":"https:\/\/pride.audio\/de\/wp-json\/wp\/v2\/product_tag?post=9262"}],"curies":[{"name":"wp","href":"https:\/\/api.w.org\/{rel}","templated":true}]}}