{"id":9221,"date":"2019-09-06T23:48:16","date_gmt":"2019-09-07T04:48:16","guid":{"rendered":"https:\/\/pride.audio\/product\/speakers-pride-w-10\/"},"modified":"2024-04-10T14:26:04","modified_gmt":"2024-04-10T12:26:04","slug":"w-100","status":"publish","type":"product","link":"https:\/\/pride.audio\/de\/produkt\/w-100\/","title":{"rendered":"Lautsprecher Pride W 10 RMS 450W Gr\u00f6\u00dfe 10&#8243;"},"content":{"rendered":"<p><strong>Lautsprecher Pride W 10<\/strong><\/p>\n<p>Speakers Pride W 10 ist ein ziemlich spezifisches Produkt, das auf die Erf\u00fcllung der Aufgaben von Profis ausgerichtet ist.<\/p>\n<p>Pride nennt die W-Linie traditionell Woofer. Dies ist sowohl eine Unterst\u00fctzung f\u00fcr Ihren musikalischen Weg in Form eines \u201eDritten von unten\u201c-Bands als auch ein vollwertiger Lautsprecher, der aufgrund seiner Eigenschaftenkombination einen Subwoofer f\u00fcr Sie ersetzen kann.<\/p>\n<p>Der Pride W10 ist ein echter 10-Zoll-Tieft\u00f6ner.<\/p>\n<p>Ein 25-cm-Mittelbasslautsprecher, der entweder in einem 2-Komponenten- oder 3-Komponenten-System verwendet werden kann. Wenn wir den W10 mit den \u201eMidbass\u201c vergleichen, bei denen es sich um schwere Mittelt\u00f6ner handelt, dann k\u00f6nnen wir mit Sicherheit sagen, dass sie \u00fcberhaupt ohne Subwoofer verwendet werden k\u00f6nnen.<\/p>\n<p>Ausgewogener Klang, laut und hochwertig. Tolle Stimme und Gesang. Wie jeder.<\/p>\n<p>Komplettes Verkaufsset:<\/p>\n<p>W10\u2033 \u2013 1 Paar<br \/>\nABS-Dichtung 10\u2033 \u2013 2 Stk<br \/>\nKartonschachtel<br \/>\nMetallgitter im Lieferumfang enthalten<\/p>\n<p>&nbsp;<\/p>\n<p>Sie k\u00f6nnen es jetzt in den Filialen unserer H\u00e4ndler ausprobieren oder auf der Website bestellen<\/p>\n","protected":false},"excerpt":{"rendered":"<p>450 W<\/p>\n","protected":false},"featured_media":19833,"template":"","meta":{"inline_featured_image":false},"product_brand":[],"product_cat":[340,344],"product_tag":[],"class_list":{"0":"post-9221","1":"product","2":"type-product","3":"status-publish","4":"has-post-thumbnail","6":"product_cat-speakers","7":"product_cat-10-speakers","9":"first","10":"outofstock","11":"taxable","12":"shipping-taxable","13":"product-type-simple"},"acf":[],"yoast_head":"<!-- This site is optimized with the Yoast SEO plugin v27.3 - https:\/\/yoast.com\/product\/yoast-seo-wordpress\/ -->\n<title>Lautsprecher Pride W 10 RMS 450W Gr\u00f6\u00dfe 10&quot; - Pride Car Audio1<\/title>\n<meta name=\"robots\" content=\"index, follow, max-snippet:-1, max-image-preview:large, max-video-preview:-1\" \/>\n<link rel=\"canonical\" href=\"https:\/\/pride.audio\/produkt\/w-100\/\" \/>\n<meta property=\"og:locale\" content=\"de_DE\" \/>\n<meta property=\"og:type\" content=\"article\" \/>\n<meta property=\"og:title\" content=\"Lautsprecher Pride W 10 RMS 450W Gr\u00f6\u00dfe 10&quot; - Pride Car Audio1\" \/>\n<meta property=\"og:description\" content=\"450 W\" \/>\n<meta property=\"og:url\" content=\"https:\/\/pride.audio\/produkt\/w-100\/\" \/>\n<meta property=\"og:site_name\" content=\"Pride Car Audio1\" \/>\n<meta property=\"article:modified_time\" content=\"2024-04-10T12:26:04+00:00\" \/>\n<meta property=\"og:image\" content=\"https:\/\/pride.audio\/wp-content\/uploads\/izobrazhenie-sdelano-25.10.2019-v-21.48.jpg\" \/>\n\t<meta property=\"og:image:width\" content=\"627\" \/>\n\t<meta property=\"og:image:height\" content=\"627\" \/>\n\t<meta property=\"og:image:type\" content=\"image\/jpeg\" \/>\n<meta name=\"twitter:card\" content=\"summary_large_image\" \/>\n<meta name=\"twitter:label1\" content=\"Gesch\u00e4tzte Lesezeit\" \/>\n\t<meta name=\"twitter:data1\" content=\"1\u00a0Minute\" \/>\n<script type=\"application\/ld+json\" class=\"yoast-schema-graph\">{\"@context\":\"https:\\\/\\\/schema.org\",\"@graph\":[{\"@type\":\"WebPage\",\"@id\":\"https:\\\/\\\/pride.audio\\\/produkt\\\/w-100\\\/\",\"url\":\"https:\\\/\\\/pride.audio\\\/produkt\\\/w-100\\\/\",\"name\":\"Lautsprecher Pride W 10 RMS 450W Gr\u00f6\u00dfe 10\\\" - Pride Car Audio1\",\"isPartOf\":{\"@id\":\"https:\\\/\\\/pride.audio\\\/#website\"},\"primaryImageOfPage\":{\"@id\":\"https:\\\/\\\/pride.audio\\\/produkt\\\/w-100\\\/#primaryimage\"},\"image\":{\"@id\":\"https:\\\/\\\/pride.audio\\\/produkt\\\/w-100\\\/#primaryimage\"},\"thumbnailUrl\":\"https:\\\/\\\/pride.audio\\\/wp-content\\\/uploads\\\/2019\\\/09\\\/IMG_1354.jpg\",\"datePublished\":\"2019-09-07T04:48:16+00:00\",\"dateModified\":\"2024-04-10T12:26:04+00:00\",\"breadcrumb\":{\"@id\":\"https:\\\/\\\/pride.audio\\\/produkt\\\/w-100\\\/#breadcrumb\"},\"inLanguage\":\"de\",\"potentialAction\":[{\"@type\":\"ReadAction\",\"target\":[\"https:\\\/\\\/pride.audio\\\/produkt\\\/w-100\\\/\"]}]},{\"@type\":\"ImageObject\",\"inLanguage\":\"de\",\"@id\":\"https:\\\/\\\/pride.audio\\\/produkt\\\/w-100\\\/#primaryimage\",\"url\":\"https:\\\/\\\/pride.audio\\\/wp-content\\\/uploads\\\/2019\\\/09\\\/IMG_1354.jpg\",\"contentUrl\":\"https:\\\/\\\/pride.audio\\\/wp-content\\\/uploads\\\/2019\\\/09\\\/IMG_1354.jpg\",\"width\":1290,\"height\":1290,\"caption\":\"Screenshot\"},{\"@type\":\"BreadcrumbList\",\"@id\":\"https:\\\/\\\/pride.audio\\\/produkt\\\/w-100\\\/#breadcrumb\",\"itemListElement\":[{\"@type\":\"ListItem\",\"position\":1,\"name\":\"Home\",\"item\":\"https:\\\/\\\/pride.audio\\\/de\\\/\"},{\"@type\":\"ListItem\",\"position\":2,\"name\":\"Shop\",\"item\":\"https:\\\/\\\/pride.audio\\\/de\\\/shop-2\\\/\"},{\"@type\":\"ListItem\",\"position\":3,\"name\":\"Lautsprecher Pride W 10 RMS 450W Gr\u00f6\u00dfe 10&#8243;\"}]},{\"@type\":\"WebSite\",\"@id\":\"https:\\\/\\\/pride.audio\\\/#website\",\"url\":\"https:\\\/\\\/pride.audio\\\/\",\"name\":\"Pride Car Audio1\",\"description\":\"Pride Car Audio: Official site\",\"publisher\":{\"@id\":\"https:\\\/\\\/pride.audio\\\/#organization\"},\"potentialAction\":[{\"@type\":\"SearchAction\",\"target\":{\"@type\":\"EntryPoint\",\"urlTemplate\":\"https:\\\/\\\/pride.audio\\\/?s={search_term_string}\"},\"query-input\":{\"@type\":\"PropertyValueSpecification\",\"valueRequired\":true,\"valueName\":\"search_term_string\"}}],\"inLanguage\":\"de\"},{\"@type\":\"Organization\",\"@id\":\"https:\\\/\\\/pride.audio\\\/#organization\",\"name\":\"Pride Car Audio1\",\"url\":\"https:\\\/\\\/pride.audio\\\/\",\"logo\":{\"@type\":\"ImageObject\",\"inLanguage\":\"de\",\"@id\":\"https:\\\/\\\/pride.audio\\\/#\\\/schema\\\/logo\\\/image\\\/\",\"url\":\"https:\\\/\\\/pride.audio\\\/wp-content\\\/uploads\\\/2023\\\/08\\\/g10.svg\",\"contentUrl\":\"https:\\\/\\\/pride.audio\\\/wp-content\\\/uploads\\\/2023\\\/08\\\/g10.svg\",\"width\":158,\"height\":34,\"caption\":\"Pride Car Audio1\"},\"image\":{\"@id\":\"https:\\\/\\\/pride.audio\\\/#\\\/schema\\\/logo\\\/image\\\/\"}}]}<\/script>\n<!-- \/ Yoast SEO plugin. -->","yoast_head_json":{"title":"Lautsprecher Pride W 10 RMS 450W Gr\u00f6\u00dfe 10\" - Pride Car Audio1","robots":{"index":"index","follow":"follow","max-snippet":"max-snippet:-1","max-image-preview":"max-image-preview:large","max-video-preview":"max-video-preview:-1"},"canonical":"https:\/\/pride.audio\/produkt\/w-100\/","og_locale":"de_DE","og_type":"article","og_title":"Lautsprecher Pride W 10 RMS 450W Gr\u00f6\u00dfe 10\" - Pride Car Audio1","og_description":"450 W","og_url":"https:\/\/pride.audio\/produkt\/w-100\/","og_site_name":"Pride Car Audio1","article_modified_time":"2024-04-10T12:26:04+00:00","og_image":[{"width":627,"height":627,"url":"https:\/\/pride.audio\/wp-content\/uploads\/izobrazhenie-sdelano-25.10.2019-v-21.48.jpg","type":"image\/jpeg"}],"twitter_card":"summary_large_image","twitter_misc":{"Gesch\u00e4tzte Lesezeit":"1\u00a0Minute"},"schema":{"@context":"https:\/\/schema.org","@graph":[{"@type":"WebPage","@id":"https:\/\/pride.audio\/produkt\/w-100\/","url":"https:\/\/pride.audio\/produkt\/w-100\/","name":"Lautsprecher Pride W 10 RMS 450W Gr\u00f6\u00dfe 10\" - Pride Car Audio1","isPartOf":{"@id":"https:\/\/pride.audio\/#website"},"primaryImageOfPage":{"@id":"https:\/\/pride.audio\/produkt\/w-100\/#primaryimage"},"image":{"@id":"https:\/\/pride.audio\/produkt\/w-100\/#primaryimage"},"thumbnailUrl":"https:\/\/pride.audio\/wp-content\/uploads\/2019\/09\/IMG_1354.jpg","datePublished":"2019-09-07T04:48:16+00:00","dateModified":"2024-04-10T12:26:04+00:00","breadcrumb":{"@id":"https:\/\/pride.audio\/produkt\/w-100\/#breadcrumb"},"inLanguage":"de","potentialAction":[{"@type":"ReadAction","target":["https:\/\/pride.audio\/produkt\/w-100\/"]}]},{"@type":"ImageObject","inLanguage":"de","@id":"https:\/\/pride.audio\/produkt\/w-100\/#primaryimage","url":"https:\/\/pride.audio\/wp-content\/uploads\/2019\/09\/IMG_1354.jpg","contentUrl":"https:\/\/pride.audio\/wp-content\/uploads\/2019\/09\/IMG_1354.jpg","width":1290,"height":1290,"caption":"Screenshot"},{"@type":"BreadcrumbList","@id":"https:\/\/pride.audio\/produkt\/w-100\/#breadcrumb","itemListElement":[{"@type":"ListItem","position":1,"name":"Home","item":"https:\/\/pride.audio\/de\/"},{"@type":"ListItem","position":2,"name":"Shop","item":"https:\/\/pride.audio\/de\/shop-2\/"},{"@type":"ListItem","position":3,"name":"Lautsprecher Pride W 10 RMS 450W Gr\u00f6\u00dfe 10&#8243;"}]},{"@type":"WebSite","@id":"https:\/\/pride.audio\/#website","url":"https:\/\/pride.audio\/","name":"Pride Car Audio1","description":"Pride Car Audio: Official site","publisher":{"@id":"https:\/\/pride.audio\/#organization"},"potentialAction":[{"@type":"SearchAction","target":{"@type":"EntryPoint","urlTemplate":"https:\/\/pride.audio\/?s={search_term_string}"},"query-input":{"@type":"PropertyValueSpecification","valueRequired":true,"valueName":"search_term_string"}}],"inLanguage":"de"},{"@type":"Organization","@id":"https:\/\/pride.audio\/#organization","name":"Pride Car Audio1","url":"https:\/\/pride.audio\/","logo":{"@type":"ImageObject","inLanguage":"de","@id":"https:\/\/pride.audio\/#\/schema\/logo\/image\/","url":"https:\/\/pride.audio\/wp-content\/uploads\/2023\/08\/g10.svg","contentUrl":"https:\/\/pride.audio\/wp-content\/uploads\/2023\/08\/g10.svg","width":158,"height":34,"caption":"Pride Car Audio1"},"image":{"@id":"https:\/\/pride.audio\/#\/schema\/logo\/image\/"}}]}},"_links":{"self":[{"href":"https:\/\/pride.audio\/de\/wp-json\/wp\/v2\/product\/9221","targetHints":{"allow":["GET"]}}],"collection":[{"href":"https:\/\/pride.audio\/de\/wp-json\/wp\/v2\/product"}],"about":[{"href":"https:\/\/pride.audio\/de\/wp-json\/wp\/v2\/types\/product"}],"wp:featuredmedia":[{"embeddable":true,"href":"https:\/\/pride.audio\/de\/wp-json\/wp\/v2\/media\/19833"}],"wp:attachment":[{"href":"https:\/\/pride.audio\/de\/wp-json\/wp\/v2\/media?parent=9221"}],"wp:term":[{"taxonomy":"product_brand","embeddable":true,"href":"https:\/\/pride.audio\/de\/wp-json\/wp\/v2\/product_brand?post=9221"},{"taxonomy":"product_cat","embeddable":true,"href":"https:\/\/pride.audio\/de\/wp-json\/wp\/v2\/product_cat?post=9221"},{"taxonomy":"product_tag","embeddable":true,"href":"https:\/\/pride.audio\/de\/wp-json\/wp\/v2\/product_tag?post=9221"}],"curies":[{"name":"wp","href":"https:\/\/api.w.org\/{rel}","templated":true}]}}