{"id":9126,"date":"2019-11-07T00:39:02","date_gmt":"2019-11-07T05:39:02","guid":{"rendered":"https:\/\/pride.audio\/product\/voltmeter\/"},"modified":"2024-12-03T15:17:10","modified_gmt":"2024-12-03T13:17:10","slug":"voltmeter","status":"publish","type":"product","link":"https:\/\/pride.audio\/de\/produkt\/voltmeter\/","title":{"rendered":"Voltmeter"},"content":{"rendered":"<p>Das Pride-Voltmeter ist ein zuverl\u00e4ssiges und genaues Ger\u00e4t zur Messung der Spannung in Stromkreisen. Es verf\u00fcgt \u00fcber einen Anschlussdraht und eine Kalibrierungsschraube, mit der Sie die Genauigkeit einstellen k\u00f6nnen.<\/p>\n<p>Das Pride-Logo auf dem Geh\u00e4use des Voltmeters unterstreicht die Zugeh\u00f6rigkeit zu den Produkten dieser bekannten Marke. Mit diesem Voltmeter wissen Sie immer, welche Spannung in Ihrem elektrischen System anliegt und k\u00f6nnen rechtzeitig Ma\u00dfnahmen ergreifen, um m\u00f6gliche Probleme zu beheben.<\/p>\n","protected":false},"excerpt":{"rendered":"<p>Das Pride-Voltmeter ist ein zuverl\u00e4ssiges und genaues Ger\u00e4t zur Messung der Spannung in Stromkreisen. Es verf\u00fcgt \u00fcber einen Anschlussdraht und eine Kalibrierungsschraube, mit der Sie die Genauigkeit einstellen k\u00f6nnen. Das Pride-Logo auf dem Geh\u00e4use des Voltmeters unterstreicht die Zugeh\u00f6rigkeit zu den Produkten dieser bekannten Marke. Mit diesem Voltmeter wissen Sie immer, welche Spannung in Ihrem [&hellip;]<\/p>\n","protected":false},"featured_media":9127,"template":"","meta":{"inline_featured_image":false},"product_brand":[],"product_cat":[623,617],"product_tag":[],"class_list":{"0":"post-9126","1":"product","2":"type-product","3":"status-publish","4":"has-post-thumbnail","6":"product_cat-voltmeters-de","7":"product_cat-accessories-de","9":"first","10":"outofstock","11":"taxable","12":"shipping-taxable","13":"product-type-variable","14":"has-default-attributes"},"acf":[],"yoast_head":"<!-- This site is optimized with the Yoast SEO plugin v27.3 - https:\/\/yoast.com\/product\/yoast-seo-wordpress\/ -->\n<title>Voltmeter - Pride Car Audio1<\/title>\n<meta name=\"robots\" content=\"index, follow, max-snippet:-1, max-image-preview:large, max-video-preview:-1\" \/>\n<link rel=\"canonical\" href=\"https:\/\/pride.audio\/de\/produkt\/voltmeter\/\" \/>\n<meta property=\"og:locale\" content=\"de_DE\" \/>\n<meta property=\"og:type\" content=\"article\" \/>\n<meta property=\"og:title\" content=\"Voltmeter - Pride Car Audio1\" \/>\n<meta property=\"og:description\" content=\"Das Pride-Voltmeter ist ein zuverl\u00e4ssiges und genaues Ger\u00e4t zur Messung der Spannung in Stromkreisen. Es verf\u00fcgt \u00fcber einen Anschlussdraht und eine Kalibrierungsschraube, mit der Sie die Genauigkeit einstellen k\u00f6nnen. Das Pride-Logo auf dem Geh\u00e4use des Voltmeters unterstreicht die Zugeh\u00f6rigkeit zu den Produkten dieser bekannten Marke. Mit diesem Voltmeter wissen Sie immer, welche Spannung in Ihrem [&hellip;]\" \/>\n<meta property=\"og:url\" content=\"https:\/\/pride.audio\/de\/produkt\/voltmeter\/\" \/>\n<meta property=\"og:site_name\" content=\"Pride Car Audio1\" \/>\n<meta property=\"article:modified_time\" content=\"2024-12-03T13:17:10+00:00\" \/>\n<meta property=\"og:image\" content=\"https:\/\/pride.audio\/wp-content\/uploads\/voltmeter_blue_1.jpg\" \/>\n\t<meta property=\"og:image:width\" content=\"331\" \/>\n\t<meta property=\"og:image:height\" content=\"424\" \/>\n\t<meta property=\"og:image:type\" content=\"image\/jpeg\" \/>\n<meta name=\"twitter:card\" content=\"summary_large_image\" \/>\n<meta name=\"twitter:label1\" content=\"Gesch\u00e4tzte Lesezeit\" \/>\n\t<meta name=\"twitter:data1\" content=\"1\u00a0Minute\" \/>\n<script type=\"application\/ld+json\" class=\"yoast-schema-graph\">{\"@context\":\"https:\\\/\\\/schema.org\",\"@graph\":[{\"@type\":\"WebPage\",\"@id\":\"https:\\\/\\\/pride.audio\\\/de\\\/produkt\\\/voltmeter\\\/\",\"url\":\"https:\\\/\\\/pride.audio\\\/de\\\/produkt\\\/voltmeter\\\/\",\"name\":\"Voltmeter - Pride Car Audio1\",\"isPartOf\":{\"@id\":\"https:\\\/\\\/pride.audio\\\/#website\"},\"primaryImageOfPage\":{\"@id\":\"https:\\\/\\\/pride.audio\\\/de\\\/produkt\\\/voltmeter\\\/#primaryimage\"},\"image\":{\"@id\":\"https:\\\/\\\/pride.audio\\\/de\\\/produkt\\\/voltmeter\\\/#primaryimage\"},\"thumbnailUrl\":\"https:\\\/\\\/pride.audio\\\/wp-content\\\/uploads\\\/voltmeter_blue_1.jpg\",\"datePublished\":\"2019-11-07T05:39:02+00:00\",\"dateModified\":\"2024-12-03T13:17:10+00:00\",\"breadcrumb\":{\"@id\":\"https:\\\/\\\/pride.audio\\\/de\\\/produkt\\\/voltmeter\\\/#breadcrumb\"},\"inLanguage\":\"de\",\"potentialAction\":[{\"@type\":\"ReadAction\",\"target\":[\"https:\\\/\\\/pride.audio\\\/de\\\/produkt\\\/voltmeter\\\/\"]}]},{\"@type\":\"ImageObject\",\"inLanguage\":\"de\",\"@id\":\"https:\\\/\\\/pride.audio\\\/de\\\/produkt\\\/voltmeter\\\/#primaryimage\",\"url\":\"https:\\\/\\\/pride.audio\\\/wp-content\\\/uploads\\\/voltmeter_blue_1.jpg\",\"contentUrl\":\"https:\\\/\\\/pride.audio\\\/wp-content\\\/uploads\\\/voltmeter_blue_1.jpg\",\"width\":331,\"height\":424},{\"@type\":\"BreadcrumbList\",\"@id\":\"https:\\\/\\\/pride.audio\\\/de\\\/produkt\\\/voltmeter\\\/#breadcrumb\",\"itemListElement\":[{\"@type\":\"ListItem\",\"position\":1,\"name\":\"Home\",\"item\":\"https:\\\/\\\/pride.audio\\\/de\\\/\"},{\"@type\":\"ListItem\",\"position\":2,\"name\":\"Shop\",\"item\":\"https:\\\/\\\/pride.audio\\\/de\\\/shop-2\\\/\"},{\"@type\":\"ListItem\",\"position\":3,\"name\":\"Voltmeter\"}]},{\"@type\":\"WebSite\",\"@id\":\"https:\\\/\\\/pride.audio\\\/#website\",\"url\":\"https:\\\/\\\/pride.audio\\\/\",\"name\":\"Pride Car Audio1\",\"description\":\"Pride Car Audio: Official site\",\"publisher\":{\"@id\":\"https:\\\/\\\/pride.audio\\\/#organization\"},\"potentialAction\":[{\"@type\":\"SearchAction\",\"target\":{\"@type\":\"EntryPoint\",\"urlTemplate\":\"https:\\\/\\\/pride.audio\\\/?s={search_term_string}\"},\"query-input\":{\"@type\":\"PropertyValueSpecification\",\"valueRequired\":true,\"valueName\":\"search_term_string\"}}],\"inLanguage\":\"de\"},{\"@type\":\"Organization\",\"@id\":\"https:\\\/\\\/pride.audio\\\/#organization\",\"name\":\"Pride Car Audio1\",\"url\":\"https:\\\/\\\/pride.audio\\\/\",\"logo\":{\"@type\":\"ImageObject\",\"inLanguage\":\"de\",\"@id\":\"https:\\\/\\\/pride.audio\\\/#\\\/schema\\\/logo\\\/image\\\/\",\"url\":\"https:\\\/\\\/pride.audio\\\/wp-content\\\/uploads\\\/2023\\\/08\\\/g10.svg\",\"contentUrl\":\"https:\\\/\\\/pride.audio\\\/wp-content\\\/uploads\\\/2023\\\/08\\\/g10.svg\",\"width\":158,\"height\":34,\"caption\":\"Pride Car Audio1\"},\"image\":{\"@id\":\"https:\\\/\\\/pride.audio\\\/#\\\/schema\\\/logo\\\/image\\\/\"}}]}<\/script>\n<!-- \/ Yoast SEO plugin. -->","yoast_head_json":{"title":"Voltmeter - Pride Car Audio1","robots":{"index":"index","follow":"follow","max-snippet":"max-snippet:-1","max-image-preview":"max-image-preview:large","max-video-preview":"max-video-preview:-1"},"canonical":"https:\/\/pride.audio\/de\/produkt\/voltmeter\/","og_locale":"de_DE","og_type":"article","og_title":"Voltmeter - Pride Car Audio1","og_description":"Das Pride-Voltmeter ist ein zuverl\u00e4ssiges und genaues Ger\u00e4t zur Messung der Spannung in Stromkreisen. Es verf\u00fcgt \u00fcber einen Anschlussdraht und eine Kalibrierungsschraube, mit der Sie die Genauigkeit einstellen k\u00f6nnen. Das Pride-Logo auf dem Geh\u00e4use des Voltmeters unterstreicht die Zugeh\u00f6rigkeit zu den Produkten dieser bekannten Marke. Mit diesem Voltmeter wissen Sie immer, welche Spannung in Ihrem [&hellip;]","og_url":"https:\/\/pride.audio\/de\/produkt\/voltmeter\/","og_site_name":"Pride Car Audio1","article_modified_time":"2024-12-03T13:17:10+00:00","og_image":[{"width":331,"height":424,"url":"https:\/\/pride.audio\/wp-content\/uploads\/voltmeter_blue_1.jpg","type":"image\/jpeg"}],"twitter_card":"summary_large_image","twitter_misc":{"Gesch\u00e4tzte Lesezeit":"1\u00a0Minute"},"schema":{"@context":"https:\/\/schema.org","@graph":[{"@type":"WebPage","@id":"https:\/\/pride.audio\/de\/produkt\/voltmeter\/","url":"https:\/\/pride.audio\/de\/produkt\/voltmeter\/","name":"Voltmeter - Pride Car Audio1","isPartOf":{"@id":"https:\/\/pride.audio\/#website"},"primaryImageOfPage":{"@id":"https:\/\/pride.audio\/de\/produkt\/voltmeter\/#primaryimage"},"image":{"@id":"https:\/\/pride.audio\/de\/produkt\/voltmeter\/#primaryimage"},"thumbnailUrl":"https:\/\/pride.audio\/wp-content\/uploads\/voltmeter_blue_1.jpg","datePublished":"2019-11-07T05:39:02+00:00","dateModified":"2024-12-03T13:17:10+00:00","breadcrumb":{"@id":"https:\/\/pride.audio\/de\/produkt\/voltmeter\/#breadcrumb"},"inLanguage":"de","potentialAction":[{"@type":"ReadAction","target":["https:\/\/pride.audio\/de\/produkt\/voltmeter\/"]}]},{"@type":"ImageObject","inLanguage":"de","@id":"https:\/\/pride.audio\/de\/produkt\/voltmeter\/#primaryimage","url":"https:\/\/pride.audio\/wp-content\/uploads\/voltmeter_blue_1.jpg","contentUrl":"https:\/\/pride.audio\/wp-content\/uploads\/voltmeter_blue_1.jpg","width":331,"height":424},{"@type":"BreadcrumbList","@id":"https:\/\/pride.audio\/de\/produkt\/voltmeter\/#breadcrumb","itemListElement":[{"@type":"ListItem","position":1,"name":"Home","item":"https:\/\/pride.audio\/de\/"},{"@type":"ListItem","position":2,"name":"Shop","item":"https:\/\/pride.audio\/de\/shop-2\/"},{"@type":"ListItem","position":3,"name":"Voltmeter"}]},{"@type":"WebSite","@id":"https:\/\/pride.audio\/#website","url":"https:\/\/pride.audio\/","name":"Pride Car Audio1","description":"Pride Car Audio: Official site","publisher":{"@id":"https:\/\/pride.audio\/#organization"},"potentialAction":[{"@type":"SearchAction","target":{"@type":"EntryPoint","urlTemplate":"https:\/\/pride.audio\/?s={search_term_string}"},"query-input":{"@type":"PropertyValueSpecification","valueRequired":true,"valueName":"search_term_string"}}],"inLanguage":"de"},{"@type":"Organization","@id":"https:\/\/pride.audio\/#organization","name":"Pride Car Audio1","url":"https:\/\/pride.audio\/","logo":{"@type":"ImageObject","inLanguage":"de","@id":"https:\/\/pride.audio\/#\/schema\/logo\/image\/","url":"https:\/\/pride.audio\/wp-content\/uploads\/2023\/08\/g10.svg","contentUrl":"https:\/\/pride.audio\/wp-content\/uploads\/2023\/08\/g10.svg","width":158,"height":34,"caption":"Pride Car Audio1"},"image":{"@id":"https:\/\/pride.audio\/#\/schema\/logo\/image\/"}}]}},"_links":{"self":[{"href":"https:\/\/pride.audio\/de\/wp-json\/wp\/v2\/product\/9126","targetHints":{"allow":["GET"]}}],"collection":[{"href":"https:\/\/pride.audio\/de\/wp-json\/wp\/v2\/product"}],"about":[{"href":"https:\/\/pride.audio\/de\/wp-json\/wp\/v2\/types\/product"}],"wp:featuredmedia":[{"embeddable":true,"href":"https:\/\/pride.audio\/de\/wp-json\/wp\/v2\/media\/9127"}],"wp:attachment":[{"href":"https:\/\/pride.audio\/de\/wp-json\/wp\/v2\/media?parent=9126"}],"wp:term":[{"taxonomy":"product_brand","embeddable":true,"href":"https:\/\/pride.audio\/de\/wp-json\/wp\/v2\/product_brand?post=9126"},{"taxonomy":"product_cat","embeddable":true,"href":"https:\/\/pride.audio\/de\/wp-json\/wp\/v2\/product_cat?post=9126"},{"taxonomy":"product_tag","embeddable":true,"href":"https:\/\/pride.audio\/de\/wp-json\/wp\/v2\/product_tag?post=9126"}],"curies":[{"name":"wp","href":"https:\/\/api.w.org\/{rel}","templated":true}]}}