{"id":9123,"date":"2020-04-16T17:20:52","date_gmt":"2020-04-16T22:20:52","guid":{"rendered":"https:\/\/pride.audio\/product\/speakers-ruby-light-6-5\/"},"modified":"2024-04-10T14:24:16","modified_gmt":"2024-04-10T12:24:16","slug":"rl-65","status":"publish","type":"product","link":"https:\/\/pride.audio\/de\/produkt\/rl-65\/","title":{"rendered":"Lautsprecher Ruby Light 6,5 RMS 60W Gr\u00f6\u00dfe 6,5&#8243;"},"content":{"rendered":"<p><strong>Lautsprecher Ruby Light 6.5<\/strong><\/p>\n<p>Nach Geh\u00f6r sehr melodi\u00f6s, \u00e4u\u00dferst vielseitig in der Klangwiedergabe und erschwinglich im Preis \u2013 Lautsprecher Ruby Light 6.5 von Pride Car Audio<\/p>\n<p>Ruby Light 6,5\u2033.<br \/>\nGr\u00f6\u00dfe \u2013 6,5 Zoll<\/p>\n<p>Dieses Lautsprechermodell ist tats\u00e4chlich sehr leicht, nur etwa 500 Gramm.<br \/>\nRuby Light 6.5 ist hinsichtlich der Einbautiefe sehr kompakt<\/p>\n<p>Ohne Zweifel ist es NICHT RUHIGER als die preislichen Konkurrenten und in der Tat die \u201eteureren\u201c Konkurrenten. Es passt auf jeden Fall in die Konfiguration, sowohl mit einer \u201eSeidenkuppel\u201c als auch mit \u201eleistungsst\u00e4rkeren\u201c Variationen von HF-Emittern.<\/p>\n<p>Komplettes Verkaufsset:<\/p>\n<p>Ruby Light 6,5\u2033 \u2013 1 Paar<br \/>\nABS-Dichtung 6,5\u2033 \u2013 2 Stk<br \/>\nKartonschachtel<\/p>\n<p>Metallgeflecht und Bauchring nicht im Lieferumfang enthalten<\/p>\n<table width=\"447\">\n<tbody>\n<tr>\n<th colspan=\"2\"><\/th>\n<\/tr>\n<tr>\n<td><\/td>\n<td><\/td>\n<\/tr>\n<tr>\n<td><\/td>\n<td><\/td>\n<\/tr>\n<tr>\n<td><\/td>\n<td><\/td>\n<\/tr>\n<tr>\n<td><\/td>\n<td><\/td>\n<\/tr>\n<tr>\n<td><\/td>\n<td><\/td>\n<\/tr>\n<tr>\n<th colspan=\"2\"><\/th>\n<\/tr>\n<tr>\n<td><\/td>\n<td><\/td>\n<\/tr>\n<tr>\n<td><\/td>\n<td><\/td>\n<\/tr>\n<tr>\n<td><\/td>\n<td><\/td>\n<\/tr>\n<tr>\n<td><\/td>\n<td><\/td>\n<\/tr>\n<tr>\n<td><\/td>\n<td><\/td>\n<\/tr>\n<tr>\n<td><\/td>\n<td><\/td>\n<\/tr>\n<\/tbody>\n<\/table>\n","protected":false},"excerpt":{"rendered":"<p>60 W<\/p>\n","protected":false},"featured_media":17034,"template":"","meta":{"inline_featured_image":false},"product_brand":[],"product_cat":[],"product_tag":[],"class_list":{"0":"post-9123","1":"product","2":"type-product","3":"status-publish","4":"has-post-thumbnail","7":"first","8":"outofstock","9":"taxable","10":"shipping-taxable","11":"product-type-simple"},"acf":[],"yoast_head":"<!-- This site is optimized with the Yoast SEO plugin v27.3 - https:\/\/yoast.com\/product\/yoast-seo-wordpress\/ -->\n<title>Lautsprecher Ruby Light 6,5 RMS 60W Gr\u00f6\u00dfe 6,5&quot; - Pride Car Audio1<\/title>\n<meta name=\"robots\" content=\"index, follow, max-snippet:-1, max-image-preview:large, max-video-preview:-1\" \/>\n<link rel=\"canonical\" href=\"https:\/\/pride.audio\/de\/produkt\/rl-65\/\" \/>\n<meta property=\"og:locale\" content=\"de_DE\" \/>\n<meta property=\"og:type\" content=\"article\" \/>\n<meta property=\"og:title\" content=\"Lautsprecher Ruby Light 6,5 RMS 60W Gr\u00f6\u00dfe 6,5&quot; - Pride Car Audio1\" \/>\n<meta property=\"og:description\" content=\"60 W\" \/>\n<meta property=\"og:url\" content=\"https:\/\/pride.audio\/de\/produkt\/rl-65\/\" \/>\n<meta property=\"og:site_name\" content=\"Pride Car Audio1\" \/>\n<meta property=\"article:modified_time\" content=\"2024-04-10T12:24:16+00:00\" \/>\n<meta property=\"og:image\" content=\"https:\/\/pride.audio\/wp-content\/uploads\/2020\/04\/product_prode_Ruby_Light6.5.jpeg\" \/>\n\t<meta property=\"og:image:width\" content=\"300\" \/>\n\t<meta property=\"og:image:height\" content=\"300\" \/>\n\t<meta property=\"og:image:type\" content=\"image\/jpeg\" \/>\n<meta name=\"twitter:card\" content=\"summary_large_image\" \/>\n<meta name=\"twitter:label1\" content=\"Gesch\u00e4tzte Lesezeit\" \/>\n\t<meta name=\"twitter:data1\" content=\"1\u00a0Minute\" \/>\n<script type=\"application\/ld+json\" class=\"yoast-schema-graph\">{\"@context\":\"https:\\\/\\\/schema.org\",\"@graph\":[{\"@type\":\"WebPage\",\"@id\":\"https:\\\/\\\/pride.audio\\\/de\\\/produkt\\\/rl-65\\\/\",\"url\":\"https:\\\/\\\/pride.audio\\\/de\\\/produkt\\\/rl-65\\\/\",\"name\":\"Lautsprecher Ruby Light 6,5 RMS 60W Gr\u00f6\u00dfe 6,5\\\" - Pride Car Audio1\",\"isPartOf\":{\"@id\":\"https:\\\/\\\/pride.audio\\\/#website\"},\"primaryImageOfPage\":{\"@id\":\"https:\\\/\\\/pride.audio\\\/de\\\/produkt\\\/rl-65\\\/#primaryimage\"},\"image\":{\"@id\":\"https:\\\/\\\/pride.audio\\\/de\\\/produkt\\\/rl-65\\\/#primaryimage\"},\"thumbnailUrl\":\"https:\\\/\\\/pride.audio\\\/wp-content\\\/uploads\\\/2020\\\/04\\\/product_prode_Ruby_Light6.5.jpeg\",\"datePublished\":\"2020-04-16T22:20:52+00:00\",\"dateModified\":\"2024-04-10T12:24:16+00:00\",\"breadcrumb\":{\"@id\":\"https:\\\/\\\/pride.audio\\\/de\\\/produkt\\\/rl-65\\\/#breadcrumb\"},\"inLanguage\":\"de\",\"potentialAction\":[{\"@type\":\"ReadAction\",\"target\":[\"https:\\\/\\\/pride.audio\\\/de\\\/produkt\\\/rl-65\\\/\"]}]},{\"@type\":\"ImageObject\",\"inLanguage\":\"de\",\"@id\":\"https:\\\/\\\/pride.audio\\\/de\\\/produkt\\\/rl-65\\\/#primaryimage\",\"url\":\"https:\\\/\\\/pride.audio\\\/wp-content\\\/uploads\\\/2020\\\/04\\\/product_prode_Ruby_Light6.5.jpeg\",\"contentUrl\":\"https:\\\/\\\/pride.audio\\\/wp-content\\\/uploads\\\/2020\\\/04\\\/product_prode_Ruby_Light6.5.jpeg\",\"width\":300,\"height\":300,\"caption\":\"{\\\"source_sid\\\":\\\"0569E39B-D084-4BA6-8F3E-F971C1ECF088_1587046122405\\\",\\\"subsource\\\":\\\"done_button\\\",\\\"uid\\\":\\\"0569E39B-D084-4BA6-8F3E-F971C1ECF088_1587046101815\\\",\\\"source\\\":\\\"share_action_sheet\\\",\\\"origin\\\":\\\"unknown\\\"}\"},{\"@type\":\"BreadcrumbList\",\"@id\":\"https:\\\/\\\/pride.audio\\\/de\\\/produkt\\\/rl-65\\\/#breadcrumb\",\"itemListElement\":[{\"@type\":\"ListItem\",\"position\":1,\"name\":\"Home\",\"item\":\"https:\\\/\\\/pride.audio\\\/de\\\/\"},{\"@type\":\"ListItem\",\"position\":2,\"name\":\"Shop\",\"item\":\"https:\\\/\\\/pride.audio\\\/de\\\/shop-2\\\/\"},{\"@type\":\"ListItem\",\"position\":3,\"name\":\"Lautsprecher Ruby Light 6,5 RMS 60W Gr\u00f6\u00dfe 6,5&#8243;\"}]},{\"@type\":\"WebSite\",\"@id\":\"https:\\\/\\\/pride.audio\\\/#website\",\"url\":\"https:\\\/\\\/pride.audio\\\/\",\"name\":\"Pride Car Audio1\",\"description\":\"Pride Car Audio: Official site\",\"publisher\":{\"@id\":\"https:\\\/\\\/pride.audio\\\/#organization\"},\"potentialAction\":[{\"@type\":\"SearchAction\",\"target\":{\"@type\":\"EntryPoint\",\"urlTemplate\":\"https:\\\/\\\/pride.audio\\\/?s={search_term_string}\"},\"query-input\":{\"@type\":\"PropertyValueSpecification\",\"valueRequired\":true,\"valueName\":\"search_term_string\"}}],\"inLanguage\":\"de\"},{\"@type\":\"Organization\",\"@id\":\"https:\\\/\\\/pride.audio\\\/#organization\",\"name\":\"Pride Car Audio1\",\"url\":\"https:\\\/\\\/pride.audio\\\/\",\"logo\":{\"@type\":\"ImageObject\",\"inLanguage\":\"de\",\"@id\":\"https:\\\/\\\/pride.audio\\\/#\\\/schema\\\/logo\\\/image\\\/\",\"url\":\"https:\\\/\\\/pride.audio\\\/wp-content\\\/uploads\\\/2023\\\/08\\\/g10.svg\",\"contentUrl\":\"https:\\\/\\\/pride.audio\\\/wp-content\\\/uploads\\\/2023\\\/08\\\/g10.svg\",\"width\":158,\"height\":34,\"caption\":\"Pride Car Audio1\"},\"image\":{\"@id\":\"https:\\\/\\\/pride.audio\\\/#\\\/schema\\\/logo\\\/image\\\/\"}}]}<\/script>\n<!-- \/ Yoast SEO plugin. -->","yoast_head_json":{"title":"Lautsprecher Ruby Light 6,5 RMS 60W Gr\u00f6\u00dfe 6,5\" - Pride Car Audio1","robots":{"index":"index","follow":"follow","max-snippet":"max-snippet:-1","max-image-preview":"max-image-preview:large","max-video-preview":"max-video-preview:-1"},"canonical":"https:\/\/pride.audio\/de\/produkt\/rl-65\/","og_locale":"de_DE","og_type":"article","og_title":"Lautsprecher Ruby Light 6,5 RMS 60W Gr\u00f6\u00dfe 6,5\" - Pride Car Audio1","og_description":"60 W","og_url":"https:\/\/pride.audio\/de\/produkt\/rl-65\/","og_site_name":"Pride Car Audio1","article_modified_time":"2024-04-10T12:24:16+00:00","og_image":[{"width":300,"height":300,"url":"https:\/\/pride.audio\/wp-content\/uploads\/2020\/04\/product_prode_Ruby_Light6.5.jpeg","type":"image\/jpeg"}],"twitter_card":"summary_large_image","twitter_misc":{"Gesch\u00e4tzte Lesezeit":"1\u00a0Minute"},"schema":{"@context":"https:\/\/schema.org","@graph":[{"@type":"WebPage","@id":"https:\/\/pride.audio\/de\/produkt\/rl-65\/","url":"https:\/\/pride.audio\/de\/produkt\/rl-65\/","name":"Lautsprecher Ruby Light 6,5 RMS 60W Gr\u00f6\u00dfe 6,5\" - Pride Car Audio1","isPartOf":{"@id":"https:\/\/pride.audio\/#website"},"primaryImageOfPage":{"@id":"https:\/\/pride.audio\/de\/produkt\/rl-65\/#primaryimage"},"image":{"@id":"https:\/\/pride.audio\/de\/produkt\/rl-65\/#primaryimage"},"thumbnailUrl":"https:\/\/pride.audio\/wp-content\/uploads\/2020\/04\/product_prode_Ruby_Light6.5.jpeg","datePublished":"2020-04-16T22:20:52+00:00","dateModified":"2024-04-10T12:24:16+00:00","breadcrumb":{"@id":"https:\/\/pride.audio\/de\/produkt\/rl-65\/#breadcrumb"},"inLanguage":"de","potentialAction":[{"@type":"ReadAction","target":["https:\/\/pride.audio\/de\/produkt\/rl-65\/"]}]},{"@type":"ImageObject","inLanguage":"de","@id":"https:\/\/pride.audio\/de\/produkt\/rl-65\/#primaryimage","url":"https:\/\/pride.audio\/wp-content\/uploads\/2020\/04\/product_prode_Ruby_Light6.5.jpeg","contentUrl":"https:\/\/pride.audio\/wp-content\/uploads\/2020\/04\/product_prode_Ruby_Light6.5.jpeg","width":300,"height":300,"caption":"{\"source_sid\":\"0569E39B-D084-4BA6-8F3E-F971C1ECF088_1587046122405\",\"subsource\":\"done_button\",\"uid\":\"0569E39B-D084-4BA6-8F3E-F971C1ECF088_1587046101815\",\"source\":\"share_action_sheet\",\"origin\":\"unknown\"}"},{"@type":"BreadcrumbList","@id":"https:\/\/pride.audio\/de\/produkt\/rl-65\/#breadcrumb","itemListElement":[{"@type":"ListItem","position":1,"name":"Home","item":"https:\/\/pride.audio\/de\/"},{"@type":"ListItem","position":2,"name":"Shop","item":"https:\/\/pride.audio\/de\/shop-2\/"},{"@type":"ListItem","position":3,"name":"Lautsprecher Ruby Light 6,5 RMS 60W Gr\u00f6\u00dfe 6,5&#8243;"}]},{"@type":"WebSite","@id":"https:\/\/pride.audio\/#website","url":"https:\/\/pride.audio\/","name":"Pride Car Audio1","description":"Pride Car Audio: Official site","publisher":{"@id":"https:\/\/pride.audio\/#organization"},"potentialAction":[{"@type":"SearchAction","target":{"@type":"EntryPoint","urlTemplate":"https:\/\/pride.audio\/?s={search_term_string}"},"query-input":{"@type":"PropertyValueSpecification","valueRequired":true,"valueName":"search_term_string"}}],"inLanguage":"de"},{"@type":"Organization","@id":"https:\/\/pride.audio\/#organization","name":"Pride Car Audio1","url":"https:\/\/pride.audio\/","logo":{"@type":"ImageObject","inLanguage":"de","@id":"https:\/\/pride.audio\/#\/schema\/logo\/image\/","url":"https:\/\/pride.audio\/wp-content\/uploads\/2023\/08\/g10.svg","contentUrl":"https:\/\/pride.audio\/wp-content\/uploads\/2023\/08\/g10.svg","width":158,"height":34,"caption":"Pride Car Audio1"},"image":{"@id":"https:\/\/pride.audio\/#\/schema\/logo\/image\/"}}]}},"_links":{"self":[{"href":"https:\/\/pride.audio\/de\/wp-json\/wp\/v2\/product\/9123","targetHints":{"allow":["GET"]}}],"collection":[{"href":"https:\/\/pride.audio\/de\/wp-json\/wp\/v2\/product"}],"about":[{"href":"https:\/\/pride.audio\/de\/wp-json\/wp\/v2\/types\/product"}],"wp:featuredmedia":[{"embeddable":true,"href":"https:\/\/pride.audio\/de\/wp-json\/wp\/v2\/media\/17034"}],"wp:attachment":[{"href":"https:\/\/pride.audio\/de\/wp-json\/wp\/v2\/media?parent=9123"}],"wp:term":[{"taxonomy":"product_brand","embeddable":true,"href":"https:\/\/pride.audio\/de\/wp-json\/wp\/v2\/product_brand?post=9123"},{"taxonomy":"product_cat","embeddable":true,"href":"https:\/\/pride.audio\/de\/wp-json\/wp\/v2\/product_cat?post=9123"},{"taxonomy":"product_tag","embeddable":true,"href":"https:\/\/pride.audio\/de\/wp-json\/wp\/v2\/product_tag?post=9123"}],"curies":[{"name":"wp","href":"https:\/\/api.w.org\/{rel}","templated":true}]}}