{"id":9104,"date":"2020-09-14T23:16:51","date_gmt":"2020-09-15T04:16:51","guid":{"rendered":"https:\/\/pride.audio\/product\/speakers-pride-ruby-voice-6-5\/"},"modified":"2024-04-10T14:21:40","modified_gmt":"2024-04-10T12:21:40","slug":"rv-65","status":"publish","type":"product","link":"https:\/\/pride.audio\/de\/produkt\/rv-65\/","title":{"rendered":"Lautsprecher Pride Ruby Voice 6,5 RMS 150W Gr\u00f6\u00dfe 6,5&#8243;"},"content":{"rendered":"<p><strong>Lautsprecher Pride Ruby Voice 6,5 RMS 150W Gr\u00f6\u00dfe 6,5&#8243;<\/strong><\/p>\n<p>Pride Ruby Voice 6,5 \u2013 die neuen Mittelklasse-Lautsprecher von Pride.<br \/>\nDas Modell zeichnet sich durch eine hohe Klangqualit\u00e4t aus und verf\u00fcgt \u00fcber einen massiven Aluminiumstrahler MS.<br \/>\nRe (Nennwiderstand\/Impedanz), Ohm (\u03a9) 4<\/p>\n<p>Gr\u00f6\u00dfe &#8211; 6,5 Zoll<\/p>\n<p>Komplettes Verkaufsset:<\/p>\n<p>Ruby Voice 6,5&#8243; \u2013 1 Paar<br \/>\nABS-Dichtung 6,5&#8243; &#8211; 2 Stk<br \/>\nKartonschachtel<\/p>\n<p>Metallgeflecht und Bauchring nicht im Lieferumfang enthalten<\/p>\n","protected":false},"excerpt":{"rendered":"<p>150 w<\/p>\n","protected":false},"featured_media":18879,"template":"","meta":{"inline_featured_image":false},"product_brand":[],"product_cat":[],"product_tag":[],"class_list":{"0":"post-9104","1":"product","2":"type-product","3":"status-publish","4":"has-post-thumbnail","7":"first","8":"outofstock","9":"taxable","10":"shipping-taxable","11":"product-type-simple"},"acf":[],"yoast_head":"<!-- This site is optimized with the Yoast SEO plugin v27.2 - https:\/\/yoast.com\/product\/yoast-seo-wordpress\/ -->\n<title>Lautsprecher Pride Ruby Voice 6,5 RMS 150W Gr\u00f6\u00dfe 6,5&quot; - Pride Car Audio1<\/title>\n<meta name=\"robots\" content=\"index, follow, max-snippet:-1, max-image-preview:large, max-video-preview:-1\" \/>\n<link rel=\"canonical\" href=\"https:\/\/pride.audio\/de\/produkt\/rv-65\/\" \/>\n<meta property=\"og:locale\" content=\"de_DE\" \/>\n<meta property=\"og:type\" content=\"article\" \/>\n<meta property=\"og:title\" content=\"Lautsprecher Pride Ruby Voice 6,5 RMS 150W Gr\u00f6\u00dfe 6,5&quot; - Pride Car Audio1\" \/>\n<meta property=\"og:description\" content=\"150 w\" \/>\n<meta property=\"og:url\" content=\"https:\/\/pride.audio\/de\/produkt\/rv-65\/\" \/>\n<meta property=\"og:site_name\" content=\"Pride Car Audio1\" \/>\n<meta property=\"article:modified_time\" content=\"2024-04-10T12:21:40+00:00\" \/>\n<meta property=\"og:image\" content=\"https:\/\/pride.audio\/wp-content\/uploads\/2020\/09\/IMG_2032.jpg\" \/>\n\t<meta property=\"og:image:width\" content=\"1170\" \/>\n\t<meta property=\"og:image:height\" content=\"1170\" \/>\n\t<meta property=\"og:image:type\" content=\"image\/jpeg\" \/>\n<meta name=\"twitter:card\" content=\"summary_large_image\" \/>\n<script type=\"application\/ld+json\" class=\"yoast-schema-graph\">{\"@context\":\"https:\/\/schema.org\",\"@graph\":[{\"@type\":\"WebPage\",\"@id\":\"https:\/\/pride.audio\/de\/produkt\/rv-65\/\",\"url\":\"https:\/\/pride.audio\/de\/produkt\/rv-65\/\",\"name\":\"Lautsprecher Pride Ruby Voice 6,5 RMS 150W Gr\u00f6\u00dfe 6,5\\\" - Pride Car Audio1\",\"isPartOf\":{\"@id\":\"https:\/\/pride.audio\/#website\"},\"primaryImageOfPage\":{\"@id\":\"https:\/\/pride.audio\/de\/produkt\/rv-65\/#primaryimage\"},\"image\":{\"@id\":\"https:\/\/pride.audio\/de\/produkt\/rv-65\/#primaryimage\"},\"thumbnailUrl\":\"https:\/\/pride.audio\/wp-content\/uploads\/2020\/09\/IMG_2032.jpg\",\"datePublished\":\"2020-09-15T04:16:51+00:00\",\"dateModified\":\"2024-04-10T12:21:40+00:00\",\"breadcrumb\":{\"@id\":\"https:\/\/pride.audio\/de\/produkt\/rv-65\/#breadcrumb\"},\"inLanguage\":\"de\",\"potentialAction\":[{\"@type\":\"ReadAction\",\"target\":[\"https:\/\/pride.audio\/de\/produkt\/rv-65\/\"]}]},{\"@type\":\"ImageObject\",\"inLanguage\":\"de\",\"@id\":\"https:\/\/pride.audio\/de\/produkt\/rv-65\/#primaryimage\",\"url\":\"https:\/\/pride.audio\/wp-content\/uploads\/2020\/09\/IMG_2032.jpg\",\"contentUrl\":\"https:\/\/pride.audio\/wp-content\/uploads\/2020\/09\/IMG_2032.jpg\",\"width\":1170,\"height\":1170,\"caption\":\"Screenshot\"},{\"@type\":\"BreadcrumbList\",\"@id\":\"https:\/\/pride.audio\/de\/produkt\/rv-65\/#breadcrumb\",\"itemListElement\":[{\"@type\":\"ListItem\",\"position\":1,\"name\":\"Home\",\"item\":\"https:\/\/pride.audio\/de\/\"},{\"@type\":\"ListItem\",\"position\":2,\"name\":\"Shop\",\"item\":\"https:\/\/pride.audio\/de\/shop-2\/\"},{\"@type\":\"ListItem\",\"position\":3,\"name\":\"Lautsprecher Pride Ruby Voice 6,5 RMS 150W Gr\u00f6\u00dfe 6,5&#8243;\"}]},{\"@type\":\"WebSite\",\"@id\":\"https:\/\/pride.audio\/#website\",\"url\":\"https:\/\/pride.audio\/\",\"name\":\"Pride Car Audio1\",\"description\":\"Pride Car Audio: Official site\",\"publisher\":{\"@id\":\"https:\/\/pride.audio\/#organization\"},\"potentialAction\":[{\"@type\":\"SearchAction\",\"target\":{\"@type\":\"EntryPoint\",\"urlTemplate\":\"https:\/\/pride.audio\/?s={search_term_string}\"},\"query-input\":{\"@type\":\"PropertyValueSpecification\",\"valueRequired\":true,\"valueName\":\"search_term_string\"}}],\"inLanguage\":\"de\"},{\"@type\":\"Organization\",\"@id\":\"https:\/\/pride.audio\/#organization\",\"name\":\"Pride Car Audio1\",\"url\":\"https:\/\/pride.audio\/\",\"logo\":{\"@type\":\"ImageObject\",\"inLanguage\":\"de\",\"@id\":\"https:\/\/pride.audio\/#\/schema\/logo\/image\/\",\"url\":\"https:\/\/pride.audio\/wp-content\/uploads\/2023\/08\/g10.svg\",\"contentUrl\":\"https:\/\/pride.audio\/wp-content\/uploads\/2023\/08\/g10.svg\",\"width\":158,\"height\":34,\"caption\":\"Pride Car Audio1\"},\"image\":{\"@id\":\"https:\/\/pride.audio\/#\/schema\/logo\/image\/\"}}]}<\/script>\n<!-- \/ Yoast SEO plugin. -->","yoast_head_json":{"title":"Lautsprecher Pride Ruby Voice 6,5 RMS 150W Gr\u00f6\u00dfe 6,5\" - Pride Car Audio1","robots":{"index":"index","follow":"follow","max-snippet":"max-snippet:-1","max-image-preview":"max-image-preview:large","max-video-preview":"max-video-preview:-1"},"canonical":"https:\/\/pride.audio\/de\/produkt\/rv-65\/","og_locale":"de_DE","og_type":"article","og_title":"Lautsprecher Pride Ruby Voice 6,5 RMS 150W Gr\u00f6\u00dfe 6,5\" - Pride Car Audio1","og_description":"150 w","og_url":"https:\/\/pride.audio\/de\/produkt\/rv-65\/","og_site_name":"Pride Car Audio1","article_modified_time":"2024-04-10T12:21:40+00:00","og_image":[{"width":1170,"height":1170,"url":"https:\/\/pride.audio\/wp-content\/uploads\/2020\/09\/IMG_2032.jpg","type":"image\/jpeg"}],"twitter_card":"summary_large_image","schema":{"@context":"https:\/\/schema.org","@graph":[{"@type":"WebPage","@id":"https:\/\/pride.audio\/de\/produkt\/rv-65\/","url":"https:\/\/pride.audio\/de\/produkt\/rv-65\/","name":"Lautsprecher Pride Ruby Voice 6,5 RMS 150W Gr\u00f6\u00dfe 6,5\" - Pride Car Audio1","isPartOf":{"@id":"https:\/\/pride.audio\/#website"},"primaryImageOfPage":{"@id":"https:\/\/pride.audio\/de\/produkt\/rv-65\/#primaryimage"},"image":{"@id":"https:\/\/pride.audio\/de\/produkt\/rv-65\/#primaryimage"},"thumbnailUrl":"https:\/\/pride.audio\/wp-content\/uploads\/2020\/09\/IMG_2032.jpg","datePublished":"2020-09-15T04:16:51+00:00","dateModified":"2024-04-10T12:21:40+00:00","breadcrumb":{"@id":"https:\/\/pride.audio\/de\/produkt\/rv-65\/#breadcrumb"},"inLanguage":"de","potentialAction":[{"@type":"ReadAction","target":["https:\/\/pride.audio\/de\/produkt\/rv-65\/"]}]},{"@type":"ImageObject","inLanguage":"de","@id":"https:\/\/pride.audio\/de\/produkt\/rv-65\/#primaryimage","url":"https:\/\/pride.audio\/wp-content\/uploads\/2020\/09\/IMG_2032.jpg","contentUrl":"https:\/\/pride.audio\/wp-content\/uploads\/2020\/09\/IMG_2032.jpg","width":1170,"height":1170,"caption":"Screenshot"},{"@type":"BreadcrumbList","@id":"https:\/\/pride.audio\/de\/produkt\/rv-65\/#breadcrumb","itemListElement":[{"@type":"ListItem","position":1,"name":"Home","item":"https:\/\/pride.audio\/de\/"},{"@type":"ListItem","position":2,"name":"Shop","item":"https:\/\/pride.audio\/de\/shop-2\/"},{"@type":"ListItem","position":3,"name":"Lautsprecher Pride Ruby Voice 6,5 RMS 150W Gr\u00f6\u00dfe 6,5&#8243;"}]},{"@type":"WebSite","@id":"https:\/\/pride.audio\/#website","url":"https:\/\/pride.audio\/","name":"Pride Car Audio1","description":"Pride Car Audio: Official site","publisher":{"@id":"https:\/\/pride.audio\/#organization"},"potentialAction":[{"@type":"SearchAction","target":{"@type":"EntryPoint","urlTemplate":"https:\/\/pride.audio\/?s={search_term_string}"},"query-input":{"@type":"PropertyValueSpecification","valueRequired":true,"valueName":"search_term_string"}}],"inLanguage":"de"},{"@type":"Organization","@id":"https:\/\/pride.audio\/#organization","name":"Pride Car Audio1","url":"https:\/\/pride.audio\/","logo":{"@type":"ImageObject","inLanguage":"de","@id":"https:\/\/pride.audio\/#\/schema\/logo\/image\/","url":"https:\/\/pride.audio\/wp-content\/uploads\/2023\/08\/g10.svg","contentUrl":"https:\/\/pride.audio\/wp-content\/uploads\/2023\/08\/g10.svg","width":158,"height":34,"caption":"Pride Car Audio1"},"image":{"@id":"https:\/\/pride.audio\/#\/schema\/logo\/image\/"}}]}},"_links":{"self":[{"href":"https:\/\/pride.audio\/de\/wp-json\/wp\/v2\/product\/9104","targetHints":{"allow":["GET"]}}],"collection":[{"href":"https:\/\/pride.audio\/de\/wp-json\/wp\/v2\/product"}],"about":[{"href":"https:\/\/pride.audio\/de\/wp-json\/wp\/v2\/types\/product"}],"wp:featuredmedia":[{"embeddable":true,"href":"https:\/\/pride.audio\/de\/wp-json\/wp\/v2\/media\/18879"}],"wp:attachment":[{"href":"https:\/\/pride.audio\/de\/wp-json\/wp\/v2\/media?parent=9104"}],"wp:term":[{"taxonomy":"product_brand","embeddable":true,"href":"https:\/\/pride.audio\/de\/wp-json\/wp\/v2\/product_brand?post=9104"},{"taxonomy":"product_cat","embeddable":true,"href":"https:\/\/pride.audio\/de\/wp-json\/wp\/v2\/product_cat?post=9104"},{"taxonomy":"product_tag","embeddable":true,"href":"https:\/\/pride.audio\/de\/wp-json\/wp\/v2\/product_tag?post=9104"}],"curies":[{"name":"wp","href":"https:\/\/api.w.org\/{rel}","templated":true}]}}