{"id":9075,"date":"2021-01-19T13:18:45","date_gmt":"2021-01-19T18:18:45","guid":{"rendered":"https:\/\/pride.audio\/product\/onyx-5-v2\/"},"modified":"2024-04-10T14:18:06","modified_gmt":"2024-04-10T12:18:06","slug":"on-50","status":"publish","type":"product","link":"https:\/\/pride.audio\/de\/produkt\/on-50\/","title":{"rendered":"Pride Onyx 5&#8243; v.2 RMS 80W Gr\u00f6\u00dfe 5&#8243;"},"content":{"rendered":"<p><strong>Pride Onyx 5\u2033 v.2<\/strong><\/p>\n<p>Pride Onyx 5&#8243;v2 ist ein Lautsprechermodell der Marke Pride Car Audio, dessen Aufgabe es ist, die Bed\u00fcrfnisse des H\u00f6rers in F\u00e4llen zu erf\u00fcllen, in denen die einzig m\u00f6gliche Budgetl\u00f6sung darin besteht, das aktuelle Werks-Audiosystem zu ersetzen. Der Komponentensatz wurde angepasst optimiert, sodass der Lautsprecher sowohl am Hauptger\u00e4t als auch an Leistungsverst\u00e4rkern mit einer Anforderung von 80 W betrieben werden kann.<\/p>\n<p>Pride Onyx v2 ist die zweite Version der legend\u00e4ren Lautsprecher in 5\u2033-Gr\u00f6\u00dfe von Pride.<\/p>\n<p>Leistungsstarkes Ferrit-Magnetsystem basierend auf einem Premium-Magneten. Hohe Empfindlichkeit mit hervorragendem Klang in einem breiten Frequenzband.<\/p>\n<p>Bereich der wiedergegebenen Frequenzen, Hz 125 \u2013 10000<br \/>\nAusgewogener Klang, laut und hochwertig. Tolle Stimme und Gesang. Wie jeder.<\/p>\n<p>Komplettes Verkaufsset:<\/p>\n<p>Onyx 5\u2033 v2 \u2013 1 Paar<br \/>\nABS-Dichtung 5\u2033 \u2013 2 Stk<br \/>\nKartonschachtel<\/p>\n<p>Metallgeflecht und Bauchring nicht im Lieferumfang enthalten<\/p>\n<p>Kaufen Sie jetzt Lautsprecher der Marke Pride Car Audio und ver\u00e4ndern Sie Ihr Auto-Audiosystem f\u00fcr immer!<\/p>\n<p>&nbsp;<\/p>\n","protected":false},"excerpt":{"rendered":"<p>80W<\/p>\n","protected":false},"featured_media":19152,"template":"","meta":{"inline_featured_image":false},"product_brand":[],"product_cat":[340,341],"product_tag":[],"class_list":{"0":"post-9075","1":"product","2":"type-product","3":"status-publish","4":"has-post-thumbnail","6":"product_cat-speakers","7":"product_cat-5-speakers","9":"first","10":"outofstock","11":"taxable","12":"shipping-taxable","13":"product-type-simple"},"acf":[],"yoast_head":"<!-- This site is optimized with the Yoast SEO plugin v27.3 - https:\/\/yoast.com\/product\/yoast-seo-wordpress\/ -->\n<title>Pride Onyx 5&quot; v.2 RMS 80W Gr\u00f6\u00dfe 5&quot; - Pride Car Audio1<\/title>\n<meta name=\"robots\" content=\"index, follow, max-snippet:-1, max-image-preview:large, max-video-preview:-1\" \/>\n<link rel=\"canonical\" href=\"https:\/\/pride.audio\/produkt\/on-50\/\" \/>\n<meta property=\"og:locale\" content=\"de_DE\" \/>\n<meta property=\"og:type\" content=\"article\" \/>\n<meta property=\"og:title\" content=\"Pride Onyx 5&quot; v.2 RMS 80W Gr\u00f6\u00dfe 5&quot; - Pride Car Audio1\" \/>\n<meta property=\"og:description\" content=\"80W\" \/>\n<meta property=\"og:url\" content=\"https:\/\/pride.audio\/produkt\/on-50\/\" \/>\n<meta property=\"og:site_name\" content=\"Pride Car Audio1\" \/>\n<meta property=\"article:modified_time\" content=\"2024-04-10T12:18:06+00:00\" \/>\n<meta property=\"og:image\" content=\"https:\/\/pride.audio\/wp-content\/uploads\/pride_onyxv2_mini.jpeg\" \/>\n\t<meta property=\"og:image:width\" content=\"1280\" \/>\n\t<meta property=\"og:image:height\" content=\"1280\" \/>\n\t<meta property=\"og:image:type\" content=\"image\/jpeg\" \/>\n<meta name=\"twitter:card\" content=\"summary_large_image\" \/>\n<meta name=\"twitter:label1\" content=\"Gesch\u00e4tzte Lesezeit\" \/>\n\t<meta name=\"twitter:data1\" content=\"1\u00a0Minute\" \/>\n<script type=\"application\/ld+json\" class=\"yoast-schema-graph\">{\"@context\":\"https:\\\/\\\/schema.org\",\"@graph\":[{\"@type\":\"WebPage\",\"@id\":\"https:\\\/\\\/pride.audio\\\/produkt\\\/on-50\\\/\",\"url\":\"https:\\\/\\\/pride.audio\\\/produkt\\\/on-50\\\/\",\"name\":\"Pride Onyx 5\\\" v.2 RMS 80W Gr\u00f6\u00dfe 5\\\" - Pride Car Audio1\",\"isPartOf\":{\"@id\":\"https:\\\/\\\/pride.audio\\\/#website\"},\"primaryImageOfPage\":{\"@id\":\"https:\\\/\\\/pride.audio\\\/produkt\\\/on-50\\\/#primaryimage\"},\"image\":{\"@id\":\"https:\\\/\\\/pride.audio\\\/produkt\\\/on-50\\\/#primaryimage\"},\"thumbnailUrl\":\"https:\\\/\\\/pride.audio\\\/wp-content\\\/uploads\\\/2021\\\/01\\\/IMG_5283.jpg\",\"datePublished\":\"2021-01-19T18:18:45+00:00\",\"dateModified\":\"2024-04-10T12:18:06+00:00\",\"breadcrumb\":{\"@id\":\"https:\\\/\\\/pride.audio\\\/produkt\\\/on-50\\\/#breadcrumb\"},\"inLanguage\":\"de\",\"potentialAction\":[{\"@type\":\"ReadAction\",\"target\":[\"https:\\\/\\\/pride.audio\\\/produkt\\\/on-50\\\/\"]}]},{\"@type\":\"ImageObject\",\"inLanguage\":\"de\",\"@id\":\"https:\\\/\\\/pride.audio\\\/produkt\\\/on-50\\\/#primaryimage\",\"url\":\"https:\\\/\\\/pride.audio\\\/wp-content\\\/uploads\\\/2021\\\/01\\\/IMG_5283.jpg\",\"contentUrl\":\"https:\\\/\\\/pride.audio\\\/wp-content\\\/uploads\\\/2021\\\/01\\\/IMG_5283.jpg\",\"width\":1290,\"height\":1290,\"caption\":\"Screenshot\"},{\"@type\":\"BreadcrumbList\",\"@id\":\"https:\\\/\\\/pride.audio\\\/produkt\\\/on-50\\\/#breadcrumb\",\"itemListElement\":[{\"@type\":\"ListItem\",\"position\":1,\"name\":\"Home\",\"item\":\"https:\\\/\\\/pride.audio\\\/de\\\/\"},{\"@type\":\"ListItem\",\"position\":2,\"name\":\"Shop\",\"item\":\"https:\\\/\\\/pride.audio\\\/de\\\/shop-2\\\/\"},{\"@type\":\"ListItem\",\"position\":3,\"name\":\"Pride Onyx 5&#8243; v.2 RMS 80W Gr\u00f6\u00dfe 5&#8243;\"}]},{\"@type\":\"WebSite\",\"@id\":\"https:\\\/\\\/pride.audio\\\/#website\",\"url\":\"https:\\\/\\\/pride.audio\\\/\",\"name\":\"Pride Car Audio1\",\"description\":\"Pride Car Audio: Official site\",\"publisher\":{\"@id\":\"https:\\\/\\\/pride.audio\\\/#organization\"},\"potentialAction\":[{\"@type\":\"SearchAction\",\"target\":{\"@type\":\"EntryPoint\",\"urlTemplate\":\"https:\\\/\\\/pride.audio\\\/?s={search_term_string}\"},\"query-input\":{\"@type\":\"PropertyValueSpecification\",\"valueRequired\":true,\"valueName\":\"search_term_string\"}}],\"inLanguage\":\"de\"},{\"@type\":\"Organization\",\"@id\":\"https:\\\/\\\/pride.audio\\\/#organization\",\"name\":\"Pride Car Audio1\",\"url\":\"https:\\\/\\\/pride.audio\\\/\",\"logo\":{\"@type\":\"ImageObject\",\"inLanguage\":\"de\",\"@id\":\"https:\\\/\\\/pride.audio\\\/#\\\/schema\\\/logo\\\/image\\\/\",\"url\":\"https:\\\/\\\/pride.audio\\\/wp-content\\\/uploads\\\/2023\\\/08\\\/g10.svg\",\"contentUrl\":\"https:\\\/\\\/pride.audio\\\/wp-content\\\/uploads\\\/2023\\\/08\\\/g10.svg\",\"width\":158,\"height\":34,\"caption\":\"Pride Car Audio1\"},\"image\":{\"@id\":\"https:\\\/\\\/pride.audio\\\/#\\\/schema\\\/logo\\\/image\\\/\"}}]}<\/script>\n<!-- \/ Yoast SEO plugin. -->","yoast_head_json":{"title":"Pride Onyx 5\" v.2 RMS 80W Gr\u00f6\u00dfe 5\" - Pride Car Audio1","robots":{"index":"index","follow":"follow","max-snippet":"max-snippet:-1","max-image-preview":"max-image-preview:large","max-video-preview":"max-video-preview:-1"},"canonical":"https:\/\/pride.audio\/produkt\/on-50\/","og_locale":"de_DE","og_type":"article","og_title":"Pride Onyx 5\" v.2 RMS 80W Gr\u00f6\u00dfe 5\" - Pride Car Audio1","og_description":"80W","og_url":"https:\/\/pride.audio\/produkt\/on-50\/","og_site_name":"Pride Car Audio1","article_modified_time":"2024-04-10T12:18:06+00:00","og_image":[{"width":1280,"height":1280,"url":"https:\/\/pride.audio\/wp-content\/uploads\/pride_onyxv2_mini.jpeg","type":"image\/jpeg"}],"twitter_card":"summary_large_image","twitter_misc":{"Gesch\u00e4tzte Lesezeit":"1\u00a0Minute"},"schema":{"@context":"https:\/\/schema.org","@graph":[{"@type":"WebPage","@id":"https:\/\/pride.audio\/produkt\/on-50\/","url":"https:\/\/pride.audio\/produkt\/on-50\/","name":"Pride Onyx 5\" v.2 RMS 80W Gr\u00f6\u00dfe 5\" - Pride Car Audio1","isPartOf":{"@id":"https:\/\/pride.audio\/#website"},"primaryImageOfPage":{"@id":"https:\/\/pride.audio\/produkt\/on-50\/#primaryimage"},"image":{"@id":"https:\/\/pride.audio\/produkt\/on-50\/#primaryimage"},"thumbnailUrl":"https:\/\/pride.audio\/wp-content\/uploads\/2021\/01\/IMG_5283.jpg","datePublished":"2021-01-19T18:18:45+00:00","dateModified":"2024-04-10T12:18:06+00:00","breadcrumb":{"@id":"https:\/\/pride.audio\/produkt\/on-50\/#breadcrumb"},"inLanguage":"de","potentialAction":[{"@type":"ReadAction","target":["https:\/\/pride.audio\/produkt\/on-50\/"]}]},{"@type":"ImageObject","inLanguage":"de","@id":"https:\/\/pride.audio\/produkt\/on-50\/#primaryimage","url":"https:\/\/pride.audio\/wp-content\/uploads\/2021\/01\/IMG_5283.jpg","contentUrl":"https:\/\/pride.audio\/wp-content\/uploads\/2021\/01\/IMG_5283.jpg","width":1290,"height":1290,"caption":"Screenshot"},{"@type":"BreadcrumbList","@id":"https:\/\/pride.audio\/produkt\/on-50\/#breadcrumb","itemListElement":[{"@type":"ListItem","position":1,"name":"Home","item":"https:\/\/pride.audio\/de\/"},{"@type":"ListItem","position":2,"name":"Shop","item":"https:\/\/pride.audio\/de\/shop-2\/"},{"@type":"ListItem","position":3,"name":"Pride Onyx 5&#8243; v.2 RMS 80W Gr\u00f6\u00dfe 5&#8243;"}]},{"@type":"WebSite","@id":"https:\/\/pride.audio\/#website","url":"https:\/\/pride.audio\/","name":"Pride Car Audio1","description":"Pride Car Audio: Official site","publisher":{"@id":"https:\/\/pride.audio\/#organization"},"potentialAction":[{"@type":"SearchAction","target":{"@type":"EntryPoint","urlTemplate":"https:\/\/pride.audio\/?s={search_term_string}"},"query-input":{"@type":"PropertyValueSpecification","valueRequired":true,"valueName":"search_term_string"}}],"inLanguage":"de"},{"@type":"Organization","@id":"https:\/\/pride.audio\/#organization","name":"Pride Car Audio1","url":"https:\/\/pride.audio\/","logo":{"@type":"ImageObject","inLanguage":"de","@id":"https:\/\/pride.audio\/#\/schema\/logo\/image\/","url":"https:\/\/pride.audio\/wp-content\/uploads\/2023\/08\/g10.svg","contentUrl":"https:\/\/pride.audio\/wp-content\/uploads\/2023\/08\/g10.svg","width":158,"height":34,"caption":"Pride Car Audio1"},"image":{"@id":"https:\/\/pride.audio\/#\/schema\/logo\/image\/"}}]}},"_links":{"self":[{"href":"https:\/\/pride.audio\/de\/wp-json\/wp\/v2\/product\/9075","targetHints":{"allow":["GET"]}}],"collection":[{"href":"https:\/\/pride.audio\/de\/wp-json\/wp\/v2\/product"}],"about":[{"href":"https:\/\/pride.audio\/de\/wp-json\/wp\/v2\/types\/product"}],"wp:featuredmedia":[{"embeddable":true,"href":"https:\/\/pride.audio\/de\/wp-json\/wp\/v2\/media\/19152"}],"wp:attachment":[{"href":"https:\/\/pride.audio\/de\/wp-json\/wp\/v2\/media?parent=9075"}],"wp:term":[{"taxonomy":"product_brand","embeddable":true,"href":"https:\/\/pride.audio\/de\/wp-json\/wp\/v2\/product_brand?post=9075"},{"taxonomy":"product_cat","embeddable":true,"href":"https:\/\/pride.audio\/de\/wp-json\/wp\/v2\/product_cat?post=9075"},{"taxonomy":"product_tag","embeddable":true,"href":"https:\/\/pride.audio\/de\/wp-json\/wp\/v2\/product_tag?post=9075"}],"curies":[{"name":"wp","href":"https:\/\/api.w.org\/{rel}","templated":true}]}}