{"id":9041,"date":"2021-04-29T20:35:14","date_gmt":"2021-04-30T01:35:14","guid":{"rendered":"https:\/\/pride.audio\/product\/pride-tweeter-hypertone\/"},"modified":"2024-04-10T14:15:46","modified_gmt":"2024-04-10T12:15:46","slug":"ht-25","status":"publish","type":"product","link":"https:\/\/pride.audio\/de\/produkt\/ht-25\/","title":{"rendered":"Hocht\u00f6nerhorn HyperTone"},"content":{"rendered":"<p><strong>Hocht\u00f6nerhorn HyperTone<\/strong><\/p>\n<p>Pride Hyper Tone \u2013 Mit den neuen Hochfrequenz-Pop-Lautsprechern der Marke Pride Car Audio k\u00f6nnen Sie ein hervorragendes Zwei- und Drei-Wege-Audiosystem erstellen.<\/p>\n<p>Neues Modell Pride Horn-Hocht\u00f6ner \u2013 Hypertone.<br \/>\nEs ist kompakt, hat einen lauten Klang und einen sehr sch\u00f6nen und gleichm\u00e4\u00dfigen Frequenzgang.<\/p>\n<p>Komplettes Verkaufsset:<\/p>\n<p>HyperTone \u2013 1 Paar<br \/>\nFolienkondensatoren f\u00fcr passive Filterung, X-Cap Hi-Fi \u2013 2 Stk<br \/>\nKartonschachtel<\/p>\n<p>Treffen Sie Ihre Wahl und genie\u00dfen Sie kraftvollen Sound in Ihrem Auto!<\/p>\n","protected":false},"excerpt":{"rendered":"<p>30 W<\/p>\n","protected":false},"featured_media":19245,"template":"","meta":{"inline_featured_image":false},"product_brand":[],"product_cat":[],"product_tag":[],"class_list":{"0":"post-9041","1":"product","2":"type-product","3":"status-publish","4":"has-post-thumbnail","7":"first","8":"outofstock","9":"taxable","10":"shipping-taxable","11":"product-type-simple"},"acf":[],"yoast_head":"<!-- This site is optimized with the Yoast SEO plugin v27.5 - https:\/\/yoast.com\/product\/yoast-seo-wordpress\/ -->\n<title>Hocht\u00f6nerhorn HyperTone - Pride Car Audio1<\/title>\n<meta name=\"robots\" content=\"index, follow, max-snippet:-1, max-image-preview:large, max-video-preview:-1\" \/>\n<link rel=\"canonical\" href=\"https:\/\/pride.audio\/de\/produkt\/ht-25\/\" \/>\n<meta property=\"og:locale\" content=\"de_DE\" \/>\n<meta property=\"og:type\" content=\"article\" \/>\n<meta property=\"og:title\" content=\"Hocht\u00f6nerhorn HyperTone - Pride Car Audio1\" \/>\n<meta property=\"og:description\" content=\"30 W\" \/>\n<meta property=\"og:url\" content=\"https:\/\/pride.audio\/de\/produkt\/ht-25\/\" \/>\n<meta property=\"og:site_name\" content=\"Pride Car Audio1\" \/>\n<meta property=\"article:modified_time\" content=\"2024-04-10T12:15:46+00:00\" \/>\n<meta property=\"og:image\" content=\"https:\/\/pride.audio\/wp-content\/uploads\/2021\/04\/9EF20CC8-C03B-4D2F-96B7-6B3DB1359205.jpg\" \/>\n\t<meta property=\"og:image:width\" content=\"1220\" \/>\n\t<meta property=\"og:image:height\" content=\"1220\" \/>\n\t<meta property=\"og:image:type\" content=\"image\/jpeg\" \/>\n<meta name=\"twitter:card\" content=\"summary_large_image\" \/>\n<script type=\"application\/ld+json\" class=\"yoast-schema-graph\">{\"@context\":\"https:\\\/\\\/schema.org\",\"@graph\":[{\"@type\":\"WebPage\",\"@id\":\"https:\\\/\\\/pride.audio\\\/de\\\/produkt\\\/ht-25\\\/\",\"url\":\"https:\\\/\\\/pride.audio\\\/de\\\/produkt\\\/ht-25\\\/\",\"name\":\"Hocht\u00f6nerhorn HyperTone - Pride Car Audio1\",\"isPartOf\":{\"@id\":\"https:\\\/\\\/pride.audio\\\/#website\"},\"primaryImageOfPage\":{\"@id\":\"https:\\\/\\\/pride.audio\\\/de\\\/produkt\\\/ht-25\\\/#primaryimage\"},\"image\":{\"@id\":\"https:\\\/\\\/pride.audio\\\/de\\\/produkt\\\/ht-25\\\/#primaryimage\"},\"thumbnailUrl\":\"https:\\\/\\\/pride.audio\\\/wp-content\\\/uploads\\\/2021\\\/04\\\/9EF20CC8-C03B-4D2F-96B7-6B3DB1359205.jpg\",\"datePublished\":\"2021-04-30T01:35:14+00:00\",\"dateModified\":\"2024-04-10T12:15:46+00:00\",\"breadcrumb\":{\"@id\":\"https:\\\/\\\/pride.audio\\\/de\\\/produkt\\\/ht-25\\\/#breadcrumb\"},\"inLanguage\":\"de\",\"potentialAction\":[{\"@type\":\"ReadAction\",\"target\":[\"https:\\\/\\\/pride.audio\\\/de\\\/produkt\\\/ht-25\\\/\"]}]},{\"@type\":\"ImageObject\",\"inLanguage\":\"de\",\"@id\":\"https:\\\/\\\/pride.audio\\\/de\\\/produkt\\\/ht-25\\\/#primaryimage\",\"url\":\"https:\\\/\\\/pride.audio\\\/wp-content\\\/uploads\\\/2021\\\/04\\\/9EF20CC8-C03B-4D2F-96B7-6B3DB1359205.jpg\",\"contentUrl\":\"https:\\\/\\\/pride.audio\\\/wp-content\\\/uploads\\\/2021\\\/04\\\/9EF20CC8-C03B-4D2F-96B7-6B3DB1359205.jpg\",\"width\":1220,\"height\":1220,\"caption\":\"Screenshot\"},{\"@type\":\"BreadcrumbList\",\"@id\":\"https:\\\/\\\/pride.audio\\\/de\\\/produkt\\\/ht-25\\\/#breadcrumb\",\"itemListElement\":[{\"@type\":\"ListItem\",\"position\":1,\"name\":\"Home\",\"item\":\"https:\\\/\\\/pride.audio\\\/de\\\/\"},{\"@type\":\"ListItem\",\"position\":2,\"name\":\"Shop\",\"item\":\"https:\\\/\\\/pride.audio\\\/de\\\/shop-2\\\/\"},{\"@type\":\"ListItem\",\"position\":3,\"name\":\"Hocht\u00f6nerhorn HyperTone\"}]},{\"@type\":\"WebSite\",\"@id\":\"https:\\\/\\\/pride.audio\\\/#website\",\"url\":\"https:\\\/\\\/pride.audio\\\/\",\"name\":\"Pride Car Audio1\",\"description\":\"Pride Car Audio: Official site\",\"publisher\":{\"@id\":\"https:\\\/\\\/pride.audio\\\/#organization\"},\"potentialAction\":[{\"@type\":\"SearchAction\",\"target\":{\"@type\":\"EntryPoint\",\"urlTemplate\":\"https:\\\/\\\/pride.audio\\\/?s={search_term_string}\"},\"query-input\":{\"@type\":\"PropertyValueSpecification\",\"valueRequired\":true,\"valueName\":\"search_term_string\"}}],\"inLanguage\":\"de\"},{\"@type\":\"Organization\",\"@id\":\"https:\\\/\\\/pride.audio\\\/#organization\",\"name\":\"Pride Car Audio1\",\"url\":\"https:\\\/\\\/pride.audio\\\/\",\"logo\":{\"@type\":\"ImageObject\",\"inLanguage\":\"de\",\"@id\":\"https:\\\/\\\/pride.audio\\\/#\\\/schema\\\/logo\\\/image\\\/\",\"url\":\"https:\\\/\\\/pride.audio\\\/wp-content\\\/uploads\\\/2023\\\/08\\\/g10.svg\",\"contentUrl\":\"https:\\\/\\\/pride.audio\\\/wp-content\\\/uploads\\\/2023\\\/08\\\/g10.svg\",\"width\":158,\"height\":34,\"caption\":\"Pride Car Audio1\"},\"image\":{\"@id\":\"https:\\\/\\\/pride.audio\\\/#\\\/schema\\\/logo\\\/image\\\/\"}}]}<\/script>\n<!-- \/ Yoast SEO plugin. -->","yoast_head_json":{"title":"Hocht\u00f6nerhorn HyperTone - Pride Car Audio1","robots":{"index":"index","follow":"follow","max-snippet":"max-snippet:-1","max-image-preview":"max-image-preview:large","max-video-preview":"max-video-preview:-1"},"canonical":"https:\/\/pride.audio\/de\/produkt\/ht-25\/","og_locale":"de_DE","og_type":"article","og_title":"Hocht\u00f6nerhorn HyperTone - Pride Car Audio1","og_description":"30 W","og_url":"https:\/\/pride.audio\/de\/produkt\/ht-25\/","og_site_name":"Pride Car Audio1","article_modified_time":"2024-04-10T12:15:46+00:00","og_image":[{"width":1220,"height":1220,"url":"https:\/\/pride.audio\/wp-content\/uploads\/2021\/04\/9EF20CC8-C03B-4D2F-96B7-6B3DB1359205.jpg","type":"image\/jpeg"}],"twitter_card":"summary_large_image","schema":{"@context":"https:\/\/schema.org","@graph":[{"@type":"WebPage","@id":"https:\/\/pride.audio\/de\/produkt\/ht-25\/","url":"https:\/\/pride.audio\/de\/produkt\/ht-25\/","name":"Hocht\u00f6nerhorn HyperTone - Pride Car Audio1","isPartOf":{"@id":"https:\/\/pride.audio\/#website"},"primaryImageOfPage":{"@id":"https:\/\/pride.audio\/de\/produkt\/ht-25\/#primaryimage"},"image":{"@id":"https:\/\/pride.audio\/de\/produkt\/ht-25\/#primaryimage"},"thumbnailUrl":"https:\/\/pride.audio\/wp-content\/uploads\/2021\/04\/9EF20CC8-C03B-4D2F-96B7-6B3DB1359205.jpg","datePublished":"2021-04-30T01:35:14+00:00","dateModified":"2024-04-10T12:15:46+00:00","breadcrumb":{"@id":"https:\/\/pride.audio\/de\/produkt\/ht-25\/#breadcrumb"},"inLanguage":"de","potentialAction":[{"@type":"ReadAction","target":["https:\/\/pride.audio\/de\/produkt\/ht-25\/"]}]},{"@type":"ImageObject","inLanguage":"de","@id":"https:\/\/pride.audio\/de\/produkt\/ht-25\/#primaryimage","url":"https:\/\/pride.audio\/wp-content\/uploads\/2021\/04\/9EF20CC8-C03B-4D2F-96B7-6B3DB1359205.jpg","contentUrl":"https:\/\/pride.audio\/wp-content\/uploads\/2021\/04\/9EF20CC8-C03B-4D2F-96B7-6B3DB1359205.jpg","width":1220,"height":1220,"caption":"Screenshot"},{"@type":"BreadcrumbList","@id":"https:\/\/pride.audio\/de\/produkt\/ht-25\/#breadcrumb","itemListElement":[{"@type":"ListItem","position":1,"name":"Home","item":"https:\/\/pride.audio\/de\/"},{"@type":"ListItem","position":2,"name":"Shop","item":"https:\/\/pride.audio\/de\/shop-2\/"},{"@type":"ListItem","position":3,"name":"Hocht\u00f6nerhorn HyperTone"}]},{"@type":"WebSite","@id":"https:\/\/pride.audio\/#website","url":"https:\/\/pride.audio\/","name":"Pride Car Audio1","description":"Pride Car Audio: Official site","publisher":{"@id":"https:\/\/pride.audio\/#organization"},"potentialAction":[{"@type":"SearchAction","target":{"@type":"EntryPoint","urlTemplate":"https:\/\/pride.audio\/?s={search_term_string}"},"query-input":{"@type":"PropertyValueSpecification","valueRequired":true,"valueName":"search_term_string"}}],"inLanguage":"de"},{"@type":"Organization","@id":"https:\/\/pride.audio\/#organization","name":"Pride Car Audio1","url":"https:\/\/pride.audio\/","logo":{"@type":"ImageObject","inLanguage":"de","@id":"https:\/\/pride.audio\/#\/schema\/logo\/image\/","url":"https:\/\/pride.audio\/wp-content\/uploads\/2023\/08\/g10.svg","contentUrl":"https:\/\/pride.audio\/wp-content\/uploads\/2023\/08\/g10.svg","width":158,"height":34,"caption":"Pride Car Audio1"},"image":{"@id":"https:\/\/pride.audio\/#\/schema\/logo\/image\/"}}]}},"_links":{"self":[{"href":"https:\/\/pride.audio\/de\/wp-json\/wp\/v2\/product\/9041","targetHints":{"allow":["GET"]}}],"collection":[{"href":"https:\/\/pride.audio\/de\/wp-json\/wp\/v2\/product"}],"about":[{"href":"https:\/\/pride.audio\/de\/wp-json\/wp\/v2\/types\/product"}],"wp:featuredmedia":[{"embeddable":true,"href":"https:\/\/pride.audio\/de\/wp-json\/wp\/v2\/media\/19245"}],"wp:attachment":[{"href":"https:\/\/pride.audio\/de\/wp-json\/wp\/v2\/media?parent=9041"}],"wp:term":[{"taxonomy":"product_brand","embeddable":true,"href":"https:\/\/pride.audio\/de\/wp-json\/wp\/v2\/product_brand?post=9041"},{"taxonomy":"product_cat","embeddable":true,"href":"https:\/\/pride.audio\/de\/wp-json\/wp\/v2\/product_cat?post=9041"},{"taxonomy":"product_tag","embeddable":true,"href":"https:\/\/pride.audio\/de\/wp-json\/wp\/v2\/product_tag?post=9041"}],"curies":[{"name":"wp","href":"https:\/\/api.w.org\/{rel}","templated":true}]}}