{"id":9011,"date":"2021-11-30T00:13:28","date_gmt":"2021-11-30T05:13:28","guid":{"rendered":"https:\/\/pride.audio\/product\/speakers-ruby-6-5-perfomance\/"},"modified":"2024-04-10T10:51:44","modified_gmt":"2024-04-10T08:51:44","slug":"rp-65","status":"publish","type":"product","link":"https:\/\/pride.audio\/de\/produkt\/rp-65\/","title":{"rendered":"Lautsprecher Ruby 6.5 Performance RMS 200W Gr\u00f6\u00dfe 6,5&#8243;"},"content":{"rendered":"<p><strong>Lautsprecher Ruby 6.5 Performance<\/strong><\/p>\n<p>Ganz neu, gro\u00dfartig klingend \u2013 RUBY PERFORMANCE in 6,5&#8221; Gr\u00f6\u00dfe.<br \/>\nDiese Lautsprecherlinie vereint den besten Klang, Zuverl\u00e4ssigkeit und modernste Technologie.<\/p>\n<p>Wir haben eine modulare Plattform erhalten, deren Fantasie keine Grenzen kennt. Sie k\u00f6nnen den Lautsprecher in einer Vielzahl von L\u00f6sungen \u201eanpassen\u201c.<\/p>\n<p>Die Lautsprecher Ruby 6.5 Perfomance verf\u00fcgen \u00fcber einen neuen Rahmen, der nicht nur optisch auff\u00e4llt, sondern auch der K\u00fchlung des gesamten MS zugute kommt und zudem das Strukturelement pr\u00e4zise verbindet und als \u201eLeiter\u201c f\u00fcr die Montage fungiert. Sie k\u00f6nnen sogar zwei Arten von Tuning-Kits installieren. Dadurch ver\u00e4ndern beide OverBoosts die Eigenschaften des Lautsprechers in die gew\u00fcnschte Richtung, sowohl der zus\u00e4tzliche Magnet im MS, der auf dem Kern installiert ist, als auch der untere Konzentrator der Magnetlinien.<\/p>\n<p>Eigentlich sind sie f\u00fcr Kunden optimiert, die Wert auf eleganten Klang legen, allerdings ist anzumerken, dass die Empfindlichkeit im Vergleich zu den Ruby 6,5&#8221;-Lautsprechern der ersten Version enorm gestiegen ist. Jetzt k\u00f6nnen Sie \u201eSolo Volume\u201c mit dem charakteristischen Sound des guten alten Ruby 6,5&#8221; genie\u00dfen.<\/p>\n<p>Dieses Lautsprechermodell ist eine gro\u00dfartige L\u00f6sung f\u00fcr Sie und Ihre Automusiksysteme.<\/p>\n<p>Komplettes Verkaufsset:<\/p>\n<p>Pride Ruby 6.5 Performance \u2013 1 Paar<br \/>\nKartonschachtel<\/p>\n<p>Metallgeflecht und Bauchring nicht im Lieferumfang enthalten<\/p>\n","protected":false},"excerpt":{"rendered":"<p>200 W<\/p>\n","protected":false},"featured_media":17014,"template":"","meta":{"inline_featured_image":false},"product_brand":[],"product_cat":[340,232],"product_tag":[],"class_list":{"0":"post-9011","1":"product","2":"type-product","3":"status-publish","4":"has-post-thumbnail","6":"product_cat-speakers","7":"product_cat-midrange-6-5","9":"first","10":"outofstock","11":"taxable","12":"shipping-taxable","13":"product-type-simple"},"acf":[],"yoast_head":"<!-- This site is optimized with the Yoast SEO plugin v27.3 - https:\/\/yoast.com\/product\/yoast-seo-wordpress\/ -->\n<title>Lautsprecher Ruby 6.5 Performance RMS 200W Gr\u00f6\u00dfe 6,5&quot; - Pride Car Audio1<\/title>\n<meta name=\"robots\" content=\"index, follow, max-snippet:-1, max-image-preview:large, max-video-preview:-1\" \/>\n<link rel=\"canonical\" href=\"https:\/\/pride.audio\/produkt\/rp-65\/\" \/>\n<meta property=\"og:locale\" content=\"de_DE\" \/>\n<meta property=\"og:type\" content=\"article\" \/>\n<meta property=\"og:title\" content=\"Lautsprecher Ruby 6.5 Performance RMS 200W Gr\u00f6\u00dfe 6,5&quot; - Pride Car Audio1\" \/>\n<meta property=\"og:description\" content=\"200 W\" \/>\n<meta property=\"og:url\" content=\"https:\/\/pride.audio\/produkt\/rp-65\/\" \/>\n<meta property=\"og:site_name\" content=\"Pride Car Audio1\" \/>\n<meta property=\"article:modified_time\" content=\"2024-04-10T08:51:44+00:00\" \/>\n<meta property=\"og:image\" content=\"https:\/\/pride.audio\/wp-content\/uploads\/pride_ruby6.5perfomance_mini-1.jpeg\" \/>\n\t<meta property=\"og:image:width\" content=\"1280\" \/>\n\t<meta property=\"og:image:height\" content=\"1280\" \/>\n\t<meta property=\"og:image:type\" content=\"image\/jpeg\" \/>\n<meta name=\"twitter:card\" content=\"summary_large_image\" \/>\n<meta name=\"twitter:label1\" content=\"Gesch\u00e4tzte Lesezeit\" \/>\n\t<meta name=\"twitter:data1\" content=\"1\u00a0Minute\" \/>\n<script type=\"application\/ld+json\" class=\"yoast-schema-graph\">{\"@context\":\"https:\\\/\\\/schema.org\",\"@graph\":[{\"@type\":\"WebPage\",\"@id\":\"https:\\\/\\\/pride.audio\\\/produkt\\\/rp-65\\\/\",\"url\":\"https:\\\/\\\/pride.audio\\\/produkt\\\/rp-65\\\/\",\"name\":\"Lautsprecher Ruby 6.5 Performance RMS 200W Gr\u00f6\u00dfe 6,5\\\" - Pride Car Audio1\",\"isPartOf\":{\"@id\":\"https:\\\/\\\/pride.audio\\\/#website\"},\"primaryImageOfPage\":{\"@id\":\"https:\\\/\\\/pride.audio\\\/produkt\\\/rp-65\\\/#primaryimage\"},\"image\":{\"@id\":\"https:\\\/\\\/pride.audio\\\/produkt\\\/rp-65\\\/#primaryimage\"},\"thumbnailUrl\":\"https:\\\/\\\/pride.audio\\\/wp-content\\\/uploads\\\/2021\\\/11\\\/pride_ruby6.5perfomance_mini-1.jpeg\",\"datePublished\":\"2021-11-30T05:13:28+00:00\",\"dateModified\":\"2024-04-10T08:51:44+00:00\",\"breadcrumb\":{\"@id\":\"https:\\\/\\\/pride.audio\\\/produkt\\\/rp-65\\\/#breadcrumb\"},\"inLanguage\":\"de\",\"potentialAction\":[{\"@type\":\"ReadAction\",\"target\":[\"https:\\\/\\\/pride.audio\\\/produkt\\\/rp-65\\\/\"]}]},{\"@type\":\"ImageObject\",\"inLanguage\":\"de\",\"@id\":\"https:\\\/\\\/pride.audio\\\/produkt\\\/rp-65\\\/#primaryimage\",\"url\":\"https:\\\/\\\/pride.audio\\\/wp-content\\\/uploads\\\/2021\\\/11\\\/pride_ruby6.5perfomance_mini-1.jpeg\",\"contentUrl\":\"https:\\\/\\\/pride.audio\\\/wp-content\\\/uploads\\\/2021\\\/11\\\/pride_ruby6.5perfomance_mini-1.jpeg\",\"width\":450,\"height\":450},{\"@type\":\"BreadcrumbList\",\"@id\":\"https:\\\/\\\/pride.audio\\\/produkt\\\/rp-65\\\/#breadcrumb\",\"itemListElement\":[{\"@type\":\"ListItem\",\"position\":1,\"name\":\"Home\",\"item\":\"https:\\\/\\\/pride.audio\\\/de\\\/\"},{\"@type\":\"ListItem\",\"position\":2,\"name\":\"Shop\",\"item\":\"https:\\\/\\\/pride.audio\\\/de\\\/shop-2\\\/\"},{\"@type\":\"ListItem\",\"position\":3,\"name\":\"Lautsprecher Ruby 6.5 Performance RMS 200W Gr\u00f6\u00dfe 6,5&#8243;\"}]},{\"@type\":\"WebSite\",\"@id\":\"https:\\\/\\\/pride.audio\\\/#website\",\"url\":\"https:\\\/\\\/pride.audio\\\/\",\"name\":\"Pride Car Audio1\",\"description\":\"Pride Car Audio: Official site\",\"publisher\":{\"@id\":\"https:\\\/\\\/pride.audio\\\/#organization\"},\"potentialAction\":[{\"@type\":\"SearchAction\",\"target\":{\"@type\":\"EntryPoint\",\"urlTemplate\":\"https:\\\/\\\/pride.audio\\\/?s={search_term_string}\"},\"query-input\":{\"@type\":\"PropertyValueSpecification\",\"valueRequired\":true,\"valueName\":\"search_term_string\"}}],\"inLanguage\":\"de\"},{\"@type\":\"Organization\",\"@id\":\"https:\\\/\\\/pride.audio\\\/#organization\",\"name\":\"Pride Car Audio1\",\"url\":\"https:\\\/\\\/pride.audio\\\/\",\"logo\":{\"@type\":\"ImageObject\",\"inLanguage\":\"de\",\"@id\":\"https:\\\/\\\/pride.audio\\\/#\\\/schema\\\/logo\\\/image\\\/\",\"url\":\"https:\\\/\\\/pride.audio\\\/wp-content\\\/uploads\\\/2023\\\/08\\\/g10.svg\",\"contentUrl\":\"https:\\\/\\\/pride.audio\\\/wp-content\\\/uploads\\\/2023\\\/08\\\/g10.svg\",\"width\":158,\"height\":34,\"caption\":\"Pride Car Audio1\"},\"image\":{\"@id\":\"https:\\\/\\\/pride.audio\\\/#\\\/schema\\\/logo\\\/image\\\/\"}}]}<\/script>\n<!-- \/ Yoast SEO plugin. -->","yoast_head_json":{"title":"Lautsprecher Ruby 6.5 Performance RMS 200W Gr\u00f6\u00dfe 6,5\" - Pride Car Audio1","robots":{"index":"index","follow":"follow","max-snippet":"max-snippet:-1","max-image-preview":"max-image-preview:large","max-video-preview":"max-video-preview:-1"},"canonical":"https:\/\/pride.audio\/produkt\/rp-65\/","og_locale":"de_DE","og_type":"article","og_title":"Lautsprecher Ruby 6.5 Performance RMS 200W Gr\u00f6\u00dfe 6,5\" - Pride Car Audio1","og_description":"200 W","og_url":"https:\/\/pride.audio\/produkt\/rp-65\/","og_site_name":"Pride Car Audio1","article_modified_time":"2024-04-10T08:51:44+00:00","og_image":[{"width":1280,"height":1280,"url":"https:\/\/pride.audio\/wp-content\/uploads\/pride_ruby6.5perfomance_mini-1.jpeg","type":"image\/jpeg"}],"twitter_card":"summary_large_image","twitter_misc":{"Gesch\u00e4tzte Lesezeit":"1\u00a0Minute"},"schema":{"@context":"https:\/\/schema.org","@graph":[{"@type":"WebPage","@id":"https:\/\/pride.audio\/produkt\/rp-65\/","url":"https:\/\/pride.audio\/produkt\/rp-65\/","name":"Lautsprecher Ruby 6.5 Performance RMS 200W Gr\u00f6\u00dfe 6,5\" - Pride Car Audio1","isPartOf":{"@id":"https:\/\/pride.audio\/#website"},"primaryImageOfPage":{"@id":"https:\/\/pride.audio\/produkt\/rp-65\/#primaryimage"},"image":{"@id":"https:\/\/pride.audio\/produkt\/rp-65\/#primaryimage"},"thumbnailUrl":"https:\/\/pride.audio\/wp-content\/uploads\/2021\/11\/pride_ruby6.5perfomance_mini-1.jpeg","datePublished":"2021-11-30T05:13:28+00:00","dateModified":"2024-04-10T08:51:44+00:00","breadcrumb":{"@id":"https:\/\/pride.audio\/produkt\/rp-65\/#breadcrumb"},"inLanguage":"de","potentialAction":[{"@type":"ReadAction","target":["https:\/\/pride.audio\/produkt\/rp-65\/"]}]},{"@type":"ImageObject","inLanguage":"de","@id":"https:\/\/pride.audio\/produkt\/rp-65\/#primaryimage","url":"https:\/\/pride.audio\/wp-content\/uploads\/2021\/11\/pride_ruby6.5perfomance_mini-1.jpeg","contentUrl":"https:\/\/pride.audio\/wp-content\/uploads\/2021\/11\/pride_ruby6.5perfomance_mini-1.jpeg","width":450,"height":450},{"@type":"BreadcrumbList","@id":"https:\/\/pride.audio\/produkt\/rp-65\/#breadcrumb","itemListElement":[{"@type":"ListItem","position":1,"name":"Home","item":"https:\/\/pride.audio\/de\/"},{"@type":"ListItem","position":2,"name":"Shop","item":"https:\/\/pride.audio\/de\/shop-2\/"},{"@type":"ListItem","position":3,"name":"Lautsprecher Ruby 6.5 Performance RMS 200W Gr\u00f6\u00dfe 6,5&#8243;"}]},{"@type":"WebSite","@id":"https:\/\/pride.audio\/#website","url":"https:\/\/pride.audio\/","name":"Pride Car Audio1","description":"Pride Car Audio: Official site","publisher":{"@id":"https:\/\/pride.audio\/#organization"},"potentialAction":[{"@type":"SearchAction","target":{"@type":"EntryPoint","urlTemplate":"https:\/\/pride.audio\/?s={search_term_string}"},"query-input":{"@type":"PropertyValueSpecification","valueRequired":true,"valueName":"search_term_string"}}],"inLanguage":"de"},{"@type":"Organization","@id":"https:\/\/pride.audio\/#organization","name":"Pride Car Audio1","url":"https:\/\/pride.audio\/","logo":{"@type":"ImageObject","inLanguage":"de","@id":"https:\/\/pride.audio\/#\/schema\/logo\/image\/","url":"https:\/\/pride.audio\/wp-content\/uploads\/2023\/08\/g10.svg","contentUrl":"https:\/\/pride.audio\/wp-content\/uploads\/2023\/08\/g10.svg","width":158,"height":34,"caption":"Pride Car Audio1"},"image":{"@id":"https:\/\/pride.audio\/#\/schema\/logo\/image\/"}}]}},"_links":{"self":[{"href":"https:\/\/pride.audio\/de\/wp-json\/wp\/v2\/product\/9011","targetHints":{"allow":["GET"]}}],"collection":[{"href":"https:\/\/pride.audio\/de\/wp-json\/wp\/v2\/product"}],"about":[{"href":"https:\/\/pride.audio\/de\/wp-json\/wp\/v2\/types\/product"}],"wp:featuredmedia":[{"embeddable":true,"href":"https:\/\/pride.audio\/de\/wp-json\/wp\/v2\/media\/17014"}],"wp:attachment":[{"href":"https:\/\/pride.audio\/de\/wp-json\/wp\/v2\/media?parent=9011"}],"wp:term":[{"taxonomy":"product_brand","embeddable":true,"href":"https:\/\/pride.audio\/de\/wp-json\/wp\/v2\/product_brand?post=9011"},{"taxonomy":"product_cat","embeddable":true,"href":"https:\/\/pride.audio\/de\/wp-json\/wp\/v2\/product_cat?post=9011"},{"taxonomy":"product_tag","embeddable":true,"href":"https:\/\/pride.audio\/de\/wp-json\/wp\/v2\/product_tag?post=9011"}],"curies":[{"name":"wp","href":"https:\/\/api.w.org\/{rel}","templated":true}]}}