{"id":9010,"date":"2021-11-30T00:26:16","date_gmt":"2021-11-30T05:26:16","guid":{"rendered":"https:\/\/pride.audio\/product\/speakers-solo-100-overmodular-6-5-size\/"},"modified":"2024-04-10T10:48:49","modified_gmt":"2024-04-10T08:48:49","slug":"sl100-65","status":"publish","type":"product","link":"https:\/\/pride.audio\/de\/produkt\/sl100-65\/","title":{"rendered":"Lautsprecher Solo 100 RMS 100 W Gr\u00f6\u00dfe 6,5&#8243;"},"content":{"rendered":"<p><strong>Lautsprecher Solo 100<\/strong><\/p>\n<p>Die Lautsprecher Pride Solo 100 der Marke Pride Car Audio sind eine Fortsetzung der bereits legend\u00e4ren Solo Mini-Akustik. Zu diesem Preis haben wir auch eine 1-Zoll-100-Watt-Schwingspule, einen Ferritmagneten und eine extrem hohe Empfindlichkeit. Das hei\u00dft, Solo 100 ist einer der lautesten Lautsprecher der Welt zu einem sehr erschwinglichen Preis.<\/p>\n<p>Dieses Volumen wird durch die vergr\u00f6\u00dferte Diffusorfl\u00e4che, die schmale Aufh\u00e4ngung und die reduzierte Leistung bei niedrigen Frequenzen erreicht, bei mittleren und hohen Frequenzen offenbart sich der Lautsprecher jedoch vollst\u00e4ndig. Helle, saftige Vocals, elektronische Musik und moderner Rap werden vom Solo 100 perfekt wiedergegeben und k\u00f6nnen dabei einen ganzen Parkplatz beschallen.<\/p>\n<p>&nbsp;<\/p>\n<p>Pride Solo 100 \u00fcbermodular. 6,5 Gr\u00f6\u00dfe.<br \/>\nEine neue \u00c4ra der Lautsprecher. Modulares System.<\/p>\n<p>Eine gro\u00dfartige L\u00f6sung f\u00fcr Sie und Ihre Automusiksysteme.<\/p>\n<p>Komplettes Verkaufsset:<\/p>\n<p>Pride Solo 100 \u00fcbermodular \u2013 1 Paar<br \/>\nKartonschachtel<\/p>\n<p>Metallgeflecht und Bauchring nicht im Lieferumfang enthalten<\/p>\n<p>Produkte der Marke Pride Car Audio sind jetzt in den USA erh\u00e4ltlich!<\/p>\n","protected":false},"excerpt":{"rendered":"<p>100 W<\/p>\n","protected":false},"featured_media":18892,"template":"","meta":{"inline_featured_image":false},"product_brand":[],"product_cat":[678,679],"product_tag":[],"class_list":{"0":"post-9010","1":"product","2":"type-product","3":"status-publish","4":"has-post-thumbnail","6":"product_cat-discontinued-de","7":"product_cat-disspeakers-de","9":"first","10":"outofstock","11":"taxable","12":"shipping-taxable","13":"product-type-simple"},"acf":[],"yoast_head":"<!-- This site is optimized with the Yoast SEO plugin v27.3 - https:\/\/yoast.com\/product\/yoast-seo-wordpress\/ -->\n<title>Lautsprecher Solo 100 RMS 100 W Gr\u00f6\u00dfe 6,5&quot; - Pride Car Audio1<\/title>\n<meta name=\"robots\" content=\"index, follow, max-snippet:-1, max-image-preview:large, max-video-preview:-1\" \/>\n<link rel=\"canonical\" href=\"https:\/\/pride.audio\/de\/produkt\/sl100-65\/\" \/>\n<meta property=\"og:locale\" content=\"de_DE\" \/>\n<meta property=\"og:type\" content=\"article\" \/>\n<meta property=\"og:title\" content=\"Lautsprecher Solo 100 RMS 100 W Gr\u00f6\u00dfe 6,5&quot; - Pride Car Audio1\" \/>\n<meta property=\"og:description\" content=\"100 W\" \/>\n<meta property=\"og:url\" content=\"https:\/\/pride.audio\/de\/produkt\/sl100-65\/\" \/>\n<meta property=\"og:site_name\" content=\"Pride Car Audio1\" \/>\n<meta property=\"article:modified_time\" content=\"2024-04-10T08:48:49+00:00\" \/>\n<meta property=\"og:image\" content=\"https:\/\/pride.audio\/wp-content\/uploads\/2021\/11\/IMG_2038.jpg\" \/>\n\t<meta property=\"og:image:width\" content=\"1170\" \/>\n\t<meta property=\"og:image:height\" content=\"1170\" \/>\n\t<meta property=\"og:image:type\" content=\"image\/jpeg\" \/>\n<meta name=\"twitter:card\" content=\"summary_large_image\" \/>\n<meta name=\"twitter:label1\" content=\"Gesch\u00e4tzte Lesezeit\" \/>\n\t<meta name=\"twitter:data1\" content=\"1\u00a0Minute\" \/>\n<script type=\"application\/ld+json\" class=\"yoast-schema-graph\">{\"@context\":\"https:\\\/\\\/schema.org\",\"@graph\":[{\"@type\":\"WebPage\",\"@id\":\"https:\\\/\\\/pride.audio\\\/de\\\/produkt\\\/sl100-65\\\/\",\"url\":\"https:\\\/\\\/pride.audio\\\/de\\\/produkt\\\/sl100-65\\\/\",\"name\":\"Lautsprecher Solo 100 RMS 100 W Gr\u00f6\u00dfe 6,5\\\" - Pride Car Audio1\",\"isPartOf\":{\"@id\":\"https:\\\/\\\/pride.audio\\\/#website\"},\"primaryImageOfPage\":{\"@id\":\"https:\\\/\\\/pride.audio\\\/de\\\/produkt\\\/sl100-65\\\/#primaryimage\"},\"image\":{\"@id\":\"https:\\\/\\\/pride.audio\\\/de\\\/produkt\\\/sl100-65\\\/#primaryimage\"},\"thumbnailUrl\":\"https:\\\/\\\/pride.audio\\\/wp-content\\\/uploads\\\/2021\\\/11\\\/IMG_2038.jpg\",\"datePublished\":\"2021-11-30T05:26:16+00:00\",\"dateModified\":\"2024-04-10T08:48:49+00:00\",\"breadcrumb\":{\"@id\":\"https:\\\/\\\/pride.audio\\\/de\\\/produkt\\\/sl100-65\\\/#breadcrumb\"},\"inLanguage\":\"de\",\"potentialAction\":[{\"@type\":\"ReadAction\",\"target\":[\"https:\\\/\\\/pride.audio\\\/de\\\/produkt\\\/sl100-65\\\/\"]}]},{\"@type\":\"ImageObject\",\"inLanguage\":\"de\",\"@id\":\"https:\\\/\\\/pride.audio\\\/de\\\/produkt\\\/sl100-65\\\/#primaryimage\",\"url\":\"https:\\\/\\\/pride.audio\\\/wp-content\\\/uploads\\\/2021\\\/11\\\/IMG_2038.jpg\",\"contentUrl\":\"https:\\\/\\\/pride.audio\\\/wp-content\\\/uploads\\\/2021\\\/11\\\/IMG_2038.jpg\",\"width\":1170,\"height\":1170,\"caption\":\"Screenshot\"},{\"@type\":\"BreadcrumbList\",\"@id\":\"https:\\\/\\\/pride.audio\\\/de\\\/produkt\\\/sl100-65\\\/#breadcrumb\",\"itemListElement\":[{\"@type\":\"ListItem\",\"position\":1,\"name\":\"Home\",\"item\":\"https:\\\/\\\/pride.audio\\\/de\\\/\"},{\"@type\":\"ListItem\",\"position\":2,\"name\":\"Shop\",\"item\":\"https:\\\/\\\/pride.audio\\\/de\\\/shop-2\\\/\"},{\"@type\":\"ListItem\",\"position\":3,\"name\":\"Lautsprecher Solo 100 RMS 100 W Gr\u00f6\u00dfe 6,5&#8243;\"}]},{\"@type\":\"WebSite\",\"@id\":\"https:\\\/\\\/pride.audio\\\/#website\",\"url\":\"https:\\\/\\\/pride.audio\\\/\",\"name\":\"Pride Car Audio1\",\"description\":\"Pride Car Audio: Official site\",\"publisher\":{\"@id\":\"https:\\\/\\\/pride.audio\\\/#organization\"},\"potentialAction\":[{\"@type\":\"SearchAction\",\"target\":{\"@type\":\"EntryPoint\",\"urlTemplate\":\"https:\\\/\\\/pride.audio\\\/?s={search_term_string}\"},\"query-input\":{\"@type\":\"PropertyValueSpecification\",\"valueRequired\":true,\"valueName\":\"search_term_string\"}}],\"inLanguage\":\"de\"},{\"@type\":\"Organization\",\"@id\":\"https:\\\/\\\/pride.audio\\\/#organization\",\"name\":\"Pride Car Audio1\",\"url\":\"https:\\\/\\\/pride.audio\\\/\",\"logo\":{\"@type\":\"ImageObject\",\"inLanguage\":\"de\",\"@id\":\"https:\\\/\\\/pride.audio\\\/#\\\/schema\\\/logo\\\/image\\\/\",\"url\":\"https:\\\/\\\/pride.audio\\\/wp-content\\\/uploads\\\/2023\\\/08\\\/g10.svg\",\"contentUrl\":\"https:\\\/\\\/pride.audio\\\/wp-content\\\/uploads\\\/2023\\\/08\\\/g10.svg\",\"width\":158,\"height\":34,\"caption\":\"Pride Car Audio1\"},\"image\":{\"@id\":\"https:\\\/\\\/pride.audio\\\/#\\\/schema\\\/logo\\\/image\\\/\"}}]}<\/script>\n<!-- \/ Yoast SEO plugin. -->","yoast_head_json":{"title":"Lautsprecher Solo 100 RMS 100 W Gr\u00f6\u00dfe 6,5\" - Pride Car Audio1","robots":{"index":"index","follow":"follow","max-snippet":"max-snippet:-1","max-image-preview":"max-image-preview:large","max-video-preview":"max-video-preview:-1"},"canonical":"https:\/\/pride.audio\/de\/produkt\/sl100-65\/","og_locale":"de_DE","og_type":"article","og_title":"Lautsprecher Solo 100 RMS 100 W Gr\u00f6\u00dfe 6,5\" - Pride Car Audio1","og_description":"100 W","og_url":"https:\/\/pride.audio\/de\/produkt\/sl100-65\/","og_site_name":"Pride Car Audio1","article_modified_time":"2024-04-10T08:48:49+00:00","og_image":[{"width":1170,"height":1170,"url":"https:\/\/pride.audio\/wp-content\/uploads\/2021\/11\/IMG_2038.jpg","type":"image\/jpeg"}],"twitter_card":"summary_large_image","twitter_misc":{"Gesch\u00e4tzte Lesezeit":"1\u00a0Minute"},"schema":{"@context":"https:\/\/schema.org","@graph":[{"@type":"WebPage","@id":"https:\/\/pride.audio\/de\/produkt\/sl100-65\/","url":"https:\/\/pride.audio\/de\/produkt\/sl100-65\/","name":"Lautsprecher Solo 100 RMS 100 W Gr\u00f6\u00dfe 6,5\" - Pride Car Audio1","isPartOf":{"@id":"https:\/\/pride.audio\/#website"},"primaryImageOfPage":{"@id":"https:\/\/pride.audio\/de\/produkt\/sl100-65\/#primaryimage"},"image":{"@id":"https:\/\/pride.audio\/de\/produkt\/sl100-65\/#primaryimage"},"thumbnailUrl":"https:\/\/pride.audio\/wp-content\/uploads\/2021\/11\/IMG_2038.jpg","datePublished":"2021-11-30T05:26:16+00:00","dateModified":"2024-04-10T08:48:49+00:00","breadcrumb":{"@id":"https:\/\/pride.audio\/de\/produkt\/sl100-65\/#breadcrumb"},"inLanguage":"de","potentialAction":[{"@type":"ReadAction","target":["https:\/\/pride.audio\/de\/produkt\/sl100-65\/"]}]},{"@type":"ImageObject","inLanguage":"de","@id":"https:\/\/pride.audio\/de\/produkt\/sl100-65\/#primaryimage","url":"https:\/\/pride.audio\/wp-content\/uploads\/2021\/11\/IMG_2038.jpg","contentUrl":"https:\/\/pride.audio\/wp-content\/uploads\/2021\/11\/IMG_2038.jpg","width":1170,"height":1170,"caption":"Screenshot"},{"@type":"BreadcrumbList","@id":"https:\/\/pride.audio\/de\/produkt\/sl100-65\/#breadcrumb","itemListElement":[{"@type":"ListItem","position":1,"name":"Home","item":"https:\/\/pride.audio\/de\/"},{"@type":"ListItem","position":2,"name":"Shop","item":"https:\/\/pride.audio\/de\/shop-2\/"},{"@type":"ListItem","position":3,"name":"Lautsprecher Solo 100 RMS 100 W Gr\u00f6\u00dfe 6,5&#8243;"}]},{"@type":"WebSite","@id":"https:\/\/pride.audio\/#website","url":"https:\/\/pride.audio\/","name":"Pride Car Audio1","description":"Pride Car Audio: Official site","publisher":{"@id":"https:\/\/pride.audio\/#organization"},"potentialAction":[{"@type":"SearchAction","target":{"@type":"EntryPoint","urlTemplate":"https:\/\/pride.audio\/?s={search_term_string}"},"query-input":{"@type":"PropertyValueSpecification","valueRequired":true,"valueName":"search_term_string"}}],"inLanguage":"de"},{"@type":"Organization","@id":"https:\/\/pride.audio\/#organization","name":"Pride Car Audio1","url":"https:\/\/pride.audio\/","logo":{"@type":"ImageObject","inLanguage":"de","@id":"https:\/\/pride.audio\/#\/schema\/logo\/image\/","url":"https:\/\/pride.audio\/wp-content\/uploads\/2023\/08\/g10.svg","contentUrl":"https:\/\/pride.audio\/wp-content\/uploads\/2023\/08\/g10.svg","width":158,"height":34,"caption":"Pride Car Audio1"},"image":{"@id":"https:\/\/pride.audio\/#\/schema\/logo\/image\/"}}]}},"_links":{"self":[{"href":"https:\/\/pride.audio\/de\/wp-json\/wp\/v2\/product\/9010","targetHints":{"allow":["GET"]}}],"collection":[{"href":"https:\/\/pride.audio\/de\/wp-json\/wp\/v2\/product"}],"about":[{"href":"https:\/\/pride.audio\/de\/wp-json\/wp\/v2\/types\/product"}],"wp:featuredmedia":[{"embeddable":true,"href":"https:\/\/pride.audio\/de\/wp-json\/wp\/v2\/media\/18892"}],"wp:attachment":[{"href":"https:\/\/pride.audio\/de\/wp-json\/wp\/v2\/media?parent=9010"}],"wp:term":[{"taxonomy":"product_brand","embeddable":true,"href":"https:\/\/pride.audio\/de\/wp-json\/wp\/v2\/product_brand?post=9010"},{"taxonomy":"product_cat","embeddable":true,"href":"https:\/\/pride.audio\/de\/wp-json\/wp\/v2\/product_cat?post=9010"},{"taxonomy":"product_tag","embeddable":true,"href":"https:\/\/pride.audio\/de\/wp-json\/wp\/v2\/product_tag?post=9010"}],"curies":[{"name":"wp","href":"https:\/\/api.w.org\/{rel}","templated":true}]}}