{"id":9006,"date":"2022-01-30T22:15:57","date_gmt":"2022-01-31T03:15:57","guid":{"rendered":"https:\/\/pride.audio\/product\/pride-harmony5c\/"},"modified":"2024-04-10T10:46:29","modified_gmt":"2024-04-10T08:46:29","slug":"h-50c","status":"publish","type":"product","link":"https:\/\/pride.audio\/de\/produkt\/h-50c\/","title":{"rendered":"Lautsprecherkomponente Pride Harmony 5C"},"content":{"rendered":"<p><strong>Lautsprecherkomponente Pride Harmony 5C<\/strong><\/p>\n<p>Pride Harmony 5C ist ein Modell mit tadellosen Eigenschaften, das Ihnen einen klaren Musikklang erm\u00f6glicht. Sie haben eine anst\u00e4ndige Verarbeitungsqualit\u00e4t. Dies ist eine Kombination aus Technologie, erschwinglichem Preis, Qualit\u00e4t und coolem Sound. Das Mittelbass-Magnetmaterial besteht aus hochwertigem Ferrit und das Aufh\u00e4ngungsmaterial besteht aus gesch\u00e4umtem Polyurethan.<\/p>\n<p>Hauptmerkmale:<\/p>\n<p>Durchmesser\/Gr\u00f6\u00dfe 5&#8243;<br \/>\nRe (Nennwiderstand\/Impedanz), Ohm (\u03a9) 4<br \/>\nSchwarze Farbe<br \/>\nReproduzierbarer Frequenzbereich, Hz 63 &#8211; 24000<\/p>\n<p>Leistung:<\/p>\n<p>RMS (Nennleistung), W 50<br \/>\nThiel-Small-Parameter:<br \/>\nFS (Resonanzfrequenz), Hz 80<\/p>\n","protected":false},"excerpt":{"rendered":"<p>Lautsprecherkomponente Pride Harmony 5C Pride Harmony 5C ist ein Modell mit tadellosen Eigenschaften, das Ihnen einen klaren Musikklang erm\u00f6glicht. Sie haben eine anst\u00e4ndige Verarbeitungsqualit\u00e4t. Dies ist eine Kombination aus Technologie, erschwinglichem Preis, Qualit\u00e4t und coolem Sound. Das Mittelbass-Magnetmaterial besteht aus hochwertigem Ferrit und das Aufh\u00e4ngungsmaterial besteht aus gesch\u00e4umtem Polyurethan. Hauptmerkmale: Durchmesser\/Gr\u00f6\u00dfe 5&#8243; Re (Nennwiderstand\/Impedanz), Ohm [&hellip;]<\/p>\n","protected":false},"featured_media":17355,"template":"","meta":{"inline_featured_image":false},"product_brand":[],"product_cat":[340,346],"product_tag":[],"class_list":{"0":"post-9006","1":"product","2":"type-product","3":"status-publish","4":"has-post-thumbnail","6":"product_cat-speakers","7":"product_cat-components","9":"first","10":"outofstock","11":"taxable","12":"shipping-taxable","13":"product-type-simple"},"acf":[],"yoast_head":"<!-- This site is optimized with the Yoast SEO plugin v27.3 - https:\/\/yoast.com\/product\/yoast-seo-wordpress\/ -->\n<title>Lautsprecherkomponente Pride Harmony 5C - Pride Car Audio1<\/title>\n<meta name=\"robots\" content=\"index, follow, max-snippet:-1, max-image-preview:large, max-video-preview:-1\" \/>\n<link rel=\"canonical\" href=\"https:\/\/pride.audio\/produkt\/h-50c\/\" \/>\n<meta property=\"og:locale\" content=\"de_DE\" \/>\n<meta property=\"og:type\" content=\"article\" \/>\n<meta property=\"og:title\" content=\"Lautsprecherkomponente Pride Harmony 5C - Pride Car Audio1\" \/>\n<meta property=\"og:description\" content=\"Lautsprecherkomponente Pride Harmony 5C Pride Harmony 5C ist ein Modell mit tadellosen Eigenschaften, das Ihnen einen klaren Musikklang erm\u00f6glicht. Sie haben eine anst\u00e4ndige Verarbeitungsqualit\u00e4t. Dies ist eine Kombination aus Technologie, erschwinglichem Preis, Qualit\u00e4t und coolem Sound. Das Mittelbass-Magnetmaterial besteht aus hochwertigem Ferrit und das Aufh\u00e4ngungsmaterial besteht aus gesch\u00e4umtem Polyurethan. Hauptmerkmale: Durchmesser\/Gr\u00f6\u00dfe 5&#8243; Re (Nennwiderstand\/Impedanz), Ohm [&hellip;]\" \/>\n<meta property=\"og:url\" content=\"https:\/\/pride.audio\/produkt\/h-50c\/\" \/>\n<meta property=\"og:site_name\" content=\"Pride Car Audio1\" \/>\n<meta property=\"article:modified_time\" content=\"2024-04-10T08:46:29+00:00\" \/>\n<meta property=\"og:image\" content=\"https:\/\/pride.audio\/wp-content\/uploads\/pride_harmony_5c_mini.jpeg\" \/>\n\t<meta property=\"og:image:width\" content=\"1280\" \/>\n\t<meta property=\"og:image:height\" content=\"1280\" \/>\n\t<meta property=\"og:image:type\" content=\"image\/jpeg\" \/>\n<meta name=\"twitter:card\" content=\"summary_large_image\" \/>\n<script type=\"application\/ld+json\" class=\"yoast-schema-graph\">{\"@context\":\"https:\\\/\\\/schema.org\",\"@graph\":[{\"@type\":\"WebPage\",\"@id\":\"https:\\\/\\\/pride.audio\\\/produkt\\\/h-50c\\\/\",\"url\":\"https:\\\/\\\/pride.audio\\\/produkt\\\/h-50c\\\/\",\"name\":\"Lautsprecherkomponente Pride Harmony 5C - Pride Car Audio1\",\"isPartOf\":{\"@id\":\"https:\\\/\\\/pride.audio\\\/#website\"},\"primaryImageOfPage\":{\"@id\":\"https:\\\/\\\/pride.audio\\\/produkt\\\/h-50c\\\/#primaryimage\"},\"image\":{\"@id\":\"https:\\\/\\\/pride.audio\\\/produkt\\\/h-50c\\\/#primaryimage\"},\"thumbnailUrl\":\"https:\\\/\\\/pride.audio\\\/wp-content\\\/uploads\\\/2022\\\/01\\\/pride_harmony_5c_mini-290x290-1.jpeg\",\"datePublished\":\"2022-01-31T03:15:57+00:00\",\"dateModified\":\"2024-04-10T08:46:29+00:00\",\"breadcrumb\":{\"@id\":\"https:\\\/\\\/pride.audio\\\/produkt\\\/h-50c\\\/#breadcrumb\"},\"inLanguage\":\"de\",\"potentialAction\":[{\"@type\":\"ReadAction\",\"target\":[\"https:\\\/\\\/pride.audio\\\/produkt\\\/h-50c\\\/\"]}]},{\"@type\":\"ImageObject\",\"inLanguage\":\"de\",\"@id\":\"https:\\\/\\\/pride.audio\\\/produkt\\\/h-50c\\\/#primaryimage\",\"url\":\"https:\\\/\\\/pride.audio\\\/wp-content\\\/uploads\\\/2022\\\/01\\\/pride_harmony_5c_mini-290x290-1.jpeg\",\"contentUrl\":\"https:\\\/\\\/pride.audio\\\/wp-content\\\/uploads\\\/2022\\\/01\\\/pride_harmony_5c_mini-290x290-1.jpeg\",\"width\":290,\"height\":290},{\"@type\":\"BreadcrumbList\",\"@id\":\"https:\\\/\\\/pride.audio\\\/produkt\\\/h-50c\\\/#breadcrumb\",\"itemListElement\":[{\"@type\":\"ListItem\",\"position\":1,\"name\":\"Home\",\"item\":\"https:\\\/\\\/pride.audio\\\/de\\\/\"},{\"@type\":\"ListItem\",\"position\":2,\"name\":\"Shop\",\"item\":\"https:\\\/\\\/pride.audio\\\/de\\\/shop-2\\\/\"},{\"@type\":\"ListItem\",\"position\":3,\"name\":\"Lautsprecherkomponente Pride Harmony 5C\"}]},{\"@type\":\"WebSite\",\"@id\":\"https:\\\/\\\/pride.audio\\\/#website\",\"url\":\"https:\\\/\\\/pride.audio\\\/\",\"name\":\"Pride Car Audio1\",\"description\":\"Pride Car Audio: Official site\",\"publisher\":{\"@id\":\"https:\\\/\\\/pride.audio\\\/#organization\"},\"potentialAction\":[{\"@type\":\"SearchAction\",\"target\":{\"@type\":\"EntryPoint\",\"urlTemplate\":\"https:\\\/\\\/pride.audio\\\/?s={search_term_string}\"},\"query-input\":{\"@type\":\"PropertyValueSpecification\",\"valueRequired\":true,\"valueName\":\"search_term_string\"}}],\"inLanguage\":\"de\"},{\"@type\":\"Organization\",\"@id\":\"https:\\\/\\\/pride.audio\\\/#organization\",\"name\":\"Pride Car Audio1\",\"url\":\"https:\\\/\\\/pride.audio\\\/\",\"logo\":{\"@type\":\"ImageObject\",\"inLanguage\":\"de\",\"@id\":\"https:\\\/\\\/pride.audio\\\/#\\\/schema\\\/logo\\\/image\\\/\",\"url\":\"https:\\\/\\\/pride.audio\\\/wp-content\\\/uploads\\\/2023\\\/08\\\/g10.svg\",\"contentUrl\":\"https:\\\/\\\/pride.audio\\\/wp-content\\\/uploads\\\/2023\\\/08\\\/g10.svg\",\"width\":158,\"height\":34,\"caption\":\"Pride Car Audio1\"},\"image\":{\"@id\":\"https:\\\/\\\/pride.audio\\\/#\\\/schema\\\/logo\\\/image\\\/\"}}]}<\/script>\n<!-- \/ Yoast SEO plugin. -->","yoast_head_json":{"title":"Lautsprecherkomponente Pride Harmony 5C - Pride Car Audio1","robots":{"index":"index","follow":"follow","max-snippet":"max-snippet:-1","max-image-preview":"max-image-preview:large","max-video-preview":"max-video-preview:-1"},"canonical":"https:\/\/pride.audio\/produkt\/h-50c\/","og_locale":"de_DE","og_type":"article","og_title":"Lautsprecherkomponente Pride Harmony 5C - Pride Car Audio1","og_description":"Lautsprecherkomponente Pride Harmony 5C Pride Harmony 5C ist ein Modell mit tadellosen Eigenschaften, das Ihnen einen klaren Musikklang erm\u00f6glicht. Sie haben eine anst\u00e4ndige Verarbeitungsqualit\u00e4t. Dies ist eine Kombination aus Technologie, erschwinglichem Preis, Qualit\u00e4t und coolem Sound. Das Mittelbass-Magnetmaterial besteht aus hochwertigem Ferrit und das Aufh\u00e4ngungsmaterial besteht aus gesch\u00e4umtem Polyurethan. Hauptmerkmale: Durchmesser\/Gr\u00f6\u00dfe 5&#8243; Re (Nennwiderstand\/Impedanz), Ohm [&hellip;]","og_url":"https:\/\/pride.audio\/produkt\/h-50c\/","og_site_name":"Pride Car Audio1","article_modified_time":"2024-04-10T08:46:29+00:00","og_image":[{"width":1280,"height":1280,"url":"https:\/\/pride.audio\/wp-content\/uploads\/pride_harmony_5c_mini.jpeg","type":"image\/jpeg"}],"twitter_card":"summary_large_image","schema":{"@context":"https:\/\/schema.org","@graph":[{"@type":"WebPage","@id":"https:\/\/pride.audio\/produkt\/h-50c\/","url":"https:\/\/pride.audio\/produkt\/h-50c\/","name":"Lautsprecherkomponente Pride Harmony 5C - Pride Car Audio1","isPartOf":{"@id":"https:\/\/pride.audio\/#website"},"primaryImageOfPage":{"@id":"https:\/\/pride.audio\/produkt\/h-50c\/#primaryimage"},"image":{"@id":"https:\/\/pride.audio\/produkt\/h-50c\/#primaryimage"},"thumbnailUrl":"https:\/\/pride.audio\/wp-content\/uploads\/2022\/01\/pride_harmony_5c_mini-290x290-1.jpeg","datePublished":"2022-01-31T03:15:57+00:00","dateModified":"2024-04-10T08:46:29+00:00","breadcrumb":{"@id":"https:\/\/pride.audio\/produkt\/h-50c\/#breadcrumb"},"inLanguage":"de","potentialAction":[{"@type":"ReadAction","target":["https:\/\/pride.audio\/produkt\/h-50c\/"]}]},{"@type":"ImageObject","inLanguage":"de","@id":"https:\/\/pride.audio\/produkt\/h-50c\/#primaryimage","url":"https:\/\/pride.audio\/wp-content\/uploads\/2022\/01\/pride_harmony_5c_mini-290x290-1.jpeg","contentUrl":"https:\/\/pride.audio\/wp-content\/uploads\/2022\/01\/pride_harmony_5c_mini-290x290-1.jpeg","width":290,"height":290},{"@type":"BreadcrumbList","@id":"https:\/\/pride.audio\/produkt\/h-50c\/#breadcrumb","itemListElement":[{"@type":"ListItem","position":1,"name":"Home","item":"https:\/\/pride.audio\/de\/"},{"@type":"ListItem","position":2,"name":"Shop","item":"https:\/\/pride.audio\/de\/shop-2\/"},{"@type":"ListItem","position":3,"name":"Lautsprecherkomponente Pride Harmony 5C"}]},{"@type":"WebSite","@id":"https:\/\/pride.audio\/#website","url":"https:\/\/pride.audio\/","name":"Pride Car Audio1","description":"Pride Car Audio: Official site","publisher":{"@id":"https:\/\/pride.audio\/#organization"},"potentialAction":[{"@type":"SearchAction","target":{"@type":"EntryPoint","urlTemplate":"https:\/\/pride.audio\/?s={search_term_string}"},"query-input":{"@type":"PropertyValueSpecification","valueRequired":true,"valueName":"search_term_string"}}],"inLanguage":"de"},{"@type":"Organization","@id":"https:\/\/pride.audio\/#organization","name":"Pride Car Audio1","url":"https:\/\/pride.audio\/","logo":{"@type":"ImageObject","inLanguage":"de","@id":"https:\/\/pride.audio\/#\/schema\/logo\/image\/","url":"https:\/\/pride.audio\/wp-content\/uploads\/2023\/08\/g10.svg","contentUrl":"https:\/\/pride.audio\/wp-content\/uploads\/2023\/08\/g10.svg","width":158,"height":34,"caption":"Pride Car Audio1"},"image":{"@id":"https:\/\/pride.audio\/#\/schema\/logo\/image\/"}}]}},"_links":{"self":[{"href":"https:\/\/pride.audio\/de\/wp-json\/wp\/v2\/product\/9006","targetHints":{"allow":["GET"]}}],"collection":[{"href":"https:\/\/pride.audio\/de\/wp-json\/wp\/v2\/product"}],"about":[{"href":"https:\/\/pride.audio\/de\/wp-json\/wp\/v2\/types\/product"}],"wp:featuredmedia":[{"embeddable":true,"href":"https:\/\/pride.audio\/de\/wp-json\/wp\/v2\/media\/17355"}],"wp:attachment":[{"href":"https:\/\/pride.audio\/de\/wp-json\/wp\/v2\/media?parent=9006"}],"wp:term":[{"taxonomy":"product_brand","embeddable":true,"href":"https:\/\/pride.audio\/de\/wp-json\/wp\/v2\/product_brand?post=9006"},{"taxonomy":"product_cat","embeddable":true,"href":"https:\/\/pride.audio\/de\/wp-json\/wp\/v2\/product_cat?post=9006"},{"taxonomy":"product_tag","embeddable":true,"href":"https:\/\/pride.audio\/de\/wp-json\/wp\/v2\/product_tag?post=9006"}],"curies":[{"name":"wp","href":"https:\/\/api.w.org\/{rel}","templated":true}]}}