{"id":8999,"date":"2022-05-08T13:43:38","date_gmt":"2022-05-08T18:43:38","guid":{"rendered":"https:\/\/pride.audio\/product\/coaxial-harmony-5x\/"},"modified":"2024-04-10T10:43:17","modified_gmt":"2024-04-10T08:43:17","slug":"h-50x","status":"publish","type":"product","link":"https:\/\/pride.audio\/de\/produkt\/h-50x\/","title":{"rendered":"Lautsprecher Pride Coaxial Harmony 5X RMS 50W Gr\u00f6\u00dfe 5&#8243;"},"content":{"rendered":"<p><strong>Koaxial Harmony 5X<\/strong><\/p>\n<p>Es gibt einen Neuzugang in der Reihe der koaxialen Akustikger\u00e4te: Wir sind bereit, Ihnen eine weitere Reihe von Sch\u00f6nheiten zu pr\u00e4sentieren, ohne die die Linie nicht vollst\u00e4ndig w\u00e4re \u2013 HARMONY 5X<\/p>\n<p>&nbsp;<\/p>\n<p>Typ &#8211; 2-Wege-Koaxial-Akustik<br \/>\nImpedanz (Z) (Ohm) \u2013 4<br \/>\nAktiver Wicklungswiderstand (Re) (Ohm) &#8211; 92<\/p>\n<p>Nennleistung, W &#8211; 50<br \/>\nFrequenzbereich, Hz &#8211; 63-24000<br \/>\nStandardgr\u00f6\u00dfe &#8211; 5&#8243;.<\/p>\n<p>Treffen Sie Ihre Wahl und genie\u00dfen Sie kraftvollen Sound in Ihrem Auto!<\/p>\n","protected":false},"excerpt":{"rendered":"<p>50 W<\/p>\n","protected":false},"featured_media":17321,"template":"","meta":{"inline_featured_image":false},"product_brand":[],"product_cat":[340,345],"product_tag":[],"class_list":{"0":"post-8999","1":"product","2":"type-product","3":"status-publish","4":"has-post-thumbnail","6":"product_cat-speakers","7":"product_cat-coaxial","9":"first","10":"outofstock","11":"taxable","12":"shipping-taxable","13":"product-type-simple"},"acf":[],"yoast_head":"<!-- This site is optimized with the Yoast SEO plugin v27.2 - https:\/\/yoast.com\/product\/yoast-seo-wordpress\/ -->\n<title>Lautsprecher Pride Coaxial Harmony 5X RMS 50W Gr\u00f6\u00dfe 5&quot; - Pride Car Audio1<\/title>\n<meta name=\"robots\" content=\"index, follow, max-snippet:-1, max-image-preview:large, max-video-preview:-1\" \/>\n<link rel=\"canonical\" href=\"https:\/\/pride.audio\/produkt\/h-50x\/\" \/>\n<meta property=\"og:locale\" content=\"de_DE\" \/>\n<meta property=\"og:type\" content=\"article\" \/>\n<meta property=\"og:title\" content=\"Lautsprecher Pride Coaxial Harmony 5X RMS 50W Gr\u00f6\u00dfe 5&quot; - Pride Car Audio1\" \/>\n<meta property=\"og:description\" content=\"50 W\" \/>\n<meta property=\"og:url\" content=\"https:\/\/pride.audio\/produkt\/h-50x\/\" \/>\n<meta property=\"og:site_name\" content=\"Pride Car Audio1\" \/>\n<meta property=\"article:modified_time\" content=\"2024-04-10T08:43:17+00:00\" \/>\n<meta property=\"og:image\" content=\"https:\/\/pride.audio\/wp-content\/uploads\/pride_coaxial_harmony5_mini.jpg\" \/>\n\t<meta property=\"og:image:width\" content=\"2048\" \/>\n\t<meta property=\"og:image:height\" content=\"2048\" \/>\n\t<meta property=\"og:image:type\" content=\"image\/jpeg\" \/>\n<meta name=\"twitter:card\" content=\"summary_large_image\" \/>\n<script type=\"application\/ld+json\" class=\"yoast-schema-graph\">{\"@context\":\"https:\/\/schema.org\",\"@graph\":[{\"@type\":\"WebPage\",\"@id\":\"https:\/\/pride.audio\/produkt\/h-50x\/\",\"url\":\"https:\/\/pride.audio\/produkt\/h-50x\/\",\"name\":\"Lautsprecher Pride Coaxial Harmony 5X RMS 50W Gr\u00f6\u00dfe 5\\\" - Pride Car Audio1\",\"isPartOf\":{\"@id\":\"https:\/\/pride.audio\/#website\"},\"primaryImageOfPage\":{\"@id\":\"https:\/\/pride.audio\/produkt\/h-50x\/#primaryimage\"},\"image\":{\"@id\":\"https:\/\/pride.audio\/produkt\/h-50x\/#primaryimage\"},\"thumbnailUrl\":\"https:\/\/pride.audio\/wp-content\/uploads\/2022\/05\/pride_coaxial_harmony5_mini.jpg\",\"datePublished\":\"2022-05-08T18:43:38+00:00\",\"dateModified\":\"2024-04-10T08:43:17+00:00\",\"breadcrumb\":{\"@id\":\"https:\/\/pride.audio\/produkt\/h-50x\/#breadcrumb\"},\"inLanguage\":\"de\",\"potentialAction\":[{\"@type\":\"ReadAction\",\"target\":[\"https:\/\/pride.audio\/produkt\/h-50x\/\"]}]},{\"@type\":\"ImageObject\",\"inLanguage\":\"de\",\"@id\":\"https:\/\/pride.audio\/produkt\/h-50x\/#primaryimage\",\"url\":\"https:\/\/pride.audio\/wp-content\/uploads\/2022\/05\/pride_coaxial_harmony5_mini.jpg\",\"contentUrl\":\"https:\/\/pride.audio\/wp-content\/uploads\/2022\/05\/pride_coaxial_harmony5_mini.jpg\",\"width\":400,\"height\":400},{\"@type\":\"BreadcrumbList\",\"@id\":\"https:\/\/pride.audio\/produkt\/h-50x\/#breadcrumb\",\"itemListElement\":[{\"@type\":\"ListItem\",\"position\":1,\"name\":\"Home\",\"item\":\"https:\/\/pride.audio\/de\/\"},{\"@type\":\"ListItem\",\"position\":2,\"name\":\"Shop\",\"item\":\"https:\/\/pride.audio\/de\/shop-2\/\"},{\"@type\":\"ListItem\",\"position\":3,\"name\":\"Lautsprecher Pride Coaxial Harmony 5X RMS 50W Gr\u00f6\u00dfe 5&#8243;\"}]},{\"@type\":\"WebSite\",\"@id\":\"https:\/\/pride.audio\/#website\",\"url\":\"https:\/\/pride.audio\/\",\"name\":\"Pride Car Audio1\",\"description\":\"Pride Car Audio: Official site\",\"publisher\":{\"@id\":\"https:\/\/pride.audio\/#organization\"},\"potentialAction\":[{\"@type\":\"SearchAction\",\"target\":{\"@type\":\"EntryPoint\",\"urlTemplate\":\"https:\/\/pride.audio\/?s={search_term_string}\"},\"query-input\":{\"@type\":\"PropertyValueSpecification\",\"valueRequired\":true,\"valueName\":\"search_term_string\"}}],\"inLanguage\":\"de\"},{\"@type\":\"Organization\",\"@id\":\"https:\/\/pride.audio\/#organization\",\"name\":\"Pride Car Audio1\",\"url\":\"https:\/\/pride.audio\/\",\"logo\":{\"@type\":\"ImageObject\",\"inLanguage\":\"de\",\"@id\":\"https:\/\/pride.audio\/#\/schema\/logo\/image\/\",\"url\":\"https:\/\/pride.audio\/wp-content\/uploads\/2023\/08\/g10.svg\",\"contentUrl\":\"https:\/\/pride.audio\/wp-content\/uploads\/2023\/08\/g10.svg\",\"width\":158,\"height\":34,\"caption\":\"Pride Car Audio1\"},\"image\":{\"@id\":\"https:\/\/pride.audio\/#\/schema\/logo\/image\/\"}}]}<\/script>\n<!-- \/ Yoast SEO plugin. -->","yoast_head_json":{"title":"Lautsprecher Pride Coaxial Harmony 5X RMS 50W Gr\u00f6\u00dfe 5\" - Pride Car Audio1","robots":{"index":"index","follow":"follow","max-snippet":"max-snippet:-1","max-image-preview":"max-image-preview:large","max-video-preview":"max-video-preview:-1"},"canonical":"https:\/\/pride.audio\/produkt\/h-50x\/","og_locale":"de_DE","og_type":"article","og_title":"Lautsprecher Pride Coaxial Harmony 5X RMS 50W Gr\u00f6\u00dfe 5\" - Pride Car Audio1","og_description":"50 W","og_url":"https:\/\/pride.audio\/produkt\/h-50x\/","og_site_name":"Pride Car Audio1","article_modified_time":"2024-04-10T08:43:17+00:00","og_image":[{"width":2048,"height":2048,"url":"https:\/\/pride.audio\/wp-content\/uploads\/pride_coaxial_harmony5_mini.jpg","type":"image\/jpeg"}],"twitter_card":"summary_large_image","schema":{"@context":"https:\/\/schema.org","@graph":[{"@type":"WebPage","@id":"https:\/\/pride.audio\/produkt\/h-50x\/","url":"https:\/\/pride.audio\/produkt\/h-50x\/","name":"Lautsprecher Pride Coaxial Harmony 5X RMS 50W Gr\u00f6\u00dfe 5\" - Pride Car Audio1","isPartOf":{"@id":"https:\/\/pride.audio\/#website"},"primaryImageOfPage":{"@id":"https:\/\/pride.audio\/produkt\/h-50x\/#primaryimage"},"image":{"@id":"https:\/\/pride.audio\/produkt\/h-50x\/#primaryimage"},"thumbnailUrl":"https:\/\/pride.audio\/wp-content\/uploads\/2022\/05\/pride_coaxial_harmony5_mini.jpg","datePublished":"2022-05-08T18:43:38+00:00","dateModified":"2024-04-10T08:43:17+00:00","breadcrumb":{"@id":"https:\/\/pride.audio\/produkt\/h-50x\/#breadcrumb"},"inLanguage":"de","potentialAction":[{"@type":"ReadAction","target":["https:\/\/pride.audio\/produkt\/h-50x\/"]}]},{"@type":"ImageObject","inLanguage":"de","@id":"https:\/\/pride.audio\/produkt\/h-50x\/#primaryimage","url":"https:\/\/pride.audio\/wp-content\/uploads\/2022\/05\/pride_coaxial_harmony5_mini.jpg","contentUrl":"https:\/\/pride.audio\/wp-content\/uploads\/2022\/05\/pride_coaxial_harmony5_mini.jpg","width":400,"height":400},{"@type":"BreadcrumbList","@id":"https:\/\/pride.audio\/produkt\/h-50x\/#breadcrumb","itemListElement":[{"@type":"ListItem","position":1,"name":"Home","item":"https:\/\/pride.audio\/de\/"},{"@type":"ListItem","position":2,"name":"Shop","item":"https:\/\/pride.audio\/de\/shop-2\/"},{"@type":"ListItem","position":3,"name":"Lautsprecher Pride Coaxial Harmony 5X RMS 50W Gr\u00f6\u00dfe 5&#8243;"}]},{"@type":"WebSite","@id":"https:\/\/pride.audio\/#website","url":"https:\/\/pride.audio\/","name":"Pride Car Audio1","description":"Pride Car Audio: Official site","publisher":{"@id":"https:\/\/pride.audio\/#organization"},"potentialAction":[{"@type":"SearchAction","target":{"@type":"EntryPoint","urlTemplate":"https:\/\/pride.audio\/?s={search_term_string}"},"query-input":{"@type":"PropertyValueSpecification","valueRequired":true,"valueName":"search_term_string"}}],"inLanguage":"de"},{"@type":"Organization","@id":"https:\/\/pride.audio\/#organization","name":"Pride Car Audio1","url":"https:\/\/pride.audio\/","logo":{"@type":"ImageObject","inLanguage":"de","@id":"https:\/\/pride.audio\/#\/schema\/logo\/image\/","url":"https:\/\/pride.audio\/wp-content\/uploads\/2023\/08\/g10.svg","contentUrl":"https:\/\/pride.audio\/wp-content\/uploads\/2023\/08\/g10.svg","width":158,"height":34,"caption":"Pride Car Audio1"},"image":{"@id":"https:\/\/pride.audio\/#\/schema\/logo\/image\/"}}]}},"_links":{"self":[{"href":"https:\/\/pride.audio\/de\/wp-json\/wp\/v2\/product\/8999","targetHints":{"allow":["GET"]}}],"collection":[{"href":"https:\/\/pride.audio\/de\/wp-json\/wp\/v2\/product"}],"about":[{"href":"https:\/\/pride.audio\/de\/wp-json\/wp\/v2\/types\/product"}],"wp:featuredmedia":[{"embeddable":true,"href":"https:\/\/pride.audio\/de\/wp-json\/wp\/v2\/media\/17321"}],"wp:attachment":[{"href":"https:\/\/pride.audio\/de\/wp-json\/wp\/v2\/media?parent=8999"}],"wp:term":[{"taxonomy":"product_brand","embeddable":true,"href":"https:\/\/pride.audio\/de\/wp-json\/wp\/v2\/product_brand?post=8999"},{"taxonomy":"product_cat","embeddable":true,"href":"https:\/\/pride.audio\/de\/wp-json\/wp\/v2\/product_cat?post=8999"},{"taxonomy":"product_tag","embeddable":true,"href":"https:\/\/pride.audio\/de\/wp-json\/wp\/v2\/product_tag?post=8999"}],"curies":[{"name":"wp","href":"https:\/\/api.w.org\/{rel}","templated":true}]}}