{"id":8997,"date":"2022-05-08T22:07:04","date_gmt":"2022-05-09T03:07:04","guid":{"rendered":"https:\/\/pride.audio\/product\/coaxial-harmony-6-5\/"},"modified":"2024-04-10T10:41:15","modified_gmt":"2024-04-10T08:41:15","slug":"h-65x","status":"publish","type":"product","link":"https:\/\/pride.audio\/de\/produkt\/h-65x\/","title":{"rendered":"Lautsprecher Pride Coaxial Harmony 6,5 v.2 RMS 80W Gr\u00f6\u00dfe 6,5&#8243;"},"content":{"rendered":"<p><strong>Koaxial Harmony 6.5 v.2<\/strong><\/p>\n<p>Wir pr\u00e4sentieren Ihnen Pride Harmony 6.5 v.2 \u2013 ein 2-Komponenten-Lautsprechersystem, eine aktualisierte Version des beliebtesten Akustiksets von Pride. Es verf\u00fcgt \u00fcber einen Hochfrequenz-Hocht\u00f6ner und einen Niederfrequenz-Mittelbass, die zusammenarbeiten, um einen klaren, satten Klang zu erzeugen.<\/p>\n<p>&nbsp;<\/p>\n<p>Zu den wesentlichen \u00c4nderungen im Vergleich zur Vorg\u00e4ngerversion von Harmony 6.5 geh\u00f6ren:<\/p>\n<p>Verwendet einen neuen Kegel und eine neue Lautsprecherabdeckung sowie ein verbessertes Magnetsystem f\u00fcr verbesserte Klangleistung und h\u00f6here Leistung.<br \/>\nDie Verwendung einer neuen Hochtonkalotte sorgt f\u00fcr einen klareren und detaillierteren Hochfrequenzklang.<br \/>\nVerwendung eines Filters zweiter Ordnung f\u00fcr den Hocht\u00f6ner, der seinen Frequenzgang verbessert und eine genauere Wiedergabe hoher Frequenzen erm\u00f6glicht.<\/p>\n<p>Das Lautsprechersystem Pride Harmony 6.5 v.2 bietet eine Nennimpedanz von 4 Ohm und kann an eine Vielzahl von Audioger\u00e4ten angeschlossen werden, darunter Autoradios, Verst\u00e4rker und Headunits.<\/p>\n<p>Sie sind f\u00fcr den Einbau in die Vorder- und\/oder Hintert\u00fcren eines Fahrzeugs konzipiert und erfordern nur minimale Eingriffe in die Innenausstattung des Werks.<\/p>\n","protected":false},"excerpt":{"rendered":"<p>80W<\/p>\n","protected":false},"featured_media":19241,"template":"","meta":{"inline_featured_image":false},"product_brand":[],"product_cat":[678,679],"product_tag":[],"class_list":{"0":"post-8997","1":"product","2":"type-product","3":"status-publish","4":"has-post-thumbnail","6":"product_cat-discontinued-de","7":"product_cat-disspeakers-de","9":"first","10":"outofstock","11":"taxable","12":"shipping-taxable","13":"product-type-simple"},"acf":[],"yoast_head":"<!-- This site is optimized with the Yoast SEO plugin v27.3 - https:\/\/yoast.com\/product\/yoast-seo-wordpress\/ -->\n<title>Lautsprecher Pride Coaxial Harmony 6,5 v.2 RMS 80W Gr\u00f6\u00dfe 6,5&quot; - Pride Car Audio1<\/title>\n<meta name=\"robots\" content=\"index, follow, max-snippet:-1, max-image-preview:large, max-video-preview:-1\" \/>\n<link rel=\"canonical\" href=\"https:\/\/pride.audio\/de\/produkt\/h-65x\/\" \/>\n<meta property=\"og:locale\" content=\"de_DE\" \/>\n<meta property=\"og:type\" content=\"article\" \/>\n<meta property=\"og:title\" content=\"Lautsprecher Pride Coaxial Harmony 6,5 v.2 RMS 80W Gr\u00f6\u00dfe 6,5&quot; - Pride Car Audio1\" \/>\n<meta property=\"og:description\" content=\"80W\" \/>\n<meta property=\"og:url\" content=\"https:\/\/pride.audio\/de\/produkt\/h-65x\/\" \/>\n<meta property=\"og:site_name\" content=\"Pride Car Audio1\" \/>\n<meta property=\"article:modified_time\" content=\"2024-04-10T08:41:15+00:00\" \/>\n<meta property=\"og:image\" content=\"https:\/\/pride.audio\/wp-content\/uploads\/2022\/05\/7150E14E-1700-4BD5-9676-AF1DBB76EA19.jpg\" \/>\n\t<meta property=\"og:image:width\" content=\"1121\" \/>\n\t<meta property=\"og:image:height\" content=\"1121\" \/>\n\t<meta property=\"og:image:type\" content=\"image\/jpeg\" \/>\n<meta name=\"twitter:card\" content=\"summary_large_image\" \/>\n<meta name=\"twitter:label1\" content=\"Gesch\u00e4tzte Lesezeit\" \/>\n\t<meta name=\"twitter:data1\" content=\"1\u00a0Minute\" \/>\n<script type=\"application\/ld+json\" class=\"yoast-schema-graph\">{\"@context\":\"https:\\\/\\\/schema.org\",\"@graph\":[{\"@type\":\"WebPage\",\"@id\":\"https:\\\/\\\/pride.audio\\\/de\\\/produkt\\\/h-65x\\\/\",\"url\":\"https:\\\/\\\/pride.audio\\\/de\\\/produkt\\\/h-65x\\\/\",\"name\":\"Lautsprecher Pride Coaxial Harmony 6,5 v.2 RMS 80W Gr\u00f6\u00dfe 6,5\\\" - Pride Car Audio1\",\"isPartOf\":{\"@id\":\"https:\\\/\\\/pride.audio\\\/#website\"},\"primaryImageOfPage\":{\"@id\":\"https:\\\/\\\/pride.audio\\\/de\\\/produkt\\\/h-65x\\\/#primaryimage\"},\"image\":{\"@id\":\"https:\\\/\\\/pride.audio\\\/de\\\/produkt\\\/h-65x\\\/#primaryimage\"},\"thumbnailUrl\":\"https:\\\/\\\/pride.audio\\\/wp-content\\\/uploads\\\/2022\\\/05\\\/7150E14E-1700-4BD5-9676-AF1DBB76EA19.jpg\",\"datePublished\":\"2022-05-09T03:07:04+00:00\",\"dateModified\":\"2024-04-10T08:41:15+00:00\",\"breadcrumb\":{\"@id\":\"https:\\\/\\\/pride.audio\\\/de\\\/produkt\\\/h-65x\\\/#breadcrumb\"},\"inLanguage\":\"de\",\"potentialAction\":[{\"@type\":\"ReadAction\",\"target\":[\"https:\\\/\\\/pride.audio\\\/de\\\/produkt\\\/h-65x\\\/\"]}]},{\"@type\":\"ImageObject\",\"inLanguage\":\"de\",\"@id\":\"https:\\\/\\\/pride.audio\\\/de\\\/produkt\\\/h-65x\\\/#primaryimage\",\"url\":\"https:\\\/\\\/pride.audio\\\/wp-content\\\/uploads\\\/2022\\\/05\\\/7150E14E-1700-4BD5-9676-AF1DBB76EA19.jpg\",\"contentUrl\":\"https:\\\/\\\/pride.audio\\\/wp-content\\\/uploads\\\/2022\\\/05\\\/7150E14E-1700-4BD5-9676-AF1DBB76EA19.jpg\",\"width\":1121,\"height\":1121,\"caption\":\"Screenshot\"},{\"@type\":\"BreadcrumbList\",\"@id\":\"https:\\\/\\\/pride.audio\\\/de\\\/produkt\\\/h-65x\\\/#breadcrumb\",\"itemListElement\":[{\"@type\":\"ListItem\",\"position\":1,\"name\":\"Home\",\"item\":\"https:\\\/\\\/pride.audio\\\/de\\\/\"},{\"@type\":\"ListItem\",\"position\":2,\"name\":\"Shop\",\"item\":\"https:\\\/\\\/pride.audio\\\/de\\\/shop-2\\\/\"},{\"@type\":\"ListItem\",\"position\":3,\"name\":\"Lautsprecher Pride Coaxial Harmony 6,5 v.2 RMS 80W Gr\u00f6\u00dfe 6,5&#8243;\"}]},{\"@type\":\"WebSite\",\"@id\":\"https:\\\/\\\/pride.audio\\\/#website\",\"url\":\"https:\\\/\\\/pride.audio\\\/\",\"name\":\"Pride Car Audio1\",\"description\":\"Pride Car Audio: Official site\",\"publisher\":{\"@id\":\"https:\\\/\\\/pride.audio\\\/#organization\"},\"potentialAction\":[{\"@type\":\"SearchAction\",\"target\":{\"@type\":\"EntryPoint\",\"urlTemplate\":\"https:\\\/\\\/pride.audio\\\/?s={search_term_string}\"},\"query-input\":{\"@type\":\"PropertyValueSpecification\",\"valueRequired\":true,\"valueName\":\"search_term_string\"}}],\"inLanguage\":\"de\"},{\"@type\":\"Organization\",\"@id\":\"https:\\\/\\\/pride.audio\\\/#organization\",\"name\":\"Pride Car Audio1\",\"url\":\"https:\\\/\\\/pride.audio\\\/\",\"logo\":{\"@type\":\"ImageObject\",\"inLanguage\":\"de\",\"@id\":\"https:\\\/\\\/pride.audio\\\/#\\\/schema\\\/logo\\\/image\\\/\",\"url\":\"https:\\\/\\\/pride.audio\\\/wp-content\\\/uploads\\\/2023\\\/08\\\/g10.svg\",\"contentUrl\":\"https:\\\/\\\/pride.audio\\\/wp-content\\\/uploads\\\/2023\\\/08\\\/g10.svg\",\"width\":158,\"height\":34,\"caption\":\"Pride Car Audio1\"},\"image\":{\"@id\":\"https:\\\/\\\/pride.audio\\\/#\\\/schema\\\/logo\\\/image\\\/\"}}]}<\/script>\n<!-- \/ Yoast SEO plugin. -->","yoast_head_json":{"title":"Lautsprecher Pride Coaxial Harmony 6,5 v.2 RMS 80W Gr\u00f6\u00dfe 6,5\" - Pride Car Audio1","robots":{"index":"index","follow":"follow","max-snippet":"max-snippet:-1","max-image-preview":"max-image-preview:large","max-video-preview":"max-video-preview:-1"},"canonical":"https:\/\/pride.audio\/de\/produkt\/h-65x\/","og_locale":"de_DE","og_type":"article","og_title":"Lautsprecher Pride Coaxial Harmony 6,5 v.2 RMS 80W Gr\u00f6\u00dfe 6,5\" - Pride Car Audio1","og_description":"80W","og_url":"https:\/\/pride.audio\/de\/produkt\/h-65x\/","og_site_name":"Pride Car Audio1","article_modified_time":"2024-04-10T08:41:15+00:00","og_image":[{"width":1121,"height":1121,"url":"https:\/\/pride.audio\/wp-content\/uploads\/2022\/05\/7150E14E-1700-4BD5-9676-AF1DBB76EA19.jpg","type":"image\/jpeg"}],"twitter_card":"summary_large_image","twitter_misc":{"Gesch\u00e4tzte Lesezeit":"1\u00a0Minute"},"schema":{"@context":"https:\/\/schema.org","@graph":[{"@type":"WebPage","@id":"https:\/\/pride.audio\/de\/produkt\/h-65x\/","url":"https:\/\/pride.audio\/de\/produkt\/h-65x\/","name":"Lautsprecher Pride Coaxial Harmony 6,5 v.2 RMS 80W Gr\u00f6\u00dfe 6,5\" - Pride Car Audio1","isPartOf":{"@id":"https:\/\/pride.audio\/#website"},"primaryImageOfPage":{"@id":"https:\/\/pride.audio\/de\/produkt\/h-65x\/#primaryimage"},"image":{"@id":"https:\/\/pride.audio\/de\/produkt\/h-65x\/#primaryimage"},"thumbnailUrl":"https:\/\/pride.audio\/wp-content\/uploads\/2022\/05\/7150E14E-1700-4BD5-9676-AF1DBB76EA19.jpg","datePublished":"2022-05-09T03:07:04+00:00","dateModified":"2024-04-10T08:41:15+00:00","breadcrumb":{"@id":"https:\/\/pride.audio\/de\/produkt\/h-65x\/#breadcrumb"},"inLanguage":"de","potentialAction":[{"@type":"ReadAction","target":["https:\/\/pride.audio\/de\/produkt\/h-65x\/"]}]},{"@type":"ImageObject","inLanguage":"de","@id":"https:\/\/pride.audio\/de\/produkt\/h-65x\/#primaryimage","url":"https:\/\/pride.audio\/wp-content\/uploads\/2022\/05\/7150E14E-1700-4BD5-9676-AF1DBB76EA19.jpg","contentUrl":"https:\/\/pride.audio\/wp-content\/uploads\/2022\/05\/7150E14E-1700-4BD5-9676-AF1DBB76EA19.jpg","width":1121,"height":1121,"caption":"Screenshot"},{"@type":"BreadcrumbList","@id":"https:\/\/pride.audio\/de\/produkt\/h-65x\/#breadcrumb","itemListElement":[{"@type":"ListItem","position":1,"name":"Home","item":"https:\/\/pride.audio\/de\/"},{"@type":"ListItem","position":2,"name":"Shop","item":"https:\/\/pride.audio\/de\/shop-2\/"},{"@type":"ListItem","position":3,"name":"Lautsprecher Pride Coaxial Harmony 6,5 v.2 RMS 80W Gr\u00f6\u00dfe 6,5&#8243;"}]},{"@type":"WebSite","@id":"https:\/\/pride.audio\/#website","url":"https:\/\/pride.audio\/","name":"Pride Car Audio1","description":"Pride Car Audio: Official site","publisher":{"@id":"https:\/\/pride.audio\/#organization"},"potentialAction":[{"@type":"SearchAction","target":{"@type":"EntryPoint","urlTemplate":"https:\/\/pride.audio\/?s={search_term_string}"},"query-input":{"@type":"PropertyValueSpecification","valueRequired":true,"valueName":"search_term_string"}}],"inLanguage":"de"},{"@type":"Organization","@id":"https:\/\/pride.audio\/#organization","name":"Pride Car Audio1","url":"https:\/\/pride.audio\/","logo":{"@type":"ImageObject","inLanguage":"de","@id":"https:\/\/pride.audio\/#\/schema\/logo\/image\/","url":"https:\/\/pride.audio\/wp-content\/uploads\/2023\/08\/g10.svg","contentUrl":"https:\/\/pride.audio\/wp-content\/uploads\/2023\/08\/g10.svg","width":158,"height":34,"caption":"Pride Car Audio1"},"image":{"@id":"https:\/\/pride.audio\/#\/schema\/logo\/image\/"}}]}},"_links":{"self":[{"href":"https:\/\/pride.audio\/de\/wp-json\/wp\/v2\/product\/8997","targetHints":{"allow":["GET"]}}],"collection":[{"href":"https:\/\/pride.audio\/de\/wp-json\/wp\/v2\/product"}],"about":[{"href":"https:\/\/pride.audio\/de\/wp-json\/wp\/v2\/types\/product"}],"wp:featuredmedia":[{"embeddable":true,"href":"https:\/\/pride.audio\/de\/wp-json\/wp\/v2\/media\/19241"}],"wp:attachment":[{"href":"https:\/\/pride.audio\/de\/wp-json\/wp\/v2\/media?parent=8997"}],"wp:term":[{"taxonomy":"product_brand","embeddable":true,"href":"https:\/\/pride.audio\/de\/wp-json\/wp\/v2\/product_brand?post=8997"},{"taxonomy":"product_cat","embeddable":true,"href":"https:\/\/pride.audio\/de\/wp-json\/wp\/v2\/product_cat?post=8997"},{"taxonomy":"product_tag","embeddable":true,"href":"https:\/\/pride.audio\/de\/wp-json\/wp\/v2\/product_tag?post=8997"}],"curies":[{"name":"wp","href":"https:\/\/api.w.org\/{rel}","templated":true}]}}