{"id":8981,"date":"2022-07-21T05:17:25","date_gmt":"2022-07-21T10:17:25","guid":{"rendered":"https:\/\/pride.audio\/product\/pride-recone-module-solo-300\/"},"modified":"2026-03-31T18:17:13","modified_gmt":"2026-03-31T23:17:13","slug":"pride-recone-module-solo-300","status":"publish","type":"product","link":"https:\/\/pride.audio\/de\/produkt\/pride-recone-module-solo-300\/","title":{"rendered":"Pride Aufkl\u00e4rungsmodul Solo 300"},"content":{"rendered":"<p><strong>Pride Aufkl\u00e4rungsmodul Solo 300<\/strong><\/p>\n<p>Ersatzmodul f\u00fcr den Pride Solo 300 Lautsprecher. Das bewegliche Teilmodul erleichtert den Austausch oder die Reparatur des Lautsprechers. Das Pride Solo 300-Ersatzmodul umfasst alle Elemente des beweglichen Lautsprechersystems, die auf einem einzigen Polymerrahmen zusammengebaut sind. Das Modul enth\u00e4lt die Elemente, die am h\u00e4ufigsten aufgrund elektrischer \u00dcberlastungen und mechanischer Besch\u00e4digungen ausfallen. Bei einem Ausfall der Schwingspule und der von ihr ausgehenden Versorgungsleitungen, der Zentrierscheibe, des Diffusors oder der Aufh\u00e4ngung wird das gesamte Bewegungssystem als Ganzes ausgetauscht. Das Pride Solo 300-Modul erm\u00f6glicht eine schnelle und einfache Lautsprecherreparatur.<\/p>\n<p>Reihenfolge zum Wechseln des Pride Solo 300 Reparatursatzes:<\/p>\n<p>Schrauben Sie das alte, ausgefallene Modul ab.<br \/>\nReinigen Sie den Spalt von Resten der verbrannten Spule, falls diese im Spalt vorhanden sind. Nachdem Sie die R\u00fcckst\u00e4nde entfernt haben, m\u00fcssen Sie den Spalt ausblasen oder den Spalt mit aufgerolltem Klebeband reinigen. Wenn der Spalt nicht ordnungsgem\u00e4\u00df gereinigt wird, k\u00f6nnen R\u00fcckst\u00e4nde der Schwingspule den ordnungsgem\u00e4\u00dfen Betrieb des Lautsprechers beeintr\u00e4chtigen oder die neue Schwingspule besch\u00e4digen.<br \/>\nInstallieren Sie das Modul vorsichtig. Es ist wichtig zu verstehen, dass die Schwingspule unter radialen Belastungen keine gro\u00dfe Steifigkeit aufweist und dass jede \u00e4u\u00dfere Einwirkung auf sie zu Verformungen f\u00fchren kann.<br \/>\nSchrauben festziehen. Ziehen Sie sie nicht mit zu viel Kraft fest.<\/p>\n<p>Es ist wichtig zu beachten, dass wir, wenn Sie das Modul selbst installieren (nicht von einem offiziellen Vertreter), die Richtigkeit der Ma\u00dfnahmen beim Austausch nicht kontrollieren k\u00f6nnen, was bedeutet, dass wir nicht f\u00fcr die Richtigkeit des sp\u00e4teren Betriebs verantwortlich sind und keine Garantie \u00fcbernehmen dieses Produkt<\/p>\n","protected":false},"excerpt":{"rendered":"<p>Pride Aufkl\u00e4rungsmodul Solo 300 Ersatzmodul f\u00fcr den Pride Solo 300 Lautsprecher. Das bewegliche Teilmodul erleichtert den Austausch oder die Reparatur des Lautsprechers. Das Pride Solo 300-Ersatzmodul umfasst alle Elemente des beweglichen Lautsprechersystems, die auf einem einzigen Polymerrahmen zusammengebaut sind. Das Modul enth\u00e4lt die Elemente, die am h\u00e4ufigsten aufgrund elektrischer \u00dcberlastungen und mechanischer Besch\u00e4digungen ausfallen. Bei [&hellip;]<\/p>\n","protected":false},"featured_media":17555,"template":"","meta":{"inline_featured_image":false},"product_brand":[],"product_cat":[340,347],"product_tag":[],"class_list":{"0":"post-8981","1":"product","2":"type-product","3":"status-publish","4":"has-post-thumbnail","6":"product_cat-speakers","7":"product_cat-moduls","9":"first","10":"outofstock","11":"taxable","12":"shipping-taxable","13":"product-type-simple"},"acf":[],"yoast_head":"<!-- This site is optimized with the Yoast SEO plugin v27.3 - https:\/\/yoast.com\/product\/yoast-seo-wordpress\/ -->\n<title>Pride Aufkl\u00e4rungsmodul Solo 300 - Pride Car Audio1<\/title>\n<meta name=\"robots\" content=\"index, follow, max-snippet:-1, max-image-preview:large, max-video-preview:-1\" \/>\n<link rel=\"canonical\" href=\"https:\/\/pride.audio\/de\/produkt\/pride-recone-module-solo-300\/\" \/>\n<meta property=\"og:locale\" content=\"de_DE\" \/>\n<meta property=\"og:type\" content=\"article\" \/>\n<meta property=\"og:title\" content=\"Pride Aufkl\u00e4rungsmodul Solo 300 - Pride Car Audio1\" \/>\n<meta property=\"og:description\" content=\"Pride Aufkl\u00e4rungsmodul Solo 300 Ersatzmodul f\u00fcr den Pride Solo 300 Lautsprecher. Das bewegliche Teilmodul erleichtert den Austausch oder die Reparatur des Lautsprechers. Das Pride Solo 300-Ersatzmodul umfasst alle Elemente des beweglichen Lautsprechersystems, die auf einem einzigen Polymerrahmen zusammengebaut sind. Das Modul enth\u00e4lt die Elemente, die am h\u00e4ufigsten aufgrund elektrischer \u00dcberlastungen und mechanischer Besch\u00e4digungen ausfallen. Bei [&hellip;]\" \/>\n<meta property=\"og:url\" content=\"https:\/\/pride.audio\/de\/produkt\/pride-recone-module-solo-300\/\" \/>\n<meta property=\"og:site_name\" content=\"Pride Car Audio1\" \/>\n<meta property=\"article:modified_time\" content=\"2026-03-31T23:17:13+00:00\" \/>\n<meta property=\"og:image\" content=\"https:\/\/pride.audio\/wp-content\/uploads\/2024\/01\/recone_module_Solo_300NEO_mini.jpeg\" \/>\n\t<meta property=\"og:image:width\" content=\"300\" \/>\n\t<meta property=\"og:image:height\" content=\"300\" \/>\n\t<meta property=\"og:image:type\" content=\"image\/jpeg\" \/>\n<meta name=\"twitter:card\" content=\"summary_large_image\" \/>\n<meta name=\"twitter:label1\" content=\"Gesch\u00e4tzte Lesezeit\" \/>\n\t<meta name=\"twitter:data1\" content=\"1\u00a0Minute\" \/>\n<script type=\"application\/ld+json\" class=\"yoast-schema-graph\">{\"@context\":\"https:\\\/\\\/schema.org\",\"@graph\":[{\"@type\":\"WebPage\",\"@id\":\"https:\\\/\\\/pride.audio\\\/de\\\/produkt\\\/pride-recone-module-solo-300\\\/\",\"url\":\"https:\\\/\\\/pride.audio\\\/de\\\/produkt\\\/pride-recone-module-solo-300\\\/\",\"name\":\"Pride Aufkl\u00e4rungsmodul Solo 300 - Pride Car Audio1\",\"isPartOf\":{\"@id\":\"https:\\\/\\\/pride.audio\\\/#website\"},\"primaryImageOfPage\":{\"@id\":\"https:\\\/\\\/pride.audio\\\/de\\\/produkt\\\/pride-recone-module-solo-300\\\/#primaryimage\"},\"image\":{\"@id\":\"https:\\\/\\\/pride.audio\\\/de\\\/produkt\\\/pride-recone-module-solo-300\\\/#primaryimage\"},\"thumbnailUrl\":\"https:\\\/\\\/pride.audio\\\/wp-content\\\/uploads\\\/2024\\\/01\\\/recone_module_Solo_300NEO_mini.jpeg\",\"datePublished\":\"2022-07-21T10:17:25+00:00\",\"dateModified\":\"2026-03-31T23:17:13+00:00\",\"breadcrumb\":{\"@id\":\"https:\\\/\\\/pride.audio\\\/de\\\/produkt\\\/pride-recone-module-solo-300\\\/#breadcrumb\"},\"inLanguage\":\"de\",\"potentialAction\":[{\"@type\":\"ReadAction\",\"target\":[\"https:\\\/\\\/pride.audio\\\/de\\\/produkt\\\/pride-recone-module-solo-300\\\/\"]}]},{\"@type\":\"ImageObject\",\"inLanguage\":\"de\",\"@id\":\"https:\\\/\\\/pride.audio\\\/de\\\/produkt\\\/pride-recone-module-solo-300\\\/#primaryimage\",\"url\":\"https:\\\/\\\/pride.audio\\\/wp-content\\\/uploads\\\/2024\\\/01\\\/recone_module_Solo_300NEO_mini.jpeg\",\"contentUrl\":\"https:\\\/\\\/pride.audio\\\/wp-content\\\/uploads\\\/2024\\\/01\\\/recone_module_Solo_300NEO_mini.jpeg\",\"width\":300,\"height\":300},{\"@type\":\"BreadcrumbList\",\"@id\":\"https:\\\/\\\/pride.audio\\\/de\\\/produkt\\\/pride-recone-module-solo-300\\\/#breadcrumb\",\"itemListElement\":[{\"@type\":\"ListItem\",\"position\":1,\"name\":\"Home\",\"item\":\"https:\\\/\\\/pride.audio\\\/de\\\/\"},{\"@type\":\"ListItem\",\"position\":2,\"name\":\"Shop\",\"item\":\"https:\\\/\\\/pride.audio\\\/de\\\/shop-2\\\/\"},{\"@type\":\"ListItem\",\"position\":3,\"name\":\"Pride Aufkl\u00e4rungsmodul Solo 300\"}]},{\"@type\":\"WebSite\",\"@id\":\"https:\\\/\\\/pride.audio\\\/#website\",\"url\":\"https:\\\/\\\/pride.audio\\\/\",\"name\":\"Pride Car Audio1\",\"description\":\"Pride Car Audio: Official site\",\"publisher\":{\"@id\":\"https:\\\/\\\/pride.audio\\\/#organization\"},\"potentialAction\":[{\"@type\":\"SearchAction\",\"target\":{\"@type\":\"EntryPoint\",\"urlTemplate\":\"https:\\\/\\\/pride.audio\\\/?s={search_term_string}\"},\"query-input\":{\"@type\":\"PropertyValueSpecification\",\"valueRequired\":true,\"valueName\":\"search_term_string\"}}],\"inLanguage\":\"de\"},{\"@type\":\"Organization\",\"@id\":\"https:\\\/\\\/pride.audio\\\/#organization\",\"name\":\"Pride Car Audio1\",\"url\":\"https:\\\/\\\/pride.audio\\\/\",\"logo\":{\"@type\":\"ImageObject\",\"inLanguage\":\"de\",\"@id\":\"https:\\\/\\\/pride.audio\\\/#\\\/schema\\\/logo\\\/image\\\/\",\"url\":\"https:\\\/\\\/pride.audio\\\/wp-content\\\/uploads\\\/2023\\\/08\\\/g10.svg\",\"contentUrl\":\"https:\\\/\\\/pride.audio\\\/wp-content\\\/uploads\\\/2023\\\/08\\\/g10.svg\",\"width\":158,\"height\":34,\"caption\":\"Pride Car Audio1\"},\"image\":{\"@id\":\"https:\\\/\\\/pride.audio\\\/#\\\/schema\\\/logo\\\/image\\\/\"}}]}<\/script>\n<!-- \/ Yoast SEO plugin. -->","yoast_head_json":{"title":"Pride Aufkl\u00e4rungsmodul Solo 300 - Pride Car Audio1","robots":{"index":"index","follow":"follow","max-snippet":"max-snippet:-1","max-image-preview":"max-image-preview:large","max-video-preview":"max-video-preview:-1"},"canonical":"https:\/\/pride.audio\/de\/produkt\/pride-recone-module-solo-300\/","og_locale":"de_DE","og_type":"article","og_title":"Pride Aufkl\u00e4rungsmodul Solo 300 - Pride Car Audio1","og_description":"Pride Aufkl\u00e4rungsmodul Solo 300 Ersatzmodul f\u00fcr den Pride Solo 300 Lautsprecher. Das bewegliche Teilmodul erleichtert den Austausch oder die Reparatur des Lautsprechers. Das Pride Solo 300-Ersatzmodul umfasst alle Elemente des beweglichen Lautsprechersystems, die auf einem einzigen Polymerrahmen zusammengebaut sind. Das Modul enth\u00e4lt die Elemente, die am h\u00e4ufigsten aufgrund elektrischer \u00dcberlastungen und mechanischer Besch\u00e4digungen ausfallen. Bei [&hellip;]","og_url":"https:\/\/pride.audio\/de\/produkt\/pride-recone-module-solo-300\/","og_site_name":"Pride Car Audio1","article_modified_time":"2026-03-31T23:17:13+00:00","og_image":[{"width":300,"height":300,"url":"https:\/\/pride.audio\/wp-content\/uploads\/2024\/01\/recone_module_Solo_300NEO_mini.jpeg","type":"image\/jpeg"}],"twitter_card":"summary_large_image","twitter_misc":{"Gesch\u00e4tzte Lesezeit":"1\u00a0Minute"},"schema":{"@context":"https:\/\/schema.org","@graph":[{"@type":"WebPage","@id":"https:\/\/pride.audio\/de\/produkt\/pride-recone-module-solo-300\/","url":"https:\/\/pride.audio\/de\/produkt\/pride-recone-module-solo-300\/","name":"Pride Aufkl\u00e4rungsmodul Solo 300 - Pride Car Audio1","isPartOf":{"@id":"https:\/\/pride.audio\/#website"},"primaryImageOfPage":{"@id":"https:\/\/pride.audio\/de\/produkt\/pride-recone-module-solo-300\/#primaryimage"},"image":{"@id":"https:\/\/pride.audio\/de\/produkt\/pride-recone-module-solo-300\/#primaryimage"},"thumbnailUrl":"https:\/\/pride.audio\/wp-content\/uploads\/2024\/01\/recone_module_Solo_300NEO_mini.jpeg","datePublished":"2022-07-21T10:17:25+00:00","dateModified":"2026-03-31T23:17:13+00:00","breadcrumb":{"@id":"https:\/\/pride.audio\/de\/produkt\/pride-recone-module-solo-300\/#breadcrumb"},"inLanguage":"de","potentialAction":[{"@type":"ReadAction","target":["https:\/\/pride.audio\/de\/produkt\/pride-recone-module-solo-300\/"]}]},{"@type":"ImageObject","inLanguage":"de","@id":"https:\/\/pride.audio\/de\/produkt\/pride-recone-module-solo-300\/#primaryimage","url":"https:\/\/pride.audio\/wp-content\/uploads\/2024\/01\/recone_module_Solo_300NEO_mini.jpeg","contentUrl":"https:\/\/pride.audio\/wp-content\/uploads\/2024\/01\/recone_module_Solo_300NEO_mini.jpeg","width":300,"height":300},{"@type":"BreadcrumbList","@id":"https:\/\/pride.audio\/de\/produkt\/pride-recone-module-solo-300\/#breadcrumb","itemListElement":[{"@type":"ListItem","position":1,"name":"Home","item":"https:\/\/pride.audio\/de\/"},{"@type":"ListItem","position":2,"name":"Shop","item":"https:\/\/pride.audio\/de\/shop-2\/"},{"@type":"ListItem","position":3,"name":"Pride Aufkl\u00e4rungsmodul Solo 300"}]},{"@type":"WebSite","@id":"https:\/\/pride.audio\/#website","url":"https:\/\/pride.audio\/","name":"Pride Car Audio1","description":"Pride Car Audio: Official site","publisher":{"@id":"https:\/\/pride.audio\/#organization"},"potentialAction":[{"@type":"SearchAction","target":{"@type":"EntryPoint","urlTemplate":"https:\/\/pride.audio\/?s={search_term_string}"},"query-input":{"@type":"PropertyValueSpecification","valueRequired":true,"valueName":"search_term_string"}}],"inLanguage":"de"},{"@type":"Organization","@id":"https:\/\/pride.audio\/#organization","name":"Pride Car Audio1","url":"https:\/\/pride.audio\/","logo":{"@type":"ImageObject","inLanguage":"de","@id":"https:\/\/pride.audio\/#\/schema\/logo\/image\/","url":"https:\/\/pride.audio\/wp-content\/uploads\/2023\/08\/g10.svg","contentUrl":"https:\/\/pride.audio\/wp-content\/uploads\/2023\/08\/g10.svg","width":158,"height":34,"caption":"Pride Car Audio1"},"image":{"@id":"https:\/\/pride.audio\/#\/schema\/logo\/image\/"}}]}},"_links":{"self":[{"href":"https:\/\/pride.audio\/de\/wp-json\/wp\/v2\/product\/8981","targetHints":{"allow":["GET"]}}],"collection":[{"href":"https:\/\/pride.audio\/de\/wp-json\/wp\/v2\/product"}],"about":[{"href":"https:\/\/pride.audio\/de\/wp-json\/wp\/v2\/types\/product"}],"wp:featuredmedia":[{"embeddable":true,"href":"https:\/\/pride.audio\/de\/wp-json\/wp\/v2\/media\/17555"}],"wp:attachment":[{"href":"https:\/\/pride.audio\/de\/wp-json\/wp\/v2\/media?parent=8981"}],"wp:term":[{"taxonomy":"product_brand","embeddable":true,"href":"https:\/\/pride.audio\/de\/wp-json\/wp\/v2\/product_brand?post=8981"},{"taxonomy":"product_cat","embeddable":true,"href":"https:\/\/pride.audio\/de\/wp-json\/wp\/v2\/product_cat?post=8981"},{"taxonomy":"product_tag","embeddable":true,"href":"https:\/\/pride.audio\/de\/wp-json\/wp\/v2\/product_tag?post=8981"}],"curies":[{"name":"wp","href":"https:\/\/api.w.org\/{rel}","templated":true}]}}