{"id":8965,"date":"2022-09-16T11:29:27","date_gmt":"2022-09-16T16:29:27","guid":{"rendered":"https:\/\/pride.audio\/product\/subwoofer-pride-m6-10\/"},"modified":"2024-04-10T10:28:23","modified_gmt":"2024-04-10T08:28:23","slug":"subwoofer-pride-m6-10","status":"publish","type":"product","link":"https:\/\/pride.audio\/de\/produkt\/subwoofer-pride-m6-10\/","title":{"rendered":"Subwoofer Pride M6.10 RMS 600 W Gr\u00f6\u00dfe 10&#8243;"},"content":{"rendered":"<p><strong>Subwoofer Pride M6.10<\/strong><\/p>\n<p>Wir pr\u00e4sentieren Ihnen den Subwoofer Pride M6.10<\/p>\n<p>Pride M.6 10&#8243; ist ein Modell mit tadellosen Eigenschaften, das Ihnen einen klaren Musikklang erm\u00f6glicht.<br \/>\nDer Subwoofer hat eine ehrliche RMS-Leistung von 600 Watt und einen noch besseren Wirkungsgrad als die Vorg\u00e4ngermodelle.<br \/>\nSchwingspule \u2013 2\u2033 rundes Kupfer<br \/>\nGr\u00f6\u00dfe 10&#8243;<\/p>\n<p>Die besonderen Eigenschaften unserer Subwoofer sind die hohe Qualit\u00e4t der Rohstoffe, ihre Verschlei\u00dffestigkeit und lange Lebensdauer, sodass Ihr Lautsprechersystem von Pride Car Audio viele Jahre lang einwandfrei funktionieren wird.<\/p>\n<p>Subwoofer des f\u00fchrenden Unternehmens Pride zeichnen sich durch folgende Vorteile aus:<\/p>\n<p>Durch das Hei\u00dfpressen der Unterlegscheiben und die Verwendung von gewebtem Material f\u00fcr die Zentrierscheiben k\u00f6nnen Sie das volle Potenzial des Lautsprechers unter verschiedenen Betriebsbedingungen aussch\u00f6pfen.<\/p>\n<p>Automatisiertes Kleben von Magnetsystemen zur Pr\u00fcfung des Magnetsystems auf alle Eigenschaften.<\/p>\n<p>Ein spezieller Kleber f\u00fcr jede Einheit der Pride-Akustik sorgt f\u00fcr maximale Festigkeit und Elastizit\u00e4t der beweglichen Einheiten.<\/p>\n<p>Akustiknetze werden individuell f\u00fcr die gesamte Modellpalette entwickelt und sch\u00fctzen die Diffusoren daher wirksam vor mechanischen Besch\u00e4digungen<\/p>\n<p>Erfreuen Sie sich mit kraftvollen B\u00e4ssen, klarem Klang und zuverl\u00e4ssiger Ausstattung mit Pride Car Audio<br \/>\nSubwoofer in den USA erh\u00e4ltlich!<\/p>\n","protected":false},"excerpt":{"rendered":"<p>RMS &#8211; 600W<\/p>\n","protected":false},"featured_media":18376,"template":"","meta":{"inline_featured_image":false},"product_brand":[],"product_cat":[350,465],"product_tag":[],"class_list":{"0":"post-8965","1":"product","2":"type-product","3":"status-publish","4":"has-post-thumbnail","6":"product_cat-subwoofers","7":"product_cat-m5series-de","9":"first","10":"outofstock","11":"taxable","12":"shipping-taxable","13":"product-type-variable","14":"has-default-attributes"},"acf":[],"yoast_head":"<!-- This site is optimized with the Yoast SEO plugin v27.3 - https:\/\/yoast.com\/product\/yoast-seo-wordpress\/ -->\n<title>Subwoofer Pride M6.10 RMS 600 W Gr\u00f6\u00dfe 10&quot; - Pride Car Audio1<\/title>\n<meta name=\"robots\" content=\"index, follow, max-snippet:-1, max-image-preview:large, max-video-preview:-1\" \/>\n<link rel=\"canonical\" href=\"https:\/\/pride.audio\/de\/produkt\/subwoofer-pride-m6-10\/\" \/>\n<meta property=\"og:locale\" content=\"de_DE\" \/>\n<meta property=\"og:type\" content=\"article\" \/>\n<meta property=\"og:title\" content=\"Subwoofer Pride M6.10 RMS 600 W Gr\u00f6\u00dfe 10&quot; - Pride Car Audio1\" \/>\n<meta property=\"og:description\" content=\"RMS - 600W\" \/>\n<meta property=\"og:url\" content=\"https:\/\/pride.audio\/de\/produkt\/subwoofer-pride-m6-10\/\" \/>\n<meta property=\"og:site_name\" content=\"Pride Car Audio1\" \/>\n<meta property=\"article:modified_time\" content=\"2024-04-10T08:28:23+00:00\" \/>\n<meta property=\"og:image\" content=\"https:\/\/pride.audio\/wp-content\/uploads\/2022\/09\/pride_subwoofer_m610_1.jpg\" \/>\n\t<meta property=\"og:image:width\" content=\"559\" \/>\n\t<meta property=\"og:image:height\" content=\"424\" \/>\n\t<meta property=\"og:image:type\" content=\"image\/jpeg\" \/>\n<meta name=\"twitter:card\" content=\"summary_large_image\" \/>\n<meta name=\"twitter:label1\" content=\"Gesch\u00e4tzte Lesezeit\" \/>\n\t<meta name=\"twitter:data1\" content=\"1\u00a0Minute\" \/>\n<script type=\"application\/ld+json\" class=\"yoast-schema-graph\">{\"@context\":\"https:\\\/\\\/schema.org\",\"@graph\":[{\"@type\":\"WebPage\",\"@id\":\"https:\\\/\\\/pride.audio\\\/de\\\/produkt\\\/subwoofer-pride-m6-10\\\/\",\"url\":\"https:\\\/\\\/pride.audio\\\/de\\\/produkt\\\/subwoofer-pride-m6-10\\\/\",\"name\":\"Subwoofer Pride M6.10 RMS 600 W Gr\u00f6\u00dfe 10\\\" - Pride Car Audio1\",\"isPartOf\":{\"@id\":\"https:\\\/\\\/pride.audio\\\/#website\"},\"primaryImageOfPage\":{\"@id\":\"https:\\\/\\\/pride.audio\\\/de\\\/produkt\\\/subwoofer-pride-m6-10\\\/#primaryimage\"},\"image\":{\"@id\":\"https:\\\/\\\/pride.audio\\\/de\\\/produkt\\\/subwoofer-pride-m6-10\\\/#primaryimage\"},\"thumbnailUrl\":\"https:\\\/\\\/pride.audio\\\/wp-content\\\/uploads\\\/2022\\\/09\\\/pride_subwoofer_m610_1.jpg\",\"datePublished\":\"2022-09-16T16:29:27+00:00\",\"dateModified\":\"2024-04-10T08:28:23+00:00\",\"breadcrumb\":{\"@id\":\"https:\\\/\\\/pride.audio\\\/de\\\/produkt\\\/subwoofer-pride-m6-10\\\/#breadcrumb\"},\"inLanguage\":\"de\",\"potentialAction\":[{\"@type\":\"ReadAction\",\"target\":[\"https:\\\/\\\/pride.audio\\\/de\\\/produkt\\\/subwoofer-pride-m6-10\\\/\"]}]},{\"@type\":\"ImageObject\",\"inLanguage\":\"de\",\"@id\":\"https:\\\/\\\/pride.audio\\\/de\\\/produkt\\\/subwoofer-pride-m6-10\\\/#primaryimage\",\"url\":\"https:\\\/\\\/pride.audio\\\/wp-content\\\/uploads\\\/2022\\\/09\\\/pride_subwoofer_m610_1.jpg\",\"contentUrl\":\"https:\\\/\\\/pride.audio\\\/wp-content\\\/uploads\\\/2022\\\/09\\\/pride_subwoofer_m610_1.jpg\",\"width\":559,\"height\":424},{\"@type\":\"BreadcrumbList\",\"@id\":\"https:\\\/\\\/pride.audio\\\/de\\\/produkt\\\/subwoofer-pride-m6-10\\\/#breadcrumb\",\"itemListElement\":[{\"@type\":\"ListItem\",\"position\":1,\"name\":\"Home\",\"item\":\"https:\\\/\\\/pride.audio\\\/de\\\/\"},{\"@type\":\"ListItem\",\"position\":2,\"name\":\"Shop\",\"item\":\"https:\\\/\\\/pride.audio\\\/de\\\/shop-2\\\/\"},{\"@type\":\"ListItem\",\"position\":3,\"name\":\"Subwoofer Pride M6.10 RMS 600 W Gr\u00f6\u00dfe 10&#8243;\"}]},{\"@type\":\"WebSite\",\"@id\":\"https:\\\/\\\/pride.audio\\\/#website\",\"url\":\"https:\\\/\\\/pride.audio\\\/\",\"name\":\"Pride Car Audio1\",\"description\":\"Pride Car Audio: Official site\",\"publisher\":{\"@id\":\"https:\\\/\\\/pride.audio\\\/#organization\"},\"potentialAction\":[{\"@type\":\"SearchAction\",\"target\":{\"@type\":\"EntryPoint\",\"urlTemplate\":\"https:\\\/\\\/pride.audio\\\/?s={search_term_string}\"},\"query-input\":{\"@type\":\"PropertyValueSpecification\",\"valueRequired\":true,\"valueName\":\"search_term_string\"}}],\"inLanguage\":\"de\"},{\"@type\":\"Organization\",\"@id\":\"https:\\\/\\\/pride.audio\\\/#organization\",\"name\":\"Pride Car Audio1\",\"url\":\"https:\\\/\\\/pride.audio\\\/\",\"logo\":{\"@type\":\"ImageObject\",\"inLanguage\":\"de\",\"@id\":\"https:\\\/\\\/pride.audio\\\/#\\\/schema\\\/logo\\\/image\\\/\",\"url\":\"https:\\\/\\\/pride.audio\\\/wp-content\\\/uploads\\\/2023\\\/08\\\/g10.svg\",\"contentUrl\":\"https:\\\/\\\/pride.audio\\\/wp-content\\\/uploads\\\/2023\\\/08\\\/g10.svg\",\"width\":158,\"height\":34,\"caption\":\"Pride Car Audio1\"},\"image\":{\"@id\":\"https:\\\/\\\/pride.audio\\\/#\\\/schema\\\/logo\\\/image\\\/\"}}]}<\/script>\n<!-- \/ Yoast SEO plugin. -->","yoast_head_json":{"title":"Subwoofer Pride M6.10 RMS 600 W Gr\u00f6\u00dfe 10\" - Pride Car Audio1","robots":{"index":"index","follow":"follow","max-snippet":"max-snippet:-1","max-image-preview":"max-image-preview:large","max-video-preview":"max-video-preview:-1"},"canonical":"https:\/\/pride.audio\/de\/produkt\/subwoofer-pride-m6-10\/","og_locale":"de_DE","og_type":"article","og_title":"Subwoofer Pride M6.10 RMS 600 W Gr\u00f6\u00dfe 10\" - Pride Car Audio1","og_description":"RMS - 600W","og_url":"https:\/\/pride.audio\/de\/produkt\/subwoofer-pride-m6-10\/","og_site_name":"Pride Car Audio1","article_modified_time":"2024-04-10T08:28:23+00:00","og_image":[{"width":559,"height":424,"url":"https:\/\/pride.audio\/wp-content\/uploads\/2022\/09\/pride_subwoofer_m610_1.jpg","type":"image\/jpeg"}],"twitter_card":"summary_large_image","twitter_misc":{"Gesch\u00e4tzte Lesezeit":"1\u00a0Minute"},"schema":{"@context":"https:\/\/schema.org","@graph":[{"@type":"WebPage","@id":"https:\/\/pride.audio\/de\/produkt\/subwoofer-pride-m6-10\/","url":"https:\/\/pride.audio\/de\/produkt\/subwoofer-pride-m6-10\/","name":"Subwoofer Pride M6.10 RMS 600 W Gr\u00f6\u00dfe 10\" - Pride Car Audio1","isPartOf":{"@id":"https:\/\/pride.audio\/#website"},"primaryImageOfPage":{"@id":"https:\/\/pride.audio\/de\/produkt\/subwoofer-pride-m6-10\/#primaryimage"},"image":{"@id":"https:\/\/pride.audio\/de\/produkt\/subwoofer-pride-m6-10\/#primaryimage"},"thumbnailUrl":"https:\/\/pride.audio\/wp-content\/uploads\/2022\/09\/pride_subwoofer_m610_1.jpg","datePublished":"2022-09-16T16:29:27+00:00","dateModified":"2024-04-10T08:28:23+00:00","breadcrumb":{"@id":"https:\/\/pride.audio\/de\/produkt\/subwoofer-pride-m6-10\/#breadcrumb"},"inLanguage":"de","potentialAction":[{"@type":"ReadAction","target":["https:\/\/pride.audio\/de\/produkt\/subwoofer-pride-m6-10\/"]}]},{"@type":"ImageObject","inLanguage":"de","@id":"https:\/\/pride.audio\/de\/produkt\/subwoofer-pride-m6-10\/#primaryimage","url":"https:\/\/pride.audio\/wp-content\/uploads\/2022\/09\/pride_subwoofer_m610_1.jpg","contentUrl":"https:\/\/pride.audio\/wp-content\/uploads\/2022\/09\/pride_subwoofer_m610_1.jpg","width":559,"height":424},{"@type":"BreadcrumbList","@id":"https:\/\/pride.audio\/de\/produkt\/subwoofer-pride-m6-10\/#breadcrumb","itemListElement":[{"@type":"ListItem","position":1,"name":"Home","item":"https:\/\/pride.audio\/de\/"},{"@type":"ListItem","position":2,"name":"Shop","item":"https:\/\/pride.audio\/de\/shop-2\/"},{"@type":"ListItem","position":3,"name":"Subwoofer Pride M6.10 RMS 600 W Gr\u00f6\u00dfe 10&#8243;"}]},{"@type":"WebSite","@id":"https:\/\/pride.audio\/#website","url":"https:\/\/pride.audio\/","name":"Pride Car Audio1","description":"Pride Car Audio: Official site","publisher":{"@id":"https:\/\/pride.audio\/#organization"},"potentialAction":[{"@type":"SearchAction","target":{"@type":"EntryPoint","urlTemplate":"https:\/\/pride.audio\/?s={search_term_string}"},"query-input":{"@type":"PropertyValueSpecification","valueRequired":true,"valueName":"search_term_string"}}],"inLanguage":"de"},{"@type":"Organization","@id":"https:\/\/pride.audio\/#organization","name":"Pride Car Audio1","url":"https:\/\/pride.audio\/","logo":{"@type":"ImageObject","inLanguage":"de","@id":"https:\/\/pride.audio\/#\/schema\/logo\/image\/","url":"https:\/\/pride.audio\/wp-content\/uploads\/2023\/08\/g10.svg","contentUrl":"https:\/\/pride.audio\/wp-content\/uploads\/2023\/08\/g10.svg","width":158,"height":34,"caption":"Pride Car Audio1"},"image":{"@id":"https:\/\/pride.audio\/#\/schema\/logo\/image\/"}}]}},"_links":{"self":[{"href":"https:\/\/pride.audio\/de\/wp-json\/wp\/v2\/product\/8965","targetHints":{"allow":["GET"]}}],"collection":[{"href":"https:\/\/pride.audio\/de\/wp-json\/wp\/v2\/product"}],"about":[{"href":"https:\/\/pride.audio\/de\/wp-json\/wp\/v2\/types\/product"}],"wp:featuredmedia":[{"embeddable":true,"href":"https:\/\/pride.audio\/de\/wp-json\/wp\/v2\/media\/18376"}],"wp:attachment":[{"href":"https:\/\/pride.audio\/de\/wp-json\/wp\/v2\/media?parent=8965"}],"wp:term":[{"taxonomy":"product_brand","embeddable":true,"href":"https:\/\/pride.audio\/de\/wp-json\/wp\/v2\/product_brand?post=8965"},{"taxonomy":"product_cat","embeddable":true,"href":"https:\/\/pride.audio\/de\/wp-json\/wp\/v2\/product_cat?post=8965"},{"taxonomy":"product_tag","embeddable":true,"href":"https:\/\/pride.audio\/de\/wp-json\/wp\/v2\/product_tag?post=8965"}],"curies":[{"name":"wp","href":"https:\/\/api.w.org\/{rel}","templated":true}]}}