{"id":8959,"date":"2022-09-16T12:14:09","date_gmt":"2022-09-16T17:14:09","guid":{"rendered":"https:\/\/pride.audio\/product\/subwoofer-pride-m6-12\/"},"modified":"2024-04-10T10:27:04","modified_gmt":"2024-04-10T08:27:04","slug":"subwoofer-pride-m6-12","status":"publish","type":"product","link":"https:\/\/pride.audio\/de\/produkt\/subwoofer-pride-m6-12\/","title":{"rendered":"Subwoofer Pride M6.12 RMS 600W Gr\u00f6\u00dfe 12&#8243;"},"content":{"rendered":"<p><strong>Subwoofer Pride M6.12<\/strong><\/p>\n<p>Erh\u00f6hen Sie die Lautst\u00e4rke und machen Sie sich bereit f\u00fcr ein fantastisches Audioerlebnis in Ihrem Auto mit dem Subwoofer-Lautsprecher Pride M6.12. Dieser Auto-Subwoofer wurde speziell f\u00fcr kraftvollen Klang entwickelt und wird Ihre Reise mit Sicherheit unvergesslicher machen.<\/p>\n<p>Mit einer Nennleistung (RMS) von 600 W ist der Pride M6.12 bereit, dr\u00f6hnende B\u00e4sse zu erzeugen, die Ihren K\u00f6rper durchdringen und Ihre Lieblingsmusik unterstreichen. Die runde 2-Zoll-Schwingspule aus Kupfer sorgt f\u00fcr Zuverl\u00e4ssigkeit und Haltbarkeit, w\u00e4hrend das Isoliermaterial der Polyimid-Schwingspule f\u00fcr Bassreinheit und Klarheit sorgt.<\/p>\n<p>Dieser Subwoofer-Lautsprecher verf\u00fcgt \u00fcber einen Stahlgrundrahmen f\u00fcr Stabilit\u00e4t und Stabilit\u00e4t und hat eine Impedanz von 2+2 Ohm. Einfache Installation und einfache Bedienung sorgen daf\u00fcr, dass Sie diesen Subwoofer in Ihrem Auto genie\u00dfen werden.<\/p>\n<p>F\u00fcr Liebhaber kraftvollen Sounds und Stils ist der Pride M6 12 die perfekte Wahl. Es bietet Ihnen ein angenehmes Klangerlebnis und ein stilvolles Erscheinungsbild, das Ihrem Auto eine pers\u00f6nliche Note verleiht. Warten Sie nicht l\u00e4nger, bestellen Sie den Pride M6 12 und genie\u00dfen Sie satte B\u00e4sse in Ihrem Auto.<\/p>\n<p>Subwoofer des f\u00fchrenden Unternehmens Pride zeichnen sich durch folgende Vorteile aus:<\/p>\n<p>Durch das Hei\u00dfpressen der Unterlegscheiben und die Verwendung von gewebtem Material f\u00fcr die Zentrierscheiben k\u00f6nnen Sie das volle Potenzial des Lautsprechers unter verschiedenen Betriebsbedingungen aussch\u00f6pfen.<\/p>\n<p>Automatisiertes Kleben von Magnetsystemen zur Pr\u00fcfung des Magnetsystems auf alle Eigenschaften.<\/p>\n<p>Ein spezieller Kleber f\u00fcr jede Einheit der Pride-Akustik sorgt f\u00fcr maximale Festigkeit und Elastizit\u00e4t der beweglichen Einheiten.<\/p>\n<p>Akustiknetze werden individuell f\u00fcr die gesamte Modellpalette entwickelt und sch\u00fctzen die Diffusoren daher wirksam vor mechanischen Besch\u00e4digungen<\/p>\n<p>Erfreuen Sie sich an kr\u00e4ftigen B\u00e4ssen, klarem Klang und zuverl\u00e4ssiger Ausstattung mit Pride Car Audio!<br \/>\nSubwoofer in den USA erh\u00e4ltlich!<\/p>\n","protected":false},"excerpt":{"rendered":"<p>RMS &#8211; 600W<\/p>\n","protected":false},"featured_media":18356,"template":"","meta":{"inline_featured_image":false},"product_brand":[],"product_cat":[350,465],"product_tag":[],"class_list":{"0":"post-8959","1":"product","2":"type-product","3":"status-publish","4":"has-post-thumbnail","6":"product_cat-subwoofers","7":"product_cat-m5series-de","9":"first","10":"outofstock","11":"taxable","12":"shipping-taxable","13":"product-type-variable","14":"has-default-attributes"},"acf":[],"yoast_head":"<!-- This site is optimized with the Yoast SEO plugin v27.3 - https:\/\/yoast.com\/product\/yoast-seo-wordpress\/ -->\n<title>Subwoofer Pride M6.12 RMS 600W Gr\u00f6\u00dfe 12&quot; - Pride Car Audio1<\/title>\n<meta name=\"robots\" content=\"index, follow, max-snippet:-1, max-image-preview:large, max-video-preview:-1\" \/>\n<link rel=\"canonical\" href=\"https:\/\/pride.audio\/de\/produkt\/subwoofer-pride-m6-12\/\" \/>\n<meta property=\"og:locale\" content=\"de_DE\" \/>\n<meta property=\"og:type\" content=\"article\" \/>\n<meta property=\"og:title\" content=\"Subwoofer Pride M6.12 RMS 600W Gr\u00f6\u00dfe 12&quot; - Pride Car Audio1\" \/>\n<meta property=\"og:description\" content=\"RMS - 600W\" \/>\n<meta property=\"og:url\" content=\"https:\/\/pride.audio\/de\/produkt\/subwoofer-pride-m6-12\/\" \/>\n<meta property=\"og:site_name\" content=\"Pride Car Audio1\" \/>\n<meta property=\"article:modified_time\" content=\"2024-04-10T08:27:04+00:00\" \/>\n<meta property=\"og:image\" content=\"https:\/\/pride.audio\/wp-content\/uploads\/2022\/09\/pride_subwoofer_m612_1.jpg\" \/>\n\t<meta property=\"og:image:width\" content=\"559\" \/>\n\t<meta property=\"og:image:height\" content=\"424\" \/>\n\t<meta property=\"og:image:type\" content=\"image\/jpeg\" \/>\n<meta name=\"twitter:card\" content=\"summary_large_image\" \/>\n<meta name=\"twitter:label1\" content=\"Gesch\u00e4tzte Lesezeit\" \/>\n\t<meta name=\"twitter:data1\" content=\"2\u00a0Minuten\" \/>\n<script type=\"application\/ld+json\" class=\"yoast-schema-graph\">{\"@context\":\"https:\\\/\\\/schema.org\",\"@graph\":[{\"@type\":\"WebPage\",\"@id\":\"https:\\\/\\\/pride.audio\\\/de\\\/produkt\\\/subwoofer-pride-m6-12\\\/\",\"url\":\"https:\\\/\\\/pride.audio\\\/de\\\/produkt\\\/subwoofer-pride-m6-12\\\/\",\"name\":\"Subwoofer Pride M6.12 RMS 600W Gr\u00f6\u00dfe 12\\\" - Pride Car Audio1\",\"isPartOf\":{\"@id\":\"https:\\\/\\\/pride.audio\\\/#website\"},\"primaryImageOfPage\":{\"@id\":\"https:\\\/\\\/pride.audio\\\/de\\\/produkt\\\/subwoofer-pride-m6-12\\\/#primaryimage\"},\"image\":{\"@id\":\"https:\\\/\\\/pride.audio\\\/de\\\/produkt\\\/subwoofer-pride-m6-12\\\/#primaryimage\"},\"thumbnailUrl\":\"https:\\\/\\\/pride.audio\\\/wp-content\\\/uploads\\\/2022\\\/09\\\/pride_subwoofer_m612_1.jpg\",\"datePublished\":\"2022-09-16T17:14:09+00:00\",\"dateModified\":\"2024-04-10T08:27:04+00:00\",\"breadcrumb\":{\"@id\":\"https:\\\/\\\/pride.audio\\\/de\\\/produkt\\\/subwoofer-pride-m6-12\\\/#breadcrumb\"},\"inLanguage\":\"de\",\"potentialAction\":[{\"@type\":\"ReadAction\",\"target\":[\"https:\\\/\\\/pride.audio\\\/de\\\/produkt\\\/subwoofer-pride-m6-12\\\/\"]}]},{\"@type\":\"ImageObject\",\"inLanguage\":\"de\",\"@id\":\"https:\\\/\\\/pride.audio\\\/de\\\/produkt\\\/subwoofer-pride-m6-12\\\/#primaryimage\",\"url\":\"https:\\\/\\\/pride.audio\\\/wp-content\\\/uploads\\\/2022\\\/09\\\/pride_subwoofer_m612_1.jpg\",\"contentUrl\":\"https:\\\/\\\/pride.audio\\\/wp-content\\\/uploads\\\/2022\\\/09\\\/pride_subwoofer_m612_1.jpg\",\"width\":559,\"height\":424},{\"@type\":\"BreadcrumbList\",\"@id\":\"https:\\\/\\\/pride.audio\\\/de\\\/produkt\\\/subwoofer-pride-m6-12\\\/#breadcrumb\",\"itemListElement\":[{\"@type\":\"ListItem\",\"position\":1,\"name\":\"Home\",\"item\":\"https:\\\/\\\/pride.audio\\\/de\\\/\"},{\"@type\":\"ListItem\",\"position\":2,\"name\":\"Shop\",\"item\":\"https:\\\/\\\/pride.audio\\\/de\\\/shop-2\\\/\"},{\"@type\":\"ListItem\",\"position\":3,\"name\":\"Subwoofer Pride M6.12 RMS 600W Gr\u00f6\u00dfe 12&#8243;\"}]},{\"@type\":\"WebSite\",\"@id\":\"https:\\\/\\\/pride.audio\\\/#website\",\"url\":\"https:\\\/\\\/pride.audio\\\/\",\"name\":\"Pride Car Audio1\",\"description\":\"Pride Car Audio: Official site\",\"publisher\":{\"@id\":\"https:\\\/\\\/pride.audio\\\/#organization\"},\"potentialAction\":[{\"@type\":\"SearchAction\",\"target\":{\"@type\":\"EntryPoint\",\"urlTemplate\":\"https:\\\/\\\/pride.audio\\\/?s={search_term_string}\"},\"query-input\":{\"@type\":\"PropertyValueSpecification\",\"valueRequired\":true,\"valueName\":\"search_term_string\"}}],\"inLanguage\":\"de\"},{\"@type\":\"Organization\",\"@id\":\"https:\\\/\\\/pride.audio\\\/#organization\",\"name\":\"Pride Car Audio1\",\"url\":\"https:\\\/\\\/pride.audio\\\/\",\"logo\":{\"@type\":\"ImageObject\",\"inLanguage\":\"de\",\"@id\":\"https:\\\/\\\/pride.audio\\\/#\\\/schema\\\/logo\\\/image\\\/\",\"url\":\"https:\\\/\\\/pride.audio\\\/wp-content\\\/uploads\\\/2023\\\/08\\\/g10.svg\",\"contentUrl\":\"https:\\\/\\\/pride.audio\\\/wp-content\\\/uploads\\\/2023\\\/08\\\/g10.svg\",\"width\":158,\"height\":34,\"caption\":\"Pride Car Audio1\"},\"image\":{\"@id\":\"https:\\\/\\\/pride.audio\\\/#\\\/schema\\\/logo\\\/image\\\/\"}}]}<\/script>\n<!-- \/ Yoast SEO plugin. -->","yoast_head_json":{"title":"Subwoofer Pride M6.12 RMS 600W Gr\u00f6\u00dfe 12\" - Pride Car Audio1","robots":{"index":"index","follow":"follow","max-snippet":"max-snippet:-1","max-image-preview":"max-image-preview:large","max-video-preview":"max-video-preview:-1"},"canonical":"https:\/\/pride.audio\/de\/produkt\/subwoofer-pride-m6-12\/","og_locale":"de_DE","og_type":"article","og_title":"Subwoofer Pride M6.12 RMS 600W Gr\u00f6\u00dfe 12\" - Pride Car Audio1","og_description":"RMS - 600W","og_url":"https:\/\/pride.audio\/de\/produkt\/subwoofer-pride-m6-12\/","og_site_name":"Pride Car Audio1","article_modified_time":"2024-04-10T08:27:04+00:00","og_image":[{"width":559,"height":424,"url":"https:\/\/pride.audio\/wp-content\/uploads\/2022\/09\/pride_subwoofer_m612_1.jpg","type":"image\/jpeg"}],"twitter_card":"summary_large_image","twitter_misc":{"Gesch\u00e4tzte Lesezeit":"2\u00a0Minuten"},"schema":{"@context":"https:\/\/schema.org","@graph":[{"@type":"WebPage","@id":"https:\/\/pride.audio\/de\/produkt\/subwoofer-pride-m6-12\/","url":"https:\/\/pride.audio\/de\/produkt\/subwoofer-pride-m6-12\/","name":"Subwoofer Pride M6.12 RMS 600W Gr\u00f6\u00dfe 12\" - Pride Car Audio1","isPartOf":{"@id":"https:\/\/pride.audio\/#website"},"primaryImageOfPage":{"@id":"https:\/\/pride.audio\/de\/produkt\/subwoofer-pride-m6-12\/#primaryimage"},"image":{"@id":"https:\/\/pride.audio\/de\/produkt\/subwoofer-pride-m6-12\/#primaryimage"},"thumbnailUrl":"https:\/\/pride.audio\/wp-content\/uploads\/2022\/09\/pride_subwoofer_m612_1.jpg","datePublished":"2022-09-16T17:14:09+00:00","dateModified":"2024-04-10T08:27:04+00:00","breadcrumb":{"@id":"https:\/\/pride.audio\/de\/produkt\/subwoofer-pride-m6-12\/#breadcrumb"},"inLanguage":"de","potentialAction":[{"@type":"ReadAction","target":["https:\/\/pride.audio\/de\/produkt\/subwoofer-pride-m6-12\/"]}]},{"@type":"ImageObject","inLanguage":"de","@id":"https:\/\/pride.audio\/de\/produkt\/subwoofer-pride-m6-12\/#primaryimage","url":"https:\/\/pride.audio\/wp-content\/uploads\/2022\/09\/pride_subwoofer_m612_1.jpg","contentUrl":"https:\/\/pride.audio\/wp-content\/uploads\/2022\/09\/pride_subwoofer_m612_1.jpg","width":559,"height":424},{"@type":"BreadcrumbList","@id":"https:\/\/pride.audio\/de\/produkt\/subwoofer-pride-m6-12\/#breadcrumb","itemListElement":[{"@type":"ListItem","position":1,"name":"Home","item":"https:\/\/pride.audio\/de\/"},{"@type":"ListItem","position":2,"name":"Shop","item":"https:\/\/pride.audio\/de\/shop-2\/"},{"@type":"ListItem","position":3,"name":"Subwoofer Pride M6.12 RMS 600W Gr\u00f6\u00dfe 12&#8243;"}]},{"@type":"WebSite","@id":"https:\/\/pride.audio\/#website","url":"https:\/\/pride.audio\/","name":"Pride Car Audio1","description":"Pride Car Audio: Official site","publisher":{"@id":"https:\/\/pride.audio\/#organization"},"potentialAction":[{"@type":"SearchAction","target":{"@type":"EntryPoint","urlTemplate":"https:\/\/pride.audio\/?s={search_term_string}"},"query-input":{"@type":"PropertyValueSpecification","valueRequired":true,"valueName":"search_term_string"}}],"inLanguage":"de"},{"@type":"Organization","@id":"https:\/\/pride.audio\/#organization","name":"Pride Car Audio1","url":"https:\/\/pride.audio\/","logo":{"@type":"ImageObject","inLanguage":"de","@id":"https:\/\/pride.audio\/#\/schema\/logo\/image\/","url":"https:\/\/pride.audio\/wp-content\/uploads\/2023\/08\/g10.svg","contentUrl":"https:\/\/pride.audio\/wp-content\/uploads\/2023\/08\/g10.svg","width":158,"height":34,"caption":"Pride Car Audio1"},"image":{"@id":"https:\/\/pride.audio\/#\/schema\/logo\/image\/"}}]}},"_links":{"self":[{"href":"https:\/\/pride.audio\/de\/wp-json\/wp\/v2\/product\/8959","targetHints":{"allow":["GET"]}}],"collection":[{"href":"https:\/\/pride.audio\/de\/wp-json\/wp\/v2\/product"}],"about":[{"href":"https:\/\/pride.audio\/de\/wp-json\/wp\/v2\/types\/product"}],"wp:featuredmedia":[{"embeddable":true,"href":"https:\/\/pride.audio\/de\/wp-json\/wp\/v2\/media\/18356"}],"wp:attachment":[{"href":"https:\/\/pride.audio\/de\/wp-json\/wp\/v2\/media?parent=8959"}],"wp:term":[{"taxonomy":"product_brand","embeddable":true,"href":"https:\/\/pride.audio\/de\/wp-json\/wp\/v2\/product_brand?post=8959"},{"taxonomy":"product_cat","embeddable":true,"href":"https:\/\/pride.audio\/de\/wp-json\/wp\/v2\/product_cat?post=8959"},{"taxonomy":"product_tag","embeddable":true,"href":"https:\/\/pride.audio\/de\/wp-json\/wp\/v2\/product_tag?post=8959"}],"curies":[{"name":"wp","href":"https:\/\/api.w.org\/{rel}","templated":true}]}}