{"id":8947,"date":"2022-09-16T13:11:13","date_gmt":"2022-09-16T18:11:13","guid":{"rendered":"https:\/\/pride.audio\/product\/subwoofer-pride-m12-12\/"},"modified":"2024-04-10T10:21:11","modified_gmt":"2024-04-10T08:21:11","slug":"subwoofer-pride-m12-12","status":"publish","type":"product","link":"https:\/\/pride.audio\/de\/produkt\/subwoofer-pride-m12-12\/","title":{"rendered":"Subwoofer Pride M12.12 RMS 12000W Gr\u00f6\u00dfe 12&#8243;"},"content":{"rendered":"<p><strong>Subwoofer Pride M12.12<\/strong><\/p>\n<p>Kaufen Sie einen Pride M12.12 Auto-Subwoofer von einem bekannten Car-Audio-Hersteller und genie\u00dfen Sie hochwertigen Klang in Ihrem Auto! Der Pride M12.12-Subwoofer ist in der Lage, eine Nennleistung (RMS) von 1200 W zu liefern, sodass Sie tiefe und kraftvolle B\u00e4sse genie\u00dfen k\u00f6nnen.<\/p>\n<p>Die Schwingspule des Pride M12 12-Lautsprechers besteht aus 2,8-Zoll-Rundkupfer und die Spulenisolierung aus Polyimid. Dies garantiert einen stabilen Betrieb des Subwoofers \u00fcber einen langen Zeitraum und einen hochwertigen Klang ohne Verzerrungen. Das tragende Rahmenmaterial ist Stahl sorgt f\u00fcr Steifigkeit und Festigkeit der gesamten Struktur.<\/p>\n<p>Die Impedanz des Subwoofers betr\u00e4gt 1,8+1,8 Ohm, was es erm\u00f6glicht, die am besten geeignete Verst\u00e4rkerkonfiguration f\u00fcr eine optimale Leistungsausnutzung und den besten Klang auszuw\u00e4hlen.<\/p>\n<p>Der Pride M12.12 Subwoofer hat einen Au\u00dfendurchmesser von 316 mm, einen Einbaudurchmesser von 280 mm und eine Einbautiefe von 161 mm. Das vom Subwoofer verdr\u00e4ngte Volumen betr\u00e4gt 2,5 Liter, das Gewicht betr\u00e4gt lediglich 10,3 kg.<\/p>\n<p>RMS &#8211; 1200 W<br \/>\nGr\u00f6\u00dfe \u2013 12&#8243;<\/p>\n<p>Genie\u00dfen Sie w\u00e4hrend Ihrer Fahrt tiefe und kr\u00e4ftige B\u00e4sse, um Ihre Fahrt angenehmer und komfortabler zu gestalten.<br \/>\nSubwoofer in den USA erh\u00e4ltlich!<\/p>\n","protected":false},"excerpt":{"rendered":"<p>RMS &#8211; 1200W<\/p>\n","protected":false},"featured_media":18044,"template":"","meta":{"inline_featured_image":false},"product_brand":[],"product_cat":[350,602],"product_tag":[],"class_list":{"0":"post-8947","1":"product","2":"type-product","3":"status-publish","4":"has-post-thumbnail","6":"product_cat-subwoofers","7":"product_cat-pride-m-12-serie-1200-w","9":"first","10":"outofstock","11":"taxable","12":"shipping-taxable","13":"product-type-variable","14":"has-default-attributes"},"acf":[],"yoast_head":"<!-- This site is optimized with the Yoast SEO plugin v27.5 - https:\/\/yoast.com\/product\/yoast-seo-wordpress\/ -->\n<title>Subwoofer Pride M12.12 RMS 12000W Gr\u00f6\u00dfe 12&quot; - Pride Car Audio1<\/title>\n<meta name=\"robots\" content=\"index, follow, max-snippet:-1, max-image-preview:large, max-video-preview:-1\" \/>\n<link rel=\"canonical\" href=\"https:\/\/pride.audio\/de\/produkt\/subwoofer-pride-m12-12\/\" \/>\n<meta property=\"og:locale\" content=\"de_DE\" \/>\n<meta property=\"og:type\" content=\"article\" \/>\n<meta property=\"og:title\" content=\"Subwoofer Pride M12.12 RMS 12000W Gr\u00f6\u00dfe 12&quot; - Pride Car Audio1\" \/>\n<meta property=\"og:description\" content=\"RMS - 1200W\" \/>\n<meta property=\"og:url\" content=\"https:\/\/pride.audio\/de\/produkt\/subwoofer-pride-m12-12\/\" \/>\n<meta property=\"og:site_name\" content=\"Pride Car Audio1\" \/>\n<meta property=\"article:modified_time\" content=\"2024-04-10T08:21:11+00:00\" \/>\n<meta property=\"og:image\" content=\"https:\/\/pride.audio\/wp-content\/uploads\/2022\/09\/pride_subwoofer_m1212_1.jpg\" \/>\n\t<meta property=\"og:image:width\" content=\"600\" \/>\n\t<meta property=\"og:image:height\" content=\"421\" \/>\n\t<meta property=\"og:image:type\" content=\"image\/jpeg\" \/>\n<meta name=\"twitter:card\" content=\"summary_large_image\" \/>\n<meta name=\"twitter:label1\" content=\"Gesch\u00e4tzte Lesezeit\" \/>\n\t<meta name=\"twitter:data1\" content=\"1\u00a0Minute\" \/>\n<script type=\"application\/ld+json\" class=\"yoast-schema-graph\">{\"@context\":\"https:\\\/\\\/schema.org\",\"@graph\":[{\"@type\":\"WebPage\",\"@id\":\"https:\\\/\\\/pride.audio\\\/de\\\/produkt\\\/subwoofer-pride-m12-12\\\/\",\"url\":\"https:\\\/\\\/pride.audio\\\/de\\\/produkt\\\/subwoofer-pride-m12-12\\\/\",\"name\":\"Subwoofer Pride M12.12 RMS 12000W Gr\u00f6\u00dfe 12\\\" - Pride Car Audio1\",\"isPartOf\":{\"@id\":\"https:\\\/\\\/pride.audio\\\/#website\"},\"primaryImageOfPage\":{\"@id\":\"https:\\\/\\\/pride.audio\\\/de\\\/produkt\\\/subwoofer-pride-m12-12\\\/#primaryimage\"},\"image\":{\"@id\":\"https:\\\/\\\/pride.audio\\\/de\\\/produkt\\\/subwoofer-pride-m12-12\\\/#primaryimage\"},\"thumbnailUrl\":\"https:\\\/\\\/pride.audio\\\/wp-content\\\/uploads\\\/2022\\\/09\\\/pride_subwoofer_m1212_1.jpg\",\"datePublished\":\"2022-09-16T18:11:13+00:00\",\"dateModified\":\"2024-04-10T08:21:11+00:00\",\"breadcrumb\":{\"@id\":\"https:\\\/\\\/pride.audio\\\/de\\\/produkt\\\/subwoofer-pride-m12-12\\\/#breadcrumb\"},\"inLanguage\":\"de\",\"potentialAction\":[{\"@type\":\"ReadAction\",\"target\":[\"https:\\\/\\\/pride.audio\\\/de\\\/produkt\\\/subwoofer-pride-m12-12\\\/\"]}]},{\"@type\":\"ImageObject\",\"inLanguage\":\"de\",\"@id\":\"https:\\\/\\\/pride.audio\\\/de\\\/produkt\\\/subwoofer-pride-m12-12\\\/#primaryimage\",\"url\":\"https:\\\/\\\/pride.audio\\\/wp-content\\\/uploads\\\/2022\\\/09\\\/pride_subwoofer_m1212_1.jpg\",\"contentUrl\":\"https:\\\/\\\/pride.audio\\\/wp-content\\\/uploads\\\/2022\\\/09\\\/pride_subwoofer_m1212_1.jpg\",\"width\":600,\"height\":421},{\"@type\":\"BreadcrumbList\",\"@id\":\"https:\\\/\\\/pride.audio\\\/de\\\/produkt\\\/subwoofer-pride-m12-12\\\/#breadcrumb\",\"itemListElement\":[{\"@type\":\"ListItem\",\"position\":1,\"name\":\"Home\",\"item\":\"https:\\\/\\\/pride.audio\\\/de\\\/\"},{\"@type\":\"ListItem\",\"position\":2,\"name\":\"Shop\",\"item\":\"https:\\\/\\\/pride.audio\\\/de\\\/shop-2\\\/\"},{\"@type\":\"ListItem\",\"position\":3,\"name\":\"Subwoofer Pride M12.12 RMS 12000W Gr\u00f6\u00dfe 12&#8243;\"}]},{\"@type\":\"WebSite\",\"@id\":\"https:\\\/\\\/pride.audio\\\/#website\",\"url\":\"https:\\\/\\\/pride.audio\\\/\",\"name\":\"Pride Car Audio1\",\"description\":\"Pride Car Audio: Official site\",\"publisher\":{\"@id\":\"https:\\\/\\\/pride.audio\\\/#organization\"},\"potentialAction\":[{\"@type\":\"SearchAction\",\"target\":{\"@type\":\"EntryPoint\",\"urlTemplate\":\"https:\\\/\\\/pride.audio\\\/?s={search_term_string}\"},\"query-input\":{\"@type\":\"PropertyValueSpecification\",\"valueRequired\":true,\"valueName\":\"search_term_string\"}}],\"inLanguage\":\"de\"},{\"@type\":\"Organization\",\"@id\":\"https:\\\/\\\/pride.audio\\\/#organization\",\"name\":\"Pride Car Audio1\",\"url\":\"https:\\\/\\\/pride.audio\\\/\",\"logo\":{\"@type\":\"ImageObject\",\"inLanguage\":\"de\",\"@id\":\"https:\\\/\\\/pride.audio\\\/#\\\/schema\\\/logo\\\/image\\\/\",\"url\":\"https:\\\/\\\/pride.audio\\\/wp-content\\\/uploads\\\/2023\\\/08\\\/g10.svg\",\"contentUrl\":\"https:\\\/\\\/pride.audio\\\/wp-content\\\/uploads\\\/2023\\\/08\\\/g10.svg\",\"width\":158,\"height\":34,\"caption\":\"Pride Car Audio1\"},\"image\":{\"@id\":\"https:\\\/\\\/pride.audio\\\/#\\\/schema\\\/logo\\\/image\\\/\"}}]}<\/script>\n<!-- \/ Yoast SEO plugin. -->","yoast_head_json":{"title":"Subwoofer Pride M12.12 RMS 12000W Gr\u00f6\u00dfe 12\" - Pride Car Audio1","robots":{"index":"index","follow":"follow","max-snippet":"max-snippet:-1","max-image-preview":"max-image-preview:large","max-video-preview":"max-video-preview:-1"},"canonical":"https:\/\/pride.audio\/de\/produkt\/subwoofer-pride-m12-12\/","og_locale":"de_DE","og_type":"article","og_title":"Subwoofer Pride M12.12 RMS 12000W Gr\u00f6\u00dfe 12\" - Pride Car Audio1","og_description":"RMS - 1200W","og_url":"https:\/\/pride.audio\/de\/produkt\/subwoofer-pride-m12-12\/","og_site_name":"Pride Car Audio1","article_modified_time":"2024-04-10T08:21:11+00:00","og_image":[{"width":600,"height":421,"url":"https:\/\/pride.audio\/wp-content\/uploads\/2022\/09\/pride_subwoofer_m1212_1.jpg","type":"image\/jpeg"}],"twitter_card":"summary_large_image","twitter_misc":{"Gesch\u00e4tzte Lesezeit":"1\u00a0Minute"},"schema":{"@context":"https:\/\/schema.org","@graph":[{"@type":"WebPage","@id":"https:\/\/pride.audio\/de\/produkt\/subwoofer-pride-m12-12\/","url":"https:\/\/pride.audio\/de\/produkt\/subwoofer-pride-m12-12\/","name":"Subwoofer Pride M12.12 RMS 12000W Gr\u00f6\u00dfe 12\" - Pride Car Audio1","isPartOf":{"@id":"https:\/\/pride.audio\/#website"},"primaryImageOfPage":{"@id":"https:\/\/pride.audio\/de\/produkt\/subwoofer-pride-m12-12\/#primaryimage"},"image":{"@id":"https:\/\/pride.audio\/de\/produkt\/subwoofer-pride-m12-12\/#primaryimage"},"thumbnailUrl":"https:\/\/pride.audio\/wp-content\/uploads\/2022\/09\/pride_subwoofer_m1212_1.jpg","datePublished":"2022-09-16T18:11:13+00:00","dateModified":"2024-04-10T08:21:11+00:00","breadcrumb":{"@id":"https:\/\/pride.audio\/de\/produkt\/subwoofer-pride-m12-12\/#breadcrumb"},"inLanguage":"de","potentialAction":[{"@type":"ReadAction","target":["https:\/\/pride.audio\/de\/produkt\/subwoofer-pride-m12-12\/"]}]},{"@type":"ImageObject","inLanguage":"de","@id":"https:\/\/pride.audio\/de\/produkt\/subwoofer-pride-m12-12\/#primaryimage","url":"https:\/\/pride.audio\/wp-content\/uploads\/2022\/09\/pride_subwoofer_m1212_1.jpg","contentUrl":"https:\/\/pride.audio\/wp-content\/uploads\/2022\/09\/pride_subwoofer_m1212_1.jpg","width":600,"height":421},{"@type":"BreadcrumbList","@id":"https:\/\/pride.audio\/de\/produkt\/subwoofer-pride-m12-12\/#breadcrumb","itemListElement":[{"@type":"ListItem","position":1,"name":"Home","item":"https:\/\/pride.audio\/de\/"},{"@type":"ListItem","position":2,"name":"Shop","item":"https:\/\/pride.audio\/de\/shop-2\/"},{"@type":"ListItem","position":3,"name":"Subwoofer Pride M12.12 RMS 12000W Gr\u00f6\u00dfe 12&#8243;"}]},{"@type":"WebSite","@id":"https:\/\/pride.audio\/#website","url":"https:\/\/pride.audio\/","name":"Pride Car Audio1","description":"Pride Car Audio: Official site","publisher":{"@id":"https:\/\/pride.audio\/#organization"},"potentialAction":[{"@type":"SearchAction","target":{"@type":"EntryPoint","urlTemplate":"https:\/\/pride.audio\/?s={search_term_string}"},"query-input":{"@type":"PropertyValueSpecification","valueRequired":true,"valueName":"search_term_string"}}],"inLanguage":"de"},{"@type":"Organization","@id":"https:\/\/pride.audio\/#organization","name":"Pride Car Audio1","url":"https:\/\/pride.audio\/","logo":{"@type":"ImageObject","inLanguage":"de","@id":"https:\/\/pride.audio\/#\/schema\/logo\/image\/","url":"https:\/\/pride.audio\/wp-content\/uploads\/2023\/08\/g10.svg","contentUrl":"https:\/\/pride.audio\/wp-content\/uploads\/2023\/08\/g10.svg","width":158,"height":34,"caption":"Pride Car Audio1"},"image":{"@id":"https:\/\/pride.audio\/#\/schema\/logo\/image\/"}}]}},"_links":{"self":[{"href":"https:\/\/pride.audio\/de\/wp-json\/wp\/v2\/product\/8947","targetHints":{"allow":["GET"]}}],"collection":[{"href":"https:\/\/pride.audio\/de\/wp-json\/wp\/v2\/product"}],"about":[{"href":"https:\/\/pride.audio\/de\/wp-json\/wp\/v2\/types\/product"}],"wp:featuredmedia":[{"embeddable":true,"href":"https:\/\/pride.audio\/de\/wp-json\/wp\/v2\/media\/18044"}],"wp:attachment":[{"href":"https:\/\/pride.audio\/de\/wp-json\/wp\/v2\/media?parent=8947"}],"wp:term":[{"taxonomy":"product_brand","embeddable":true,"href":"https:\/\/pride.audio\/de\/wp-json\/wp\/v2\/product_brand?post=8947"},{"taxonomy":"product_cat","embeddable":true,"href":"https:\/\/pride.audio\/de\/wp-json\/wp\/v2\/product_cat?post=8947"},{"taxonomy":"product_tag","embeddable":true,"href":"https:\/\/pride.audio\/de\/wp-json\/wp\/v2\/product_tag?post=8947"}],"curies":[{"name":"wp","href":"https:\/\/api.w.org\/{rel}","templated":true}]}}