{"id":8894,"date":"2019-05-08T14:56:57","date_gmt":"2019-05-08T12:56:57","guid":{"rendered":"https:\/\/pride.audio\/product\/subwoofer-pride-eco-10\/"},"modified":"2022-10-04T20:11:09","modified_gmt":"2022-10-04T18:11:09","slug":"subwoofer-pride-eco-10","status":"publish","type":"product","link":"https:\/\/pride.audio\/de\/produkt\/subwoofer-pride-eco-10\/","title":{"rendered":"Subwoofer Pride Eco 10\u2033"},"content":{"rendered":"<p>Subwoofer ECO-Serie Entry-Level der Firma Pride. Eine gro\u00dfartige L\u00f6sung f\u00fcr das Hinzuf\u00fcgen von Bass zum Musiksystem des Autos. Ideal f\u00fcr alle Arten von Subwoofer-Boxen, als auch f\u00fcr Subwoofer wie Stealth.<\/p>\n<p>Subwoofer Pride Eco 12 hat eine erh\u00f6hte Klebenaht (aufgrund des Vorhandenseins eines speziellen Papierrings), die die Schwingspule und die Zentrierscheibe verbindet.<\/p>\n<p>Nomex-Zentrierscheiben behalten auch nach Hunderten von Millionen von Arbeitszyklen ihre Elastizit\u00e4t. Durch den Puck f\u00fchren, wie bei der Junior-Linie. Beide Lineale haben einen guten Spielraum entlang des beweglichen Teils, selbst in den Momenten, in denen der Benutzer offenkundig eine Naht am oberen Magnetkreis st\u00f6\u00dft.<br \/>\nSchwingspulen, wie bei der Junior-Linie &#8211; Malaysia.<\/p>\n<p>RMS-Leistung &#8211; 300 W, Schwingspule &#8211; 2&#8243;.<\/p>\n<p>Der Subwoofer wird in der Russischen F\u00f6deration entwickelt und montiert.<\/p>\n","protected":false},"excerpt":{"rendered":"<p>300W<\/p>\n","protected":false},"featured_media":8896,"template":"","meta":{"inline_featured_image":false},"product_brand":[],"product_cat":[],"product_tag":[],"class_list":{"0":"post-8894","1":"product","2":"type-product","3":"status-publish","4":"has-post-thumbnail","7":"first","8":"outofstock","9":"taxable","10":"shipping-taxable","11":"product-type-simple"},"acf":[],"yoast_head":"<!-- This site is optimized with the Yoast SEO plugin v27.3 - https:\/\/yoast.com\/product\/yoast-seo-wordpress\/ -->\n<title>Subwoofer Pride Eco 10\u2033 - Pride Car Audio1<\/title>\n<meta name=\"robots\" content=\"index, follow, max-snippet:-1, max-image-preview:large, max-video-preview:-1\" \/>\n<link rel=\"canonical\" href=\"https:\/\/pride.audio\/de\/produkt\/subwoofer-pride-eco-10\/\" \/>\n<meta property=\"og:locale\" content=\"de_DE\" \/>\n<meta property=\"og:type\" content=\"article\" \/>\n<meta property=\"og:title\" content=\"Subwoofer Pride Eco 10\u2033 - Pride Car Audio1\" \/>\n<meta property=\"og:description\" content=\"300W\" \/>\n<meta property=\"og:url\" content=\"https:\/\/pride.audio\/de\/produkt\/subwoofer-pride-eco-10\/\" \/>\n<meta property=\"og:site_name\" content=\"Pride Car Audio1\" \/>\n<meta property=\"article:modified_time\" content=\"2022-10-04T18:11:09+00:00\" \/>\n<meta property=\"og:image\" content=\"https:\/\/pride.audio\/wp-content\/uploads\/izobrazhenie-sdelano-22.10.2019-v-22.49.jpg\" \/>\n\t<meta property=\"og:image:width\" content=\"586\" \/>\n\t<meta property=\"og:image:height\" content=\"586\" \/>\n\t<meta property=\"og:image:type\" content=\"image\/jpeg\" \/>\n<meta name=\"twitter:card\" content=\"summary_large_image\" \/>\n<meta name=\"twitter:label1\" content=\"Gesch\u00e4tzte Lesezeit\" \/>\n\t<meta name=\"twitter:data1\" content=\"1\u00a0Minute\" \/>\n<script type=\"application\/ld+json\" class=\"yoast-schema-graph\">{\"@context\":\"https:\\\/\\\/schema.org\",\"@graph\":[{\"@type\":\"WebPage\",\"@id\":\"https:\\\/\\\/pride.audio\\\/de\\\/produkt\\\/subwoofer-pride-eco-10\\\/\",\"url\":\"https:\\\/\\\/pride.audio\\\/de\\\/produkt\\\/subwoofer-pride-eco-10\\\/\",\"name\":\"Subwoofer Pride Eco 10\u2033 - Pride Car Audio1\",\"isPartOf\":{\"@id\":\"https:\\\/\\\/pride.audio\\\/#website\"},\"primaryImageOfPage\":{\"@id\":\"https:\\\/\\\/pride.audio\\\/de\\\/produkt\\\/subwoofer-pride-eco-10\\\/#primaryimage\"},\"image\":{\"@id\":\"https:\\\/\\\/pride.audio\\\/de\\\/produkt\\\/subwoofer-pride-eco-10\\\/#primaryimage\"},\"thumbnailUrl\":\"https:\\\/\\\/pride.audio\\\/wp-content\\\/uploads\\\/izobrazhenie-sdelano-22.10.2019-v-22.49.jpg\",\"datePublished\":\"2019-05-08T12:56:57+00:00\",\"dateModified\":\"2022-10-04T18:11:09+00:00\",\"breadcrumb\":{\"@id\":\"https:\\\/\\\/pride.audio\\\/de\\\/produkt\\\/subwoofer-pride-eco-10\\\/#breadcrumb\"},\"inLanguage\":\"de\",\"potentialAction\":[{\"@type\":\"ReadAction\",\"target\":[\"https:\\\/\\\/pride.audio\\\/de\\\/produkt\\\/subwoofer-pride-eco-10\\\/\"]}]},{\"@type\":\"ImageObject\",\"inLanguage\":\"de\",\"@id\":\"https:\\\/\\\/pride.audio\\\/de\\\/produkt\\\/subwoofer-pride-eco-10\\\/#primaryimage\",\"url\":\"https:\\\/\\\/pride.audio\\\/wp-content\\\/uploads\\\/izobrazhenie-sdelano-22.10.2019-v-22.49.jpg\",\"contentUrl\":\"https:\\\/\\\/pride.audio\\\/wp-content\\\/uploads\\\/izobrazhenie-sdelano-22.10.2019-v-22.49.jpg\",\"width\":586,\"height\":586},{\"@type\":\"BreadcrumbList\",\"@id\":\"https:\\\/\\\/pride.audio\\\/de\\\/produkt\\\/subwoofer-pride-eco-10\\\/#breadcrumb\",\"itemListElement\":[{\"@type\":\"ListItem\",\"position\":1,\"name\":\"Home\",\"item\":\"https:\\\/\\\/pride.audio\\\/de\\\/\"},{\"@type\":\"ListItem\",\"position\":2,\"name\":\"Shop\",\"item\":\"https:\\\/\\\/pride.audio\\\/de\\\/shop-2\\\/\"},{\"@type\":\"ListItem\",\"position\":3,\"name\":\"Subwoofer Pride Eco 10\u2033\"}]},{\"@type\":\"WebSite\",\"@id\":\"https:\\\/\\\/pride.audio\\\/#website\",\"url\":\"https:\\\/\\\/pride.audio\\\/\",\"name\":\"Pride Car Audio1\",\"description\":\"Pride Car Audio: Official site\",\"publisher\":{\"@id\":\"https:\\\/\\\/pride.audio\\\/#organization\"},\"potentialAction\":[{\"@type\":\"SearchAction\",\"target\":{\"@type\":\"EntryPoint\",\"urlTemplate\":\"https:\\\/\\\/pride.audio\\\/?s={search_term_string}\"},\"query-input\":{\"@type\":\"PropertyValueSpecification\",\"valueRequired\":true,\"valueName\":\"search_term_string\"}}],\"inLanguage\":\"de\"},{\"@type\":\"Organization\",\"@id\":\"https:\\\/\\\/pride.audio\\\/#organization\",\"name\":\"Pride Car Audio1\",\"url\":\"https:\\\/\\\/pride.audio\\\/\",\"logo\":{\"@type\":\"ImageObject\",\"inLanguage\":\"de\",\"@id\":\"https:\\\/\\\/pride.audio\\\/#\\\/schema\\\/logo\\\/image\\\/\",\"url\":\"https:\\\/\\\/pride.audio\\\/wp-content\\\/uploads\\\/2023\\\/08\\\/g10.svg\",\"contentUrl\":\"https:\\\/\\\/pride.audio\\\/wp-content\\\/uploads\\\/2023\\\/08\\\/g10.svg\",\"width\":158,\"height\":34,\"caption\":\"Pride Car Audio1\"},\"image\":{\"@id\":\"https:\\\/\\\/pride.audio\\\/#\\\/schema\\\/logo\\\/image\\\/\"}}]}<\/script>\n<!-- \/ Yoast SEO plugin. -->","yoast_head_json":{"title":"Subwoofer Pride Eco 10\u2033 - Pride Car Audio1","robots":{"index":"index","follow":"follow","max-snippet":"max-snippet:-1","max-image-preview":"max-image-preview:large","max-video-preview":"max-video-preview:-1"},"canonical":"https:\/\/pride.audio\/de\/produkt\/subwoofer-pride-eco-10\/","og_locale":"de_DE","og_type":"article","og_title":"Subwoofer Pride Eco 10\u2033 - Pride Car Audio1","og_description":"300W","og_url":"https:\/\/pride.audio\/de\/produkt\/subwoofer-pride-eco-10\/","og_site_name":"Pride Car Audio1","article_modified_time":"2022-10-04T18:11:09+00:00","og_image":[{"width":586,"height":586,"url":"https:\/\/pride.audio\/wp-content\/uploads\/izobrazhenie-sdelano-22.10.2019-v-22.49.jpg","type":"image\/jpeg"}],"twitter_card":"summary_large_image","twitter_misc":{"Gesch\u00e4tzte Lesezeit":"1\u00a0Minute"},"schema":{"@context":"https:\/\/schema.org","@graph":[{"@type":"WebPage","@id":"https:\/\/pride.audio\/de\/produkt\/subwoofer-pride-eco-10\/","url":"https:\/\/pride.audio\/de\/produkt\/subwoofer-pride-eco-10\/","name":"Subwoofer Pride Eco 10\u2033 - Pride Car Audio1","isPartOf":{"@id":"https:\/\/pride.audio\/#website"},"primaryImageOfPage":{"@id":"https:\/\/pride.audio\/de\/produkt\/subwoofer-pride-eco-10\/#primaryimage"},"image":{"@id":"https:\/\/pride.audio\/de\/produkt\/subwoofer-pride-eco-10\/#primaryimage"},"thumbnailUrl":"https:\/\/pride.audio\/wp-content\/uploads\/izobrazhenie-sdelano-22.10.2019-v-22.49.jpg","datePublished":"2019-05-08T12:56:57+00:00","dateModified":"2022-10-04T18:11:09+00:00","breadcrumb":{"@id":"https:\/\/pride.audio\/de\/produkt\/subwoofer-pride-eco-10\/#breadcrumb"},"inLanguage":"de","potentialAction":[{"@type":"ReadAction","target":["https:\/\/pride.audio\/de\/produkt\/subwoofer-pride-eco-10\/"]}]},{"@type":"ImageObject","inLanguage":"de","@id":"https:\/\/pride.audio\/de\/produkt\/subwoofer-pride-eco-10\/#primaryimage","url":"https:\/\/pride.audio\/wp-content\/uploads\/izobrazhenie-sdelano-22.10.2019-v-22.49.jpg","contentUrl":"https:\/\/pride.audio\/wp-content\/uploads\/izobrazhenie-sdelano-22.10.2019-v-22.49.jpg","width":586,"height":586},{"@type":"BreadcrumbList","@id":"https:\/\/pride.audio\/de\/produkt\/subwoofer-pride-eco-10\/#breadcrumb","itemListElement":[{"@type":"ListItem","position":1,"name":"Home","item":"https:\/\/pride.audio\/de\/"},{"@type":"ListItem","position":2,"name":"Shop","item":"https:\/\/pride.audio\/de\/shop-2\/"},{"@type":"ListItem","position":3,"name":"Subwoofer Pride Eco 10\u2033"}]},{"@type":"WebSite","@id":"https:\/\/pride.audio\/#website","url":"https:\/\/pride.audio\/","name":"Pride Car Audio1","description":"Pride Car Audio: Official site","publisher":{"@id":"https:\/\/pride.audio\/#organization"},"potentialAction":[{"@type":"SearchAction","target":{"@type":"EntryPoint","urlTemplate":"https:\/\/pride.audio\/?s={search_term_string}"},"query-input":{"@type":"PropertyValueSpecification","valueRequired":true,"valueName":"search_term_string"}}],"inLanguage":"de"},{"@type":"Organization","@id":"https:\/\/pride.audio\/#organization","name":"Pride Car Audio1","url":"https:\/\/pride.audio\/","logo":{"@type":"ImageObject","inLanguage":"de","@id":"https:\/\/pride.audio\/#\/schema\/logo\/image\/","url":"https:\/\/pride.audio\/wp-content\/uploads\/2023\/08\/g10.svg","contentUrl":"https:\/\/pride.audio\/wp-content\/uploads\/2023\/08\/g10.svg","width":158,"height":34,"caption":"Pride Car Audio1"},"image":{"@id":"https:\/\/pride.audio\/#\/schema\/logo\/image\/"}}]}},"_links":{"self":[{"href":"https:\/\/pride.audio\/de\/wp-json\/wp\/v2\/product\/8894","targetHints":{"allow":["GET"]}}],"collection":[{"href":"https:\/\/pride.audio\/de\/wp-json\/wp\/v2\/product"}],"about":[{"href":"https:\/\/pride.audio\/de\/wp-json\/wp\/v2\/types\/product"}],"wp:featuredmedia":[{"embeddable":true,"href":"https:\/\/pride.audio\/de\/wp-json\/wp\/v2\/media\/8896"}],"wp:attachment":[{"href":"https:\/\/pride.audio\/de\/wp-json\/wp\/v2\/media?parent=8894"}],"wp:term":[{"taxonomy":"product_brand","embeddable":true,"href":"https:\/\/pride.audio\/de\/wp-json\/wp\/v2\/product_brand?post=8894"},{"taxonomy":"product_cat","embeddable":true,"href":"https:\/\/pride.audio\/de\/wp-json\/wp\/v2\/product_cat?post=8894"},{"taxonomy":"product_tag","embeddable":true,"href":"https:\/\/pride.audio\/de\/wp-json\/wp\/v2\/product_tag?post=8894"}],"curies":[{"name":"wp","href":"https:\/\/api.w.org\/{rel}","templated":true}]}}