{"id":16068,"date":"2022-10-25T22:38:48","date_gmt":"2022-10-25T20:38:48","guid":{"rendered":"https:\/\/pride.audio\/product\/comfortmat-cobra-2-3-mm-500x700-mm\/"},"modified":"2022-10-25T22:38:48","modified_gmt":"2022-10-25T20:38:48","slug":"comfortmat-cobra-2-3-mm-500x700-mm","status":"publish","type":"product","link":"https:\/\/pride.audio\/de\/produkt\/comfortmat-cobra-2-3-mm-500x700-mm\/","title":{"rendered":"Comfortmat Cobra 2,3 mm (500&#215;700 mm)"},"content":{"rendered":"<p>Comfort Mat COBRA ist ein Ersatz f\u00fcr die vibrationsd\u00e4mpfende Matte der Serie DARK. Cobra-Matten haben eine bessere Haftung als die Dark-Matten und die Foliendicke betr\u00e4gt 120 Mikron (Dark hat 100 Mikron).<\/p>\n<p>Dicke &#8211; 2,3 mm,<br \/>\nBlattgr\u00f6\u00dfe: 500 x 700 mm,<br \/>\nFoliendicke: 120 Mikrometer.<br \/>\nMechanischer Verlustfaktor &#8211; 0,40,<br \/>\nGewicht der Folie &#8211; 0,95 kg,<br \/>\nGewicht &#8211; 2,71 kg\/m2,<br \/>\nHaftverm\u00f6gen &#8211; 14 N\/cm,<br \/>\nWasserdicht &#8211; JA.<br \/>\nVerwendet als 1. Schicht.<br \/>\n10 St\u00fcck in einer Packung.<br \/>\nPreis f\u00fcr 1 St\u00fcck.<\/p>\n<p>Ort zu verwenden:<br \/>\nT\u00fcren<br \/>\nDach<br \/>\nMotorhaube<br \/>\nKofferraumdeckel<\/p>\n","protected":false},"excerpt":{"rendered":"<p>Comfort Mat COBRA ist ein Ersatz f\u00fcr die vibrationsd\u00e4mpfende Matte der Serie DARK. Cobra-Matten haben eine bessere Haftung als die Dark-Matten und die Foliendicke betr\u00e4gt 120 Mikron (Dark hat 100 Mikron). Dicke &#8211; 2,3 mm, Blattgr\u00f6\u00dfe: 500 x 700 mm, Foliendicke: 120 Mikrometer. Mechanischer Verlustfaktor &#8211; 0,40, Gewicht der Folie &#8211; 0,95 kg, Gewicht &#8211; [&hellip;]<\/p>\n","protected":false},"featured_media":10354,"template":"","meta":{"inline_featured_image":false},"product_brand":[],"product_cat":[],"product_tag":[],"class_list":{"0":"post-16068","1":"product","2":"type-product","3":"status-publish","4":"has-post-thumbnail","7":"first","8":"outofstock","9":"taxable","10":"shipping-taxable","11":"product-type-simple"},"acf":[],"yoast_head":"<!-- This site is optimized with the Yoast SEO plugin v27.2 - https:\/\/yoast.com\/product\/yoast-seo-wordpress\/ -->\n<title>Comfortmat Cobra 2,3 mm (500x700 mm) - Pride Car Audio1<\/title>\n<meta name=\"robots\" content=\"index, follow, max-snippet:-1, max-image-preview:large, max-video-preview:-1\" \/>\n<link rel=\"canonical\" href=\"https:\/\/pride.audio\/de\/produkt\/comfortmat-cobra-2-3-mm-500x700-mm\/\" \/>\n<meta property=\"og:locale\" content=\"de_DE\" \/>\n<meta property=\"og:type\" content=\"article\" \/>\n<meta property=\"og:title\" content=\"Comfortmat Cobra 2,3 mm (500x700 mm) - Pride Car Audio1\" \/>\n<meta property=\"og:description\" content=\"Comfort Mat COBRA ist ein Ersatz f\u00fcr die vibrationsd\u00e4mpfende Matte der Serie DARK. Cobra-Matten haben eine bessere Haftung als die Dark-Matten und die Foliendicke betr\u00e4gt 120 Mikron (Dark hat 100 Mikron). Dicke &#8211; 2,3 mm, Blattgr\u00f6\u00dfe: 500 x 700 mm, Foliendicke: 120 Mikrometer. Mechanischer Verlustfaktor &#8211; 0,40, Gewicht der Folie &#8211; 0,95 kg, Gewicht &#8211; [&hellip;]\" \/>\n<meta property=\"og:url\" content=\"https:\/\/pride.audio\/de\/produkt\/comfortmat-cobra-2-3-mm-500x700-mm\/\" \/>\n<meta property=\"og:site_name\" content=\"Pride Car Audio1\" \/>\n<meta property=\"og:image\" content=\"https:\/\/pride.audio\/wp-content\/uploads\/cobra.jpg\" \/>\n\t<meta property=\"og:image:width\" content=\"1234\" \/>\n\t<meta property=\"og:image:height\" content=\"932\" \/>\n\t<meta property=\"og:image:type\" content=\"image\/jpeg\" \/>\n<meta name=\"twitter:card\" content=\"summary_large_image\" \/>\n<script type=\"application\/ld+json\" class=\"yoast-schema-graph\">{\"@context\":\"https:\/\/schema.org\",\"@graph\":[{\"@type\":\"WebPage\",\"@id\":\"https:\/\/pride.audio\/de\/produkt\/comfortmat-cobra-2-3-mm-500x700-mm\/\",\"url\":\"https:\/\/pride.audio\/de\/produkt\/comfortmat-cobra-2-3-mm-500x700-mm\/\",\"name\":\"Comfortmat Cobra 2,3 mm (500x700 mm) - Pride Car Audio1\",\"isPartOf\":{\"@id\":\"https:\/\/pride.audio\/#website\"},\"primaryImageOfPage\":{\"@id\":\"https:\/\/pride.audio\/de\/produkt\/comfortmat-cobra-2-3-mm-500x700-mm\/#primaryimage\"},\"image\":{\"@id\":\"https:\/\/pride.audio\/de\/produkt\/comfortmat-cobra-2-3-mm-500x700-mm\/#primaryimage\"},\"thumbnailUrl\":\"https:\/\/pride.audio\/wp-content\/uploads\/cobra.jpg\",\"datePublished\":\"2022-10-25T20:38:48+00:00\",\"breadcrumb\":{\"@id\":\"https:\/\/pride.audio\/de\/produkt\/comfortmat-cobra-2-3-mm-500x700-mm\/#breadcrumb\"},\"inLanguage\":\"de\",\"potentialAction\":[{\"@type\":\"ReadAction\",\"target\":[\"https:\/\/pride.audio\/de\/produkt\/comfortmat-cobra-2-3-mm-500x700-mm\/\"]}]},{\"@type\":\"ImageObject\",\"inLanguage\":\"de\",\"@id\":\"https:\/\/pride.audio\/de\/produkt\/comfortmat-cobra-2-3-mm-500x700-mm\/#primaryimage\",\"url\":\"https:\/\/pride.audio\/wp-content\/uploads\/cobra.jpg\",\"contentUrl\":\"https:\/\/pride.audio\/wp-content\/uploads\/cobra.jpg\",\"width\":1234,\"height\":932},{\"@type\":\"BreadcrumbList\",\"@id\":\"https:\/\/pride.audio\/de\/produkt\/comfortmat-cobra-2-3-mm-500x700-mm\/#breadcrumb\",\"itemListElement\":[{\"@type\":\"ListItem\",\"position\":1,\"name\":\"Home\",\"item\":\"https:\/\/pride.audio\/de\/\"},{\"@type\":\"ListItem\",\"position\":2,\"name\":\"Shop\",\"item\":\"https:\/\/pride.audio\/de\/shop-2\/\"},{\"@type\":\"ListItem\",\"position\":3,\"name\":\"Comfortmat Cobra 2,3 mm (500&#215;700 mm)\"}]},{\"@type\":\"WebSite\",\"@id\":\"https:\/\/pride.audio\/#website\",\"url\":\"https:\/\/pride.audio\/\",\"name\":\"Pride Car Audio1\",\"description\":\"Pride Car Audio: Official site\",\"publisher\":{\"@id\":\"https:\/\/pride.audio\/#organization\"},\"potentialAction\":[{\"@type\":\"SearchAction\",\"target\":{\"@type\":\"EntryPoint\",\"urlTemplate\":\"https:\/\/pride.audio\/?s={search_term_string}\"},\"query-input\":{\"@type\":\"PropertyValueSpecification\",\"valueRequired\":true,\"valueName\":\"search_term_string\"}}],\"inLanguage\":\"de\"},{\"@type\":\"Organization\",\"@id\":\"https:\/\/pride.audio\/#organization\",\"name\":\"Pride Car Audio1\",\"url\":\"https:\/\/pride.audio\/\",\"logo\":{\"@type\":\"ImageObject\",\"inLanguage\":\"de\",\"@id\":\"https:\/\/pride.audio\/#\/schema\/logo\/image\/\",\"url\":\"https:\/\/pride.audio\/wp-content\/uploads\/2023\/08\/g10.svg\",\"contentUrl\":\"https:\/\/pride.audio\/wp-content\/uploads\/2023\/08\/g10.svg\",\"width\":158,\"height\":34,\"caption\":\"Pride Car Audio1\"},\"image\":{\"@id\":\"https:\/\/pride.audio\/#\/schema\/logo\/image\/\"}}]}<\/script>\n<!-- \/ Yoast SEO plugin. -->","yoast_head_json":{"title":"Comfortmat Cobra 2,3 mm (500x700 mm) - Pride Car Audio1","robots":{"index":"index","follow":"follow","max-snippet":"max-snippet:-1","max-image-preview":"max-image-preview:large","max-video-preview":"max-video-preview:-1"},"canonical":"https:\/\/pride.audio\/de\/produkt\/comfortmat-cobra-2-3-mm-500x700-mm\/","og_locale":"de_DE","og_type":"article","og_title":"Comfortmat Cobra 2,3 mm (500x700 mm) - Pride Car Audio1","og_description":"Comfort Mat COBRA ist ein Ersatz f\u00fcr die vibrationsd\u00e4mpfende Matte der Serie DARK. Cobra-Matten haben eine bessere Haftung als die Dark-Matten und die Foliendicke betr\u00e4gt 120 Mikron (Dark hat 100 Mikron). Dicke &#8211; 2,3 mm, Blattgr\u00f6\u00dfe: 500 x 700 mm, Foliendicke: 120 Mikrometer. Mechanischer Verlustfaktor &#8211; 0,40, Gewicht der Folie &#8211; 0,95 kg, Gewicht &#8211; [&hellip;]","og_url":"https:\/\/pride.audio\/de\/produkt\/comfortmat-cobra-2-3-mm-500x700-mm\/","og_site_name":"Pride Car Audio1","og_image":[{"width":1234,"height":932,"url":"https:\/\/pride.audio\/wp-content\/uploads\/cobra.jpg","type":"image\/jpeg"}],"twitter_card":"summary_large_image","schema":{"@context":"https:\/\/schema.org","@graph":[{"@type":"WebPage","@id":"https:\/\/pride.audio\/de\/produkt\/comfortmat-cobra-2-3-mm-500x700-mm\/","url":"https:\/\/pride.audio\/de\/produkt\/comfortmat-cobra-2-3-mm-500x700-mm\/","name":"Comfortmat Cobra 2,3 mm (500x700 mm) - Pride Car Audio1","isPartOf":{"@id":"https:\/\/pride.audio\/#website"},"primaryImageOfPage":{"@id":"https:\/\/pride.audio\/de\/produkt\/comfortmat-cobra-2-3-mm-500x700-mm\/#primaryimage"},"image":{"@id":"https:\/\/pride.audio\/de\/produkt\/comfortmat-cobra-2-3-mm-500x700-mm\/#primaryimage"},"thumbnailUrl":"https:\/\/pride.audio\/wp-content\/uploads\/cobra.jpg","datePublished":"2022-10-25T20:38:48+00:00","breadcrumb":{"@id":"https:\/\/pride.audio\/de\/produkt\/comfortmat-cobra-2-3-mm-500x700-mm\/#breadcrumb"},"inLanguage":"de","potentialAction":[{"@type":"ReadAction","target":["https:\/\/pride.audio\/de\/produkt\/comfortmat-cobra-2-3-mm-500x700-mm\/"]}]},{"@type":"ImageObject","inLanguage":"de","@id":"https:\/\/pride.audio\/de\/produkt\/comfortmat-cobra-2-3-mm-500x700-mm\/#primaryimage","url":"https:\/\/pride.audio\/wp-content\/uploads\/cobra.jpg","contentUrl":"https:\/\/pride.audio\/wp-content\/uploads\/cobra.jpg","width":1234,"height":932},{"@type":"BreadcrumbList","@id":"https:\/\/pride.audio\/de\/produkt\/comfortmat-cobra-2-3-mm-500x700-mm\/#breadcrumb","itemListElement":[{"@type":"ListItem","position":1,"name":"Home","item":"https:\/\/pride.audio\/de\/"},{"@type":"ListItem","position":2,"name":"Shop","item":"https:\/\/pride.audio\/de\/shop-2\/"},{"@type":"ListItem","position":3,"name":"Comfortmat Cobra 2,3 mm (500&#215;700 mm)"}]},{"@type":"WebSite","@id":"https:\/\/pride.audio\/#website","url":"https:\/\/pride.audio\/","name":"Pride Car Audio1","description":"Pride Car Audio: Official site","publisher":{"@id":"https:\/\/pride.audio\/#organization"},"potentialAction":[{"@type":"SearchAction","target":{"@type":"EntryPoint","urlTemplate":"https:\/\/pride.audio\/?s={search_term_string}"},"query-input":{"@type":"PropertyValueSpecification","valueRequired":true,"valueName":"search_term_string"}}],"inLanguage":"de"},{"@type":"Organization","@id":"https:\/\/pride.audio\/#organization","name":"Pride Car Audio1","url":"https:\/\/pride.audio\/","logo":{"@type":"ImageObject","inLanguage":"de","@id":"https:\/\/pride.audio\/#\/schema\/logo\/image\/","url":"https:\/\/pride.audio\/wp-content\/uploads\/2023\/08\/g10.svg","contentUrl":"https:\/\/pride.audio\/wp-content\/uploads\/2023\/08\/g10.svg","width":158,"height":34,"caption":"Pride Car Audio1"},"image":{"@id":"https:\/\/pride.audio\/#\/schema\/logo\/image\/"}}]}},"_links":{"self":[{"href":"https:\/\/pride.audio\/de\/wp-json\/wp\/v2\/product\/16068","targetHints":{"allow":["GET"]}}],"collection":[{"href":"https:\/\/pride.audio\/de\/wp-json\/wp\/v2\/product"}],"about":[{"href":"https:\/\/pride.audio\/de\/wp-json\/wp\/v2\/types\/product"}],"wp:featuredmedia":[{"embeddable":true,"href":"https:\/\/pride.audio\/de\/wp-json\/wp\/v2\/media\/10354"}],"wp:attachment":[{"href":"https:\/\/pride.audio\/de\/wp-json\/wp\/v2\/media?parent=16068"}],"wp:term":[{"taxonomy":"product_brand","embeddable":true,"href":"https:\/\/pride.audio\/de\/wp-json\/wp\/v2\/product_brand?post=16068"},{"taxonomy":"product_cat","embeddable":true,"href":"https:\/\/pride.audio\/de\/wp-json\/wp\/v2\/product_cat?post=16068"},{"taxonomy":"product_tag","embeddable":true,"href":"https:\/\/pride.audio\/de\/wp-json\/wp\/v2\/product_tag?post=16068"}],"curies":[{"name":"wp","href":"https:\/\/api.w.org\/{rel}","templated":true}]}}