{"id":15973,"date":"2022-10-17T18:44:20","date_gmt":"2022-10-17T23:44:20","guid":{"rendered":"https:\/\/pride.audio\/product\/recone-fur-solo-40\/"},"modified":"2022-10-17T18:44:20","modified_gmt":"2022-10-17T16:44:20","slug":"recone-fur-solo-40","status":"publish","type":"product","link":"https:\/\/pride.audio\/de\/produkt\/recone-fur-solo-40\/","title":{"rendered":"Recone f\u00fcr Solo 40"},"content":{"rendered":"<p><strong>Recone f\u00fcr Solo 40<\/strong><\/p>\n<p>Das Recone Kit f\u00fcr den Hocht\u00f6ner Pride Solo 40 ist auf unserer Website erh\u00e4ltlich.<br \/>\nSie k\u00f6nnen den Lautsprecher einfach und schnell selbst reparieren.<\/p>\n<p>Komplettes Verkaufsset:<\/p>\n<p>Recone Solo 40 \u2013 1 Paar<\/p>\n","protected":false},"excerpt":{"rendered":"<p>Recone f\u00fcr Solo 40 Das Recone Kit f\u00fcr den Hocht\u00f6ner Pride Solo 40 ist auf unserer Website erh\u00e4ltlich. Sie k\u00f6nnen den Lautsprecher einfach und schnell selbst reparieren. Komplettes Verkaufsset: Recone Solo 40 \u2013 1 Paar<\/p>\n","protected":false},"featured_media":17605,"template":"","meta":{"inline_featured_image":false},"product_brand":[],"product_cat":[],"product_tag":[],"class_list":{"0":"post-15973","1":"product","2":"type-product","3":"status-publish","4":"has-post-thumbnail","7":"first","8":"outofstock","9":"taxable","10":"shipping-taxable","11":"product-type-simple"},"acf":[],"yoast_head":"<!-- This site is optimized with the Yoast SEO plugin v27.3 - https:\/\/yoast.com\/product\/yoast-seo-wordpress\/ -->\n<title>Recone f\u00fcr Solo 40 - Pride Car Audio1<\/title>\n<meta name=\"robots\" content=\"index, follow, max-snippet:-1, max-image-preview:large, max-video-preview:-1\" \/>\n<link rel=\"canonical\" href=\"https:\/\/pride.audio\/de\/produkt\/recone-fur-solo-40\/\" \/>\n<meta property=\"og:locale\" content=\"de_DE\" \/>\n<meta property=\"og:type\" content=\"article\" \/>\n<meta property=\"og:title\" content=\"Recone f\u00fcr Solo 40 - Pride Car Audio1\" \/>\n<meta property=\"og:description\" content=\"Recone f\u00fcr Solo 40 Das Recone Kit f\u00fcr den Hocht\u00f6ner Pride Solo 40 ist auf unserer Website erh\u00e4ltlich. Sie k\u00f6nnen den Lautsprecher einfach und schnell selbst reparieren. Komplettes Verkaufsset: Recone Solo 40 \u2013 1 Paar\" \/>\n<meta property=\"og:url\" content=\"https:\/\/pride.audio\/de\/produkt\/recone-fur-solo-40\/\" \/>\n<meta property=\"og:site_name\" content=\"Pride Car Audio1\" \/>\n<meta property=\"og:image\" content=\"https:\/\/pride.audio\/wp-content\/uploads\/2022\/10\/pride_recone_solo40_1.jpg\" \/>\n\t<meta property=\"og:image:width\" content=\"600\" \/>\n\t<meta property=\"og:image:height\" content=\"401\" \/>\n\t<meta property=\"og:image:type\" content=\"image\/jpeg\" \/>\n<meta name=\"twitter:card\" content=\"summary_large_image\" \/>\n<script type=\"application\/ld+json\" class=\"yoast-schema-graph\">{\"@context\":\"https:\\\/\\\/schema.org\",\"@graph\":[{\"@type\":\"WebPage\",\"@id\":\"https:\\\/\\\/pride.audio\\\/de\\\/produkt\\\/recone-fur-solo-40\\\/\",\"url\":\"https:\\\/\\\/pride.audio\\\/de\\\/produkt\\\/recone-fur-solo-40\\\/\",\"name\":\"Recone f\u00fcr Solo 40 - Pride Car Audio1\",\"isPartOf\":{\"@id\":\"https:\\\/\\\/pride.audio\\\/#website\"},\"primaryImageOfPage\":{\"@id\":\"https:\\\/\\\/pride.audio\\\/de\\\/produkt\\\/recone-fur-solo-40\\\/#primaryimage\"},\"image\":{\"@id\":\"https:\\\/\\\/pride.audio\\\/de\\\/produkt\\\/recone-fur-solo-40\\\/#primaryimage\"},\"thumbnailUrl\":\"https:\\\/\\\/pride.audio\\\/wp-content\\\/uploads\\\/2022\\\/10\\\/pride_recone_solo40_1.jpg\",\"datePublished\":\"2022-10-17T23:44:20+00:00\",\"breadcrumb\":{\"@id\":\"https:\\\/\\\/pride.audio\\\/de\\\/produkt\\\/recone-fur-solo-40\\\/#breadcrumb\"},\"inLanguage\":\"de\",\"potentialAction\":[{\"@type\":\"ReadAction\",\"target\":[\"https:\\\/\\\/pride.audio\\\/de\\\/produkt\\\/recone-fur-solo-40\\\/\"]}]},{\"@type\":\"ImageObject\",\"inLanguage\":\"de\",\"@id\":\"https:\\\/\\\/pride.audio\\\/de\\\/produkt\\\/recone-fur-solo-40\\\/#primaryimage\",\"url\":\"https:\\\/\\\/pride.audio\\\/wp-content\\\/uploads\\\/2022\\\/10\\\/pride_recone_solo40_1.jpg\",\"contentUrl\":\"https:\\\/\\\/pride.audio\\\/wp-content\\\/uploads\\\/2022\\\/10\\\/pride_recone_solo40_1.jpg\",\"width\":600,\"height\":401},{\"@type\":\"BreadcrumbList\",\"@id\":\"https:\\\/\\\/pride.audio\\\/de\\\/produkt\\\/recone-fur-solo-40\\\/#breadcrumb\",\"itemListElement\":[{\"@type\":\"ListItem\",\"position\":1,\"name\":\"Home\",\"item\":\"https:\\\/\\\/pride.audio\\\/de\\\/\"},{\"@type\":\"ListItem\",\"position\":2,\"name\":\"Shop\",\"item\":\"https:\\\/\\\/pride.audio\\\/de\\\/shop-2\\\/\"},{\"@type\":\"ListItem\",\"position\":3,\"name\":\"Recone f\u00fcr Solo 40\"}]},{\"@type\":\"WebSite\",\"@id\":\"https:\\\/\\\/pride.audio\\\/#website\",\"url\":\"https:\\\/\\\/pride.audio\\\/\",\"name\":\"Pride Car Audio1\",\"description\":\"Pride Car Audio: Official site\",\"publisher\":{\"@id\":\"https:\\\/\\\/pride.audio\\\/#organization\"},\"potentialAction\":[{\"@type\":\"SearchAction\",\"target\":{\"@type\":\"EntryPoint\",\"urlTemplate\":\"https:\\\/\\\/pride.audio\\\/?s={search_term_string}\"},\"query-input\":{\"@type\":\"PropertyValueSpecification\",\"valueRequired\":true,\"valueName\":\"search_term_string\"}}],\"inLanguage\":\"de\"},{\"@type\":\"Organization\",\"@id\":\"https:\\\/\\\/pride.audio\\\/#organization\",\"name\":\"Pride Car Audio1\",\"url\":\"https:\\\/\\\/pride.audio\\\/\",\"logo\":{\"@type\":\"ImageObject\",\"inLanguage\":\"de\",\"@id\":\"https:\\\/\\\/pride.audio\\\/#\\\/schema\\\/logo\\\/image\\\/\",\"url\":\"https:\\\/\\\/pride.audio\\\/wp-content\\\/uploads\\\/2023\\\/08\\\/g10.svg\",\"contentUrl\":\"https:\\\/\\\/pride.audio\\\/wp-content\\\/uploads\\\/2023\\\/08\\\/g10.svg\",\"width\":158,\"height\":34,\"caption\":\"Pride Car Audio1\"},\"image\":{\"@id\":\"https:\\\/\\\/pride.audio\\\/#\\\/schema\\\/logo\\\/image\\\/\"}}]}<\/script>\n<!-- \/ Yoast SEO plugin. -->","yoast_head_json":{"title":"Recone f\u00fcr Solo 40 - Pride Car Audio1","robots":{"index":"index","follow":"follow","max-snippet":"max-snippet:-1","max-image-preview":"max-image-preview:large","max-video-preview":"max-video-preview:-1"},"canonical":"https:\/\/pride.audio\/de\/produkt\/recone-fur-solo-40\/","og_locale":"de_DE","og_type":"article","og_title":"Recone f\u00fcr Solo 40 - Pride Car Audio1","og_description":"Recone f\u00fcr Solo 40 Das Recone Kit f\u00fcr den Hocht\u00f6ner Pride Solo 40 ist auf unserer Website erh\u00e4ltlich. Sie k\u00f6nnen den Lautsprecher einfach und schnell selbst reparieren. Komplettes Verkaufsset: Recone Solo 40 \u2013 1 Paar","og_url":"https:\/\/pride.audio\/de\/produkt\/recone-fur-solo-40\/","og_site_name":"Pride Car Audio1","og_image":[{"width":600,"height":401,"url":"https:\/\/pride.audio\/wp-content\/uploads\/2022\/10\/pride_recone_solo40_1.jpg","type":"image\/jpeg"}],"twitter_card":"summary_large_image","schema":{"@context":"https:\/\/schema.org","@graph":[{"@type":"WebPage","@id":"https:\/\/pride.audio\/de\/produkt\/recone-fur-solo-40\/","url":"https:\/\/pride.audio\/de\/produkt\/recone-fur-solo-40\/","name":"Recone f\u00fcr Solo 40 - Pride Car Audio1","isPartOf":{"@id":"https:\/\/pride.audio\/#website"},"primaryImageOfPage":{"@id":"https:\/\/pride.audio\/de\/produkt\/recone-fur-solo-40\/#primaryimage"},"image":{"@id":"https:\/\/pride.audio\/de\/produkt\/recone-fur-solo-40\/#primaryimage"},"thumbnailUrl":"https:\/\/pride.audio\/wp-content\/uploads\/2022\/10\/pride_recone_solo40_1.jpg","datePublished":"2022-10-17T23:44:20+00:00","breadcrumb":{"@id":"https:\/\/pride.audio\/de\/produkt\/recone-fur-solo-40\/#breadcrumb"},"inLanguage":"de","potentialAction":[{"@type":"ReadAction","target":["https:\/\/pride.audio\/de\/produkt\/recone-fur-solo-40\/"]}]},{"@type":"ImageObject","inLanguage":"de","@id":"https:\/\/pride.audio\/de\/produkt\/recone-fur-solo-40\/#primaryimage","url":"https:\/\/pride.audio\/wp-content\/uploads\/2022\/10\/pride_recone_solo40_1.jpg","contentUrl":"https:\/\/pride.audio\/wp-content\/uploads\/2022\/10\/pride_recone_solo40_1.jpg","width":600,"height":401},{"@type":"BreadcrumbList","@id":"https:\/\/pride.audio\/de\/produkt\/recone-fur-solo-40\/#breadcrumb","itemListElement":[{"@type":"ListItem","position":1,"name":"Home","item":"https:\/\/pride.audio\/de\/"},{"@type":"ListItem","position":2,"name":"Shop","item":"https:\/\/pride.audio\/de\/shop-2\/"},{"@type":"ListItem","position":3,"name":"Recone f\u00fcr Solo 40"}]},{"@type":"WebSite","@id":"https:\/\/pride.audio\/#website","url":"https:\/\/pride.audio\/","name":"Pride Car Audio1","description":"Pride Car Audio: Official site","publisher":{"@id":"https:\/\/pride.audio\/#organization"},"potentialAction":[{"@type":"SearchAction","target":{"@type":"EntryPoint","urlTemplate":"https:\/\/pride.audio\/?s={search_term_string}"},"query-input":{"@type":"PropertyValueSpecification","valueRequired":true,"valueName":"search_term_string"}}],"inLanguage":"de"},{"@type":"Organization","@id":"https:\/\/pride.audio\/#organization","name":"Pride Car Audio1","url":"https:\/\/pride.audio\/","logo":{"@type":"ImageObject","inLanguage":"de","@id":"https:\/\/pride.audio\/#\/schema\/logo\/image\/","url":"https:\/\/pride.audio\/wp-content\/uploads\/2023\/08\/g10.svg","contentUrl":"https:\/\/pride.audio\/wp-content\/uploads\/2023\/08\/g10.svg","width":158,"height":34,"caption":"Pride Car Audio1"},"image":{"@id":"https:\/\/pride.audio\/#\/schema\/logo\/image\/"}}]}},"_links":{"self":[{"href":"https:\/\/pride.audio\/de\/wp-json\/wp\/v2\/product\/15973","targetHints":{"allow":["GET"]}}],"collection":[{"href":"https:\/\/pride.audio\/de\/wp-json\/wp\/v2\/product"}],"about":[{"href":"https:\/\/pride.audio\/de\/wp-json\/wp\/v2\/types\/product"}],"wp:featuredmedia":[{"embeddable":true,"href":"https:\/\/pride.audio\/de\/wp-json\/wp\/v2\/media\/17605"}],"wp:attachment":[{"href":"https:\/\/pride.audio\/de\/wp-json\/wp\/v2\/media?parent=15973"}],"wp:term":[{"taxonomy":"product_brand","embeddable":true,"href":"https:\/\/pride.audio\/de\/wp-json\/wp\/v2\/product_brand?post=15973"},{"taxonomy":"product_cat","embeddable":true,"href":"https:\/\/pride.audio\/de\/wp-json\/wp\/v2\/product_cat?post=15973"},{"taxonomy":"product_tag","embeddable":true,"href":"https:\/\/pride.audio\/de\/wp-json\/wp\/v2\/product_tag?post=15973"}],"curies":[{"name":"wp","href":"https:\/\/api.w.org\/{rel}","templated":true}]}}