{"id":15965,"date":"2022-12-08T15:34:36","date_gmt":"2022-12-08T20:34:36","guid":{"rendered":"https:\/\/pride.audio\/product\/subwoofer-pride-m25-15-rms-2500w-grose-15\/"},"modified":"2022-12-08T15:34:36","modified_gmt":"2022-12-08T13:34:36","slug":"subwoofer-pride-m25-15-rms-2500w-grose-15","status":"publish","type":"product","link":"https:\/\/pride.audio\/de\/produkt\/subwoofer-pride-m25-15-rms-2500w-grose-15\/","title":{"rendered":"Subwoofer Pride M25.15 RMS 2500W Gr\u00f6\u00dfe 15&#8243;"},"content":{"rendered":"<p>Subwoofer Pride M25.15<\/p>\n<p>Wir pr\u00e4sentieren Ihnen einen der beliebtesten Subwoofer der Marke Pride Car Audio \u2013 Pride M.25 15 mit Carbon-Staubkappe.<\/p>\n<p>Gr\u00f6\u00dfe \u2013 15\u2033, RMS \u2013 2500 W.<\/p>\n<p>Der Subwoofer verf\u00fcgt \u00fcber ein aktualisiertes K\u00fchlsystem. Der Aluminiumrahmen leitet nun die gesamte W\u00e4rme vollst\u00e4ndig ab. Jetzt kann der Subwoofer noch l\u00e4nger und lauter spielen. Auch der Subwoofer erhielt ein neues leistungsstarkes Magnetsystem und unsere Highline-Aufh\u00e4ngung. Die Gr\u00f6\u00dfe der Magnete betr\u00e4gt 8,66*1,06\u2033\u201c x 2 St\u00fcck.<\/p>\n<p>Die Schwingspule wurde von Pride entworfen und entwickelt. Da wir Hochtemperaturkleber und -lack verwendet haben, geben die Schwingspulen im Betrieb keinen Geruch ab. Eine Schwingspule mit 3,2\u2033 Durchmesser.<\/p>\n<p>Vergr\u00f6\u00dferte Zentrierscheibe mit einem Durchmesser von 9,06\u2033\u201c mit progressiver Riffelform. Die Form des Kegels erm\u00f6glichte es, die zus\u00e4tzliche Masse des beweglichen Teils zu reduzieren und die Fl\u00e4che der Klebekontakte zu vergr\u00f6\u00dfern, was f\u00fcr noch mehr Festigkeit bei hohen Belastungen sorgt.<\/p>\n<p>Der Subwoofer verf\u00fcgt \u00fcber eine austauschbare, modulare Aufh\u00e4ngung, die Sie in wenigen Minuten austauschen k\u00f6nnen.<\/p>\n<p>Der Subwoofer ist in zwei Versionen erh\u00e4ltlich \u2013 D0,75 und D1,5.<\/p>\n<p>Pride-Subwoofer zeichnen sich durch einwandfreie Leistung und Zuverl\u00e4ssigkeit aus.<\/p>\n<p>Erfreuen Sie sich an kr\u00e4ftigen B\u00e4ssen, klarem Klang und zuverl\u00e4ssiger Ausstattung mit Pride Car Audio!<\/p>\n","protected":false},"excerpt":{"rendered":"<p>Subwoofer Pride M25.15 Wir pr\u00e4sentieren Ihnen einen der beliebtesten Subwoofer der Marke Pride Car Audio \u2013 Pride M.25 15 mit Carbon-Staubkappe. Gr\u00f6\u00dfe \u2013 15\u2033, RMS \u2013 2500 W. Der Subwoofer verf\u00fcgt \u00fcber ein aktualisiertes K\u00fchlsystem. Der Aluminiumrahmen leitet nun die gesamte W\u00e4rme vollst\u00e4ndig ab. Jetzt kann der Subwoofer noch l\u00e4nger und lauter spielen. Auch der [&hellip;]<\/p>\n","protected":false},"featured_media":18104,"template":"","meta":{"inline_featured_image":false},"product_brand":[],"product_cat":[350,605],"product_tag":[],"class_list":{"0":"post-15965","1":"product","2":"type-product","3":"status-publish","4":"has-post-thumbnail","6":"product_cat-subwoofers","7":"product_cat-pride-m-serie-600-w-de","9":"first","10":"outofstock","11":"taxable","12":"shipping-taxable","13":"product-type-variable","14":"has-default-attributes"},"acf":[],"yoast_head":"<!-- This site is optimized with the Yoast SEO plugin v27.3 - https:\/\/yoast.com\/product\/yoast-seo-wordpress\/ -->\n<title>Subwoofer Pride M25.15 RMS 2500W Gr\u00f6\u00dfe 15&quot; - Pride Car Audio1<\/title>\n<meta name=\"robots\" content=\"index, follow, max-snippet:-1, max-image-preview:large, max-video-preview:-1\" \/>\n<link rel=\"canonical\" href=\"https:\/\/pride.audio\/de\/produkt\/subwoofer-pride-m25-15-rms-2500w-grose-15\/\" \/>\n<meta property=\"og:locale\" content=\"de_DE\" \/>\n<meta property=\"og:type\" content=\"article\" \/>\n<meta property=\"og:title\" content=\"Subwoofer Pride M25.15 RMS 2500W Gr\u00f6\u00dfe 15&quot; - Pride Car Audio1\" \/>\n<meta property=\"og:description\" content=\"Subwoofer Pride M25.15 Wir pr\u00e4sentieren Ihnen einen der beliebtesten Subwoofer der Marke Pride Car Audio \u2013 Pride M.25 15 mit Carbon-Staubkappe. Gr\u00f6\u00dfe \u2013 15\u2033, RMS \u2013 2500 W. Der Subwoofer verf\u00fcgt \u00fcber ein aktualisiertes K\u00fchlsystem. Der Aluminiumrahmen leitet nun die gesamte W\u00e4rme vollst\u00e4ndig ab. Jetzt kann der Subwoofer noch l\u00e4nger und lauter spielen. Auch der [&hellip;]\" \/>\n<meta property=\"og:url\" content=\"https:\/\/pride.audio\/de\/produkt\/subwoofer-pride-m25-15-rms-2500w-grose-15\/\" \/>\n<meta property=\"og:site_name\" content=\"Pride Car Audio1\" \/>\n<meta property=\"og:image\" content=\"https:\/\/pride.audio\/wp-content\/uploads\/2022\/12\/pride_subwoofer_m2515_1.jpg\" \/>\n\t<meta property=\"og:image:width\" content=\"600\" \/>\n\t<meta property=\"og:image:height\" content=\"421\" \/>\n\t<meta property=\"og:image:type\" content=\"image\/jpeg\" \/>\n<meta name=\"twitter:card\" content=\"summary_large_image\" \/>\n<meta name=\"twitter:label1\" content=\"Gesch\u00e4tzte Lesezeit\" \/>\n\t<meta name=\"twitter:data1\" content=\"1\u00a0Minute\" \/>\n<script type=\"application\/ld+json\" class=\"yoast-schema-graph\">{\"@context\":\"https:\\\/\\\/schema.org\",\"@graph\":[{\"@type\":\"WebPage\",\"@id\":\"https:\\\/\\\/pride.audio\\\/de\\\/produkt\\\/subwoofer-pride-m25-15-rms-2500w-grose-15\\\/\",\"url\":\"https:\\\/\\\/pride.audio\\\/de\\\/produkt\\\/subwoofer-pride-m25-15-rms-2500w-grose-15\\\/\",\"name\":\"Subwoofer Pride M25.15 RMS 2500W Gr\u00f6\u00dfe 15\\\" - Pride Car Audio1\",\"isPartOf\":{\"@id\":\"https:\\\/\\\/pride.audio\\\/#website\"},\"primaryImageOfPage\":{\"@id\":\"https:\\\/\\\/pride.audio\\\/de\\\/produkt\\\/subwoofer-pride-m25-15-rms-2500w-grose-15\\\/#primaryimage\"},\"image\":{\"@id\":\"https:\\\/\\\/pride.audio\\\/de\\\/produkt\\\/subwoofer-pride-m25-15-rms-2500w-grose-15\\\/#primaryimage\"},\"thumbnailUrl\":\"https:\\\/\\\/pride.audio\\\/wp-content\\\/uploads\\\/2022\\\/12\\\/pride_subwoofer_m2515_1.jpg\",\"datePublished\":\"2022-12-08T20:34:36+00:00\",\"breadcrumb\":{\"@id\":\"https:\\\/\\\/pride.audio\\\/de\\\/produkt\\\/subwoofer-pride-m25-15-rms-2500w-grose-15\\\/#breadcrumb\"},\"inLanguage\":\"de\",\"potentialAction\":[{\"@type\":\"ReadAction\",\"target\":[\"https:\\\/\\\/pride.audio\\\/de\\\/produkt\\\/subwoofer-pride-m25-15-rms-2500w-grose-15\\\/\"]}]},{\"@type\":\"ImageObject\",\"inLanguage\":\"de\",\"@id\":\"https:\\\/\\\/pride.audio\\\/de\\\/produkt\\\/subwoofer-pride-m25-15-rms-2500w-grose-15\\\/#primaryimage\",\"url\":\"https:\\\/\\\/pride.audio\\\/wp-content\\\/uploads\\\/2022\\\/12\\\/pride_subwoofer_m2515_1.jpg\",\"contentUrl\":\"https:\\\/\\\/pride.audio\\\/wp-content\\\/uploads\\\/2022\\\/12\\\/pride_subwoofer_m2515_1.jpg\",\"width\":600,\"height\":421},{\"@type\":\"BreadcrumbList\",\"@id\":\"https:\\\/\\\/pride.audio\\\/de\\\/produkt\\\/subwoofer-pride-m25-15-rms-2500w-grose-15\\\/#breadcrumb\",\"itemListElement\":[{\"@type\":\"ListItem\",\"position\":1,\"name\":\"Home\",\"item\":\"https:\\\/\\\/pride.audio\\\/de\\\/\"},{\"@type\":\"ListItem\",\"position\":2,\"name\":\"Shop\",\"item\":\"https:\\\/\\\/pride.audio\\\/de\\\/shop-2\\\/\"},{\"@type\":\"ListItem\",\"position\":3,\"name\":\"Subwoofer Pride M25.15 RMS 2500W Gr\u00f6\u00dfe 15&#8243;\"}]},{\"@type\":\"WebSite\",\"@id\":\"https:\\\/\\\/pride.audio\\\/#website\",\"url\":\"https:\\\/\\\/pride.audio\\\/\",\"name\":\"Pride Car Audio1\",\"description\":\"Pride Car Audio: Official site\",\"publisher\":{\"@id\":\"https:\\\/\\\/pride.audio\\\/#organization\"},\"potentialAction\":[{\"@type\":\"SearchAction\",\"target\":{\"@type\":\"EntryPoint\",\"urlTemplate\":\"https:\\\/\\\/pride.audio\\\/?s={search_term_string}\"},\"query-input\":{\"@type\":\"PropertyValueSpecification\",\"valueRequired\":true,\"valueName\":\"search_term_string\"}}],\"inLanguage\":\"de\"},{\"@type\":\"Organization\",\"@id\":\"https:\\\/\\\/pride.audio\\\/#organization\",\"name\":\"Pride Car Audio1\",\"url\":\"https:\\\/\\\/pride.audio\\\/\",\"logo\":{\"@type\":\"ImageObject\",\"inLanguage\":\"de\",\"@id\":\"https:\\\/\\\/pride.audio\\\/#\\\/schema\\\/logo\\\/image\\\/\",\"url\":\"https:\\\/\\\/pride.audio\\\/wp-content\\\/uploads\\\/2023\\\/08\\\/g10.svg\",\"contentUrl\":\"https:\\\/\\\/pride.audio\\\/wp-content\\\/uploads\\\/2023\\\/08\\\/g10.svg\",\"width\":158,\"height\":34,\"caption\":\"Pride Car Audio1\"},\"image\":{\"@id\":\"https:\\\/\\\/pride.audio\\\/#\\\/schema\\\/logo\\\/image\\\/\"}}]}<\/script>\n<!-- \/ Yoast SEO plugin. -->","yoast_head_json":{"title":"Subwoofer Pride M25.15 RMS 2500W Gr\u00f6\u00dfe 15\" - Pride Car Audio1","robots":{"index":"index","follow":"follow","max-snippet":"max-snippet:-1","max-image-preview":"max-image-preview:large","max-video-preview":"max-video-preview:-1"},"canonical":"https:\/\/pride.audio\/de\/produkt\/subwoofer-pride-m25-15-rms-2500w-grose-15\/","og_locale":"de_DE","og_type":"article","og_title":"Subwoofer Pride M25.15 RMS 2500W Gr\u00f6\u00dfe 15\" - Pride Car Audio1","og_description":"Subwoofer Pride M25.15 Wir pr\u00e4sentieren Ihnen einen der beliebtesten Subwoofer der Marke Pride Car Audio \u2013 Pride M.25 15 mit Carbon-Staubkappe. Gr\u00f6\u00dfe \u2013 15\u2033, RMS \u2013 2500 W. Der Subwoofer verf\u00fcgt \u00fcber ein aktualisiertes K\u00fchlsystem. Der Aluminiumrahmen leitet nun die gesamte W\u00e4rme vollst\u00e4ndig ab. Jetzt kann der Subwoofer noch l\u00e4nger und lauter spielen. Auch der [&hellip;]","og_url":"https:\/\/pride.audio\/de\/produkt\/subwoofer-pride-m25-15-rms-2500w-grose-15\/","og_site_name":"Pride Car Audio1","og_image":[{"width":600,"height":421,"url":"https:\/\/pride.audio\/wp-content\/uploads\/2022\/12\/pride_subwoofer_m2515_1.jpg","type":"image\/jpeg"}],"twitter_card":"summary_large_image","twitter_misc":{"Gesch\u00e4tzte Lesezeit":"1\u00a0Minute"},"schema":{"@context":"https:\/\/schema.org","@graph":[{"@type":"WebPage","@id":"https:\/\/pride.audio\/de\/produkt\/subwoofer-pride-m25-15-rms-2500w-grose-15\/","url":"https:\/\/pride.audio\/de\/produkt\/subwoofer-pride-m25-15-rms-2500w-grose-15\/","name":"Subwoofer Pride M25.15 RMS 2500W Gr\u00f6\u00dfe 15\" - Pride Car Audio1","isPartOf":{"@id":"https:\/\/pride.audio\/#website"},"primaryImageOfPage":{"@id":"https:\/\/pride.audio\/de\/produkt\/subwoofer-pride-m25-15-rms-2500w-grose-15\/#primaryimage"},"image":{"@id":"https:\/\/pride.audio\/de\/produkt\/subwoofer-pride-m25-15-rms-2500w-grose-15\/#primaryimage"},"thumbnailUrl":"https:\/\/pride.audio\/wp-content\/uploads\/2022\/12\/pride_subwoofer_m2515_1.jpg","datePublished":"2022-12-08T20:34:36+00:00","breadcrumb":{"@id":"https:\/\/pride.audio\/de\/produkt\/subwoofer-pride-m25-15-rms-2500w-grose-15\/#breadcrumb"},"inLanguage":"de","potentialAction":[{"@type":"ReadAction","target":["https:\/\/pride.audio\/de\/produkt\/subwoofer-pride-m25-15-rms-2500w-grose-15\/"]}]},{"@type":"ImageObject","inLanguage":"de","@id":"https:\/\/pride.audio\/de\/produkt\/subwoofer-pride-m25-15-rms-2500w-grose-15\/#primaryimage","url":"https:\/\/pride.audio\/wp-content\/uploads\/2022\/12\/pride_subwoofer_m2515_1.jpg","contentUrl":"https:\/\/pride.audio\/wp-content\/uploads\/2022\/12\/pride_subwoofer_m2515_1.jpg","width":600,"height":421},{"@type":"BreadcrumbList","@id":"https:\/\/pride.audio\/de\/produkt\/subwoofer-pride-m25-15-rms-2500w-grose-15\/#breadcrumb","itemListElement":[{"@type":"ListItem","position":1,"name":"Home","item":"https:\/\/pride.audio\/de\/"},{"@type":"ListItem","position":2,"name":"Shop","item":"https:\/\/pride.audio\/de\/shop-2\/"},{"@type":"ListItem","position":3,"name":"Subwoofer Pride M25.15 RMS 2500W Gr\u00f6\u00dfe 15&#8243;"}]},{"@type":"WebSite","@id":"https:\/\/pride.audio\/#website","url":"https:\/\/pride.audio\/","name":"Pride Car Audio1","description":"Pride Car Audio: Official site","publisher":{"@id":"https:\/\/pride.audio\/#organization"},"potentialAction":[{"@type":"SearchAction","target":{"@type":"EntryPoint","urlTemplate":"https:\/\/pride.audio\/?s={search_term_string}"},"query-input":{"@type":"PropertyValueSpecification","valueRequired":true,"valueName":"search_term_string"}}],"inLanguage":"de"},{"@type":"Organization","@id":"https:\/\/pride.audio\/#organization","name":"Pride Car Audio1","url":"https:\/\/pride.audio\/","logo":{"@type":"ImageObject","inLanguage":"de","@id":"https:\/\/pride.audio\/#\/schema\/logo\/image\/","url":"https:\/\/pride.audio\/wp-content\/uploads\/2023\/08\/g10.svg","contentUrl":"https:\/\/pride.audio\/wp-content\/uploads\/2023\/08\/g10.svg","width":158,"height":34,"caption":"Pride Car Audio1"},"image":{"@id":"https:\/\/pride.audio\/#\/schema\/logo\/image\/"}}]}},"_links":{"self":[{"href":"https:\/\/pride.audio\/de\/wp-json\/wp\/v2\/product\/15965","targetHints":{"allow":["GET"]}}],"collection":[{"href":"https:\/\/pride.audio\/de\/wp-json\/wp\/v2\/product"}],"about":[{"href":"https:\/\/pride.audio\/de\/wp-json\/wp\/v2\/types\/product"}],"wp:featuredmedia":[{"embeddable":true,"href":"https:\/\/pride.audio\/de\/wp-json\/wp\/v2\/media\/18104"}],"wp:attachment":[{"href":"https:\/\/pride.audio\/de\/wp-json\/wp\/v2\/media?parent=15965"}],"wp:term":[{"taxonomy":"product_brand","embeddable":true,"href":"https:\/\/pride.audio\/de\/wp-json\/wp\/v2\/product_brand?post=15965"},{"taxonomy":"product_cat","embeddable":true,"href":"https:\/\/pride.audio\/de\/wp-json\/wp\/v2\/product_cat?post=15965"},{"taxonomy":"product_tag","embeddable":true,"href":"https:\/\/pride.audio\/de\/wp-json\/wp\/v2\/product_tag?post=15965"}],"curies":[{"name":"wp","href":"https:\/\/api.w.org\/{rel}","templated":true}]}}