{"id":15957,"date":"2022-12-08T18:41:40","date_gmt":"2022-12-08T23:41:40","guid":{"rendered":"https:\/\/pride.audio\/product\/subwoofer-pride-m35-15-rms-3500w-grose-15\/"},"modified":"2022-12-08T18:41:40","modified_gmt":"2022-12-08T16:41:40","slug":"subwoofer-pride-m35-15-rms-3500w-grose-15","status":"publish","type":"product","link":"https:\/\/pride.audio\/de\/produkt\/subwoofer-pride-m35-15-rms-3500w-grose-15\/","title":{"rendered":"Subwoofer Pride M35.15 RMS 3500W Gr\u00f6\u00dfe 15&#8243;"},"content":{"rendered":"<p><strong>Subwoofer Pride M35.15<\/strong><\/p>\n<p>Eine neue \u00c4ra in der Geschichte des Car-Audio liegt nun in Ihren H\u00e4nden. Aluminiumrahmen, die als Strahler fungieren, und ein aktualisiertes K\u00fchlsystem bieten maximalen Schutz vor \u00dcberhitzung und erm\u00f6glichen so einen langen und lauten Klang. Die Subwoofer erhielten ein neues Magnetsystem und eine hochlineare Aufh\u00e4ngung \u2013 zus\u00e4tzliche Punkte in Sachen Zuverl\u00e4ssigkeit und Leistung. Vergr\u00f6\u00dferte Zentrierscheibe mit progressiver Wellenform. Durch die Form des Diffusors konnte die zus\u00e4tzliche Masse des beweglichen Teils reduziert und die Fl\u00e4che der Klebekontakte vergr\u00f6\u00dfert werden, was f\u00fcr noch mehr Festigkeit bei hohen Belastungen sorgt.<\/p>\n<p>Wir pr\u00e4sentieren Ihnen ein leistungsstarkes und bei unseren Verbrauchern tats\u00e4chlich sehr beliebtes Modell \u2013 den Subwoofer Pride M35.15.<br \/>\nDer Subwoofer hat eine ehrliche RMS-Leistung von 3500 Watt und einen noch besseren Wirkungsgrad als die Vorg\u00e4ngermodelle.<\/p>\n<p>Gr\u00f6\u00dfe \u2013 15&#8243;<\/p>\n<p>Die besonderen Eigenschaften unserer Subwoofer sind die hohe Qualit\u00e4t der Rohstoffe, ihre Verschlei\u00dffestigkeit und lange Lebensdauer, sodass Ihr Lautsprechersystem von Pride Car Audio viele Jahre lang einwandfrei funktionieren wird.<\/p>\n<p>Erfreuen Sie sich mit kraftvollen B\u00e4ssen, klarem Klang und zuverl\u00e4ssiger Ausstattung mit Pride Car Audio<br \/>\nSubwoofer in den USA erh\u00e4ltlich!<\/p>\n","protected":false},"excerpt":{"rendered":"<p>Subwoofer Pride M35.15 Eine neue \u00c4ra in der Geschichte des Car-Audio liegt nun in Ihren H\u00e4nden. Aluminiumrahmen, die als Strahler fungieren, und ein aktualisiertes K\u00fchlsystem bieten maximalen Schutz vor \u00dcberhitzung und erm\u00f6glichen so einen langen und lauten Klang. Die Subwoofer erhielten ein neues Magnetsystem und eine hochlineare Aufh\u00e4ngung \u2013 zus\u00e4tzliche Punkte in Sachen Zuverl\u00e4ssigkeit und [&hellip;]<\/p>\n","protected":false},"featured_media":18263,"template":"","meta":{"inline_featured_image":false},"product_brand":[],"product_cat":[350,606],"product_tag":[],"class_list":{"0":"post-15957","1":"product","2":"type-product","3":"status-publish","4":"has-post-thumbnail","6":"product_cat-subwoofers","7":"product_cat-pride-m-35-serie-3500-w","9":"first","10":"outofstock","11":"taxable","12":"shipping-taxable","13":"product-type-variable","14":"has-default-attributes"},"acf":[],"yoast_head":"<!-- This site is optimized with the Yoast SEO plugin v27.2 - https:\/\/yoast.com\/product\/yoast-seo-wordpress\/ -->\n<title>Subwoofer Pride M35.15 RMS 3500W Gr\u00f6\u00dfe 15&quot; - Pride Car Audio1<\/title>\n<meta name=\"robots\" content=\"index, follow, max-snippet:-1, max-image-preview:large, max-video-preview:-1\" \/>\n<link rel=\"canonical\" href=\"https:\/\/pride.audio\/de\/produkt\/subwoofer-pride-m35-15-rms-3500w-grose-15\/\" \/>\n<meta property=\"og:locale\" content=\"de_DE\" \/>\n<meta property=\"og:type\" content=\"article\" \/>\n<meta property=\"og:title\" content=\"Subwoofer Pride M35.15 RMS 3500W Gr\u00f6\u00dfe 15&quot; - Pride Car Audio1\" \/>\n<meta property=\"og:description\" content=\"Subwoofer Pride M35.15 Eine neue \u00c4ra in der Geschichte des Car-Audio liegt nun in Ihren H\u00e4nden. Aluminiumrahmen, die als Strahler fungieren, und ein aktualisiertes K\u00fchlsystem bieten maximalen Schutz vor \u00dcberhitzung und erm\u00f6glichen so einen langen und lauten Klang. Die Subwoofer erhielten ein neues Magnetsystem und eine hochlineare Aufh\u00e4ngung \u2013 zus\u00e4tzliche Punkte in Sachen Zuverl\u00e4ssigkeit und [&hellip;]\" \/>\n<meta property=\"og:url\" content=\"https:\/\/pride.audio\/de\/produkt\/subwoofer-pride-m35-15-rms-3500w-grose-15\/\" \/>\n<meta property=\"og:site_name\" content=\"Pride Car Audio1\" \/>\n<meta property=\"og:image\" content=\"https:\/\/pride.audio\/wp-content\/uploads\/2022\/12\/pride_subwoofer_m3515_1.jpg\" \/>\n\t<meta property=\"og:image:width\" content=\"600\" \/>\n\t<meta property=\"og:image:height\" content=\"421\" \/>\n\t<meta property=\"og:image:type\" content=\"image\/jpeg\" \/>\n<meta name=\"twitter:card\" content=\"summary_large_image\" \/>\n<meta name=\"twitter:label1\" content=\"Gesch\u00e4tzte Lesezeit\" \/>\n\t<meta name=\"twitter:data1\" content=\"1\u00a0Minute\" \/>\n<script type=\"application\/ld+json\" class=\"yoast-schema-graph\">{\"@context\":\"https:\/\/schema.org\",\"@graph\":[{\"@type\":\"WebPage\",\"@id\":\"https:\/\/pride.audio\/de\/produkt\/subwoofer-pride-m35-15-rms-3500w-grose-15\/\",\"url\":\"https:\/\/pride.audio\/de\/produkt\/subwoofer-pride-m35-15-rms-3500w-grose-15\/\",\"name\":\"Subwoofer Pride M35.15 RMS 3500W Gr\u00f6\u00dfe 15\\\" - Pride Car Audio1\",\"isPartOf\":{\"@id\":\"https:\/\/pride.audio\/#website\"},\"primaryImageOfPage\":{\"@id\":\"https:\/\/pride.audio\/de\/produkt\/subwoofer-pride-m35-15-rms-3500w-grose-15\/#primaryimage\"},\"image\":{\"@id\":\"https:\/\/pride.audio\/de\/produkt\/subwoofer-pride-m35-15-rms-3500w-grose-15\/#primaryimage\"},\"thumbnailUrl\":\"https:\/\/pride.audio\/wp-content\/uploads\/2022\/12\/pride_subwoofer_m3515_1.jpg\",\"datePublished\":\"2022-12-08T23:41:40+00:00\",\"breadcrumb\":{\"@id\":\"https:\/\/pride.audio\/de\/produkt\/subwoofer-pride-m35-15-rms-3500w-grose-15\/#breadcrumb\"},\"inLanguage\":\"de\",\"potentialAction\":[{\"@type\":\"ReadAction\",\"target\":[\"https:\/\/pride.audio\/de\/produkt\/subwoofer-pride-m35-15-rms-3500w-grose-15\/\"]}]},{\"@type\":\"ImageObject\",\"inLanguage\":\"de\",\"@id\":\"https:\/\/pride.audio\/de\/produkt\/subwoofer-pride-m35-15-rms-3500w-grose-15\/#primaryimage\",\"url\":\"https:\/\/pride.audio\/wp-content\/uploads\/2022\/12\/pride_subwoofer_m3515_1.jpg\",\"contentUrl\":\"https:\/\/pride.audio\/wp-content\/uploads\/2022\/12\/pride_subwoofer_m3515_1.jpg\",\"width\":600,\"height\":421},{\"@type\":\"BreadcrumbList\",\"@id\":\"https:\/\/pride.audio\/de\/produkt\/subwoofer-pride-m35-15-rms-3500w-grose-15\/#breadcrumb\",\"itemListElement\":[{\"@type\":\"ListItem\",\"position\":1,\"name\":\"Home\",\"item\":\"https:\/\/pride.audio\/de\/\"},{\"@type\":\"ListItem\",\"position\":2,\"name\":\"Shop\",\"item\":\"https:\/\/pride.audio\/de\/shop-2\/\"},{\"@type\":\"ListItem\",\"position\":3,\"name\":\"Subwoofer Pride M35.15 RMS 3500W Gr\u00f6\u00dfe 15&#8243;\"}]},{\"@type\":\"WebSite\",\"@id\":\"https:\/\/pride.audio\/#website\",\"url\":\"https:\/\/pride.audio\/\",\"name\":\"Pride Car Audio1\",\"description\":\"Pride Car Audio: Official site\",\"publisher\":{\"@id\":\"https:\/\/pride.audio\/#organization\"},\"potentialAction\":[{\"@type\":\"SearchAction\",\"target\":{\"@type\":\"EntryPoint\",\"urlTemplate\":\"https:\/\/pride.audio\/?s={search_term_string}\"},\"query-input\":{\"@type\":\"PropertyValueSpecification\",\"valueRequired\":true,\"valueName\":\"search_term_string\"}}],\"inLanguage\":\"de\"},{\"@type\":\"Organization\",\"@id\":\"https:\/\/pride.audio\/#organization\",\"name\":\"Pride Car Audio1\",\"url\":\"https:\/\/pride.audio\/\",\"logo\":{\"@type\":\"ImageObject\",\"inLanguage\":\"de\",\"@id\":\"https:\/\/pride.audio\/#\/schema\/logo\/image\/\",\"url\":\"https:\/\/pride.audio\/wp-content\/uploads\/2023\/08\/g10.svg\",\"contentUrl\":\"https:\/\/pride.audio\/wp-content\/uploads\/2023\/08\/g10.svg\",\"width\":158,\"height\":34,\"caption\":\"Pride Car Audio1\"},\"image\":{\"@id\":\"https:\/\/pride.audio\/#\/schema\/logo\/image\/\"}}]}<\/script>\n<!-- \/ Yoast SEO plugin. -->","yoast_head_json":{"title":"Subwoofer Pride M35.15 RMS 3500W Gr\u00f6\u00dfe 15\" - Pride Car Audio1","robots":{"index":"index","follow":"follow","max-snippet":"max-snippet:-1","max-image-preview":"max-image-preview:large","max-video-preview":"max-video-preview:-1"},"canonical":"https:\/\/pride.audio\/de\/produkt\/subwoofer-pride-m35-15-rms-3500w-grose-15\/","og_locale":"de_DE","og_type":"article","og_title":"Subwoofer Pride M35.15 RMS 3500W Gr\u00f6\u00dfe 15\" - Pride Car Audio1","og_description":"Subwoofer Pride M35.15 Eine neue \u00c4ra in der Geschichte des Car-Audio liegt nun in Ihren H\u00e4nden. Aluminiumrahmen, die als Strahler fungieren, und ein aktualisiertes K\u00fchlsystem bieten maximalen Schutz vor \u00dcberhitzung und erm\u00f6glichen so einen langen und lauten Klang. Die Subwoofer erhielten ein neues Magnetsystem und eine hochlineare Aufh\u00e4ngung \u2013 zus\u00e4tzliche Punkte in Sachen Zuverl\u00e4ssigkeit und [&hellip;]","og_url":"https:\/\/pride.audio\/de\/produkt\/subwoofer-pride-m35-15-rms-3500w-grose-15\/","og_site_name":"Pride Car Audio1","og_image":[{"width":600,"height":421,"url":"https:\/\/pride.audio\/wp-content\/uploads\/2022\/12\/pride_subwoofer_m3515_1.jpg","type":"image\/jpeg"}],"twitter_card":"summary_large_image","twitter_misc":{"Gesch\u00e4tzte Lesezeit":"1\u00a0Minute"},"schema":{"@context":"https:\/\/schema.org","@graph":[{"@type":"WebPage","@id":"https:\/\/pride.audio\/de\/produkt\/subwoofer-pride-m35-15-rms-3500w-grose-15\/","url":"https:\/\/pride.audio\/de\/produkt\/subwoofer-pride-m35-15-rms-3500w-grose-15\/","name":"Subwoofer Pride M35.15 RMS 3500W Gr\u00f6\u00dfe 15\" - Pride Car Audio1","isPartOf":{"@id":"https:\/\/pride.audio\/#website"},"primaryImageOfPage":{"@id":"https:\/\/pride.audio\/de\/produkt\/subwoofer-pride-m35-15-rms-3500w-grose-15\/#primaryimage"},"image":{"@id":"https:\/\/pride.audio\/de\/produkt\/subwoofer-pride-m35-15-rms-3500w-grose-15\/#primaryimage"},"thumbnailUrl":"https:\/\/pride.audio\/wp-content\/uploads\/2022\/12\/pride_subwoofer_m3515_1.jpg","datePublished":"2022-12-08T23:41:40+00:00","breadcrumb":{"@id":"https:\/\/pride.audio\/de\/produkt\/subwoofer-pride-m35-15-rms-3500w-grose-15\/#breadcrumb"},"inLanguage":"de","potentialAction":[{"@type":"ReadAction","target":["https:\/\/pride.audio\/de\/produkt\/subwoofer-pride-m35-15-rms-3500w-grose-15\/"]}]},{"@type":"ImageObject","inLanguage":"de","@id":"https:\/\/pride.audio\/de\/produkt\/subwoofer-pride-m35-15-rms-3500w-grose-15\/#primaryimage","url":"https:\/\/pride.audio\/wp-content\/uploads\/2022\/12\/pride_subwoofer_m3515_1.jpg","contentUrl":"https:\/\/pride.audio\/wp-content\/uploads\/2022\/12\/pride_subwoofer_m3515_1.jpg","width":600,"height":421},{"@type":"BreadcrumbList","@id":"https:\/\/pride.audio\/de\/produkt\/subwoofer-pride-m35-15-rms-3500w-grose-15\/#breadcrumb","itemListElement":[{"@type":"ListItem","position":1,"name":"Home","item":"https:\/\/pride.audio\/de\/"},{"@type":"ListItem","position":2,"name":"Shop","item":"https:\/\/pride.audio\/de\/shop-2\/"},{"@type":"ListItem","position":3,"name":"Subwoofer Pride M35.15 RMS 3500W Gr\u00f6\u00dfe 15&#8243;"}]},{"@type":"WebSite","@id":"https:\/\/pride.audio\/#website","url":"https:\/\/pride.audio\/","name":"Pride Car Audio1","description":"Pride Car Audio: Official site","publisher":{"@id":"https:\/\/pride.audio\/#organization"},"potentialAction":[{"@type":"SearchAction","target":{"@type":"EntryPoint","urlTemplate":"https:\/\/pride.audio\/?s={search_term_string}"},"query-input":{"@type":"PropertyValueSpecification","valueRequired":true,"valueName":"search_term_string"}}],"inLanguage":"de"},{"@type":"Organization","@id":"https:\/\/pride.audio\/#organization","name":"Pride Car Audio1","url":"https:\/\/pride.audio\/","logo":{"@type":"ImageObject","inLanguage":"de","@id":"https:\/\/pride.audio\/#\/schema\/logo\/image\/","url":"https:\/\/pride.audio\/wp-content\/uploads\/2023\/08\/g10.svg","contentUrl":"https:\/\/pride.audio\/wp-content\/uploads\/2023\/08\/g10.svg","width":158,"height":34,"caption":"Pride Car Audio1"},"image":{"@id":"https:\/\/pride.audio\/#\/schema\/logo\/image\/"}}]}},"_links":{"self":[{"href":"https:\/\/pride.audio\/de\/wp-json\/wp\/v2\/product\/15957","targetHints":{"allow":["GET"]}}],"collection":[{"href":"https:\/\/pride.audio\/de\/wp-json\/wp\/v2\/product"}],"about":[{"href":"https:\/\/pride.audio\/de\/wp-json\/wp\/v2\/types\/product"}],"wp:featuredmedia":[{"embeddable":true,"href":"https:\/\/pride.audio\/de\/wp-json\/wp\/v2\/media\/18263"}],"wp:attachment":[{"href":"https:\/\/pride.audio\/de\/wp-json\/wp\/v2\/media?parent=15957"}],"wp:term":[{"taxonomy":"product_brand","embeddable":true,"href":"https:\/\/pride.audio\/de\/wp-json\/wp\/v2\/product_brand?post=15957"},{"taxonomy":"product_cat","embeddable":true,"href":"https:\/\/pride.audio\/de\/wp-json\/wp\/v2\/product_cat?post=15957"},{"taxonomy":"product_tag","embeddable":true,"href":"https:\/\/pride.audio\/de\/wp-json\/wp\/v2\/product_tag?post=15957"}],"curies":[{"name":"wp","href":"https:\/\/api.w.org\/{rel}","templated":true}]}}