{"id":15951,"date":"2022-12-08T19:53:14","date_gmt":"2022-12-09T00:53:14","guid":{"rendered":"https:\/\/pride.audio\/product\/subwoofer-pride-m45-12-rms-4500w-grose-12\/"},"modified":"2022-12-08T19:53:14","modified_gmt":"2022-12-08T17:53:14","slug":"subwoofer-pride-m45-12-rms-4500w-grose-12","status":"publish","type":"product","link":"https:\/\/pride.audio\/de\/produkt\/subwoofer-pride-m45-12-rms-4500w-grose-12\/","title":{"rendered":"Subwoofer Pride M45.12 RMS 4500W Gr\u00f6\u00dfe 12&#8243;"},"content":{"rendered":"<p><strong>Subwoofer Pride M45.12<\/strong><\/p>\n<p>Wir pr\u00e4sentieren Ihnen den Subwoofer Pride M.45 12\u201c mit Carbon-Diffusor und Kappe.<\/p>\n<p>Eine neue \u00c4ra in der Geschichte des Car-Audio liegt nun in Ihren H\u00e4nden. Ein Aluminiumrahmen, K\u00fchler und ein aktualisiertes K\u00fchlsystem bieten maximalen Schutz vor \u00dcberhitzung und erm\u00f6glichen so einen langen und lauten Klang. Die Subwoofer erhielten ein neues Magnetsystem und unsere hochlineare Aufh\u00e4ngung \u2013 zus\u00e4tzliche Punkte in Sachen Zuverl\u00e4ssigkeit und Leistung. Vergr\u00f6\u00dferte Zentrierscheibe mit progressiver Wellenform. Durch die Form des Diffusors konnte die zus\u00e4tzliche Masse des beweglichen Teils reduziert und die Fl\u00e4che der Klebekontakte vergr\u00f6\u00dfert werden, was f\u00fcr noch mehr Festigkeit bei hohen Belastungen sorgt.<\/p>\n<p>&nbsp;<\/p>\n<p>Gr\u00f6\u00dfe \u2013 12\u2033, RMS \u2013 4500 W.<\/p>\n<p>&nbsp;<\/p>\n<p>Die besonderen Eigenschaften unserer Subwoofer sind die hohe Qualit\u00e4t der Rohstoffe, ihre Verschlei\u00dffestigkeit und lange Lebensdauer, sodass Ihr Lautsprechersystem von Pride Car Audio viele Jahre lang einwandfrei funktionieren wird.<\/p>\n<p>Erfreuen Sie sich mit kraftvollen B\u00e4ssen, klarem Klang und zuverl\u00e4ssiger Ausstattung mit Pride Car Audio<\/p>\n<p>Subwoofer in den USA erh\u00e4ltlich<\/p>\n","protected":false},"excerpt":{"rendered":"<p>Subwoofer Pride M45.12 Wir pr\u00e4sentieren Ihnen den Subwoofer Pride M.45 12\u201c mit Carbon-Diffusor und Kappe. Eine neue \u00c4ra in der Geschichte des Car-Audio liegt nun in Ihren H\u00e4nden. Ein Aluminiumrahmen, K\u00fchler und ein aktualisiertes K\u00fchlsystem bieten maximalen Schutz vor \u00dcberhitzung und erm\u00f6glichen so einen langen und lauten Klang. Die Subwoofer erhielten ein neues Magnetsystem und [&hellip;]<\/p>\n","protected":false},"featured_media":18243,"template":"","meta":{"inline_featured_image":false},"product_brand":[],"product_cat":[350,607],"product_tag":[],"class_list":{"0":"post-15951","1":"product","2":"type-product","3":"status-publish","4":"has-post-thumbnail","6":"product_cat-subwoofers","7":"product_cat-pride-m-45-serie-4500-w","9":"first","10":"outofstock","11":"taxable","12":"shipping-taxable","13":"product-type-variable","14":"has-default-attributes"},"acf":[],"yoast_head":"<!-- This site is optimized with the Yoast SEO plugin v27.3 - https:\/\/yoast.com\/product\/yoast-seo-wordpress\/ -->\n<title>Subwoofer Pride M45.12 RMS 4500W Gr\u00f6\u00dfe 12&quot; - Pride Car Audio1<\/title>\n<meta name=\"robots\" content=\"index, follow, max-snippet:-1, max-image-preview:large, max-video-preview:-1\" \/>\n<link rel=\"canonical\" href=\"https:\/\/pride.audio\/de\/produkt\/subwoofer-pride-m45-12-rms-4500w-grose-12\/\" \/>\n<meta property=\"og:locale\" content=\"de_DE\" \/>\n<meta property=\"og:type\" content=\"article\" \/>\n<meta property=\"og:title\" content=\"Subwoofer Pride M45.12 RMS 4500W Gr\u00f6\u00dfe 12&quot; - Pride Car Audio1\" \/>\n<meta property=\"og:description\" content=\"Subwoofer Pride M45.12 Wir pr\u00e4sentieren Ihnen den Subwoofer Pride M.45 12\u201c mit Carbon-Diffusor und Kappe. Eine neue \u00c4ra in der Geschichte des Car-Audio liegt nun in Ihren H\u00e4nden. Ein Aluminiumrahmen, K\u00fchler und ein aktualisiertes K\u00fchlsystem bieten maximalen Schutz vor \u00dcberhitzung und erm\u00f6glichen so einen langen und lauten Klang. Die Subwoofer erhielten ein neues Magnetsystem und [&hellip;]\" \/>\n<meta property=\"og:url\" content=\"https:\/\/pride.audio\/de\/produkt\/subwoofer-pride-m45-12-rms-4500w-grose-12\/\" \/>\n<meta property=\"og:site_name\" content=\"Pride Car Audio1\" \/>\n<meta property=\"og:image\" content=\"https:\/\/pride.audio\/wp-content\/uploads\/2022\/12\/pride_subwoofer_m4512_1.jpg\" \/>\n\t<meta property=\"og:image:width\" content=\"600\" \/>\n\t<meta property=\"og:image:height\" content=\"421\" \/>\n\t<meta property=\"og:image:type\" content=\"image\/jpeg\" \/>\n<meta name=\"twitter:card\" content=\"summary_large_image\" \/>\n<meta name=\"twitter:label1\" content=\"Gesch\u00e4tzte Lesezeit\" \/>\n\t<meta name=\"twitter:data1\" content=\"1\u00a0Minute\" \/>\n<script type=\"application\/ld+json\" class=\"yoast-schema-graph\">{\"@context\":\"https:\\\/\\\/schema.org\",\"@graph\":[{\"@type\":\"WebPage\",\"@id\":\"https:\\\/\\\/pride.audio\\\/de\\\/produkt\\\/subwoofer-pride-m45-12-rms-4500w-grose-12\\\/\",\"url\":\"https:\\\/\\\/pride.audio\\\/de\\\/produkt\\\/subwoofer-pride-m45-12-rms-4500w-grose-12\\\/\",\"name\":\"Subwoofer Pride M45.12 RMS 4500W Gr\u00f6\u00dfe 12\\\" - Pride Car Audio1\",\"isPartOf\":{\"@id\":\"https:\\\/\\\/pride.audio\\\/#website\"},\"primaryImageOfPage\":{\"@id\":\"https:\\\/\\\/pride.audio\\\/de\\\/produkt\\\/subwoofer-pride-m45-12-rms-4500w-grose-12\\\/#primaryimage\"},\"image\":{\"@id\":\"https:\\\/\\\/pride.audio\\\/de\\\/produkt\\\/subwoofer-pride-m45-12-rms-4500w-grose-12\\\/#primaryimage\"},\"thumbnailUrl\":\"https:\\\/\\\/pride.audio\\\/wp-content\\\/uploads\\\/2022\\\/12\\\/pride_subwoofer_m4512_1.jpg\",\"datePublished\":\"2022-12-09T00:53:14+00:00\",\"breadcrumb\":{\"@id\":\"https:\\\/\\\/pride.audio\\\/de\\\/produkt\\\/subwoofer-pride-m45-12-rms-4500w-grose-12\\\/#breadcrumb\"},\"inLanguage\":\"de\",\"potentialAction\":[{\"@type\":\"ReadAction\",\"target\":[\"https:\\\/\\\/pride.audio\\\/de\\\/produkt\\\/subwoofer-pride-m45-12-rms-4500w-grose-12\\\/\"]}]},{\"@type\":\"ImageObject\",\"inLanguage\":\"de\",\"@id\":\"https:\\\/\\\/pride.audio\\\/de\\\/produkt\\\/subwoofer-pride-m45-12-rms-4500w-grose-12\\\/#primaryimage\",\"url\":\"https:\\\/\\\/pride.audio\\\/wp-content\\\/uploads\\\/2022\\\/12\\\/pride_subwoofer_m4512_1.jpg\",\"contentUrl\":\"https:\\\/\\\/pride.audio\\\/wp-content\\\/uploads\\\/2022\\\/12\\\/pride_subwoofer_m4512_1.jpg\",\"width\":600,\"height\":421},{\"@type\":\"BreadcrumbList\",\"@id\":\"https:\\\/\\\/pride.audio\\\/de\\\/produkt\\\/subwoofer-pride-m45-12-rms-4500w-grose-12\\\/#breadcrumb\",\"itemListElement\":[{\"@type\":\"ListItem\",\"position\":1,\"name\":\"Home\",\"item\":\"https:\\\/\\\/pride.audio\\\/de\\\/\"},{\"@type\":\"ListItem\",\"position\":2,\"name\":\"Shop\",\"item\":\"https:\\\/\\\/pride.audio\\\/de\\\/shop-2\\\/\"},{\"@type\":\"ListItem\",\"position\":3,\"name\":\"Subwoofer Pride M45.12 RMS 4500W Gr\u00f6\u00dfe 12&#8243;\"}]},{\"@type\":\"WebSite\",\"@id\":\"https:\\\/\\\/pride.audio\\\/#website\",\"url\":\"https:\\\/\\\/pride.audio\\\/\",\"name\":\"Pride Car Audio1\",\"description\":\"Pride Car Audio: Official site\",\"publisher\":{\"@id\":\"https:\\\/\\\/pride.audio\\\/#organization\"},\"potentialAction\":[{\"@type\":\"SearchAction\",\"target\":{\"@type\":\"EntryPoint\",\"urlTemplate\":\"https:\\\/\\\/pride.audio\\\/?s={search_term_string}\"},\"query-input\":{\"@type\":\"PropertyValueSpecification\",\"valueRequired\":true,\"valueName\":\"search_term_string\"}}],\"inLanguage\":\"de\"},{\"@type\":\"Organization\",\"@id\":\"https:\\\/\\\/pride.audio\\\/#organization\",\"name\":\"Pride Car Audio1\",\"url\":\"https:\\\/\\\/pride.audio\\\/\",\"logo\":{\"@type\":\"ImageObject\",\"inLanguage\":\"de\",\"@id\":\"https:\\\/\\\/pride.audio\\\/#\\\/schema\\\/logo\\\/image\\\/\",\"url\":\"https:\\\/\\\/pride.audio\\\/wp-content\\\/uploads\\\/2023\\\/08\\\/g10.svg\",\"contentUrl\":\"https:\\\/\\\/pride.audio\\\/wp-content\\\/uploads\\\/2023\\\/08\\\/g10.svg\",\"width\":158,\"height\":34,\"caption\":\"Pride Car Audio1\"},\"image\":{\"@id\":\"https:\\\/\\\/pride.audio\\\/#\\\/schema\\\/logo\\\/image\\\/\"}}]}<\/script>\n<!-- \/ Yoast SEO plugin. -->","yoast_head_json":{"title":"Subwoofer Pride M45.12 RMS 4500W Gr\u00f6\u00dfe 12\" - Pride Car Audio1","robots":{"index":"index","follow":"follow","max-snippet":"max-snippet:-1","max-image-preview":"max-image-preview:large","max-video-preview":"max-video-preview:-1"},"canonical":"https:\/\/pride.audio\/de\/produkt\/subwoofer-pride-m45-12-rms-4500w-grose-12\/","og_locale":"de_DE","og_type":"article","og_title":"Subwoofer Pride M45.12 RMS 4500W Gr\u00f6\u00dfe 12\" - Pride Car Audio1","og_description":"Subwoofer Pride M45.12 Wir pr\u00e4sentieren Ihnen den Subwoofer Pride M.45 12\u201c mit Carbon-Diffusor und Kappe. Eine neue \u00c4ra in der Geschichte des Car-Audio liegt nun in Ihren H\u00e4nden. Ein Aluminiumrahmen, K\u00fchler und ein aktualisiertes K\u00fchlsystem bieten maximalen Schutz vor \u00dcberhitzung und erm\u00f6glichen so einen langen und lauten Klang. Die Subwoofer erhielten ein neues Magnetsystem und [&hellip;]","og_url":"https:\/\/pride.audio\/de\/produkt\/subwoofer-pride-m45-12-rms-4500w-grose-12\/","og_site_name":"Pride Car Audio1","og_image":[{"width":600,"height":421,"url":"https:\/\/pride.audio\/wp-content\/uploads\/2022\/12\/pride_subwoofer_m4512_1.jpg","type":"image\/jpeg"}],"twitter_card":"summary_large_image","twitter_misc":{"Gesch\u00e4tzte Lesezeit":"1\u00a0Minute"},"schema":{"@context":"https:\/\/schema.org","@graph":[{"@type":"WebPage","@id":"https:\/\/pride.audio\/de\/produkt\/subwoofer-pride-m45-12-rms-4500w-grose-12\/","url":"https:\/\/pride.audio\/de\/produkt\/subwoofer-pride-m45-12-rms-4500w-grose-12\/","name":"Subwoofer Pride M45.12 RMS 4500W Gr\u00f6\u00dfe 12\" - Pride Car Audio1","isPartOf":{"@id":"https:\/\/pride.audio\/#website"},"primaryImageOfPage":{"@id":"https:\/\/pride.audio\/de\/produkt\/subwoofer-pride-m45-12-rms-4500w-grose-12\/#primaryimage"},"image":{"@id":"https:\/\/pride.audio\/de\/produkt\/subwoofer-pride-m45-12-rms-4500w-grose-12\/#primaryimage"},"thumbnailUrl":"https:\/\/pride.audio\/wp-content\/uploads\/2022\/12\/pride_subwoofer_m4512_1.jpg","datePublished":"2022-12-09T00:53:14+00:00","breadcrumb":{"@id":"https:\/\/pride.audio\/de\/produkt\/subwoofer-pride-m45-12-rms-4500w-grose-12\/#breadcrumb"},"inLanguage":"de","potentialAction":[{"@type":"ReadAction","target":["https:\/\/pride.audio\/de\/produkt\/subwoofer-pride-m45-12-rms-4500w-grose-12\/"]}]},{"@type":"ImageObject","inLanguage":"de","@id":"https:\/\/pride.audio\/de\/produkt\/subwoofer-pride-m45-12-rms-4500w-grose-12\/#primaryimage","url":"https:\/\/pride.audio\/wp-content\/uploads\/2022\/12\/pride_subwoofer_m4512_1.jpg","contentUrl":"https:\/\/pride.audio\/wp-content\/uploads\/2022\/12\/pride_subwoofer_m4512_1.jpg","width":600,"height":421},{"@type":"BreadcrumbList","@id":"https:\/\/pride.audio\/de\/produkt\/subwoofer-pride-m45-12-rms-4500w-grose-12\/#breadcrumb","itemListElement":[{"@type":"ListItem","position":1,"name":"Home","item":"https:\/\/pride.audio\/de\/"},{"@type":"ListItem","position":2,"name":"Shop","item":"https:\/\/pride.audio\/de\/shop-2\/"},{"@type":"ListItem","position":3,"name":"Subwoofer Pride M45.12 RMS 4500W Gr\u00f6\u00dfe 12&#8243;"}]},{"@type":"WebSite","@id":"https:\/\/pride.audio\/#website","url":"https:\/\/pride.audio\/","name":"Pride Car Audio1","description":"Pride Car Audio: Official site","publisher":{"@id":"https:\/\/pride.audio\/#organization"},"potentialAction":[{"@type":"SearchAction","target":{"@type":"EntryPoint","urlTemplate":"https:\/\/pride.audio\/?s={search_term_string}"},"query-input":{"@type":"PropertyValueSpecification","valueRequired":true,"valueName":"search_term_string"}}],"inLanguage":"de"},{"@type":"Organization","@id":"https:\/\/pride.audio\/#organization","name":"Pride Car Audio1","url":"https:\/\/pride.audio\/","logo":{"@type":"ImageObject","inLanguage":"de","@id":"https:\/\/pride.audio\/#\/schema\/logo\/image\/","url":"https:\/\/pride.audio\/wp-content\/uploads\/2023\/08\/g10.svg","contentUrl":"https:\/\/pride.audio\/wp-content\/uploads\/2023\/08\/g10.svg","width":158,"height":34,"caption":"Pride Car Audio1"},"image":{"@id":"https:\/\/pride.audio\/#\/schema\/logo\/image\/"}}]}},"_links":{"self":[{"href":"https:\/\/pride.audio\/de\/wp-json\/wp\/v2\/product\/15951","targetHints":{"allow":["GET"]}}],"collection":[{"href":"https:\/\/pride.audio\/de\/wp-json\/wp\/v2\/product"}],"about":[{"href":"https:\/\/pride.audio\/de\/wp-json\/wp\/v2\/types\/product"}],"wp:featuredmedia":[{"embeddable":true,"href":"https:\/\/pride.audio\/de\/wp-json\/wp\/v2\/media\/18243"}],"wp:attachment":[{"href":"https:\/\/pride.audio\/de\/wp-json\/wp\/v2\/media?parent=15951"}],"wp:term":[{"taxonomy":"product_brand","embeddable":true,"href":"https:\/\/pride.audio\/de\/wp-json\/wp\/v2\/product_brand?post=15951"},{"taxonomy":"product_cat","embeddable":true,"href":"https:\/\/pride.audio\/de\/wp-json\/wp\/v2\/product_cat?post=15951"},{"taxonomy":"product_tag","embeddable":true,"href":"https:\/\/pride.audio\/de\/wp-json\/wp\/v2\/product_tag?post=15951"}],"curies":[{"name":"wp","href":"https:\/\/api.w.org\/{rel}","templated":true}]}}