{"id":15947,"date":"2022-12-30T04:04:43","date_gmt":"2022-12-30T09:04:43","guid":{"rendered":"https:\/\/pride.audio\/product\/lautsprecherkomponente-pride-harmony-65-v2\/"},"modified":"2022-12-30T04:04:43","modified_gmt":"2022-12-30T02:04:43","slug":"lautsprecherkomponente-pride-harmony-65-v2","status":"publish","type":"product","link":"https:\/\/pride.audio\/de\/produkt\/lautsprecherkomponente-pride-harmony-65-v2\/","title":{"rendered":"Lautsprecherkomponente Pride Harmony 6,5 v2"},"content":{"rendered":"<p><strong>Lautsprecherkomponente Pride Harmony 6,5 v2<\/strong><\/p>\n<p>Wir pr\u00e4sentieren Ihnen eine verbesserte Version der Komponentenakustik des Harmony 6.5 v.2: Unser Ziel war es, die Akustik so laut und kraftvoll wie die Harmony 6.5C v.1 zu machen, jedoch mit einem weicheren und klareren Klang.<\/p>\n<p>Was hat sich ver\u00e4ndert?<\/p>\n<p>Die Lautsprecher verf\u00fcgen \u00fcber einen neuen Diffusor und eine neue Kappe sowie ein verbessertes Magnetsystem<br \/>\nHocht\u00f6ner haben eine neue Kalotte<br \/>\nDer Hocht\u00f6nerfilter ist zur zweiten Ordnung geworden<\/p>\n<p>Wir laden Sie ein, Ihre eigene Probefahrt durchzuf\u00fchren und zu entscheiden, auf welcher Seite Sie stehen:<br \/>\nHarmony 6.5 v.1 oder Harmony 6.5 v.2?<\/p>\n<p>&nbsp;<\/p>\n<p>Die Komponentenakustik Harmony 6,5 umfasst:<\/p>\n<p>Harmony Mittelbass 6,5 \u2013 2 Stk<br \/>\nHocht\u00f6ner Harmony 25C \u2013 2 Stk<br \/>\nKondensator f\u00fcr Hocht\u00f6ner \u2013 2 Stk<\/p>\n<p>Preis pro 1 Satz<\/p>\n<p>Kaufen Sie jetzt Akustik der Marke Pride Car Audio und ver\u00e4ndern Sie Ihr Auto-Audiosystem f\u00fcr immer!<\/p>\n","protected":false},"excerpt":{"rendered":"<p>Lautsprecherkomponente Pride Harmony 6,5 v2 Wir pr\u00e4sentieren Ihnen eine verbesserte Version der Komponentenakustik des Harmony 6.5 v.2: Unser Ziel war es, die Akustik so laut und kraftvoll wie die Harmony 6.5C v.1 zu machen, jedoch mit einem weicheren und klareren Klang. Was hat sich ver\u00e4ndert? Die Lautsprecher verf\u00fcgen \u00fcber einen neuen Diffusor und eine neue [&hellip;]<\/p>\n","protected":false},"featured_media":18908,"template":"","meta":{"inline_featured_image":false},"product_brand":[],"product_cat":[340,346],"product_tag":[],"class_list":{"0":"post-15947","1":"product","2":"type-product","3":"status-publish","4":"has-post-thumbnail","6":"product_cat-speakers","7":"product_cat-components","9":"first","10":"outofstock","11":"taxable","12":"shipping-taxable","13":"product-type-simple"},"acf":[],"yoast_head":"<!-- This site is optimized with the Yoast SEO plugin v27.3 - https:\/\/yoast.com\/product\/yoast-seo-wordpress\/ -->\n<title>Lautsprecherkomponente Pride Harmony 6,5 v2 - Pride Car Audio1<\/title>\n<meta name=\"robots\" content=\"index, follow, max-snippet:-1, max-image-preview:large, max-video-preview:-1\" \/>\n<link rel=\"canonical\" href=\"https:\/\/pride.audio\/de\/produkt\/lautsprecherkomponente-pride-harmony-65-v2\/\" \/>\n<meta property=\"og:locale\" content=\"de_DE\" \/>\n<meta property=\"og:type\" content=\"article\" \/>\n<meta property=\"og:title\" content=\"Lautsprecherkomponente Pride Harmony 6,5 v2 - Pride Car Audio1\" \/>\n<meta property=\"og:description\" content=\"Lautsprecherkomponente Pride Harmony 6,5 v2 Wir pr\u00e4sentieren Ihnen eine verbesserte Version der Komponentenakustik des Harmony 6.5 v.2: Unser Ziel war es, die Akustik so laut und kraftvoll wie die Harmony 6.5C v.1 zu machen, jedoch mit einem weicheren und klareren Klang. Was hat sich ver\u00e4ndert? Die Lautsprecher verf\u00fcgen \u00fcber einen neuen Diffusor und eine neue [&hellip;]\" \/>\n<meta property=\"og:url\" content=\"https:\/\/pride.audio\/de\/produkt\/lautsprecherkomponente-pride-harmony-65-v2\/\" \/>\n<meta property=\"og:site_name\" content=\"Pride Car Audio1\" \/>\n<meta property=\"og:image\" content=\"https:\/\/pride.audio\/wp-content\/uploads\/2022\/12\/IMG_2046.jpg\" \/>\n\t<meta property=\"og:image:width\" content=\"1170\" \/>\n\t<meta property=\"og:image:height\" content=\"1170\" \/>\n\t<meta property=\"og:image:type\" content=\"image\/jpeg\" \/>\n<meta name=\"twitter:card\" content=\"summary_large_image\" \/>\n<meta name=\"twitter:label1\" content=\"Gesch\u00e4tzte Lesezeit\" \/>\n\t<meta name=\"twitter:data1\" content=\"1\u00a0Minute\" \/>\n<script type=\"application\/ld+json\" class=\"yoast-schema-graph\">{\"@context\":\"https:\\\/\\\/schema.org\",\"@graph\":[{\"@type\":\"WebPage\",\"@id\":\"https:\\\/\\\/pride.audio\\\/de\\\/produkt\\\/lautsprecherkomponente-pride-harmony-65-v2\\\/\",\"url\":\"https:\\\/\\\/pride.audio\\\/de\\\/produkt\\\/lautsprecherkomponente-pride-harmony-65-v2\\\/\",\"name\":\"Lautsprecherkomponente Pride Harmony 6,5 v2 - Pride Car Audio1\",\"isPartOf\":{\"@id\":\"https:\\\/\\\/pride.audio\\\/#website\"},\"primaryImageOfPage\":{\"@id\":\"https:\\\/\\\/pride.audio\\\/de\\\/produkt\\\/lautsprecherkomponente-pride-harmony-65-v2\\\/#primaryimage\"},\"image\":{\"@id\":\"https:\\\/\\\/pride.audio\\\/de\\\/produkt\\\/lautsprecherkomponente-pride-harmony-65-v2\\\/#primaryimage\"},\"thumbnailUrl\":\"https:\\\/\\\/pride.audio\\\/wp-content\\\/uploads\\\/2022\\\/12\\\/IMG_2046.jpg\",\"datePublished\":\"2022-12-30T09:04:43+00:00\",\"breadcrumb\":{\"@id\":\"https:\\\/\\\/pride.audio\\\/de\\\/produkt\\\/lautsprecherkomponente-pride-harmony-65-v2\\\/#breadcrumb\"},\"inLanguage\":\"de\",\"potentialAction\":[{\"@type\":\"ReadAction\",\"target\":[\"https:\\\/\\\/pride.audio\\\/de\\\/produkt\\\/lautsprecherkomponente-pride-harmony-65-v2\\\/\"]}]},{\"@type\":\"ImageObject\",\"inLanguage\":\"de\",\"@id\":\"https:\\\/\\\/pride.audio\\\/de\\\/produkt\\\/lautsprecherkomponente-pride-harmony-65-v2\\\/#primaryimage\",\"url\":\"https:\\\/\\\/pride.audio\\\/wp-content\\\/uploads\\\/2022\\\/12\\\/IMG_2046.jpg\",\"contentUrl\":\"https:\\\/\\\/pride.audio\\\/wp-content\\\/uploads\\\/2022\\\/12\\\/IMG_2046.jpg\",\"width\":1170,\"height\":1170,\"caption\":\"Screenshot\"},{\"@type\":\"BreadcrumbList\",\"@id\":\"https:\\\/\\\/pride.audio\\\/de\\\/produkt\\\/lautsprecherkomponente-pride-harmony-65-v2\\\/#breadcrumb\",\"itemListElement\":[{\"@type\":\"ListItem\",\"position\":1,\"name\":\"Home\",\"item\":\"https:\\\/\\\/pride.audio\\\/de\\\/\"},{\"@type\":\"ListItem\",\"position\":2,\"name\":\"Shop\",\"item\":\"https:\\\/\\\/pride.audio\\\/de\\\/shop-2\\\/\"},{\"@type\":\"ListItem\",\"position\":3,\"name\":\"Lautsprecherkomponente Pride Harmony 6,5 v2\"}]},{\"@type\":\"WebSite\",\"@id\":\"https:\\\/\\\/pride.audio\\\/#website\",\"url\":\"https:\\\/\\\/pride.audio\\\/\",\"name\":\"Pride Car Audio1\",\"description\":\"Pride Car Audio: Official site\",\"publisher\":{\"@id\":\"https:\\\/\\\/pride.audio\\\/#organization\"},\"potentialAction\":[{\"@type\":\"SearchAction\",\"target\":{\"@type\":\"EntryPoint\",\"urlTemplate\":\"https:\\\/\\\/pride.audio\\\/?s={search_term_string}\"},\"query-input\":{\"@type\":\"PropertyValueSpecification\",\"valueRequired\":true,\"valueName\":\"search_term_string\"}}],\"inLanguage\":\"de\"},{\"@type\":\"Organization\",\"@id\":\"https:\\\/\\\/pride.audio\\\/#organization\",\"name\":\"Pride Car Audio1\",\"url\":\"https:\\\/\\\/pride.audio\\\/\",\"logo\":{\"@type\":\"ImageObject\",\"inLanguage\":\"de\",\"@id\":\"https:\\\/\\\/pride.audio\\\/#\\\/schema\\\/logo\\\/image\\\/\",\"url\":\"https:\\\/\\\/pride.audio\\\/wp-content\\\/uploads\\\/2023\\\/08\\\/g10.svg\",\"contentUrl\":\"https:\\\/\\\/pride.audio\\\/wp-content\\\/uploads\\\/2023\\\/08\\\/g10.svg\",\"width\":158,\"height\":34,\"caption\":\"Pride Car Audio1\"},\"image\":{\"@id\":\"https:\\\/\\\/pride.audio\\\/#\\\/schema\\\/logo\\\/image\\\/\"}}]}<\/script>\n<!-- \/ Yoast SEO plugin. -->","yoast_head_json":{"title":"Lautsprecherkomponente Pride Harmony 6,5 v2 - Pride Car Audio1","robots":{"index":"index","follow":"follow","max-snippet":"max-snippet:-1","max-image-preview":"max-image-preview:large","max-video-preview":"max-video-preview:-1"},"canonical":"https:\/\/pride.audio\/de\/produkt\/lautsprecherkomponente-pride-harmony-65-v2\/","og_locale":"de_DE","og_type":"article","og_title":"Lautsprecherkomponente Pride Harmony 6,5 v2 - Pride Car Audio1","og_description":"Lautsprecherkomponente Pride Harmony 6,5 v2 Wir pr\u00e4sentieren Ihnen eine verbesserte Version der Komponentenakustik des Harmony 6.5 v.2: Unser Ziel war es, die Akustik so laut und kraftvoll wie die Harmony 6.5C v.1 zu machen, jedoch mit einem weicheren und klareren Klang. Was hat sich ver\u00e4ndert? Die Lautsprecher verf\u00fcgen \u00fcber einen neuen Diffusor und eine neue [&hellip;]","og_url":"https:\/\/pride.audio\/de\/produkt\/lautsprecherkomponente-pride-harmony-65-v2\/","og_site_name":"Pride Car Audio1","og_image":[{"width":1170,"height":1170,"url":"https:\/\/pride.audio\/wp-content\/uploads\/2022\/12\/IMG_2046.jpg","type":"image\/jpeg"}],"twitter_card":"summary_large_image","twitter_misc":{"Gesch\u00e4tzte Lesezeit":"1\u00a0Minute"},"schema":{"@context":"https:\/\/schema.org","@graph":[{"@type":"WebPage","@id":"https:\/\/pride.audio\/de\/produkt\/lautsprecherkomponente-pride-harmony-65-v2\/","url":"https:\/\/pride.audio\/de\/produkt\/lautsprecherkomponente-pride-harmony-65-v2\/","name":"Lautsprecherkomponente Pride Harmony 6,5 v2 - Pride Car Audio1","isPartOf":{"@id":"https:\/\/pride.audio\/#website"},"primaryImageOfPage":{"@id":"https:\/\/pride.audio\/de\/produkt\/lautsprecherkomponente-pride-harmony-65-v2\/#primaryimage"},"image":{"@id":"https:\/\/pride.audio\/de\/produkt\/lautsprecherkomponente-pride-harmony-65-v2\/#primaryimage"},"thumbnailUrl":"https:\/\/pride.audio\/wp-content\/uploads\/2022\/12\/IMG_2046.jpg","datePublished":"2022-12-30T09:04:43+00:00","breadcrumb":{"@id":"https:\/\/pride.audio\/de\/produkt\/lautsprecherkomponente-pride-harmony-65-v2\/#breadcrumb"},"inLanguage":"de","potentialAction":[{"@type":"ReadAction","target":["https:\/\/pride.audio\/de\/produkt\/lautsprecherkomponente-pride-harmony-65-v2\/"]}]},{"@type":"ImageObject","inLanguage":"de","@id":"https:\/\/pride.audio\/de\/produkt\/lautsprecherkomponente-pride-harmony-65-v2\/#primaryimage","url":"https:\/\/pride.audio\/wp-content\/uploads\/2022\/12\/IMG_2046.jpg","contentUrl":"https:\/\/pride.audio\/wp-content\/uploads\/2022\/12\/IMG_2046.jpg","width":1170,"height":1170,"caption":"Screenshot"},{"@type":"BreadcrumbList","@id":"https:\/\/pride.audio\/de\/produkt\/lautsprecherkomponente-pride-harmony-65-v2\/#breadcrumb","itemListElement":[{"@type":"ListItem","position":1,"name":"Home","item":"https:\/\/pride.audio\/de\/"},{"@type":"ListItem","position":2,"name":"Shop","item":"https:\/\/pride.audio\/de\/shop-2\/"},{"@type":"ListItem","position":3,"name":"Lautsprecherkomponente Pride Harmony 6,5 v2"}]},{"@type":"WebSite","@id":"https:\/\/pride.audio\/#website","url":"https:\/\/pride.audio\/","name":"Pride Car Audio1","description":"Pride Car Audio: Official site","publisher":{"@id":"https:\/\/pride.audio\/#organization"},"potentialAction":[{"@type":"SearchAction","target":{"@type":"EntryPoint","urlTemplate":"https:\/\/pride.audio\/?s={search_term_string}"},"query-input":{"@type":"PropertyValueSpecification","valueRequired":true,"valueName":"search_term_string"}}],"inLanguage":"de"},{"@type":"Organization","@id":"https:\/\/pride.audio\/#organization","name":"Pride Car Audio1","url":"https:\/\/pride.audio\/","logo":{"@type":"ImageObject","inLanguage":"de","@id":"https:\/\/pride.audio\/#\/schema\/logo\/image\/","url":"https:\/\/pride.audio\/wp-content\/uploads\/2023\/08\/g10.svg","contentUrl":"https:\/\/pride.audio\/wp-content\/uploads\/2023\/08\/g10.svg","width":158,"height":34,"caption":"Pride Car Audio1"},"image":{"@id":"https:\/\/pride.audio\/#\/schema\/logo\/image\/"}}]}},"_links":{"self":[{"href":"https:\/\/pride.audio\/de\/wp-json\/wp\/v2\/product\/15947","targetHints":{"allow":["GET"]}}],"collection":[{"href":"https:\/\/pride.audio\/de\/wp-json\/wp\/v2\/product"}],"about":[{"href":"https:\/\/pride.audio\/de\/wp-json\/wp\/v2\/types\/product"}],"wp:featuredmedia":[{"embeddable":true,"href":"https:\/\/pride.audio\/de\/wp-json\/wp\/v2\/media\/18908"}],"wp:attachment":[{"href":"https:\/\/pride.audio\/de\/wp-json\/wp\/v2\/media?parent=15947"}],"wp:term":[{"taxonomy":"product_brand","embeddable":true,"href":"https:\/\/pride.audio\/de\/wp-json\/wp\/v2\/product_brand?post=15947"},{"taxonomy":"product_cat","embeddable":true,"href":"https:\/\/pride.audio\/de\/wp-json\/wp\/v2\/product_cat?post=15947"},{"taxonomy":"product_tag","embeddable":true,"href":"https:\/\/pride.audio\/de\/wp-json\/wp\/v2\/product_tag?post=15947"}],"curies":[{"name":"wp","href":"https:\/\/api.w.org\/{rel}","templated":true}]}}