{"id":14867,"date":"2024-03-21T08:44:00","date_gmt":"2024-03-21T13:44:00","guid":{"rendered":"https:\/\/pride.audio\/?post_type=product&#038;p=14867"},"modified":"2024-04-08T10:24:59","modified_gmt":"2024-04-08T08:24:59","slug":"subwoofer-recone-modul-m16-12","status":"publish","type":"product","link":"https:\/\/pride.audio\/de\/produkt\/subwoofer-recone-modul-m16-12\/","title":{"rendered":"Subwoofer-Recone-Modul M16.12"},"content":{"rendered":"<p class=\"tw-data-text tw-text-large tw-ta\" dir=\"ltr\" data-placeholder=\"\u041f\u0435\u0440\u0435\u0432\u043e\u0434\" aria-label=\"\u041f\u0435\u0440\u0435\u0432\u0435\u0434\u0435\u043d\u043d\u044b\u0439 \u0442\u0435\u043a\u0441\u0442\" data-ved=\"2ahUKEwjIgfTskbKFAxXPEBAIHXETD_8Q3ewLegQIEBAU\"><span class=\"Y2IQFc\" lang=\"de\"><strong>Subwoofer Recone Modul M16.12<\/strong><\/p>\n<p>Reparieren Sie Ihren Subwoofer m\u00fchelos mit dem M16.12 Recone-Modul von Pride Car Audio. Speziell entwickelt und nur f\u00fcr das Modell M16.12 geeignet. Jedes Modul ist einzeln in einer ma\u00dfgeschneiderten Box verpackt und wird sorgf\u00e4ltig zusammengebaut und genau auf Ihren Subwoofer zugeschnitten, was eine beispiellose Leistung garantiert.<\/p>\n<p><\/span><span class=\"Y2IQFc\" lang=\"de\">Das Recone-Modul besteht aus einer Schwingspule in der Mitte, Spinnen mit Anschlusskabel, Konus und Staubkappe!<\/p>\n<p><\/span><span class=\"Y2IQFc\" lang=\"de\">Vergessen Sie komplizierte Installationen! Unser Recone-Modul ist auf Komfort ausgelegt und erfordert zur Installation nur ein Sechskantwerkzeug. Keine l\u00e4stigen Kleber oder zus\u00e4tzliche Komponenten erforderlich. Mit einem nahtlosen Installationsprozess k\u00f6nnen Sie Ihren Subwoofer in nur 1 Minute betriebsbereit machen und so ohne Verz\u00f6gerungen in satten, beeindruckenden Klang eintauchen.<\/p>\n<p><\/span><span class=\"Y2IQFc\" lang=\"de\">R\u00fcsten Sie Ihr Audio-Setup mit dem M16.12 Recone-Modul auf, das jetzt in den USA erh\u00e4ltlich ist. Erleben Sie eine verbesserte Bassleistung und genie\u00dfen Sie den Komfort einer schnellen und problemlosen Installation. Bestellen Sie noch heute und bringen Sie Ihr Soundsystem auf die n\u00e4chste Stufe!<\/p>\n<p>Ver\u00e4ndern Sie Ihr Auto-Audiosystem mit Akustik von Pride Car Audio!<\/span><\/p>\n<p id=\"tw-target-text\" class=\"tw-data-text tw-text-large tw-ta\" dir=\"ltr\" data-placeholder=\"\u041f\u0435\u0440\u0435\u0432\u043e\u0434\" aria-label=\"\u041f\u0435\u0440\u0435\u0432\u0435\u0434\u0435\u043d\u043d\u044b\u0439 \u0442\u0435\u043a\u0441\u0442\" data-ved=\"2ahUKEwjIgfTskbKFAxXPEBAIHXETD_8Q3ewLegQIEBAU\"><span class=\"Y2IQFc\" lang=\"de\">\u00a0<\/span><\/p>\n","protected":false},"excerpt":{"rendered":"<p>RMS &#8211; 1200W<\/p>\n","protected":false},"featured_media":17772,"template":"","meta":{"inline_featured_image":false},"product_brand":[],"product_cat":[608],"product_tag":[],"class_list":{"0":"post-14867","1":"product","2":"type-product","3":"status-publish","4":"has-post-thumbnail","6":"product_cat-subwoofer-recone-kit","8":"first","9":"outofstock","10":"taxable","11":"shipping-taxable","12":"product-type-variable","13":"has-default-attributes"},"acf":[],"yoast_head":"<!-- This site is optimized with the Yoast SEO plugin v27.3 - https:\/\/yoast.com\/product\/yoast-seo-wordpress\/ -->\n<title>Subwoofer-Recone-Modul M16.12 - Pride Car Audio1<\/title>\n<meta name=\"robots\" content=\"index, follow, max-snippet:-1, max-image-preview:large, max-video-preview:-1\" \/>\n<link rel=\"canonical\" href=\"https:\/\/pride.audio\/de\/produkt\/subwoofer-recone-modul-m16-12\/\" \/>\n<meta property=\"og:locale\" content=\"de_DE\" \/>\n<meta property=\"og:type\" content=\"article\" \/>\n<meta property=\"og:title\" content=\"Subwoofer-Recone-Modul M16.12 - Pride Car Audio1\" \/>\n<meta property=\"og:description\" content=\"RMS - 1200W\" \/>\n<meta property=\"og:url\" content=\"https:\/\/pride.audio\/de\/produkt\/subwoofer-recone-modul-m16-12\/\" \/>\n<meta property=\"og:site_name\" content=\"Pride Car Audio1\" \/>\n<meta property=\"article:modified_time\" content=\"2024-04-08T08:24:59+00:00\" \/>\n<meta property=\"og:image\" content=\"https:\/\/pride.audio\/wp-content\/uploads\/2024\/03\/Subwoofer_recone_M16.12-1.jpg\" \/>\n\t<meta property=\"og:image:width\" content=\"600\" \/>\n\t<meta property=\"og:image:height\" content=\"600\" \/>\n\t<meta property=\"og:image:type\" content=\"image\/jpeg\" \/>\n<meta name=\"twitter:card\" content=\"summary_large_image\" \/>\n<meta name=\"twitter:label1\" content=\"Gesch\u00e4tzte Lesezeit\" \/>\n\t<meta name=\"twitter:data1\" content=\"1\u00a0Minute\" \/>\n<script type=\"application\/ld+json\" class=\"yoast-schema-graph\">{\"@context\":\"https:\\\/\\\/schema.org\",\"@graph\":[{\"@type\":\"WebPage\",\"@id\":\"https:\\\/\\\/pride.audio\\\/de\\\/produkt\\\/subwoofer-recone-modul-m16-12\\\/\",\"url\":\"https:\\\/\\\/pride.audio\\\/de\\\/produkt\\\/subwoofer-recone-modul-m16-12\\\/\",\"name\":\"Subwoofer-Recone-Modul M16.12 - Pride Car Audio1\",\"isPartOf\":{\"@id\":\"https:\\\/\\\/pride.audio\\\/#website\"},\"primaryImageOfPage\":{\"@id\":\"https:\\\/\\\/pride.audio\\\/de\\\/produkt\\\/subwoofer-recone-modul-m16-12\\\/#primaryimage\"},\"image\":{\"@id\":\"https:\\\/\\\/pride.audio\\\/de\\\/produkt\\\/subwoofer-recone-modul-m16-12\\\/#primaryimage\"},\"thumbnailUrl\":\"https:\\\/\\\/pride.audio\\\/wp-content\\\/uploads\\\/2024\\\/03\\\/Subwoofer_recone_M16.12-1.jpg\",\"datePublished\":\"2024-03-21T13:44:00+00:00\",\"dateModified\":\"2024-04-08T08:24:59+00:00\",\"breadcrumb\":{\"@id\":\"https:\\\/\\\/pride.audio\\\/de\\\/produkt\\\/subwoofer-recone-modul-m16-12\\\/#breadcrumb\"},\"inLanguage\":\"de\",\"potentialAction\":[{\"@type\":\"ReadAction\",\"target\":[\"https:\\\/\\\/pride.audio\\\/de\\\/produkt\\\/subwoofer-recone-modul-m16-12\\\/\"]}]},{\"@type\":\"ImageObject\",\"inLanguage\":\"de\",\"@id\":\"https:\\\/\\\/pride.audio\\\/de\\\/produkt\\\/subwoofer-recone-modul-m16-12\\\/#primaryimage\",\"url\":\"https:\\\/\\\/pride.audio\\\/wp-content\\\/uploads\\\/2024\\\/03\\\/Subwoofer_recone_M16.12-1.jpg\",\"contentUrl\":\"https:\\\/\\\/pride.audio\\\/wp-content\\\/uploads\\\/2024\\\/03\\\/Subwoofer_recone_M16.12-1.jpg\",\"width\":600,\"height\":600},{\"@type\":\"BreadcrumbList\",\"@id\":\"https:\\\/\\\/pride.audio\\\/de\\\/produkt\\\/subwoofer-recone-modul-m16-12\\\/#breadcrumb\",\"itemListElement\":[{\"@type\":\"ListItem\",\"position\":1,\"name\":\"Home\",\"item\":\"https:\\\/\\\/pride.audio\\\/de\\\/\"},{\"@type\":\"ListItem\",\"position\":2,\"name\":\"Shop\",\"item\":\"https:\\\/\\\/pride.audio\\\/de\\\/shop-2\\\/\"},{\"@type\":\"ListItem\",\"position\":3,\"name\":\"Subwoofer-Recone-Modul M16.12\"}]},{\"@type\":\"WebSite\",\"@id\":\"https:\\\/\\\/pride.audio\\\/#website\",\"url\":\"https:\\\/\\\/pride.audio\\\/\",\"name\":\"Pride Car Audio1\",\"description\":\"Pride Car Audio: Official site\",\"publisher\":{\"@id\":\"https:\\\/\\\/pride.audio\\\/#organization\"},\"potentialAction\":[{\"@type\":\"SearchAction\",\"target\":{\"@type\":\"EntryPoint\",\"urlTemplate\":\"https:\\\/\\\/pride.audio\\\/?s={search_term_string}\"},\"query-input\":{\"@type\":\"PropertyValueSpecification\",\"valueRequired\":true,\"valueName\":\"search_term_string\"}}],\"inLanguage\":\"de\"},{\"@type\":\"Organization\",\"@id\":\"https:\\\/\\\/pride.audio\\\/#organization\",\"name\":\"Pride Car Audio1\",\"url\":\"https:\\\/\\\/pride.audio\\\/\",\"logo\":{\"@type\":\"ImageObject\",\"inLanguage\":\"de\",\"@id\":\"https:\\\/\\\/pride.audio\\\/#\\\/schema\\\/logo\\\/image\\\/\",\"url\":\"https:\\\/\\\/pride.audio\\\/wp-content\\\/uploads\\\/2023\\\/08\\\/g10.svg\",\"contentUrl\":\"https:\\\/\\\/pride.audio\\\/wp-content\\\/uploads\\\/2023\\\/08\\\/g10.svg\",\"width\":158,\"height\":34,\"caption\":\"Pride Car Audio1\"},\"image\":{\"@id\":\"https:\\\/\\\/pride.audio\\\/#\\\/schema\\\/logo\\\/image\\\/\"}}]}<\/script>\n<!-- \/ Yoast SEO plugin. -->","yoast_head_json":{"title":"Subwoofer-Recone-Modul M16.12 - Pride Car Audio1","robots":{"index":"index","follow":"follow","max-snippet":"max-snippet:-1","max-image-preview":"max-image-preview:large","max-video-preview":"max-video-preview:-1"},"canonical":"https:\/\/pride.audio\/de\/produkt\/subwoofer-recone-modul-m16-12\/","og_locale":"de_DE","og_type":"article","og_title":"Subwoofer-Recone-Modul M16.12 - Pride Car Audio1","og_description":"RMS - 1200W","og_url":"https:\/\/pride.audio\/de\/produkt\/subwoofer-recone-modul-m16-12\/","og_site_name":"Pride Car Audio1","article_modified_time":"2024-04-08T08:24:59+00:00","og_image":[{"width":600,"height":600,"url":"https:\/\/pride.audio\/wp-content\/uploads\/2024\/03\/Subwoofer_recone_M16.12-1.jpg","type":"image\/jpeg"}],"twitter_card":"summary_large_image","twitter_misc":{"Gesch\u00e4tzte Lesezeit":"1\u00a0Minute"},"schema":{"@context":"https:\/\/schema.org","@graph":[{"@type":"WebPage","@id":"https:\/\/pride.audio\/de\/produkt\/subwoofer-recone-modul-m16-12\/","url":"https:\/\/pride.audio\/de\/produkt\/subwoofer-recone-modul-m16-12\/","name":"Subwoofer-Recone-Modul M16.12 - Pride Car Audio1","isPartOf":{"@id":"https:\/\/pride.audio\/#website"},"primaryImageOfPage":{"@id":"https:\/\/pride.audio\/de\/produkt\/subwoofer-recone-modul-m16-12\/#primaryimage"},"image":{"@id":"https:\/\/pride.audio\/de\/produkt\/subwoofer-recone-modul-m16-12\/#primaryimage"},"thumbnailUrl":"https:\/\/pride.audio\/wp-content\/uploads\/2024\/03\/Subwoofer_recone_M16.12-1.jpg","datePublished":"2024-03-21T13:44:00+00:00","dateModified":"2024-04-08T08:24:59+00:00","breadcrumb":{"@id":"https:\/\/pride.audio\/de\/produkt\/subwoofer-recone-modul-m16-12\/#breadcrumb"},"inLanguage":"de","potentialAction":[{"@type":"ReadAction","target":["https:\/\/pride.audio\/de\/produkt\/subwoofer-recone-modul-m16-12\/"]}]},{"@type":"ImageObject","inLanguage":"de","@id":"https:\/\/pride.audio\/de\/produkt\/subwoofer-recone-modul-m16-12\/#primaryimage","url":"https:\/\/pride.audio\/wp-content\/uploads\/2024\/03\/Subwoofer_recone_M16.12-1.jpg","contentUrl":"https:\/\/pride.audio\/wp-content\/uploads\/2024\/03\/Subwoofer_recone_M16.12-1.jpg","width":600,"height":600},{"@type":"BreadcrumbList","@id":"https:\/\/pride.audio\/de\/produkt\/subwoofer-recone-modul-m16-12\/#breadcrumb","itemListElement":[{"@type":"ListItem","position":1,"name":"Home","item":"https:\/\/pride.audio\/de\/"},{"@type":"ListItem","position":2,"name":"Shop","item":"https:\/\/pride.audio\/de\/shop-2\/"},{"@type":"ListItem","position":3,"name":"Subwoofer-Recone-Modul M16.12"}]},{"@type":"WebSite","@id":"https:\/\/pride.audio\/#website","url":"https:\/\/pride.audio\/","name":"Pride Car Audio1","description":"Pride Car Audio: Official site","publisher":{"@id":"https:\/\/pride.audio\/#organization"},"potentialAction":[{"@type":"SearchAction","target":{"@type":"EntryPoint","urlTemplate":"https:\/\/pride.audio\/?s={search_term_string}"},"query-input":{"@type":"PropertyValueSpecification","valueRequired":true,"valueName":"search_term_string"}}],"inLanguage":"de"},{"@type":"Organization","@id":"https:\/\/pride.audio\/#organization","name":"Pride Car Audio1","url":"https:\/\/pride.audio\/","logo":{"@type":"ImageObject","inLanguage":"de","@id":"https:\/\/pride.audio\/#\/schema\/logo\/image\/","url":"https:\/\/pride.audio\/wp-content\/uploads\/2023\/08\/g10.svg","contentUrl":"https:\/\/pride.audio\/wp-content\/uploads\/2023\/08\/g10.svg","width":158,"height":34,"caption":"Pride Car Audio1"},"image":{"@id":"https:\/\/pride.audio\/#\/schema\/logo\/image\/"}}]}},"_links":{"self":[{"href":"https:\/\/pride.audio\/de\/wp-json\/wp\/v2\/product\/14867","targetHints":{"allow":["GET"]}}],"collection":[{"href":"https:\/\/pride.audio\/de\/wp-json\/wp\/v2\/product"}],"about":[{"href":"https:\/\/pride.audio\/de\/wp-json\/wp\/v2\/types\/product"}],"wp:featuredmedia":[{"embeddable":true,"href":"https:\/\/pride.audio\/de\/wp-json\/wp\/v2\/media\/17772"}],"wp:attachment":[{"href":"https:\/\/pride.audio\/de\/wp-json\/wp\/v2\/media?parent=14867"}],"wp:term":[{"taxonomy":"product_brand","embeddable":true,"href":"https:\/\/pride.audio\/de\/wp-json\/wp\/v2\/product_brand?post=14867"},{"taxonomy":"product_cat","embeddable":true,"href":"https:\/\/pride.audio\/de\/wp-json\/wp\/v2\/product_cat?post=14867"},{"taxonomy":"product_tag","embeddable":true,"href":"https:\/\/pride.audio\/de\/wp-json\/wp\/v2\/product_tag?post=14867"}],"curies":[{"name":"wp","href":"https:\/\/api.w.org\/{rel}","templated":true}]}}