{"id":14165,"date":"2024-01-28T07:08:34","date_gmt":"2024-01-28T12:08:34","guid":{"rendered":"https:\/\/pride.audio\/?post_type=product&#038;p=14165"},"modified":"2024-04-08T17:09:58","modified_gmt":"2024-04-08T15:09:58","slug":"subwoofer-pride-s5-18-v-2","status":"publish","type":"product","link":"https:\/\/pride.audio\/de\/produkt\/subwoofer-pride-s5-18-v-2\/","title":{"rendered":"Subwoofer Pride S5 18 v.2 RMS 5000\u20137500 W Schwingspule \u2013 5&#8243; GR\u00d6SSE \u2013 15&#8243;"},"content":{"rendered":"<div class=\"product-desc_sub-header anim_ltor anim_delay1\">\n<p id=\"tw-target-text\" class=\"tw-data-text tw-text-large tw-ta\" dir=\"ltr\" data-placeholder=\"\u041f\u0435\u0440\u0435\u0432\u043e\u0434\" aria-label=\"\u041f\u0435\u0440\u0435\u0432\u0435\u0434\u0435\u043d\u043d\u044b\u0439 \u0442\u0435\u043a\u0441\u0442\" data-ved=\"2ahUKEwjenN2LmrKFAxXJEBAIHdVEBlkQ3ewLegQIBRAU\"><span class=\"Y2IQFc\" lang=\"de\"><strong>Subwoofer Pride S5 18 v.2<\/strong><\/p>\n<p>Subwoofer der S5-Serie der Firma Pride.<\/p>\n<p>Diese Version ist leistungsst\u00e4rker, lauter und zuverl\u00e4ssiger geworden. Der Subwoofer ist f\u00fcr Einsteiger, Amateure und Sportler geeignet.<\/p>\n<p>RMS \u2013 7500 W, Schwingspule \u2013 5&#8243;.<\/span><\/p>\n<\/div>\n","protected":false},"excerpt":{"rendered":"<p>5000-7500W<\/p>\n","protected":false},"featured_media":18400,"template":"","meta":{"inline_featured_image":false},"product_brand":[],"product_cat":[678],"product_tag":[],"class_list":{"0":"post-14165","1":"product","2":"type-product","3":"status-publish","4":"has-post-thumbnail","6":"product_cat-discontinued-de","8":"first","9":"outofstock","10":"taxable","11":"shipping-taxable","12":"product-type-simple"},"acf":[],"yoast_head":"<!-- This site is optimized with the Yoast SEO plugin v27.2 - https:\/\/yoast.com\/product\/yoast-seo-wordpress\/ -->\n<title>Subwoofer Pride S5 18 v.2 RMS 5000\u20137500 W Schwingspule \u2013 5&quot; GR\u00d6SSE \u2013 15&quot; - Pride Car Audio1<\/title>\n<meta name=\"robots\" content=\"index, follow, max-snippet:-1, max-image-preview:large, max-video-preview:-1\" \/>\n<link rel=\"canonical\" href=\"https:\/\/pride.audio\/de\/produkt\/subwoofer-pride-s5-18-v-2\/\" \/>\n<meta property=\"og:locale\" content=\"de_DE\" \/>\n<meta property=\"og:type\" content=\"article\" \/>\n<meta property=\"og:title\" content=\"Subwoofer Pride S5 18 v.2 RMS 5000\u20137500 W Schwingspule \u2013 5&quot; GR\u00d6SSE \u2013 15&quot; - Pride Car Audio1\" \/>\n<meta property=\"og:description\" content=\"5000-7500W\" \/>\n<meta property=\"og:url\" content=\"https:\/\/pride.audio\/de\/produkt\/subwoofer-pride-s5-18-v-2\/\" \/>\n<meta property=\"og:site_name\" content=\"Pride Car Audio1\" \/>\n<meta property=\"article:modified_time\" content=\"2024-04-08T15:09:58+00:00\" \/>\n<meta property=\"og:image\" content=\"https:\/\/pride.audio\/wp-content\/uploads\/2024\/01\/IMG_6525.jpg\" \/>\n\t<meta property=\"og:image:width\" content=\"872\" \/>\n\t<meta property=\"og:image:height\" content=\"872\" \/>\n\t<meta property=\"og:image:type\" content=\"image\/jpeg\" \/>\n<meta name=\"twitter:card\" content=\"summary_large_image\" \/>\n<meta name=\"twitter:label1\" content=\"Gesch\u00e4tzte Lesezeit\" \/>\n\t<meta name=\"twitter:data1\" content=\"1\u00a0Minute\" \/>\n<script type=\"application\/ld+json\" class=\"yoast-schema-graph\">{\"@context\":\"https:\/\/schema.org\",\"@graph\":[{\"@type\":\"WebPage\",\"@id\":\"https:\/\/pride.audio\/de\/produkt\/subwoofer-pride-s5-18-v-2\/\",\"url\":\"https:\/\/pride.audio\/de\/produkt\/subwoofer-pride-s5-18-v-2\/\",\"name\":\"Subwoofer Pride S5 18 v.2 RMS 5000\u20137500 W Schwingspule \u2013 5\\\" GR\u00d6SSE \u2013 15\\\" - Pride Car Audio1\",\"isPartOf\":{\"@id\":\"https:\/\/pride.audio\/#website\"},\"primaryImageOfPage\":{\"@id\":\"https:\/\/pride.audio\/de\/produkt\/subwoofer-pride-s5-18-v-2\/#primaryimage\"},\"image\":{\"@id\":\"https:\/\/pride.audio\/de\/produkt\/subwoofer-pride-s5-18-v-2\/#primaryimage\"},\"thumbnailUrl\":\"https:\/\/pride.audio\/wp-content\/uploads\/2024\/01\/subwoofer_s5-18v2-4.jpg\",\"datePublished\":\"2024-01-28T12:08:34+00:00\",\"dateModified\":\"2024-04-08T15:09:58+00:00\",\"breadcrumb\":{\"@id\":\"https:\/\/pride.audio\/de\/produkt\/subwoofer-pride-s5-18-v-2\/#breadcrumb\"},\"inLanguage\":\"de\",\"potentialAction\":[{\"@type\":\"ReadAction\",\"target\":[\"https:\/\/pride.audio\/de\/produkt\/subwoofer-pride-s5-18-v-2\/\"]}]},{\"@type\":\"ImageObject\",\"inLanguage\":\"de\",\"@id\":\"https:\/\/pride.audio\/de\/produkt\/subwoofer-pride-s5-18-v-2\/#primaryimage\",\"url\":\"https:\/\/pride.audio\/wp-content\/uploads\/2024\/01\/subwoofer_s5-18v2-4.jpg\",\"contentUrl\":\"https:\/\/pride.audio\/wp-content\/uploads\/2024\/01\/subwoofer_s5-18v2-4.jpg\",\"width\":600,\"height\":600},{\"@type\":\"BreadcrumbList\",\"@id\":\"https:\/\/pride.audio\/de\/produkt\/subwoofer-pride-s5-18-v-2\/#breadcrumb\",\"itemListElement\":[{\"@type\":\"ListItem\",\"position\":1,\"name\":\"Home\",\"item\":\"https:\/\/pride.audio\/de\/\"},{\"@type\":\"ListItem\",\"position\":2,\"name\":\"Shop\",\"item\":\"https:\/\/pride.audio\/de\/shop-2\/\"},{\"@type\":\"ListItem\",\"position\":3,\"name\":\"Subwoofer Pride S5 18 v.2 RMS 5000\u20137500 W Schwingspule \u2013 5&#8243; GR\u00d6SSE \u2013 15&#8243;\"}]},{\"@type\":\"WebSite\",\"@id\":\"https:\/\/pride.audio\/#website\",\"url\":\"https:\/\/pride.audio\/\",\"name\":\"Pride Car Audio1\",\"description\":\"Pride Car Audio: Official site\",\"publisher\":{\"@id\":\"https:\/\/pride.audio\/#organization\"},\"potentialAction\":[{\"@type\":\"SearchAction\",\"target\":{\"@type\":\"EntryPoint\",\"urlTemplate\":\"https:\/\/pride.audio\/?s={search_term_string}\"},\"query-input\":{\"@type\":\"PropertyValueSpecification\",\"valueRequired\":true,\"valueName\":\"search_term_string\"}}],\"inLanguage\":\"de\"},{\"@type\":\"Organization\",\"@id\":\"https:\/\/pride.audio\/#organization\",\"name\":\"Pride Car Audio1\",\"url\":\"https:\/\/pride.audio\/\",\"logo\":{\"@type\":\"ImageObject\",\"inLanguage\":\"de\",\"@id\":\"https:\/\/pride.audio\/#\/schema\/logo\/image\/\",\"url\":\"https:\/\/pride.audio\/wp-content\/uploads\/2023\/08\/g10.svg\",\"contentUrl\":\"https:\/\/pride.audio\/wp-content\/uploads\/2023\/08\/g10.svg\",\"width\":158,\"height\":34,\"caption\":\"Pride Car Audio1\"},\"image\":{\"@id\":\"https:\/\/pride.audio\/#\/schema\/logo\/image\/\"}}]}<\/script>\n<!-- \/ Yoast SEO plugin. -->","yoast_head_json":{"title":"Subwoofer Pride S5 18 v.2 RMS 5000\u20137500 W Schwingspule \u2013 5\" GR\u00d6SSE \u2013 15\" - Pride Car Audio1","robots":{"index":"index","follow":"follow","max-snippet":"max-snippet:-1","max-image-preview":"max-image-preview:large","max-video-preview":"max-video-preview:-1"},"canonical":"https:\/\/pride.audio\/de\/produkt\/subwoofer-pride-s5-18-v-2\/","og_locale":"de_DE","og_type":"article","og_title":"Subwoofer Pride S5 18 v.2 RMS 5000\u20137500 W Schwingspule \u2013 5\" GR\u00d6SSE \u2013 15\" - Pride Car Audio1","og_description":"5000-7500W","og_url":"https:\/\/pride.audio\/de\/produkt\/subwoofer-pride-s5-18-v-2\/","og_site_name":"Pride Car Audio1","article_modified_time":"2024-04-08T15:09:58+00:00","og_image":[{"width":872,"height":872,"url":"https:\/\/pride.audio\/wp-content\/uploads\/2024\/01\/IMG_6525.jpg","type":"image\/jpeg"}],"twitter_card":"summary_large_image","twitter_misc":{"Gesch\u00e4tzte Lesezeit":"1\u00a0Minute"},"schema":{"@context":"https:\/\/schema.org","@graph":[{"@type":"WebPage","@id":"https:\/\/pride.audio\/de\/produkt\/subwoofer-pride-s5-18-v-2\/","url":"https:\/\/pride.audio\/de\/produkt\/subwoofer-pride-s5-18-v-2\/","name":"Subwoofer Pride S5 18 v.2 RMS 5000\u20137500 W Schwingspule \u2013 5\" GR\u00d6SSE \u2013 15\" - Pride Car Audio1","isPartOf":{"@id":"https:\/\/pride.audio\/#website"},"primaryImageOfPage":{"@id":"https:\/\/pride.audio\/de\/produkt\/subwoofer-pride-s5-18-v-2\/#primaryimage"},"image":{"@id":"https:\/\/pride.audio\/de\/produkt\/subwoofer-pride-s5-18-v-2\/#primaryimage"},"thumbnailUrl":"https:\/\/pride.audio\/wp-content\/uploads\/2024\/01\/subwoofer_s5-18v2-4.jpg","datePublished":"2024-01-28T12:08:34+00:00","dateModified":"2024-04-08T15:09:58+00:00","breadcrumb":{"@id":"https:\/\/pride.audio\/de\/produkt\/subwoofer-pride-s5-18-v-2\/#breadcrumb"},"inLanguage":"de","potentialAction":[{"@type":"ReadAction","target":["https:\/\/pride.audio\/de\/produkt\/subwoofer-pride-s5-18-v-2\/"]}]},{"@type":"ImageObject","inLanguage":"de","@id":"https:\/\/pride.audio\/de\/produkt\/subwoofer-pride-s5-18-v-2\/#primaryimage","url":"https:\/\/pride.audio\/wp-content\/uploads\/2024\/01\/subwoofer_s5-18v2-4.jpg","contentUrl":"https:\/\/pride.audio\/wp-content\/uploads\/2024\/01\/subwoofer_s5-18v2-4.jpg","width":600,"height":600},{"@type":"BreadcrumbList","@id":"https:\/\/pride.audio\/de\/produkt\/subwoofer-pride-s5-18-v-2\/#breadcrumb","itemListElement":[{"@type":"ListItem","position":1,"name":"Home","item":"https:\/\/pride.audio\/de\/"},{"@type":"ListItem","position":2,"name":"Shop","item":"https:\/\/pride.audio\/de\/shop-2\/"},{"@type":"ListItem","position":3,"name":"Subwoofer Pride S5 18 v.2 RMS 5000\u20137500 W Schwingspule \u2013 5&#8243; GR\u00d6SSE \u2013 15&#8243;"}]},{"@type":"WebSite","@id":"https:\/\/pride.audio\/#website","url":"https:\/\/pride.audio\/","name":"Pride Car Audio1","description":"Pride Car Audio: Official site","publisher":{"@id":"https:\/\/pride.audio\/#organization"},"potentialAction":[{"@type":"SearchAction","target":{"@type":"EntryPoint","urlTemplate":"https:\/\/pride.audio\/?s={search_term_string}"},"query-input":{"@type":"PropertyValueSpecification","valueRequired":true,"valueName":"search_term_string"}}],"inLanguage":"de"},{"@type":"Organization","@id":"https:\/\/pride.audio\/#organization","name":"Pride Car Audio1","url":"https:\/\/pride.audio\/","logo":{"@type":"ImageObject","inLanguage":"de","@id":"https:\/\/pride.audio\/#\/schema\/logo\/image\/","url":"https:\/\/pride.audio\/wp-content\/uploads\/2023\/08\/g10.svg","contentUrl":"https:\/\/pride.audio\/wp-content\/uploads\/2023\/08\/g10.svg","width":158,"height":34,"caption":"Pride Car Audio1"},"image":{"@id":"https:\/\/pride.audio\/#\/schema\/logo\/image\/"}}]}},"_links":{"self":[{"href":"https:\/\/pride.audio\/de\/wp-json\/wp\/v2\/product\/14165","targetHints":{"allow":["GET"]}}],"collection":[{"href":"https:\/\/pride.audio\/de\/wp-json\/wp\/v2\/product"}],"about":[{"href":"https:\/\/pride.audio\/de\/wp-json\/wp\/v2\/types\/product"}],"wp:featuredmedia":[{"embeddable":true,"href":"https:\/\/pride.audio\/de\/wp-json\/wp\/v2\/media\/18400"}],"wp:attachment":[{"href":"https:\/\/pride.audio\/de\/wp-json\/wp\/v2\/media?parent=14165"}],"wp:term":[{"taxonomy":"product_brand","embeddable":true,"href":"https:\/\/pride.audio\/de\/wp-json\/wp\/v2\/product_brand?post=14165"},{"taxonomy":"product_cat","embeddable":true,"href":"https:\/\/pride.audio\/de\/wp-json\/wp\/v2\/product_cat?post=14165"},{"taxonomy":"product_tag","embeddable":true,"href":"https:\/\/pride.audio\/de\/wp-json\/wp\/v2\/product_tag?post=14165"}],"curies":[{"name":"wp","href":"https:\/\/api.w.org\/{rel}","templated":true}]}}