{"id":13514,"date":"2024-01-17T03:33:15","date_gmt":"2024-01-17T08:33:15","guid":{"rendered":"https:\/\/pride.audio\/?post_type=product&#038;p=13514"},"modified":"2024-10-12T18:06:38","modified_gmt":"2024-10-12T16:06:38","slug":"sl300-65neo","status":"publish","type":"product","link":"https:\/\/pride.audio\/de\/produkt\/sl300-65neo\/","title":{"rendered":"Lautsprecher Solo 300 NEO 6,5&#8243; &#8211; RMS 300 W Gr\u00f6\u00dfe 6,5 &#8220;"},"content":{"rendered":"<p class=\"tw-data-text tw-text-large tw-ta\" dir=\"ltr\" data-placeholder=\"\u041f\u0435\u0440\u0435\u0432\u043e\u0434\" aria-label=\"\u041f\u0435\u0440\u0435\u0432\u0435\u0434\u0435\u043d\u043d\u044b\u0439 \u0442\u0435\u043a\u0441\u0442\" data-ved=\"2ahUKEwjenN2LmrKFAxXJEBAIHdVEBlkQ3ewLegQIBRAU\"><span class=\"Y2IQFc\" lang=\"de\"><strong>Lautsprecher Solo 300 NEO<\/strong><\/p>\n<p>Die Lautsprecher Solo 300 f\u00fcr Ihr lautes Autoradio der Marke Pride Car Audio sind in den USA erh\u00e4ltlich Sie lassen sich perfekt in Standard-T\u00fcrverkleidungen sowie in neu gestaltete Verkleidungen und K\u00e4sten einbauen. Der Lautsprecher hat einen Aluminiumrahmen, einen sehr leistungsstarken Motor und ein modulares System<\/p>\n<p><\/span><span class=\"Y2IQFc\" lang=\"de\">RMS \u2013 300 W Durchmessergr\u00f6\u00dfe \u2013 6,5&#8243;<br \/>\nImpedanz \u2013 4 Ohm Schwingspule \u2013 Kupferdraht Effektive Strahlungsfl\u00e4che \u2013 158 cm3<br \/>\nDer Bereich der zu reproduzierenden<br \/>\nFrequenzen betr\u00e4gt 160 Hz \u2013 10 kHz<br \/>\nMagnetmaterial \u2013 Hybridmagnet<br \/>\nMagnetkernmaterial \u2013 Elektrostahl<\/p>\n<p><\/span><span class=\"Y2IQFc\" lang=\"de\">In der Kiste:<br \/>\nLautsprecher \u2013 Pride Solo 300 NEO \u2013 1 Paar<br \/>\nKartonschachtel Pride-Aufkleber im Lieferumfang enthalten<\/p>\n<p><\/span><span class=\"Y2IQFc\" lang=\"de\">Metallgeflecht und Bauchring nicht im Lieferumfang enthalten Mit dem Pride Solo 300 NEO OVERMODULAR erreicht Ihr Audiosystem ein neues Niveau an lautem und ausgewogenem Klang, selbst bei geringer Leistung! Eine gro\u00dfe Auswahl an Wiedergabem\u00f6glichkeiten erm\u00f6glicht es Ihnen, beim H\u00f6ren Ihrer Lieblingsmusiktitel lebendige Emotionen zu wecken. Probieren wir es jetzt aus!<\/span><\/p>\n<p class=\"tw-data-text tw-text-large tw-ta\" dir=\"ltr\" data-placeholder=\"\u041f\u0435\u0440\u0435\u0432\u043e\u0434\" aria-label=\"\u041f\u0435\u0440\u0435\u0432\u0435\u0434\u0435\u043d\u043d\u044b\u0439 \u0442\u0435\u043a\u0441\u0442\" data-ved=\"2ahUKEwjenN2LmrKFAxXJEBAIHdVEBlkQ3ewLegQIBRAU\"><span class=\"Y2IQFc\" lang=\"de\">\u00a0<\/span><\/p>\n","protected":false},"excerpt":{"rendered":"<p>400 W<\/p>\n","protected":false},"featured_media":19446,"template":"","meta":{"inline_featured_image":false},"product_brand":[],"product_cat":[678,679],"product_tag":[],"class_list":{"0":"post-13514","1":"product","2":"type-product","3":"status-publish","4":"has-post-thumbnail","6":"product_cat-discontinued-de","7":"product_cat-disspeakers-de","9":"first","10":"outofstock","11":"taxable","12":"shipping-taxable","13":"product-type-simple"},"acf":[],"yoast_head":"<!-- This site is optimized with the Yoast SEO plugin v27.3 - https:\/\/yoast.com\/product\/yoast-seo-wordpress\/ -->\n<title>Lautsprecher Solo 300 NEO 6,5&quot; - RMS 300 W Gr\u00f6\u00dfe 6,5 &quot; - Pride Car Audio1<\/title>\n<meta name=\"robots\" content=\"index, follow, max-snippet:-1, max-image-preview:large, max-video-preview:-1\" \/>\n<link rel=\"canonical\" href=\"https:\/\/pride.audio\/de\/produkt\/sl300-65neo\/\" \/>\n<meta property=\"og:locale\" content=\"de_DE\" \/>\n<meta property=\"og:type\" content=\"article\" \/>\n<meta property=\"og:title\" content=\"Lautsprecher Solo 300 NEO 6,5&quot; - RMS 300 W Gr\u00f6\u00dfe 6,5 &quot; - Pride Car Audio1\" \/>\n<meta property=\"og:description\" content=\"400 W\" \/>\n<meta property=\"og:url\" content=\"https:\/\/pride.audio\/de\/produkt\/sl300-65neo\/\" \/>\n<meta property=\"og:site_name\" content=\"Pride Car Audio1\" \/>\n<meta property=\"article:modified_time\" content=\"2024-10-12T16:06:38+00:00\" \/>\n<meta property=\"og:image\" content=\"https:\/\/pride.audio\/wp-content\/uploads\/2024\/01\/IMG_9617.jpg\" \/>\n\t<meta property=\"og:image:width\" content=\"1290\" \/>\n\t<meta property=\"og:image:height\" content=\"1290\" \/>\n\t<meta property=\"og:image:type\" content=\"image\/jpeg\" \/>\n<meta name=\"twitter:card\" content=\"summary_large_image\" \/>\n<meta name=\"twitter:label1\" content=\"Gesch\u00e4tzte Lesezeit\" \/>\n\t<meta name=\"twitter:data1\" content=\"1\u00a0Minute\" \/>\n<script type=\"application\/ld+json\" class=\"yoast-schema-graph\">{\"@context\":\"https:\\\/\\\/schema.org\",\"@graph\":[{\"@type\":\"WebPage\",\"@id\":\"https:\\\/\\\/pride.audio\\\/de\\\/produkt\\\/sl300-65neo\\\/\",\"url\":\"https:\\\/\\\/pride.audio\\\/de\\\/produkt\\\/sl300-65neo\\\/\",\"name\":\"Lautsprecher Solo 300 NEO 6,5\\\" - RMS 300 W Gr\u00f6\u00dfe 6,5 \\\" - Pride Car Audio1\",\"isPartOf\":{\"@id\":\"https:\\\/\\\/pride.audio\\\/#website\"},\"primaryImageOfPage\":{\"@id\":\"https:\\\/\\\/pride.audio\\\/de\\\/produkt\\\/sl300-65neo\\\/#primaryimage\"},\"image\":{\"@id\":\"https:\\\/\\\/pride.audio\\\/de\\\/produkt\\\/sl300-65neo\\\/#primaryimage\"},\"thumbnailUrl\":\"https:\\\/\\\/pride.audio\\\/wp-content\\\/uploads\\\/2024\\\/01\\\/IMG_9617.jpg\",\"datePublished\":\"2024-01-17T08:33:15+00:00\",\"dateModified\":\"2024-10-12T16:06:38+00:00\",\"breadcrumb\":{\"@id\":\"https:\\\/\\\/pride.audio\\\/de\\\/produkt\\\/sl300-65neo\\\/#breadcrumb\"},\"inLanguage\":\"de\",\"potentialAction\":[{\"@type\":\"ReadAction\",\"target\":[\"https:\\\/\\\/pride.audio\\\/de\\\/produkt\\\/sl300-65neo\\\/\"]}]},{\"@type\":\"ImageObject\",\"inLanguage\":\"de\",\"@id\":\"https:\\\/\\\/pride.audio\\\/de\\\/produkt\\\/sl300-65neo\\\/#primaryimage\",\"url\":\"https:\\\/\\\/pride.audio\\\/wp-content\\\/uploads\\\/2024\\\/01\\\/IMG_9617.jpg\",\"contentUrl\":\"https:\\\/\\\/pride.audio\\\/wp-content\\\/uploads\\\/2024\\\/01\\\/IMG_9617.jpg\",\"width\":1290,\"height\":1290,\"caption\":\"Screenshot\"},{\"@type\":\"BreadcrumbList\",\"@id\":\"https:\\\/\\\/pride.audio\\\/de\\\/produkt\\\/sl300-65neo\\\/#breadcrumb\",\"itemListElement\":[{\"@type\":\"ListItem\",\"position\":1,\"name\":\"Home\",\"item\":\"https:\\\/\\\/pride.audio\\\/de\\\/\"},{\"@type\":\"ListItem\",\"position\":2,\"name\":\"Shop\",\"item\":\"https:\\\/\\\/pride.audio\\\/de\\\/shop-2\\\/\"},{\"@type\":\"ListItem\",\"position\":3,\"name\":\"Lautsprecher Solo 300 NEO 6,5&#8243; &#8211; RMS 300 W Gr\u00f6\u00dfe 6,5 &#8220;\"}]},{\"@type\":\"WebSite\",\"@id\":\"https:\\\/\\\/pride.audio\\\/#website\",\"url\":\"https:\\\/\\\/pride.audio\\\/\",\"name\":\"Pride Car Audio1\",\"description\":\"Pride Car Audio: Official site\",\"publisher\":{\"@id\":\"https:\\\/\\\/pride.audio\\\/#organization\"},\"potentialAction\":[{\"@type\":\"SearchAction\",\"target\":{\"@type\":\"EntryPoint\",\"urlTemplate\":\"https:\\\/\\\/pride.audio\\\/?s={search_term_string}\"},\"query-input\":{\"@type\":\"PropertyValueSpecification\",\"valueRequired\":true,\"valueName\":\"search_term_string\"}}],\"inLanguage\":\"de\"},{\"@type\":\"Organization\",\"@id\":\"https:\\\/\\\/pride.audio\\\/#organization\",\"name\":\"Pride Car Audio1\",\"url\":\"https:\\\/\\\/pride.audio\\\/\",\"logo\":{\"@type\":\"ImageObject\",\"inLanguage\":\"de\",\"@id\":\"https:\\\/\\\/pride.audio\\\/#\\\/schema\\\/logo\\\/image\\\/\",\"url\":\"https:\\\/\\\/pride.audio\\\/wp-content\\\/uploads\\\/2023\\\/08\\\/g10.svg\",\"contentUrl\":\"https:\\\/\\\/pride.audio\\\/wp-content\\\/uploads\\\/2023\\\/08\\\/g10.svg\",\"width\":158,\"height\":34,\"caption\":\"Pride Car Audio1\"},\"image\":{\"@id\":\"https:\\\/\\\/pride.audio\\\/#\\\/schema\\\/logo\\\/image\\\/\"}}]}<\/script>\n<!-- \/ Yoast SEO plugin. -->","yoast_head_json":{"title":"Lautsprecher Solo 300 NEO 6,5\" - RMS 300 W Gr\u00f6\u00dfe 6,5 \" - Pride Car Audio1","robots":{"index":"index","follow":"follow","max-snippet":"max-snippet:-1","max-image-preview":"max-image-preview:large","max-video-preview":"max-video-preview:-1"},"canonical":"https:\/\/pride.audio\/de\/produkt\/sl300-65neo\/","og_locale":"de_DE","og_type":"article","og_title":"Lautsprecher Solo 300 NEO 6,5\" - RMS 300 W Gr\u00f6\u00dfe 6,5 \" - Pride Car Audio1","og_description":"400 W","og_url":"https:\/\/pride.audio\/de\/produkt\/sl300-65neo\/","og_site_name":"Pride Car Audio1","article_modified_time":"2024-10-12T16:06:38+00:00","og_image":[{"width":1290,"height":1290,"url":"https:\/\/pride.audio\/wp-content\/uploads\/2024\/01\/IMG_9617.jpg","type":"image\/jpeg"}],"twitter_card":"summary_large_image","twitter_misc":{"Gesch\u00e4tzte Lesezeit":"1\u00a0Minute"},"schema":{"@context":"https:\/\/schema.org","@graph":[{"@type":"WebPage","@id":"https:\/\/pride.audio\/de\/produkt\/sl300-65neo\/","url":"https:\/\/pride.audio\/de\/produkt\/sl300-65neo\/","name":"Lautsprecher Solo 300 NEO 6,5\" - RMS 300 W Gr\u00f6\u00dfe 6,5 \" - Pride Car Audio1","isPartOf":{"@id":"https:\/\/pride.audio\/#website"},"primaryImageOfPage":{"@id":"https:\/\/pride.audio\/de\/produkt\/sl300-65neo\/#primaryimage"},"image":{"@id":"https:\/\/pride.audio\/de\/produkt\/sl300-65neo\/#primaryimage"},"thumbnailUrl":"https:\/\/pride.audio\/wp-content\/uploads\/2024\/01\/IMG_9617.jpg","datePublished":"2024-01-17T08:33:15+00:00","dateModified":"2024-10-12T16:06:38+00:00","breadcrumb":{"@id":"https:\/\/pride.audio\/de\/produkt\/sl300-65neo\/#breadcrumb"},"inLanguage":"de","potentialAction":[{"@type":"ReadAction","target":["https:\/\/pride.audio\/de\/produkt\/sl300-65neo\/"]}]},{"@type":"ImageObject","inLanguage":"de","@id":"https:\/\/pride.audio\/de\/produkt\/sl300-65neo\/#primaryimage","url":"https:\/\/pride.audio\/wp-content\/uploads\/2024\/01\/IMG_9617.jpg","contentUrl":"https:\/\/pride.audio\/wp-content\/uploads\/2024\/01\/IMG_9617.jpg","width":1290,"height":1290,"caption":"Screenshot"},{"@type":"BreadcrumbList","@id":"https:\/\/pride.audio\/de\/produkt\/sl300-65neo\/#breadcrumb","itemListElement":[{"@type":"ListItem","position":1,"name":"Home","item":"https:\/\/pride.audio\/de\/"},{"@type":"ListItem","position":2,"name":"Shop","item":"https:\/\/pride.audio\/de\/shop-2\/"},{"@type":"ListItem","position":3,"name":"Lautsprecher Solo 300 NEO 6,5&#8243; &#8211; RMS 300 W Gr\u00f6\u00dfe 6,5 &#8220;"}]},{"@type":"WebSite","@id":"https:\/\/pride.audio\/#website","url":"https:\/\/pride.audio\/","name":"Pride Car Audio1","description":"Pride Car Audio: Official site","publisher":{"@id":"https:\/\/pride.audio\/#organization"},"potentialAction":[{"@type":"SearchAction","target":{"@type":"EntryPoint","urlTemplate":"https:\/\/pride.audio\/?s={search_term_string}"},"query-input":{"@type":"PropertyValueSpecification","valueRequired":true,"valueName":"search_term_string"}}],"inLanguage":"de"},{"@type":"Organization","@id":"https:\/\/pride.audio\/#organization","name":"Pride Car Audio1","url":"https:\/\/pride.audio\/","logo":{"@type":"ImageObject","inLanguage":"de","@id":"https:\/\/pride.audio\/#\/schema\/logo\/image\/","url":"https:\/\/pride.audio\/wp-content\/uploads\/2023\/08\/g10.svg","contentUrl":"https:\/\/pride.audio\/wp-content\/uploads\/2023\/08\/g10.svg","width":158,"height":34,"caption":"Pride Car Audio1"},"image":{"@id":"https:\/\/pride.audio\/#\/schema\/logo\/image\/"}}]}},"_links":{"self":[{"href":"https:\/\/pride.audio\/de\/wp-json\/wp\/v2\/product\/13514","targetHints":{"allow":["GET"]}}],"collection":[{"href":"https:\/\/pride.audio\/de\/wp-json\/wp\/v2\/product"}],"about":[{"href":"https:\/\/pride.audio\/de\/wp-json\/wp\/v2\/types\/product"}],"wp:featuredmedia":[{"embeddable":true,"href":"https:\/\/pride.audio\/de\/wp-json\/wp\/v2\/media\/19446"}],"wp:attachment":[{"href":"https:\/\/pride.audio\/de\/wp-json\/wp\/v2\/media?parent=13514"}],"wp:term":[{"taxonomy":"product_brand","embeddable":true,"href":"https:\/\/pride.audio\/de\/wp-json\/wp\/v2\/product_brand?post=13514"},{"taxonomy":"product_cat","embeddable":true,"href":"https:\/\/pride.audio\/de\/wp-json\/wp\/v2\/product_cat?post=13514"},{"taxonomy":"product_tag","embeddable":true,"href":"https:\/\/pride.audio\/de\/wp-json\/wp\/v2\/product_tag?post=13514"}],"curies":[{"name":"wp","href":"https:\/\/api.w.org\/{rel}","templated":true}]}}