{"id":13509,"date":"2024-01-17T03:06:54","date_gmt":"2024-01-17T08:06:54","guid":{"rendered":"https:\/\/pride.audio\/?post_type=product&#038;p=13509"},"modified":"2026-01-26T07:27:39","modified_gmt":"2026-01-26T12:27:39","slug":"pride-recone-module-solo-150-2","status":"publish","type":"product","link":"https:\/\/pride.audio\/de\/produkt\/pride-recone-module-solo-150-2\/","title":{"rendered":"Pride Recone-Modul Pride Ruby 6.5 Leistung"},"content":{"rendered":"<p><strong>Pride Recone-Modul Pride Ruby 6.5 Leistung<\/strong><\/p>\n<p>Ersatzmodul f\u00fcr die Pride Ruby 6.5 Performance. Mit dem leistungsstarken Modul f\u00fcr bewegliche Teile des Pride Ruby 6.5 k\u00f6nnen Sie den Lautsprecher einfach austauschen oder reparieren. Das Leistungsmodul Pride Ruby 6.5 umfasst alle Elemente des beweglichen Lautsprechersystems, die auf einem einzigen Polymerrahmen zusammengebaut sind. Das Modul enth\u00e4lt die Elemente, die am h\u00e4ufigsten aufgrund elektrischer \u00dcberlastungen und mechanischer Besch\u00e4digungen ausfallen. Bei einem Ausfall der Schwingspule und der von ihr ausgehenden Versorgungsleitungen, der Zentrierscheibe, des Diffusors oder der Aufh\u00e4ngung wird das gesamte Bewegungssystem als Ganzes ausgetauscht. Mit dem Leistungsmodul Pride Ruby 6.5 ist die Lautsprecherreparatur schnell und einfach.<\/p>\n<p>&nbsp;<\/p>\n<p>Reihenfolge beim Austausch des Pride Ruby 6.5 Performance-Reparatursatzes:<\/p>\n<p>Schrauben Sie das alte, ausgefallene Modul ab.<br \/>\nReinigen Sie den Spalt von Resten der verbrannten Spule, falls diese im Spalt vorhanden sind. Nachdem Sie die R\u00fcckst\u00e4nde entfernt haben, m\u00fcssen Sie den Spalt ausblasen oder den Spalt mit aufgerolltem Klebeband reinigen. Wenn der Spalt nicht ordnungsgem\u00e4\u00df gereinigt wird, k\u00f6nnen R\u00fcckst\u00e4nde der Schwingspule den ordnungsgem\u00e4\u00dfen Betrieb des Lautsprechers beeintr\u00e4chtigen oder die neue Schwingspule besch\u00e4digen.<br \/>\nInstallieren Sie das Modul vorsichtig. Es ist wichtig zu verstehen, dass die Schwingspule unter radialen Belastungen keine gro\u00dfe Steifigkeit aufweist und dass jede \u00e4u\u00dfere Einwirkung auf sie zu Verformungen f\u00fchren kann.<br \/>\nSchrauben festziehen. Ziehen Sie sie nicht mit zu viel Kraft fest.<\/p>\n<p>Es ist wichtig zu beachten, dass wir, wenn Sie das Modul selbst installieren (nicht von einem offiziellen Vertreter), die Richtigkeit der Ma\u00dfnahmen beim Austausch nicht kontrollieren k\u00f6nnen, was bedeutet, dass wir nicht f\u00fcr die Richtigkeit des sp\u00e4teren Betriebs verantwortlich sind und keine Garantie \u00fcbernehmen dieses Produkt.<\/p>\n","protected":false},"excerpt":{"rendered":"<p>Pride Recone-Modul Pride Ruby 6.5 Leistung Ersatzmodul f\u00fcr die Pride Ruby 6.5 Performance. Mit dem leistungsstarken Modul f\u00fcr bewegliche Teile des Pride Ruby 6.5 k\u00f6nnen Sie den Lautsprecher einfach austauschen oder reparieren. Das Leistungsmodul Pride Ruby 6.5 umfasst alle Elemente des beweglichen Lautsprechersystems, die auf einem einzigen Polymerrahmen zusammengebaut sind. Das Modul enth\u00e4lt die Elemente, [&hellip;]<\/p>\n","protected":false},"featured_media":17543,"template":"","meta":{"inline_featured_image":false},"product_brand":[],"product_cat":[340,347],"product_tag":[],"class_list":{"0":"post-13509","1":"product","2":"type-product","3":"status-publish","4":"has-post-thumbnail","6":"product_cat-speakers","7":"product_cat-moduls","9":"first","10":"outofstock","11":"taxable","12":"shipping-taxable","13":"product-type-simple"},"acf":[],"yoast_head":"<!-- This site is optimized with the Yoast SEO plugin v27.3 - https:\/\/yoast.com\/product\/yoast-seo-wordpress\/ -->\n<title>Pride Recone-Modul Pride Ruby 6.5 Leistung - Pride Car Audio1<\/title>\n<meta name=\"robots\" content=\"index, follow, max-snippet:-1, max-image-preview:large, max-video-preview:-1\" \/>\n<link rel=\"canonical\" href=\"https:\/\/pride.audio\/de\/produkt\/pride-recone-module-solo-150-2\/\" \/>\n<meta property=\"og:locale\" content=\"de_DE\" \/>\n<meta property=\"og:type\" content=\"article\" \/>\n<meta property=\"og:title\" content=\"Pride Recone-Modul Pride Ruby 6.5 Leistung - Pride Car Audio1\" \/>\n<meta property=\"og:description\" content=\"Pride Recone-Modul Pride Ruby 6.5 Leistung Ersatzmodul f\u00fcr die Pride Ruby 6.5 Performance. Mit dem leistungsstarken Modul f\u00fcr bewegliche Teile des Pride Ruby 6.5 k\u00f6nnen Sie den Lautsprecher einfach austauschen oder reparieren. Das Leistungsmodul Pride Ruby 6.5 umfasst alle Elemente des beweglichen Lautsprechersystems, die auf einem einzigen Polymerrahmen zusammengebaut sind. Das Modul enth\u00e4lt die Elemente, [&hellip;]\" \/>\n<meta property=\"og:url\" content=\"https:\/\/pride.audio\/de\/produkt\/pride-recone-module-solo-150-2\/\" \/>\n<meta property=\"og:site_name\" content=\"Pride Car Audio1\" \/>\n<meta property=\"article:modified_time\" content=\"2026-01-26T12:27:39+00:00\" \/>\n<meta property=\"og:image\" content=\"https:\/\/pride.audio\/wp-content\/uploads\/2024\/01\/recone_ruby65_perfomance_mini.jpeg\" \/>\n\t<meta property=\"og:image:width\" content=\"300\" \/>\n\t<meta property=\"og:image:height\" content=\"300\" \/>\n\t<meta property=\"og:image:type\" content=\"image\/jpeg\" \/>\n<meta name=\"twitter:card\" content=\"summary_large_image\" \/>\n<meta name=\"twitter:label1\" content=\"Gesch\u00e4tzte Lesezeit\" \/>\n\t<meta name=\"twitter:data1\" content=\"2\u00a0Minuten\" \/>\n<script type=\"application\/ld+json\" class=\"yoast-schema-graph\">{\"@context\":\"https:\\\/\\\/schema.org\",\"@graph\":[{\"@type\":\"WebPage\",\"@id\":\"https:\\\/\\\/pride.audio\\\/de\\\/produkt\\\/pride-recone-module-solo-150-2\\\/\",\"url\":\"https:\\\/\\\/pride.audio\\\/de\\\/produkt\\\/pride-recone-module-solo-150-2\\\/\",\"name\":\"Pride Recone-Modul Pride Ruby 6.5 Leistung - Pride Car Audio1\",\"isPartOf\":{\"@id\":\"https:\\\/\\\/pride.audio\\\/#website\"},\"primaryImageOfPage\":{\"@id\":\"https:\\\/\\\/pride.audio\\\/de\\\/produkt\\\/pride-recone-module-solo-150-2\\\/#primaryimage\"},\"image\":{\"@id\":\"https:\\\/\\\/pride.audio\\\/de\\\/produkt\\\/pride-recone-module-solo-150-2\\\/#primaryimage\"},\"thumbnailUrl\":\"https:\\\/\\\/pride.audio\\\/wp-content\\\/uploads\\\/2024\\\/01\\\/recone_ruby65_perfomance_mini.jpeg\",\"datePublished\":\"2024-01-17T08:06:54+00:00\",\"dateModified\":\"2026-01-26T12:27:39+00:00\",\"breadcrumb\":{\"@id\":\"https:\\\/\\\/pride.audio\\\/de\\\/produkt\\\/pride-recone-module-solo-150-2\\\/#breadcrumb\"},\"inLanguage\":\"de\",\"potentialAction\":[{\"@type\":\"ReadAction\",\"target\":[\"https:\\\/\\\/pride.audio\\\/de\\\/produkt\\\/pride-recone-module-solo-150-2\\\/\"]}]},{\"@type\":\"ImageObject\",\"inLanguage\":\"de\",\"@id\":\"https:\\\/\\\/pride.audio\\\/de\\\/produkt\\\/pride-recone-module-solo-150-2\\\/#primaryimage\",\"url\":\"https:\\\/\\\/pride.audio\\\/wp-content\\\/uploads\\\/2024\\\/01\\\/recone_ruby65_perfomance_mini.jpeg\",\"contentUrl\":\"https:\\\/\\\/pride.audio\\\/wp-content\\\/uploads\\\/2024\\\/01\\\/recone_ruby65_perfomance_mini.jpeg\",\"width\":300,\"height\":300},{\"@type\":\"BreadcrumbList\",\"@id\":\"https:\\\/\\\/pride.audio\\\/de\\\/produkt\\\/pride-recone-module-solo-150-2\\\/#breadcrumb\",\"itemListElement\":[{\"@type\":\"ListItem\",\"position\":1,\"name\":\"Home\",\"item\":\"https:\\\/\\\/pride.audio\\\/de\\\/\"},{\"@type\":\"ListItem\",\"position\":2,\"name\":\"Shop\",\"item\":\"https:\\\/\\\/pride.audio\\\/de\\\/shop-2\\\/\"},{\"@type\":\"ListItem\",\"position\":3,\"name\":\"Pride Recone-Modul Pride Ruby 6.5 Leistung\"}]},{\"@type\":\"WebSite\",\"@id\":\"https:\\\/\\\/pride.audio\\\/#website\",\"url\":\"https:\\\/\\\/pride.audio\\\/\",\"name\":\"Pride Car Audio1\",\"description\":\"Pride Car Audio: Official site\",\"publisher\":{\"@id\":\"https:\\\/\\\/pride.audio\\\/#organization\"},\"potentialAction\":[{\"@type\":\"SearchAction\",\"target\":{\"@type\":\"EntryPoint\",\"urlTemplate\":\"https:\\\/\\\/pride.audio\\\/?s={search_term_string}\"},\"query-input\":{\"@type\":\"PropertyValueSpecification\",\"valueRequired\":true,\"valueName\":\"search_term_string\"}}],\"inLanguage\":\"de\"},{\"@type\":\"Organization\",\"@id\":\"https:\\\/\\\/pride.audio\\\/#organization\",\"name\":\"Pride Car Audio1\",\"url\":\"https:\\\/\\\/pride.audio\\\/\",\"logo\":{\"@type\":\"ImageObject\",\"inLanguage\":\"de\",\"@id\":\"https:\\\/\\\/pride.audio\\\/#\\\/schema\\\/logo\\\/image\\\/\",\"url\":\"https:\\\/\\\/pride.audio\\\/wp-content\\\/uploads\\\/2023\\\/08\\\/g10.svg\",\"contentUrl\":\"https:\\\/\\\/pride.audio\\\/wp-content\\\/uploads\\\/2023\\\/08\\\/g10.svg\",\"width\":158,\"height\":34,\"caption\":\"Pride Car Audio1\"},\"image\":{\"@id\":\"https:\\\/\\\/pride.audio\\\/#\\\/schema\\\/logo\\\/image\\\/\"}}]}<\/script>\n<!-- \/ Yoast SEO plugin. -->","yoast_head_json":{"title":"Pride Recone-Modul Pride Ruby 6.5 Leistung - Pride Car Audio1","robots":{"index":"index","follow":"follow","max-snippet":"max-snippet:-1","max-image-preview":"max-image-preview:large","max-video-preview":"max-video-preview:-1"},"canonical":"https:\/\/pride.audio\/de\/produkt\/pride-recone-module-solo-150-2\/","og_locale":"de_DE","og_type":"article","og_title":"Pride Recone-Modul Pride Ruby 6.5 Leistung - Pride Car Audio1","og_description":"Pride Recone-Modul Pride Ruby 6.5 Leistung Ersatzmodul f\u00fcr die Pride Ruby 6.5 Performance. Mit dem leistungsstarken Modul f\u00fcr bewegliche Teile des Pride Ruby 6.5 k\u00f6nnen Sie den Lautsprecher einfach austauschen oder reparieren. Das Leistungsmodul Pride Ruby 6.5 umfasst alle Elemente des beweglichen Lautsprechersystems, die auf einem einzigen Polymerrahmen zusammengebaut sind. Das Modul enth\u00e4lt die Elemente, [&hellip;]","og_url":"https:\/\/pride.audio\/de\/produkt\/pride-recone-module-solo-150-2\/","og_site_name":"Pride Car Audio1","article_modified_time":"2026-01-26T12:27:39+00:00","og_image":[{"width":300,"height":300,"url":"https:\/\/pride.audio\/wp-content\/uploads\/2024\/01\/recone_ruby65_perfomance_mini.jpeg","type":"image\/jpeg"}],"twitter_card":"summary_large_image","twitter_misc":{"Gesch\u00e4tzte Lesezeit":"2\u00a0Minuten"},"schema":{"@context":"https:\/\/schema.org","@graph":[{"@type":"WebPage","@id":"https:\/\/pride.audio\/de\/produkt\/pride-recone-module-solo-150-2\/","url":"https:\/\/pride.audio\/de\/produkt\/pride-recone-module-solo-150-2\/","name":"Pride Recone-Modul Pride Ruby 6.5 Leistung - Pride Car Audio1","isPartOf":{"@id":"https:\/\/pride.audio\/#website"},"primaryImageOfPage":{"@id":"https:\/\/pride.audio\/de\/produkt\/pride-recone-module-solo-150-2\/#primaryimage"},"image":{"@id":"https:\/\/pride.audio\/de\/produkt\/pride-recone-module-solo-150-2\/#primaryimage"},"thumbnailUrl":"https:\/\/pride.audio\/wp-content\/uploads\/2024\/01\/recone_ruby65_perfomance_mini.jpeg","datePublished":"2024-01-17T08:06:54+00:00","dateModified":"2026-01-26T12:27:39+00:00","breadcrumb":{"@id":"https:\/\/pride.audio\/de\/produkt\/pride-recone-module-solo-150-2\/#breadcrumb"},"inLanguage":"de","potentialAction":[{"@type":"ReadAction","target":["https:\/\/pride.audio\/de\/produkt\/pride-recone-module-solo-150-2\/"]}]},{"@type":"ImageObject","inLanguage":"de","@id":"https:\/\/pride.audio\/de\/produkt\/pride-recone-module-solo-150-2\/#primaryimage","url":"https:\/\/pride.audio\/wp-content\/uploads\/2024\/01\/recone_ruby65_perfomance_mini.jpeg","contentUrl":"https:\/\/pride.audio\/wp-content\/uploads\/2024\/01\/recone_ruby65_perfomance_mini.jpeg","width":300,"height":300},{"@type":"BreadcrumbList","@id":"https:\/\/pride.audio\/de\/produkt\/pride-recone-module-solo-150-2\/#breadcrumb","itemListElement":[{"@type":"ListItem","position":1,"name":"Home","item":"https:\/\/pride.audio\/de\/"},{"@type":"ListItem","position":2,"name":"Shop","item":"https:\/\/pride.audio\/de\/shop-2\/"},{"@type":"ListItem","position":3,"name":"Pride Recone-Modul Pride Ruby 6.5 Leistung"}]},{"@type":"WebSite","@id":"https:\/\/pride.audio\/#website","url":"https:\/\/pride.audio\/","name":"Pride Car Audio1","description":"Pride Car Audio: Official site","publisher":{"@id":"https:\/\/pride.audio\/#organization"},"potentialAction":[{"@type":"SearchAction","target":{"@type":"EntryPoint","urlTemplate":"https:\/\/pride.audio\/?s={search_term_string}"},"query-input":{"@type":"PropertyValueSpecification","valueRequired":true,"valueName":"search_term_string"}}],"inLanguage":"de"},{"@type":"Organization","@id":"https:\/\/pride.audio\/#organization","name":"Pride Car Audio1","url":"https:\/\/pride.audio\/","logo":{"@type":"ImageObject","inLanguage":"de","@id":"https:\/\/pride.audio\/#\/schema\/logo\/image\/","url":"https:\/\/pride.audio\/wp-content\/uploads\/2023\/08\/g10.svg","contentUrl":"https:\/\/pride.audio\/wp-content\/uploads\/2023\/08\/g10.svg","width":158,"height":34,"caption":"Pride Car Audio1"},"image":{"@id":"https:\/\/pride.audio\/#\/schema\/logo\/image\/"}}]}},"_links":{"self":[{"href":"https:\/\/pride.audio\/de\/wp-json\/wp\/v2\/product\/13509","targetHints":{"allow":["GET"]}}],"collection":[{"href":"https:\/\/pride.audio\/de\/wp-json\/wp\/v2\/product"}],"about":[{"href":"https:\/\/pride.audio\/de\/wp-json\/wp\/v2\/types\/product"}],"wp:featuredmedia":[{"embeddable":true,"href":"https:\/\/pride.audio\/de\/wp-json\/wp\/v2\/media\/17543"}],"wp:attachment":[{"href":"https:\/\/pride.audio\/de\/wp-json\/wp\/v2\/media?parent=13509"}],"wp:term":[{"taxonomy":"product_brand","embeddable":true,"href":"https:\/\/pride.audio\/de\/wp-json\/wp\/v2\/product_brand?post=13509"},{"taxonomy":"product_cat","embeddable":true,"href":"https:\/\/pride.audio\/de\/wp-json\/wp\/v2\/product_cat?post=13509"},{"taxonomy":"product_tag","embeddable":true,"href":"https:\/\/pride.audio\/de\/wp-json\/wp\/v2\/product_tag?post=13509"}],"curies":[{"name":"wp","href":"https:\/\/api.w.org\/{rel}","templated":true}]}}