{"id":8501,"date":"2019-05-08T12:53:23","date_gmt":"2019-05-08T10:53:23","guid":{"rendered":"https:\/\/pride.audio\/about\/"},"modified":"2022-09-25T14:06:55","modified_gmt":"2022-09-25T12:06:55","slug":"about","status":"publish","type":"page","link":"https:\/\/pride.audio\/de\/about\/","title":{"rendered":"\u00dcber uns"},"content":{"rendered":"\n<div class=\"wp-block-columns is-layout-flex wp-container-core-columns-is-layout-9d6595d7 wp-block-columns-is-layout-flex\">\n<div class=\"wp-block-column is-layout-flow wp-block-column-is-layout-flow\">\n<h2 class=\"wp-block-heading\">Gegr\u00fcndet<\/h2>\n\n\n\n<p>Pride Company wurde 2013 von enthusiastischen Gr\u00fcndern des Unternehmens gegr\u00fcndet. Die Besitzer wurden von der Vision eines ehrlichen Unternehmens angetrieben, das Qualit\u00e4tsprodukte liefert. Der Wunsch, unseren Kunden ein Produkt zu zeigen, ohne die Marketing-T\u00e4uschung. Auch der Wunsch, ein Produkt zu er\u00f6ffnen, das innen und au\u00dfen die gleichen Eigenschaften hat. Unbek\u00fcmmert um den Markennamen und die Geschichte<br>Schritt f\u00fcr Schritt sammelte das Unternehmen Erfahrungen und Kenntnisse, die anderswo nicht zu bekommen waren. Stolz waren die Pioniere in der Serienfertigung von Waren der TOP-Klasse, die mit der SPL-Branche in der Car-Audio-Industrie in Russland verbunden sind<\/p>\n<\/div>\n\n\n\n<div class=\"wp-block-column is-layout-flow wp-block-column-is-layout-flow\">\n<figure class=\"wp-block-image size-full\"><img loading=\"lazy\" decoding=\"async\" width=\"611\" height=\"427\" src=\"https:\/\/pride.audio\/wp-content\/uploads\/about-img-1.jpg\" alt=\"About Pride company\" class=\"wp-image-1418\" srcset=\"https:\/\/pride.audio\/wp-content\/uploads\/about-img-1.jpg 611w, https:\/\/pride.audio\/wp-content\/uploads\/about-img-1-600x419.jpg 600w\" sizes=\"auto, (max-width: 611px) 100vw, 611px\" \/><\/figure>\n<\/div>\n<\/div>\n\n\n\n<div style=\"height:20px\" aria-hidden=\"true\" class=\"wp-block-spacer\"><\/div>\n\n\n\n<div class=\"wp-block-columns is-layout-flex wp-container-core-columns-is-layout-9d6595d7 wp-block-columns-is-layout-flex\">\n<div class=\"wp-block-column is-layout-flow wp-block-column-is-layout-flow\">\n<figure class=\"wp-block-image size-full\"><img loading=\"lazy\" decoding=\"async\" width=\"611\" height=\"427\" src=\"https:\/\/pride.audio\/wp-content\/uploads\/about-img-2.jpg\" alt=\"\" class=\"wp-image-1084\" srcset=\"https:\/\/pride.audio\/wp-content\/uploads\/about-img-2.jpg 611w, https:\/\/pride.audio\/wp-content\/uploads\/about-img-2-600x419.jpg 600w\" sizes=\"auto, (max-width: 611px) 100vw, 611px\" \/><\/figure>\n<\/div>\n\n\n\n<div class=\"wp-block-column is-layout-flow wp-block-column-is-layout-flow\">\n<h2 class=\"wp-block-heading\">Unser Standort<\/h2>\n\n\n\n<p>Unsere Serienproduktion hat in Kasan, Republik Tatarstan, begonnen, was mit einigen wirtschaftlichen und geografischen Faktoren zusammenhing, die bei der Entscheidungsfindung wichtig waren. All dies endete mit der Eintragung der offiziellen Firma und des Markennamens Pride im Jahr 2014 auf dem Territorium der Republik Tatarstan, in der Hauptstadt Kasan. Das Hauptziel des Unternehmens in der Vergangenheit, Gegenwart und Zukunft ist die Herstellung hochwertiger Produkte. &#8220;Hochwertiges&#8221; Produkt bezieht sich sowohl auf die endg\u00fcltigen Eigenschaften des Produkts als auch auf den Garantie-\/Nachgarantieservice. Gerade unser Service unterscheidet sich von dem anderer Marken. Wenn ein gew\u00f6hnlicher Kunde ein typisches asiatisches Produkt mit verschiedenen Fehlern kauft, bedeutet das, dass der Besitzer im Falle eines Defekts alle Probleme mit der Reparatur der defekten Teile hat.<\/p>\n<\/div>\n<\/div>\n\n\n\n<div style=\"height:20px\" aria-hidden=\"true\" class=\"wp-block-spacer\"><\/div>\n\n\n\n<div class=\"wp-block-columns is-layout-flex wp-container-core-columns-is-layout-9d6595d7 wp-block-columns-is-layout-flex\">\n<div class=\"wp-block-column is-layout-flow wp-block-column-is-layout-flow\">\n<h2 class=\"wp-block-heading\">Was produzieren wir?<\/h2>\n\n\n\n<p>Heutzutage verf\u00fcgt Pride \u00fcber eine Vielzahl von exklusiven Teilen, Formen und technischen Entscheidungen in seinen Produkten. Das Unternehmen hat seinen Aktionsradius deutlich erweitert. Jetzt importieren wir eine breite Palette von Produkten: hochwertige Verst\u00e4rker, verschiedene Kabel, TOP-Level-Zubeh\u00f6r, PRO AUDIO und vieles mehr, die von der authentischen Firma gemacht `s Entwurf<br>Stolz &#8211; sind die Kollegen, die gemeinsame Interessen haben, die sich in Richtung des Fortschritts bewegen, die jeden Tag etwas Neues lernen k\u00f6nnen und die es dem Endverbraucher geben. Das Unternehmen w\u00e4chst jeden Tag, und jeder von uns leistet seinen Beitrag dazu. Jedes Feedback und jeder Kommentar eines echten Kunden hilft uns, das Endprodukt zu verbessern.<br>Wir sind von dem Modell &#8220;in ein paar Jahren ein gro\u00dfes Einkommen aus dem Verkauf zu erzielen&#8221; abgekommen. Unser Ziel ist es, uns systematisch weiterzuentwickeln, unser Produkt zu verbessern und unseren Kunden zu erm\u00f6glichen, mit dem maximalen Einsatz des Endprodukts, das von der Marke Pride hergestellt wurde, zufrieden zu sein.<\/p>\n\n\n\n<p>.<\/p>\n<\/div>\n\n\n\n<div class=\"wp-block-column is-layout-flow wp-block-column-is-layout-flow\">\n<figure class=\"wp-block-image size-full\"><img loading=\"lazy\" decoding=\"async\" width=\"611\" height=\"427\" src=\"https:\/\/pride.audio\/wp-content\/uploads\/about-img-3.jpg\" alt=\"\" class=\"wp-image-1086\" srcset=\"https:\/\/pride.audio\/wp-content\/uploads\/about-img-3.jpg 611w, https:\/\/pride.audio\/wp-content\/uploads\/about-img-3-600x419.jpg 600w\" sizes=\"auto, (max-width: 611px) 100vw, 611px\" \/><\/figure>\n<\/div>\n<\/div>\n","protected":false},"excerpt":{"rendered":"<p>Gegr\u00fcndet Pride Company wurde 2013 von enthusiastischen Gr\u00fcndern des Unternehmens gegr\u00fcndet. Die Besitzer wurden von der Vision eines ehrlichen Unternehmens angetrieben, das Qualit\u00e4tsprodukte liefert. Der Wunsch, unseren Kunden ein Produkt zu zeigen, ohne die Marketing-T\u00e4uschung. Auch der Wunsch, ein Produkt zu er\u00f6ffnen, das innen und au\u00dfen die gleichen Eigenschaften hat. Unbek\u00fcmmert um den Markennamen und [&hellip;]<\/p>\n","protected":false},"author":1,"featured_media":13066,"parent":0,"menu_order":0,"comment_status":"closed","ping_status":"closed","template":"page-templates\/canvas-template.php","meta":{"inline_featured_image":false,"footnotes":""},"class_list":["post-8501","page","type-page","status-publish","has-post-thumbnail","hentry"],"acf":[],"yoast_head":"<!-- This site is optimized with the Yoast SEO plugin v27.5 - https:\/\/yoast.com\/product\/yoast-seo-wordpress\/ -->\n<title>\u00dcber uns - Pride Car Audio1<\/title>\n<meta name=\"robots\" content=\"index, follow, max-snippet:-1, max-image-preview:large, max-video-preview:-1\" \/>\n<link rel=\"canonical\" href=\"https:\/\/pride.audio\/about\/\" \/>\n<meta property=\"og:locale\" content=\"de_DE\" \/>\n<meta property=\"og:type\" content=\"article\" \/>\n<meta property=\"og:title\" content=\"\u00dcber uns - Pride Car Audio1\" \/>\n<meta property=\"og:description\" content=\"Gegr\u00fcndet Pride Company wurde 2013 von enthusiastischen Gr\u00fcndern des Unternehmens gegr\u00fcndet. Die Besitzer wurden von der Vision eines ehrlichen Unternehmens angetrieben, das Qualit\u00e4tsprodukte liefert. Der Wunsch, unseren Kunden ein Produkt zu zeigen, ohne die Marketing-T\u00e4uschung. Auch der Wunsch, ein Produkt zu er\u00f6ffnen, das innen und au\u00dfen die gleichen Eigenschaften hat. Unbek\u00fcmmert um den Markennamen und [&hellip;]\" \/>\n<meta property=\"og:url\" content=\"https:\/\/pride.audio\/about\/\" \/>\n<meta property=\"og:site_name\" content=\"Pride Car Audio1\" \/>\n<meta property=\"article:modified_time\" content=\"2022-09-25T12:06:55+00:00\" \/>\n<meta property=\"og:image\" content=\"https:\/\/pride.audio\/wp-content\/uploads\/about-img-1.jpg\" \/>\n<meta name=\"twitter:card\" content=\"summary_large_image\" \/>\n<meta name=\"twitter:label1\" content=\"Gesch\u00e4tzte Lesezeit\" \/>\n\t<meta name=\"twitter:data1\" content=\"2\u00a0Minuten\" \/>\n<script type=\"application\/ld+json\" class=\"yoast-schema-graph\">{\"@context\":\"https:\\\/\\\/schema.org\",\"@graph\":[{\"@type\":\"WebPage\",\"@id\":\"https:\\\/\\\/pride.audio\\\/about\\\/\",\"url\":\"https:\\\/\\\/pride.audio\\\/about\\\/\",\"name\":\"\u00dcber uns - Pride Car Audio1\",\"isPartOf\":{\"@id\":\"https:\\\/\\\/pride.audio\\\/#website\"},\"primaryImageOfPage\":{\"@id\":\"https:\\\/\\\/pride.audio\\\/about\\\/#primaryimage\"},\"image\":{\"@id\":\"https:\\\/\\\/pride.audio\\\/about\\\/#primaryimage\"},\"thumbnailUrl\":\"https:\\\/\\\/pride.audio\\\/wp-content\\\/uploads\\\/2023\\\/11\\\/image.png\",\"datePublished\":\"2019-05-08T10:53:23+00:00\",\"dateModified\":\"2022-09-25T12:06:55+00:00\",\"breadcrumb\":{\"@id\":\"https:\\\/\\\/pride.audio\\\/about\\\/#breadcrumb\"},\"inLanguage\":\"de\",\"potentialAction\":[{\"@type\":\"ReadAction\",\"target\":[\"https:\\\/\\\/pride.audio\\\/about\\\/\"]}]},{\"@type\":\"ImageObject\",\"inLanguage\":\"de\",\"@id\":\"https:\\\/\\\/pride.audio\\\/about\\\/#primaryimage\",\"url\":\"https:\\\/\\\/pride.audio\\\/wp-content\\\/uploads\\\/2023\\\/11\\\/image.png\",\"contentUrl\":\"https:\\\/\\\/pride.audio\\\/wp-content\\\/uploads\\\/2023\\\/11\\\/image.png\",\"width\":512,\"height\":512},{\"@type\":\"BreadcrumbList\",\"@id\":\"https:\\\/\\\/pride.audio\\\/about\\\/#breadcrumb\",\"itemListElement\":[{\"@type\":\"ListItem\",\"position\":1,\"name\":\"Home\",\"item\":\"https:\\\/\\\/pride.audio\\\/de\\\/\"},{\"@type\":\"ListItem\",\"position\":2,\"name\":\"\u00dcber uns\"}]},{\"@type\":\"WebSite\",\"@id\":\"https:\\\/\\\/pride.audio\\\/#website\",\"url\":\"https:\\\/\\\/pride.audio\\\/\",\"name\":\"Pride Car Audio1\",\"description\":\"Pride Car Audio: Official site\",\"publisher\":{\"@id\":\"https:\\\/\\\/pride.audio\\\/#organization\"},\"potentialAction\":[{\"@type\":\"SearchAction\",\"target\":{\"@type\":\"EntryPoint\",\"urlTemplate\":\"https:\\\/\\\/pride.audio\\\/?s={search_term_string}\"},\"query-input\":{\"@type\":\"PropertyValueSpecification\",\"valueRequired\":true,\"valueName\":\"search_term_string\"}}],\"inLanguage\":\"de\"},{\"@type\":\"Organization\",\"@id\":\"https:\\\/\\\/pride.audio\\\/#organization\",\"name\":\"Pride Car Audio1\",\"url\":\"https:\\\/\\\/pride.audio\\\/\",\"logo\":{\"@type\":\"ImageObject\",\"inLanguage\":\"de\",\"@id\":\"https:\\\/\\\/pride.audio\\\/#\\\/schema\\\/logo\\\/image\\\/\",\"url\":\"https:\\\/\\\/pride.audio\\\/wp-content\\\/uploads\\\/2023\\\/08\\\/g10.svg\",\"contentUrl\":\"https:\\\/\\\/pride.audio\\\/wp-content\\\/uploads\\\/2023\\\/08\\\/g10.svg\",\"width\":158,\"height\":34,\"caption\":\"Pride Car Audio1\"},\"image\":{\"@id\":\"https:\\\/\\\/pride.audio\\\/#\\\/schema\\\/logo\\\/image\\\/\"}}]}<\/script>\n<!-- \/ Yoast SEO plugin. -->","yoast_head_json":{"title":"\u00dcber uns - Pride Car Audio1","robots":{"index":"index","follow":"follow","max-snippet":"max-snippet:-1","max-image-preview":"max-image-preview:large","max-video-preview":"max-video-preview:-1"},"canonical":"https:\/\/pride.audio\/about\/","og_locale":"de_DE","og_type":"article","og_title":"\u00dcber uns - Pride Car Audio1","og_description":"Gegr\u00fcndet Pride Company wurde 2013 von enthusiastischen Gr\u00fcndern des Unternehmens gegr\u00fcndet. Die Besitzer wurden von der Vision eines ehrlichen Unternehmens angetrieben, das Qualit\u00e4tsprodukte liefert. Der Wunsch, unseren Kunden ein Produkt zu zeigen, ohne die Marketing-T\u00e4uschung. Auch der Wunsch, ein Produkt zu er\u00f6ffnen, das innen und au\u00dfen die gleichen Eigenschaften hat. Unbek\u00fcmmert um den Markennamen und [&hellip;]","og_url":"https:\/\/pride.audio\/about\/","og_site_name":"Pride Car Audio1","article_modified_time":"2022-09-25T12:06:55+00:00","og_image":[{"url":"https:\/\/pride.audio\/wp-content\/uploads\/about-img-1.jpg","type":"","width":"","height":""}],"twitter_card":"summary_large_image","twitter_misc":{"Gesch\u00e4tzte Lesezeit":"2\u00a0Minuten"},"schema":{"@context":"https:\/\/schema.org","@graph":[{"@type":"WebPage","@id":"https:\/\/pride.audio\/about\/","url":"https:\/\/pride.audio\/about\/","name":"\u00dcber uns - Pride Car Audio1","isPartOf":{"@id":"https:\/\/pride.audio\/#website"},"primaryImageOfPage":{"@id":"https:\/\/pride.audio\/about\/#primaryimage"},"image":{"@id":"https:\/\/pride.audio\/about\/#primaryimage"},"thumbnailUrl":"https:\/\/pride.audio\/wp-content\/uploads\/2023\/11\/image.png","datePublished":"2019-05-08T10:53:23+00:00","dateModified":"2022-09-25T12:06:55+00:00","breadcrumb":{"@id":"https:\/\/pride.audio\/about\/#breadcrumb"},"inLanguage":"de","potentialAction":[{"@type":"ReadAction","target":["https:\/\/pride.audio\/about\/"]}]},{"@type":"ImageObject","inLanguage":"de","@id":"https:\/\/pride.audio\/about\/#primaryimage","url":"https:\/\/pride.audio\/wp-content\/uploads\/2023\/11\/image.png","contentUrl":"https:\/\/pride.audio\/wp-content\/uploads\/2023\/11\/image.png","width":512,"height":512},{"@type":"BreadcrumbList","@id":"https:\/\/pride.audio\/about\/#breadcrumb","itemListElement":[{"@type":"ListItem","position":1,"name":"Home","item":"https:\/\/pride.audio\/de\/"},{"@type":"ListItem","position":2,"name":"\u00dcber uns"}]},{"@type":"WebSite","@id":"https:\/\/pride.audio\/#website","url":"https:\/\/pride.audio\/","name":"Pride Car Audio1","description":"Pride Car Audio: Official site","publisher":{"@id":"https:\/\/pride.audio\/#organization"},"potentialAction":[{"@type":"SearchAction","target":{"@type":"EntryPoint","urlTemplate":"https:\/\/pride.audio\/?s={search_term_string}"},"query-input":{"@type":"PropertyValueSpecification","valueRequired":true,"valueName":"search_term_string"}}],"inLanguage":"de"},{"@type":"Organization","@id":"https:\/\/pride.audio\/#organization","name":"Pride Car Audio1","url":"https:\/\/pride.audio\/","logo":{"@type":"ImageObject","inLanguage":"de","@id":"https:\/\/pride.audio\/#\/schema\/logo\/image\/","url":"https:\/\/pride.audio\/wp-content\/uploads\/2023\/08\/g10.svg","contentUrl":"https:\/\/pride.audio\/wp-content\/uploads\/2023\/08\/g10.svg","width":158,"height":34,"caption":"Pride Car Audio1"},"image":{"@id":"https:\/\/pride.audio\/#\/schema\/logo\/image\/"}}]}},"_links":{"self":[{"href":"https:\/\/pride.audio\/de\/wp-json\/wp\/v2\/pages\/8501","targetHints":{"allow":["GET"]}}],"collection":[{"href":"https:\/\/pride.audio\/de\/wp-json\/wp\/v2\/pages"}],"about":[{"href":"https:\/\/pride.audio\/de\/wp-json\/wp\/v2\/types\/page"}],"author":[{"embeddable":true,"href":"https:\/\/pride.audio\/de\/wp-json\/wp\/v2\/users\/1"}],"replies":[{"embeddable":true,"href":"https:\/\/pride.audio\/de\/wp-json\/wp\/v2\/comments?post=8501"}],"version-history":[{"count":0,"href":"https:\/\/pride.audio\/de\/wp-json\/wp\/v2\/pages\/8501\/revisions"}],"wp:featuredmedia":[{"embeddable":true,"href":"https:\/\/pride.audio\/de\/wp-json\/wp\/v2\/media\/13066"}],"wp:attachment":[{"href":"https:\/\/pride.audio\/de\/wp-json\/wp\/v2\/media?parent=8501"}],"curies":[{"name":"wp","href":"https:\/\/api.w.org\/{rel}","templated":true}]}}