{"id":8496,"date":"2019-07-23T13:27:13","date_gmt":"2019-07-23T11:27:13","guid":{"rendered":"https:\/\/pride.audio\/support\/the-order-of-receiving-the-product-for-the-repair-or-diagnostics\/"},"modified":"2022-09-24T21:31:50","modified_gmt":"2022-09-24T19:31:50","slug":"the-order-of-receiving-the-product-for-the-repair-or-diagnostics","status":"publish","type":"page","link":"https:\/\/pride.audio\/de\/support\/the-order-of-receiving-the-product-for-the-repair-or-diagnostics\/","title":{"rendered":"Die Reihenfolge des Erhalts des Produkts f\u00fcr die Reparatur oder Diagnose"},"content":{"rendered":"<p>Die \u00dcbergabe des Produkts an die Reparaturabteilung zur Durchf\u00fchrung von Diagnose-, Reparatur- und anderen Verfahren hat einige besondere Einzelheiten<\/p>\n<p>Die wichtigsten Bestimmungen und Bedingungen:<\/p>\n<p>Der Originalkarton, in dem das Produkt gekauft wurde, f\u00fcr die M\u00f6glichkeit des Transports des Produkts in die Reparaturabteilung<\/p>\n<p>Ein Produkt ohne Anzeichen von seitlichen Durchbr\u00fcchen im Inneren des Korpus oder seiner Einzelteile gibt uns die besten Voraussetzungen, die Ursache des Bruchs zu finden. Die Seriennummer muss lesbar sein. Sie befindet sich auf der Verpackung, dem Korpus oder auf einem anderen Teil, das vom Verk\u00e4ufer gefunden werden muss. Die Seriennummer muss mit der Nummer auf dem Garantieschein \u00fcbereinstimmen.<\/p>\n<p>Der ausgef\u00fcllte Garantieschein berechtigt Sie zur Inanspruchnahme aller Leistungen, die vom Hersteller erbracht werden k\u00f6nnen. Andernfalls m\u00fcssen Sie auf die Hilfe des Verk\u00e4ufers warten, da wir nicht in der Lage sein werden, unser Produkt zu identifizieren und dessen offiziellen Verkauf zu gew\u00e4hrleisten.<\/p>\n<p>Es wird dringend empfohlen, den Nachnamen (Vorname ist optional) und die Handynummer des Absenders auf der Vorderseite des Kartons zu vermerken. Sehr bequem und einfach ist es, ein St\u00fcck Klebeband oder einen Aufkleber mit Ihrem Nachnamen und Ihrer Handynummer auf den K\u00f6rper des Produkts zu kleben. Diese einfache Sache, wird den Prozess der Reparatur viel schneller machen.<\/p>\n<p>Bitte teilen Sie uns mit, was der Grund f\u00fcr die Reparatur oder Diagnose ist. Komplexe Diagnosen sind nicht kostenlos, wenn Sie uns das Problem nicht mitteilen. Am einfachsten ist es, wenn Sie ein Blatt Papier mit der Beschreibung des Problems in den Karton legen, den Sie uns zusenden und den wir in unserem Reparaturzentrum erhalten.<\/p>\n<p>Notwendige Tatsache des bezahlten Versands &#8220;Door to Door&#8221; in unsere Reparaturabteilung. Alle Kosten gehen zu Lasten des Absenders bis zur endg\u00fcltigen Pr\u00fcfung und dem Ergebnis. Der Verk\u00e4ufer und der K\u00e4ufer sind mit dieser Frage einverstanden, gem\u00e4\u00df der Regelung des russischen Rechtssystems<\/p>\n<p>Wenn Sie weitere Fragen haben, senden Sie bitte eine Nachricht mit Ihrer Frage an unsere E-Mail. Unsere Kontaktinformationen finden Sie unter der Rubrik &#8220;Kontakt&#8221;.<\/p>\n","protected":false},"excerpt":{"rendered":"<p>Die \u00dcbergabe des Produkts an die Reparaturabteilung zur Durchf\u00fchrung von Diagnose-, Reparatur- und anderen Verfahren hat einige besondere Einzelheiten Die wichtigsten Bestimmungen und Bedingungen: Der Originalkarton, in dem das Produkt gekauft wurde, f\u00fcr die M\u00f6glichkeit des Transports des Produkts in die Reparaturabteilung Ein Produkt ohne Anzeichen von seitlichen Durchbr\u00fcchen im Inneren des Korpus oder seiner [&hellip;]<\/p>\n","protected":false},"author":1,"featured_media":0,"parent":8457,"menu_order":0,"comment_status":"closed","ping_status":"closed","template":"page-templates\/knowledge-template.php","meta":{"inline_featured_image":false,"footnotes":""},"class_list":["post-8496","page","type-page","status-publish","hentry"],"acf":[],"yoast_head":"<!-- This site is optimized with the Yoast SEO plugin v27.3 - https:\/\/yoast.com\/product\/yoast-seo-wordpress\/ -->\n<title>Die Reihenfolge des Erhalts des Produkts f\u00fcr die Reparatur oder Diagnose - Pride Car Audio1<\/title>\n<meta name=\"robots\" content=\"index, follow, max-snippet:-1, max-image-preview:large, max-video-preview:-1\" \/>\n<link rel=\"canonical\" href=\"https:\/\/pride.audio\/support\/the-order-of-receiving-the-product-for-the-repair-or-diagnostics\/\" \/>\n<meta property=\"og:locale\" content=\"de_DE\" \/>\n<meta property=\"og:type\" content=\"article\" \/>\n<meta property=\"og:title\" content=\"Die Reihenfolge des Erhalts des Produkts f\u00fcr die Reparatur oder Diagnose - Pride Car Audio1\" \/>\n<meta property=\"og:description\" content=\"Die \u00dcbergabe des Produkts an die Reparaturabteilung zur Durchf\u00fchrung von Diagnose-, Reparatur- und anderen Verfahren hat einige besondere Einzelheiten Die wichtigsten Bestimmungen und Bedingungen: Der Originalkarton, in dem das Produkt gekauft wurde, f\u00fcr die M\u00f6glichkeit des Transports des Produkts in die Reparaturabteilung Ein Produkt ohne Anzeichen von seitlichen Durchbr\u00fcchen im Inneren des Korpus oder seiner [&hellip;]\" \/>\n<meta property=\"og:url\" content=\"https:\/\/pride.audio\/support\/the-order-of-receiving-the-product-for-the-repair-or-diagnostics\/\" \/>\n<meta property=\"og:site_name\" content=\"Pride Car Audio1\" \/>\n<meta property=\"article:modified_time\" content=\"2022-09-24T19:31:50+00:00\" \/>\n<meta name=\"twitter:card\" content=\"summary_large_image\" \/>\n<meta name=\"twitter:label1\" content=\"Gesch\u00e4tzte Lesezeit\" \/>\n\t<meta name=\"twitter:data1\" content=\"2\u00a0Minuten\" \/>\n<script type=\"application\/ld+json\" class=\"yoast-schema-graph\">{\"@context\":\"https:\\\/\\\/schema.org\",\"@graph\":[{\"@type\":\"WebPage\",\"@id\":\"https:\\\/\\\/pride.audio\\\/support\\\/the-order-of-receiving-the-product-for-the-repair-or-diagnostics\\\/\",\"url\":\"https:\\\/\\\/pride.audio\\\/support\\\/the-order-of-receiving-the-product-for-the-repair-or-diagnostics\\\/\",\"name\":\"Die Reihenfolge des Erhalts des Produkts f\u00fcr die Reparatur oder Diagnose - Pride Car Audio1\",\"isPartOf\":{\"@id\":\"https:\\\/\\\/pride.audio\\\/#website\"},\"datePublished\":\"2019-07-23T11:27:13+00:00\",\"dateModified\":\"2022-09-24T19:31:50+00:00\",\"breadcrumb\":{\"@id\":\"https:\\\/\\\/pride.audio\\\/support\\\/the-order-of-receiving-the-product-for-the-repair-or-diagnostics\\\/#breadcrumb\"},\"inLanguage\":\"de\",\"potentialAction\":[{\"@type\":\"ReadAction\",\"target\":[\"https:\\\/\\\/pride.audio\\\/support\\\/the-order-of-receiving-the-product-for-the-repair-or-diagnostics\\\/\"]}]},{\"@type\":\"BreadcrumbList\",\"@id\":\"https:\\\/\\\/pride.audio\\\/support\\\/the-order-of-receiving-the-product-for-the-repair-or-diagnostics\\\/#breadcrumb\",\"itemListElement\":[{\"@type\":\"ListItem\",\"position\":1,\"name\":\"Home\",\"item\":\"https:\\\/\\\/pride.audio\\\/de\\\/\"},{\"@type\":\"ListItem\",\"position\":2,\"name\":\"Unterst\u00fctzung\",\"item\":\"https:\\\/\\\/pride.audio\\\/support\\\/\"},{\"@type\":\"ListItem\",\"position\":3,\"name\":\"Die Reihenfolge des Erhalts des Produkts f\u00fcr die Reparatur oder Diagnose\"}]},{\"@type\":\"WebSite\",\"@id\":\"https:\\\/\\\/pride.audio\\\/#website\",\"url\":\"https:\\\/\\\/pride.audio\\\/\",\"name\":\"Pride Car Audio1\",\"description\":\"Pride Car Audio: Official site\",\"publisher\":{\"@id\":\"https:\\\/\\\/pride.audio\\\/#organization\"},\"potentialAction\":[{\"@type\":\"SearchAction\",\"target\":{\"@type\":\"EntryPoint\",\"urlTemplate\":\"https:\\\/\\\/pride.audio\\\/?s={search_term_string}\"},\"query-input\":{\"@type\":\"PropertyValueSpecification\",\"valueRequired\":true,\"valueName\":\"search_term_string\"}}],\"inLanguage\":\"de\"},{\"@type\":\"Organization\",\"@id\":\"https:\\\/\\\/pride.audio\\\/#organization\",\"name\":\"Pride Car Audio1\",\"url\":\"https:\\\/\\\/pride.audio\\\/\",\"logo\":{\"@type\":\"ImageObject\",\"inLanguage\":\"de\",\"@id\":\"https:\\\/\\\/pride.audio\\\/#\\\/schema\\\/logo\\\/image\\\/\",\"url\":\"https:\\\/\\\/pride.audio\\\/wp-content\\\/uploads\\\/2023\\\/08\\\/g10.svg\",\"contentUrl\":\"https:\\\/\\\/pride.audio\\\/wp-content\\\/uploads\\\/2023\\\/08\\\/g10.svg\",\"width\":158,\"height\":34,\"caption\":\"Pride Car Audio1\"},\"image\":{\"@id\":\"https:\\\/\\\/pride.audio\\\/#\\\/schema\\\/logo\\\/image\\\/\"}}]}<\/script>\n<!-- \/ Yoast SEO plugin. -->","yoast_head_json":{"title":"Die Reihenfolge des Erhalts des Produkts f\u00fcr die Reparatur oder Diagnose - Pride Car Audio1","robots":{"index":"index","follow":"follow","max-snippet":"max-snippet:-1","max-image-preview":"max-image-preview:large","max-video-preview":"max-video-preview:-1"},"canonical":"https:\/\/pride.audio\/support\/the-order-of-receiving-the-product-for-the-repair-or-diagnostics\/","og_locale":"de_DE","og_type":"article","og_title":"Die Reihenfolge des Erhalts des Produkts f\u00fcr die Reparatur oder Diagnose - Pride Car Audio1","og_description":"Die \u00dcbergabe des Produkts an die Reparaturabteilung zur Durchf\u00fchrung von Diagnose-, Reparatur- und anderen Verfahren hat einige besondere Einzelheiten Die wichtigsten Bestimmungen und Bedingungen: Der Originalkarton, in dem das Produkt gekauft wurde, f\u00fcr die M\u00f6glichkeit des Transports des Produkts in die Reparaturabteilung Ein Produkt ohne Anzeichen von seitlichen Durchbr\u00fcchen im Inneren des Korpus oder seiner [&hellip;]","og_url":"https:\/\/pride.audio\/support\/the-order-of-receiving-the-product-for-the-repair-or-diagnostics\/","og_site_name":"Pride Car Audio1","article_modified_time":"2022-09-24T19:31:50+00:00","twitter_card":"summary_large_image","twitter_misc":{"Gesch\u00e4tzte Lesezeit":"2\u00a0Minuten"},"schema":{"@context":"https:\/\/schema.org","@graph":[{"@type":"WebPage","@id":"https:\/\/pride.audio\/support\/the-order-of-receiving-the-product-for-the-repair-or-diagnostics\/","url":"https:\/\/pride.audio\/support\/the-order-of-receiving-the-product-for-the-repair-or-diagnostics\/","name":"Die Reihenfolge des Erhalts des Produkts f\u00fcr die Reparatur oder Diagnose - Pride Car Audio1","isPartOf":{"@id":"https:\/\/pride.audio\/#website"},"datePublished":"2019-07-23T11:27:13+00:00","dateModified":"2022-09-24T19:31:50+00:00","breadcrumb":{"@id":"https:\/\/pride.audio\/support\/the-order-of-receiving-the-product-for-the-repair-or-diagnostics\/#breadcrumb"},"inLanguage":"de","potentialAction":[{"@type":"ReadAction","target":["https:\/\/pride.audio\/support\/the-order-of-receiving-the-product-for-the-repair-or-diagnostics\/"]}]},{"@type":"BreadcrumbList","@id":"https:\/\/pride.audio\/support\/the-order-of-receiving-the-product-for-the-repair-or-diagnostics\/#breadcrumb","itemListElement":[{"@type":"ListItem","position":1,"name":"Home","item":"https:\/\/pride.audio\/de\/"},{"@type":"ListItem","position":2,"name":"Unterst\u00fctzung","item":"https:\/\/pride.audio\/support\/"},{"@type":"ListItem","position":3,"name":"Die Reihenfolge des Erhalts des Produkts f\u00fcr die Reparatur oder Diagnose"}]},{"@type":"WebSite","@id":"https:\/\/pride.audio\/#website","url":"https:\/\/pride.audio\/","name":"Pride Car Audio1","description":"Pride Car Audio: Official site","publisher":{"@id":"https:\/\/pride.audio\/#organization"},"potentialAction":[{"@type":"SearchAction","target":{"@type":"EntryPoint","urlTemplate":"https:\/\/pride.audio\/?s={search_term_string}"},"query-input":{"@type":"PropertyValueSpecification","valueRequired":true,"valueName":"search_term_string"}}],"inLanguage":"de"},{"@type":"Organization","@id":"https:\/\/pride.audio\/#organization","name":"Pride Car Audio1","url":"https:\/\/pride.audio\/","logo":{"@type":"ImageObject","inLanguage":"de","@id":"https:\/\/pride.audio\/#\/schema\/logo\/image\/","url":"https:\/\/pride.audio\/wp-content\/uploads\/2023\/08\/g10.svg","contentUrl":"https:\/\/pride.audio\/wp-content\/uploads\/2023\/08\/g10.svg","width":158,"height":34,"caption":"Pride Car Audio1"},"image":{"@id":"https:\/\/pride.audio\/#\/schema\/logo\/image\/"}}]}},"_links":{"self":[{"href":"https:\/\/pride.audio\/de\/wp-json\/wp\/v2\/pages\/8496","targetHints":{"allow":["GET"]}}],"collection":[{"href":"https:\/\/pride.audio\/de\/wp-json\/wp\/v2\/pages"}],"about":[{"href":"https:\/\/pride.audio\/de\/wp-json\/wp\/v2\/types\/page"}],"author":[{"embeddable":true,"href":"https:\/\/pride.audio\/de\/wp-json\/wp\/v2\/users\/1"}],"replies":[{"embeddable":true,"href":"https:\/\/pride.audio\/de\/wp-json\/wp\/v2\/comments?post=8496"}],"version-history":[{"count":0,"href":"https:\/\/pride.audio\/de\/wp-json\/wp\/v2\/pages\/8496\/revisions"}],"up":[{"embeddable":true,"href":"https:\/\/pride.audio\/de\/wp-json\/wp\/v2\/pages\/8457"}],"wp:attachment":[{"href":"https:\/\/pride.audio\/de\/wp-json\/wp\/v2\/media?parent=8496"}],"curies":[{"name":"wp","href":"https:\/\/api.w.org\/{rel}","templated":true}]}}