{"id":8494,"date":"2019-07-23T13:23:23","date_gmt":"2019-07-23T11:23:23","guid":{"rendered":"https:\/\/pride.audio\/support\/dates-of-service-work\/"},"modified":"2022-09-24T21:31:04","modified_gmt":"2022-09-24T19:31:04","slug":"dates-of-service-work","status":"publish","type":"page","link":"https:\/\/pride.audio\/de\/support\/dates-of-service-work\/","title":{"rendered":"Bedingungen f\u00fcr die Wartungsarbeiten"},"content":{"rendered":"<p>Die Dauer der Diagnose- und Reparaturarbeiten h\u00e4ngt von mehreren Faktoren ab. Einer der Hauptfaktoren, der beachtet werden sollte, ist die Arbeitsbelastung in der Hauptfertigung. Wichtig ist auch, ob die Teile, die f\u00fcr die Reparatur ben\u00f6tigt werden, zu diesem Zeitpunkt auf Lager sind. Aufgrund der st\u00e4ndigen Erneuerung des Produkts und der \u00c4nderung seiner Teile kann es auch l\u00e4nger dauern, bis die Dienstleistungen erbracht sind. Einen gro\u00dfen Einfluss auf die Zeit hat die Art des Bruchs und die Art und Weise der Beseitigung.<\/p>\n<p>Sie k\u00f6nnen weitere Fragen stellen, indem Sie die Kontaktinformationen im entsprechenden Abschnitt auf der Website \u00fcberpr\u00fcfen.<\/p>\n","protected":false},"excerpt":{"rendered":"<p>Die Dauer der Diagnose- und Reparaturarbeiten h\u00e4ngt von mehreren Faktoren ab. Einer der Hauptfaktoren, der beachtet werden sollte, ist die Arbeitsbelastung in der Hauptfertigung. Wichtig ist auch, ob die Teile, die f\u00fcr die Reparatur ben\u00f6tigt werden, zu diesem Zeitpunkt auf Lager sind. Aufgrund der st\u00e4ndigen Erneuerung des Produkts und der \u00c4nderung seiner Teile kann es [&hellip;]<\/p>\n","protected":false},"author":1,"featured_media":0,"parent":8457,"menu_order":0,"comment_status":"closed","ping_status":"closed","template":"page-templates\/knowledge-template.php","meta":{"inline_featured_image":false,"footnotes":""},"class_list":["post-8494","page","type-page","status-publish","hentry"],"acf":[],"yoast_head":"<!-- This site is optimized with the Yoast SEO plugin v27.3 - https:\/\/yoast.com\/product\/yoast-seo-wordpress\/ -->\n<title>Bedingungen f\u00fcr die Wartungsarbeiten - Pride Car Audio1<\/title>\n<meta name=\"robots\" content=\"index, follow, max-snippet:-1, max-image-preview:large, max-video-preview:-1\" \/>\n<link rel=\"canonical\" href=\"https:\/\/pride.audio\/support\/dates-of-service-work\/\" \/>\n<meta property=\"og:locale\" content=\"de_DE\" \/>\n<meta property=\"og:type\" content=\"article\" \/>\n<meta property=\"og:title\" content=\"Bedingungen f\u00fcr die Wartungsarbeiten - Pride Car Audio1\" \/>\n<meta property=\"og:description\" content=\"Die Dauer der Diagnose- und Reparaturarbeiten h\u00e4ngt von mehreren Faktoren ab. Einer der Hauptfaktoren, der beachtet werden sollte, ist die Arbeitsbelastung in der Hauptfertigung. Wichtig ist auch, ob die Teile, die f\u00fcr die Reparatur ben\u00f6tigt werden, zu diesem Zeitpunkt auf Lager sind. Aufgrund der st\u00e4ndigen Erneuerung des Produkts und der \u00c4nderung seiner Teile kann es [&hellip;]\" \/>\n<meta property=\"og:url\" content=\"https:\/\/pride.audio\/support\/dates-of-service-work\/\" \/>\n<meta property=\"og:site_name\" content=\"Pride Car Audio1\" \/>\n<meta property=\"article:modified_time\" content=\"2022-09-24T19:31:04+00:00\" \/>\n<meta name=\"twitter:card\" content=\"summary_large_image\" \/>\n<meta name=\"twitter:label1\" content=\"Gesch\u00e4tzte Lesezeit\" \/>\n\t<meta name=\"twitter:data1\" content=\"1\u00a0Minute\" \/>\n<script type=\"application\/ld+json\" class=\"yoast-schema-graph\">{\"@context\":\"https:\\\/\\\/schema.org\",\"@graph\":[{\"@type\":\"WebPage\",\"@id\":\"https:\\\/\\\/pride.audio\\\/support\\\/dates-of-service-work\\\/\",\"url\":\"https:\\\/\\\/pride.audio\\\/support\\\/dates-of-service-work\\\/\",\"name\":\"Bedingungen f\u00fcr die Wartungsarbeiten - Pride Car Audio1\",\"isPartOf\":{\"@id\":\"https:\\\/\\\/pride.audio\\\/#website\"},\"datePublished\":\"2019-07-23T11:23:23+00:00\",\"dateModified\":\"2022-09-24T19:31:04+00:00\",\"breadcrumb\":{\"@id\":\"https:\\\/\\\/pride.audio\\\/support\\\/dates-of-service-work\\\/#breadcrumb\"},\"inLanguage\":\"de\",\"potentialAction\":[{\"@type\":\"ReadAction\",\"target\":[\"https:\\\/\\\/pride.audio\\\/support\\\/dates-of-service-work\\\/\"]}]},{\"@type\":\"BreadcrumbList\",\"@id\":\"https:\\\/\\\/pride.audio\\\/support\\\/dates-of-service-work\\\/#breadcrumb\",\"itemListElement\":[{\"@type\":\"ListItem\",\"position\":1,\"name\":\"Home\",\"item\":\"https:\\\/\\\/pride.audio\\\/de\\\/\"},{\"@type\":\"ListItem\",\"position\":2,\"name\":\"Unterst\u00fctzung\",\"item\":\"https:\\\/\\\/pride.audio\\\/support\\\/\"},{\"@type\":\"ListItem\",\"position\":3,\"name\":\"Bedingungen f\u00fcr die Wartungsarbeiten\"}]},{\"@type\":\"WebSite\",\"@id\":\"https:\\\/\\\/pride.audio\\\/#website\",\"url\":\"https:\\\/\\\/pride.audio\\\/\",\"name\":\"Pride Car Audio1\",\"description\":\"Pride Car Audio: Official site\",\"publisher\":{\"@id\":\"https:\\\/\\\/pride.audio\\\/#organization\"},\"potentialAction\":[{\"@type\":\"SearchAction\",\"target\":{\"@type\":\"EntryPoint\",\"urlTemplate\":\"https:\\\/\\\/pride.audio\\\/?s={search_term_string}\"},\"query-input\":{\"@type\":\"PropertyValueSpecification\",\"valueRequired\":true,\"valueName\":\"search_term_string\"}}],\"inLanguage\":\"de\"},{\"@type\":\"Organization\",\"@id\":\"https:\\\/\\\/pride.audio\\\/#organization\",\"name\":\"Pride Car Audio1\",\"url\":\"https:\\\/\\\/pride.audio\\\/\",\"logo\":{\"@type\":\"ImageObject\",\"inLanguage\":\"de\",\"@id\":\"https:\\\/\\\/pride.audio\\\/#\\\/schema\\\/logo\\\/image\\\/\",\"url\":\"https:\\\/\\\/pride.audio\\\/wp-content\\\/uploads\\\/2023\\\/08\\\/g10.svg\",\"contentUrl\":\"https:\\\/\\\/pride.audio\\\/wp-content\\\/uploads\\\/2023\\\/08\\\/g10.svg\",\"width\":158,\"height\":34,\"caption\":\"Pride Car Audio1\"},\"image\":{\"@id\":\"https:\\\/\\\/pride.audio\\\/#\\\/schema\\\/logo\\\/image\\\/\"}}]}<\/script>\n<!-- \/ Yoast SEO plugin. -->","yoast_head_json":{"title":"Bedingungen f\u00fcr die Wartungsarbeiten - Pride Car Audio1","robots":{"index":"index","follow":"follow","max-snippet":"max-snippet:-1","max-image-preview":"max-image-preview:large","max-video-preview":"max-video-preview:-1"},"canonical":"https:\/\/pride.audio\/support\/dates-of-service-work\/","og_locale":"de_DE","og_type":"article","og_title":"Bedingungen f\u00fcr die Wartungsarbeiten - Pride Car Audio1","og_description":"Die Dauer der Diagnose- und Reparaturarbeiten h\u00e4ngt von mehreren Faktoren ab. Einer der Hauptfaktoren, der beachtet werden sollte, ist die Arbeitsbelastung in der Hauptfertigung. Wichtig ist auch, ob die Teile, die f\u00fcr die Reparatur ben\u00f6tigt werden, zu diesem Zeitpunkt auf Lager sind. Aufgrund der st\u00e4ndigen Erneuerung des Produkts und der \u00c4nderung seiner Teile kann es [&hellip;]","og_url":"https:\/\/pride.audio\/support\/dates-of-service-work\/","og_site_name":"Pride Car Audio1","article_modified_time":"2022-09-24T19:31:04+00:00","twitter_card":"summary_large_image","twitter_misc":{"Gesch\u00e4tzte Lesezeit":"1\u00a0Minute"},"schema":{"@context":"https:\/\/schema.org","@graph":[{"@type":"WebPage","@id":"https:\/\/pride.audio\/support\/dates-of-service-work\/","url":"https:\/\/pride.audio\/support\/dates-of-service-work\/","name":"Bedingungen f\u00fcr die Wartungsarbeiten - Pride Car Audio1","isPartOf":{"@id":"https:\/\/pride.audio\/#website"},"datePublished":"2019-07-23T11:23:23+00:00","dateModified":"2022-09-24T19:31:04+00:00","breadcrumb":{"@id":"https:\/\/pride.audio\/support\/dates-of-service-work\/#breadcrumb"},"inLanguage":"de","potentialAction":[{"@type":"ReadAction","target":["https:\/\/pride.audio\/support\/dates-of-service-work\/"]}]},{"@type":"BreadcrumbList","@id":"https:\/\/pride.audio\/support\/dates-of-service-work\/#breadcrumb","itemListElement":[{"@type":"ListItem","position":1,"name":"Home","item":"https:\/\/pride.audio\/de\/"},{"@type":"ListItem","position":2,"name":"Unterst\u00fctzung","item":"https:\/\/pride.audio\/support\/"},{"@type":"ListItem","position":3,"name":"Bedingungen f\u00fcr die Wartungsarbeiten"}]},{"@type":"WebSite","@id":"https:\/\/pride.audio\/#website","url":"https:\/\/pride.audio\/","name":"Pride Car Audio1","description":"Pride Car Audio: Official site","publisher":{"@id":"https:\/\/pride.audio\/#organization"},"potentialAction":[{"@type":"SearchAction","target":{"@type":"EntryPoint","urlTemplate":"https:\/\/pride.audio\/?s={search_term_string}"},"query-input":{"@type":"PropertyValueSpecification","valueRequired":true,"valueName":"search_term_string"}}],"inLanguage":"de"},{"@type":"Organization","@id":"https:\/\/pride.audio\/#organization","name":"Pride Car Audio1","url":"https:\/\/pride.audio\/","logo":{"@type":"ImageObject","inLanguage":"de","@id":"https:\/\/pride.audio\/#\/schema\/logo\/image\/","url":"https:\/\/pride.audio\/wp-content\/uploads\/2023\/08\/g10.svg","contentUrl":"https:\/\/pride.audio\/wp-content\/uploads\/2023\/08\/g10.svg","width":158,"height":34,"caption":"Pride Car Audio1"},"image":{"@id":"https:\/\/pride.audio\/#\/schema\/logo\/image\/"}}]}},"_links":{"self":[{"href":"https:\/\/pride.audio\/de\/wp-json\/wp\/v2\/pages\/8494","targetHints":{"allow":["GET"]}}],"collection":[{"href":"https:\/\/pride.audio\/de\/wp-json\/wp\/v2\/pages"}],"about":[{"href":"https:\/\/pride.audio\/de\/wp-json\/wp\/v2\/types\/page"}],"author":[{"embeddable":true,"href":"https:\/\/pride.audio\/de\/wp-json\/wp\/v2\/users\/1"}],"replies":[{"embeddable":true,"href":"https:\/\/pride.audio\/de\/wp-json\/wp\/v2\/comments?post=8494"}],"version-history":[{"count":0,"href":"https:\/\/pride.audio\/de\/wp-json\/wp\/v2\/pages\/8494\/revisions"}],"up":[{"embeddable":true,"href":"https:\/\/pride.audio\/de\/wp-json\/wp\/v2\/pages\/8457"}],"wp:attachment":[{"href":"https:\/\/pride.audio\/de\/wp-json\/wp\/v2\/media?parent=8494"}],"curies":[{"name":"wp","href":"https:\/\/api.w.org\/{rel}","templated":true}]}}