{"id":8488,"date":"2019-05-08T12:58:36","date_gmt":"2019-05-08T10:58:36","guid":{"rendered":"https:\/\/pride.audio\/support\/repair\/"},"modified":"2022-09-24T21:27:27","modified_gmt":"2022-09-24T19:27:27","slug":"repair","status":"publish","type":"page","link":"https:\/\/pride.audio\/de\/support\/repair\/","title":{"rendered":"FAQ \u00fcber den Reparaturprozess"},"content":{"rendered":"<p>Das Verfahren der Reparatur des Subwoofers, Akustik bedeutet die technische Wiederherstellung des Lautsprechers in den Zustand (in der Mechanik), den die Kunden am Anfang nach dem Kauf haben.<\/p>\n<p>Die Liste der Verfahren umfasst die Installation der neuen Konus und Surround, Spinne mit den umgebenen Dr\u00e4hten, Schwingspule, Staubkappe (optional)<\/p>\n<p>W\u00e4hrend des Reparaturprozesses verwenden wir nur authentische Klebstoffe, die auch bei der ersten Produktion des Produktes verwendet wurden. Alle Details oder Teile, die defekt waren oder ersetzt werden mussten, werden nach der Reparatur recycelt.<\/p>\n<p>Die Lieferung des Produkts an den Ort der Reparatur, der sich in Kazan befindet, liegt in der Verantwortung des Endverk\u00e4ufers und der Versand erfolgt nach vollst\u00e4ndiger Absprache mit dem Endk\u00e4ufer. Die obligatorische Regel ist, f\u00fcr die &#8220;Door to Door&#8221; Lieferung zu bezahlen. Ohne Angst vor Gefallen, m\u00f6chten wir bemerken, dass die &#8220;Delovie Linii&#8221; GmbH wahrscheinlich die zuverl\u00e4ssigste Firma ist, die die Vortrefflichkeit der Dienstleistung bewahrt, indem sie die Pakete rechtzeitig liefert. Die Diagnostik des Produktes beinhaltet seine teilweise oder vollst\u00e4ndige Demontage, um das Teil zu finden, das die Ursache f\u00fcr das fehlerhafte Funktionieren ist. In einigen F\u00e4llen, z.B. bei der Diagnose von Subwoofern, ist die Demontage des beweglichen Teils f\u00fcr die zweite Installation nicht m\u00f6glich.<\/p>\n<p>Klebstoffe und Harze k\u00f6nnen ihren Zustand im Inneren der Lautsprecherboxen nicht von fest auf fl\u00fcssig \u00e4ndern, wodurch die Demontage einfacher wird, ohne die wichtigsten Teile zu besch\u00e4digen. Auf der anderen Seite werden wir ohne die Demontage nicht in der Lage sein, einige spezifische Details \u00fcber das Problem zu finden, die f\u00fcr die Erstellung des endg\u00fcltigen Berichts \u00fcber den Bruch von Bedeutung sein k\u00f6nnen. Zusammenfassend kann man sagen, dass man die Chancen der komplexen Diagnostik absch\u00e4tzen muss und sich im Voraus \u00fcber die \u00d6ffnung des Produktes, das man kauft, bewusst sein sollte.<\/p>\n<p>Die Vorgehensweise bei der Reparatur des Verst\u00e4rkers bedeutet die Suche nach dem Problem und die L\u00f6sung dieses Problems<\/p>\n<p>Die Art der Besch\u00e4digung bestimmt den Zeitpunkt der Reparatur und manchmal ist die Anforderung von Reparaturteilen erforderlich, die nicht auf Lager sind, aber f\u00fcr die Rekonstruktion des Produkts notwendig sind. Die Ursache des Bruchs kann nur w\u00e4hrend der visuellen Kontrolle und durch die Diagnostik, die von unseren Fachleuten durchgef\u00fchrt wird, gefunden werden.<\/p>\n<p>Wir m\u00f6chten besonders darauf hinweisen, dass, wenn das Produkt irgendwelche Anzeichen des seitlichen Eindringens in die Verst\u00e4rkungseinrichtung oder andere Teile aufweist, wir in diesem Fall KEINE GARANTIELEISTUNGEN erbringen werden.<\/p>\n<p>Diese Art von Produkten wird als hochkomplexe Produkte betrachtet und wir empfehlen im Falle von Problemen, das Produkt zur Diagnose an unsere Reparaturabteilung zu schicken.<\/p>\n<p>Alle Ma\u00dfnahmen, die auf der Grundlage unserer Reparaturabteilung getroffen werden, um die Probleme zu finden und zu l\u00f6sen, werden Ihnen helfen, diese in Zukunft zu vermeiden. Wegen der unprofessionellen Reparatur und so weiter, k\u00f6nnen Sie sich mit den bezahlten Nicht-Garantie-Reparaturen und der Neuinstallation der kostspieligen Details befassen, die vorher f\u00fcr den Verst\u00e4rker gut zu arbeiten waren<\/p>\n<p>Die Lieferung des Produkts an den Ort der Reparatur, der sich in Kazan befindet, liegt in der Verantwortung des Endverk\u00e4ufers und der Versand erfolgt nach vollst\u00e4ndiger Absprache mit dem Endk\u00e4ufer. Die obligatorische Regel ist, f\u00fcr die &#8220;Door to Door&#8221; Lieferung zu bezahlen. Ohne Angst vor Gefallen, m\u00f6chten wir bemerken, dass die &#8220;Delovie Linii&#8221; GmbH wahrscheinlich die zuverl\u00e4ssigste Firma ist, die die Vortrefflichkeit des Dienstes beh\u00e4lt, indem sie die Pakete rechtzeitig liefert<\/p>\n<p>Wenn Sie weitere Fragen haben, senden Sie bitte eine Nachricht mit Ihrer Frage an unsere E-Mail. Unsere Kontaktinformationen finden Sie unter der Rubrik &#8220;Kontakt&#8221;.<\/p>\n","protected":false},"excerpt":{"rendered":"<p>Das Verfahren der Reparatur des Subwoofers, Akustik bedeutet die technische Wiederherstellung des Lautsprechers in den Zustand (in der Mechanik), den die Kunden am Anfang nach dem Kauf haben. Die Liste der Verfahren umfasst die Installation der neuen Konus und Surround, Spinne mit den umgebenen Dr\u00e4hten, Schwingspule, Staubkappe (optional) W\u00e4hrend des Reparaturprozesses verwenden wir nur authentische [&hellip;]<\/p>\n","protected":false},"author":1,"featured_media":0,"parent":8457,"menu_order":0,"comment_status":"closed","ping_status":"closed","template":"page-templates\/knowledge-template.php","meta":{"inline_featured_image":false,"footnotes":""},"class_list":["post-8488","page","type-page","status-publish","hentry"],"acf":[],"yoast_head":"<!-- This site is optimized with the Yoast SEO plugin v27.2 - https:\/\/yoast.com\/product\/yoast-seo-wordpress\/ -->\n<title>FAQ \u00fcber den Reparaturprozess - Pride Car Audio1<\/title>\n<meta name=\"robots\" content=\"index, follow, max-snippet:-1, max-image-preview:large, max-video-preview:-1\" \/>\n<link rel=\"canonical\" href=\"https:\/\/pride.audio\/support\/repair\/\" \/>\n<meta property=\"og:locale\" content=\"de_DE\" \/>\n<meta property=\"og:type\" content=\"article\" \/>\n<meta property=\"og:title\" content=\"FAQ \u00fcber den Reparaturprozess - Pride Car Audio1\" \/>\n<meta property=\"og:description\" content=\"Das Verfahren der Reparatur des Subwoofers, Akustik bedeutet die technische Wiederherstellung des Lautsprechers in den Zustand (in der Mechanik), den die Kunden am Anfang nach dem Kauf haben. Die Liste der Verfahren umfasst die Installation der neuen Konus und Surround, Spinne mit den umgebenen Dr\u00e4hten, Schwingspule, Staubkappe (optional) W\u00e4hrend des Reparaturprozesses verwenden wir nur authentische [&hellip;]\" \/>\n<meta property=\"og:url\" content=\"https:\/\/pride.audio\/support\/repair\/\" \/>\n<meta property=\"og:site_name\" content=\"Pride Car Audio1\" \/>\n<meta property=\"article:modified_time\" content=\"2022-09-24T19:27:27+00:00\" \/>\n<meta name=\"twitter:card\" content=\"summary_large_image\" \/>\n<meta name=\"twitter:label1\" content=\"Gesch\u00e4tzte Lesezeit\" \/>\n\t<meta name=\"twitter:data1\" content=\"3\u00a0Minuten\" \/>\n<script type=\"application\/ld+json\" class=\"yoast-schema-graph\">{\"@context\":\"https:\/\/schema.org\",\"@graph\":[{\"@type\":\"WebPage\",\"@id\":\"https:\/\/pride.audio\/support\/repair\/\",\"url\":\"https:\/\/pride.audio\/support\/repair\/\",\"name\":\"FAQ \u00fcber den Reparaturprozess - Pride Car Audio1\",\"isPartOf\":{\"@id\":\"https:\/\/pride.audio\/#website\"},\"datePublished\":\"2019-05-08T10:58:36+00:00\",\"dateModified\":\"2022-09-24T19:27:27+00:00\",\"breadcrumb\":{\"@id\":\"https:\/\/pride.audio\/support\/repair\/#breadcrumb\"},\"inLanguage\":\"de\",\"potentialAction\":[{\"@type\":\"ReadAction\",\"target\":[\"https:\/\/pride.audio\/support\/repair\/\"]}]},{\"@type\":\"BreadcrumbList\",\"@id\":\"https:\/\/pride.audio\/support\/repair\/#breadcrumb\",\"itemListElement\":[{\"@type\":\"ListItem\",\"position\":1,\"name\":\"Home\",\"item\":\"https:\/\/pride.audio\/de\/\"},{\"@type\":\"ListItem\",\"position\":2,\"name\":\"Unterst\u00fctzung\",\"item\":\"https:\/\/pride.audio\/support\/\"},{\"@type\":\"ListItem\",\"position\":3,\"name\":\"FAQ \u00fcber den Reparaturprozess\"}]},{\"@type\":\"WebSite\",\"@id\":\"https:\/\/pride.audio\/#website\",\"url\":\"https:\/\/pride.audio\/\",\"name\":\"Pride Car Audio1\",\"description\":\"Pride Car Audio: Official site\",\"publisher\":{\"@id\":\"https:\/\/pride.audio\/#organization\"},\"potentialAction\":[{\"@type\":\"SearchAction\",\"target\":{\"@type\":\"EntryPoint\",\"urlTemplate\":\"https:\/\/pride.audio\/?s={search_term_string}\"},\"query-input\":{\"@type\":\"PropertyValueSpecification\",\"valueRequired\":true,\"valueName\":\"search_term_string\"}}],\"inLanguage\":\"de\"},{\"@type\":\"Organization\",\"@id\":\"https:\/\/pride.audio\/#organization\",\"name\":\"Pride Car Audio1\",\"url\":\"https:\/\/pride.audio\/\",\"logo\":{\"@type\":\"ImageObject\",\"inLanguage\":\"de\",\"@id\":\"https:\/\/pride.audio\/#\/schema\/logo\/image\/\",\"url\":\"https:\/\/pride.audio\/wp-content\/uploads\/2023\/08\/g10.svg\",\"contentUrl\":\"https:\/\/pride.audio\/wp-content\/uploads\/2023\/08\/g10.svg\",\"width\":158,\"height\":34,\"caption\":\"Pride Car Audio1\"},\"image\":{\"@id\":\"https:\/\/pride.audio\/#\/schema\/logo\/image\/\"}}]}<\/script>\n<!-- \/ Yoast SEO plugin. -->","yoast_head_json":{"title":"FAQ \u00fcber den Reparaturprozess - Pride Car Audio1","robots":{"index":"index","follow":"follow","max-snippet":"max-snippet:-1","max-image-preview":"max-image-preview:large","max-video-preview":"max-video-preview:-1"},"canonical":"https:\/\/pride.audio\/support\/repair\/","og_locale":"de_DE","og_type":"article","og_title":"FAQ \u00fcber den Reparaturprozess - Pride Car Audio1","og_description":"Das Verfahren der Reparatur des Subwoofers, Akustik bedeutet die technische Wiederherstellung des Lautsprechers in den Zustand (in der Mechanik), den die Kunden am Anfang nach dem Kauf haben. Die Liste der Verfahren umfasst die Installation der neuen Konus und Surround, Spinne mit den umgebenen Dr\u00e4hten, Schwingspule, Staubkappe (optional) W\u00e4hrend des Reparaturprozesses verwenden wir nur authentische [&hellip;]","og_url":"https:\/\/pride.audio\/support\/repair\/","og_site_name":"Pride Car Audio1","article_modified_time":"2022-09-24T19:27:27+00:00","twitter_card":"summary_large_image","twitter_misc":{"Gesch\u00e4tzte Lesezeit":"3\u00a0Minuten"},"schema":{"@context":"https:\/\/schema.org","@graph":[{"@type":"WebPage","@id":"https:\/\/pride.audio\/support\/repair\/","url":"https:\/\/pride.audio\/support\/repair\/","name":"FAQ \u00fcber den Reparaturprozess - Pride Car Audio1","isPartOf":{"@id":"https:\/\/pride.audio\/#website"},"datePublished":"2019-05-08T10:58:36+00:00","dateModified":"2022-09-24T19:27:27+00:00","breadcrumb":{"@id":"https:\/\/pride.audio\/support\/repair\/#breadcrumb"},"inLanguage":"de","potentialAction":[{"@type":"ReadAction","target":["https:\/\/pride.audio\/support\/repair\/"]}]},{"@type":"BreadcrumbList","@id":"https:\/\/pride.audio\/support\/repair\/#breadcrumb","itemListElement":[{"@type":"ListItem","position":1,"name":"Home","item":"https:\/\/pride.audio\/de\/"},{"@type":"ListItem","position":2,"name":"Unterst\u00fctzung","item":"https:\/\/pride.audio\/support\/"},{"@type":"ListItem","position":3,"name":"FAQ \u00fcber den Reparaturprozess"}]},{"@type":"WebSite","@id":"https:\/\/pride.audio\/#website","url":"https:\/\/pride.audio\/","name":"Pride Car Audio1","description":"Pride Car Audio: Official site","publisher":{"@id":"https:\/\/pride.audio\/#organization"},"potentialAction":[{"@type":"SearchAction","target":{"@type":"EntryPoint","urlTemplate":"https:\/\/pride.audio\/?s={search_term_string}"},"query-input":{"@type":"PropertyValueSpecification","valueRequired":true,"valueName":"search_term_string"}}],"inLanguage":"de"},{"@type":"Organization","@id":"https:\/\/pride.audio\/#organization","name":"Pride Car Audio1","url":"https:\/\/pride.audio\/","logo":{"@type":"ImageObject","inLanguage":"de","@id":"https:\/\/pride.audio\/#\/schema\/logo\/image\/","url":"https:\/\/pride.audio\/wp-content\/uploads\/2023\/08\/g10.svg","contentUrl":"https:\/\/pride.audio\/wp-content\/uploads\/2023\/08\/g10.svg","width":158,"height":34,"caption":"Pride Car Audio1"},"image":{"@id":"https:\/\/pride.audio\/#\/schema\/logo\/image\/"}}]}},"_links":{"self":[{"href":"https:\/\/pride.audio\/de\/wp-json\/wp\/v2\/pages\/8488","targetHints":{"allow":["GET"]}}],"collection":[{"href":"https:\/\/pride.audio\/de\/wp-json\/wp\/v2\/pages"}],"about":[{"href":"https:\/\/pride.audio\/de\/wp-json\/wp\/v2\/types\/page"}],"author":[{"embeddable":true,"href":"https:\/\/pride.audio\/de\/wp-json\/wp\/v2\/users\/1"}],"replies":[{"embeddable":true,"href":"https:\/\/pride.audio\/de\/wp-json\/wp\/v2\/comments?post=8488"}],"version-history":[{"count":0,"href":"https:\/\/pride.audio\/de\/wp-json\/wp\/v2\/pages\/8488\/revisions"}],"up":[{"embeddable":true,"href":"https:\/\/pride.audio\/de\/wp-json\/wp\/v2\/pages\/8457"}],"wp:attachment":[{"href":"https:\/\/pride.audio\/de\/wp-json\/wp\/v2\/media?parent=8488"}],"curies":[{"name":"wp","href":"https:\/\/api.w.org\/{rel}","templated":true}]}}