{"id":8486,"date":"2019-05-08T13:02:09","date_gmt":"2019-05-08T11:02:09","guid":{"rendered":"https:\/\/pride.audio\/support\/warranty\/"},"modified":"2022-09-24T20:45:33","modified_gmt":"2022-09-24T18:45:33","slug":"warranty","status":"publish","type":"page","link":"https:\/\/pride.audio\/de\/support\/warranty\/","title":{"rendered":"Garantieservice"},"content":{"rendered":"<p>in diesem Abschnitt der Website wird das Verfahren f\u00fcr Garantie- und Nachgarantiereparaturen im Detail beschrieben:<\/p>\n<p>1.1 Der Garantieservice und die Reparatur von PRIDE-Ger\u00e4ten in \u00dcbereinstimmung mit den Anforderungen und Normen des Herstellers werden auf dem Territorium der Russischen F\u00f6deration ausschlie\u00dflich im autorisierten Servicezentrum von LLC &#8220;Laboratory of Sound&#8221; (im Folgenden &#8220;Autorisiertes Servicezentrum&#8221;) durchgef\u00fchrt.<\/p>\n<p>1.2 Das autorisierte Servicezentrum pr\u00fcft Garantieanspr\u00fcche bei Vorliegen eines korrekt ausgef\u00fcllten Garantiescheins. Der Garantieschein ist das einzige Dokument, das das Recht auf Garantiereparaturen und Wartung der PRIDE-Produkte best\u00e4tigt.<\/p>\n<p>1.3 Ohne Vorlage des Garantiescheins und des\/der Dokumente(s) (Produkt-(Kassen-)quittung, Rechnung usw.), die den Kauf der Ware der Marke PRIDE best\u00e4tigen, liegt die Verpflichtung zum Nachweis der Tatsache und der Bedingungen des Kaufs beim K\u00e4ufer der Ware der Marke PRIDE.<\/p>\n<p>1.4 Die Garantiezeit wird ab dem Datum des Verkaufs des PRIDE-Produkts an den K\u00e4ufer berechnet und betr\u00e4gt 12 (zw\u00f6lf) Monate.<\/p>\n<p>1.5 Bei der Registrierung des Produkts auf der Website www.pridecaraudio.com innerhalb von acht (8) Wochen ab dem Datum des Kaufs des Produkts der Marke PRIDE wird die Garantiezeit um weitere sechs (6) Monate verl\u00e4ngert und betr\u00e4gt insgesamt 18 (achtzehn) Monate.\u00a0Oder senden Sie das Formular an die E-Mail: service@pride.audio<\/p>\n<p>2.1 W\u00e4hrend der Garantiezeit werden kostenlos beseitigt:<\/p>\n<p>&#8211; Sch\u00e4den, die durch die Verwendung von minderwertigem Material in den Hauptbestandteilen der Ware verursacht wurden;<\/p>\n<p>&#8211; Montagefehler, die durch das Verschulden des Herstellers verursacht wurden.<\/p>\n<p>2.2 Die Lebensdauer des Produkts bei Betrieb im Rahmen der Empfehlungen des Herstellers und in \u00dcbereinstimmung mit der Bedienungsanleitung betr\u00e4gt 3 (drei) Jahre.<\/p>\n<p>3.1 Die Garantie ist nicht anwendbar:<\/p>\n<p>&#8211; f\u00fcr Produkte, die keine Garantie haben oder deren Garantie nichtig ist;<\/p>\n<p>&#8211; f\u00fcr Produkte der Marke PRIDE, die der K\u00e4ufer nicht bei einem offiziellen H\u00e4ndler* gekauft hat;<\/p>\n<p>*die Liste der Vertragsh\u00e4ndler ist in der Rubrik Kontakte https:\/\/pride.audio aufgef\u00fchrt<\/p>\n<p>&#8211; auf Waren, die Spuren von Eingriffen Dritter in ihre Konstruktion durch den Benutzer oder andere (dritte) Parteien aufweisen;<\/p>\n<p>&#8211; bei Produkten, deren Kontroll- und Alarmelemente auf Verst\u00f6\u00dfe gegen die in der Betriebsanleitung des Produkts festgelegten Betriebsbedingungen hinweisen;<\/p>\n<p>&#8211; am Produkt, bei dessen Diagnose die Tatsachen der Verwendung au\u00dferhalb der vom Hersteller festgelegten und in der Bedienungsanleitung des Produkts angegebenen Betriebsbedingungen aufgedeckt werden;<\/p>\n<p>&#8211; an den Produkten, die mechanische Besch\u00e4digungen (Risse, Absplitterungen, Kratzer usw.) und Sch\u00e4den aufweisen, die durch den Einfluss aggressiver Umgebungen, hoher Feuchtigkeit, hoher Temperaturen, das Eindringen von Fremdk\u00f6rpern in die Bel\u00fcftungs\u00f6ffnungen der thermisch belasteten Elemente der Audioger\u00e4te verursacht wurden, sowie an den Produkten, die kausal mit den Bedingungen der falschen Lagerung des Produkts zusammenh\u00e4ngen;<\/p>\n<p>&#8211; an Audioger\u00e4ten mit Fehlern, die durch \u00dcberlastung verursacht werden (was zum Ausfall der Lautsprecherspule, des Leistungsverst\u00e4rkers usw. f\u00fchrt), deren Ursachen die Bedienung und Verletzung der Bedienungsanleitung des Ger\u00e4ts sein k\u00f6nnen, sowie die Verwendung von Ger\u00e4ten f\u00fcr andere Zwecke oder die Verwendung von Komponenten (nicht der Marke PRIDE) des Audiosystems, die mit Teilen der Marke PRIDE gepaart sind;<\/p>\n<p>&#8211; die nat\u00fcrliche Abnutzung von Teilen der Audioanlage (Gewindeverbindungen, die st\u00e4ndigem Betrieb ausgesetzt sind, akustische Feder- und L\u00f6tanschl\u00fcsse, die einer nat\u00fcrlichen Abnutzung unterliegen, dekorative Elemente in Form von Schutzgittern, Gummipolstern, deren mehrfache Demontage\/Installation zu einer Ver\u00e4nderung ihrer urspr\u00fcnglichen Form f\u00fchrt, usw.).<\/p>\n<p>&#8211; f\u00fcr Ger\u00e4te mit einer entfernten, versteckten, unleserlichen oder ge\u00e4nderten Seriennummer.<\/p>\n<p>4.1 Wenn der K\u00e4ufer das PRIDE-Produkt diagnostizieren muss, wird diese Art von Arbeit im autorisierten Servicezentrum des Unternehmens durchgef\u00fchrt.<\/p>\n<p>4.2 Bei der Diagnose festgestellte Fehlfunktionen, die unter die Garantie fallen, werden kostenlos behoben. Alle anderen F\u00e4lle werden in Absprache mit dem Verbraucher schriftlich ber\u00fccksichtigt.<\/p>\n<p>5. Weitere Informationen k\u00f6nnen Sie per E-Mail erhalten: service@pride.audio<\/p>\n<p>&nbsp;<\/p>\n","protected":false},"excerpt":{"rendered":"<p>in diesem Abschnitt der Website wird das Verfahren f\u00fcr Garantie- und Nachgarantiereparaturen im Detail beschrieben: 1.1 Der Garantieservice und die Reparatur von PRIDE-Ger\u00e4ten in \u00dcbereinstimmung mit den Anforderungen und Normen des Herstellers werden auf dem Territorium der Russischen F\u00f6deration ausschlie\u00dflich im autorisierten Servicezentrum von LLC &#8220;Laboratory of Sound&#8221; (im Folgenden &#8220;Autorisiertes Servicezentrum&#8221;) durchgef\u00fchrt. 1.2 Das [&hellip;]<\/p>\n","protected":false},"author":1,"featured_media":0,"parent":8457,"menu_order":0,"comment_status":"closed","ping_status":"closed","template":"page-templates\/knowledge-template.php","meta":{"inline_featured_image":false,"footnotes":""},"class_list":["post-8486","page","type-page","status-publish","hentry"],"acf":[],"yoast_head":"<!-- This site is optimized with the Yoast SEO plugin v27.2 - https:\/\/yoast.com\/product\/yoast-seo-wordpress\/ -->\n<title>Garantieservice - Pride Car Audio1<\/title>\n<meta name=\"robots\" content=\"index, follow, max-snippet:-1, max-image-preview:large, max-video-preview:-1\" \/>\n<link rel=\"canonical\" href=\"https:\/\/pride.audio\/support\/warranty\/\" \/>\n<meta property=\"og:locale\" content=\"de_DE\" \/>\n<meta property=\"og:type\" content=\"article\" \/>\n<meta property=\"og:title\" content=\"Garantieservice - Pride Car Audio1\" \/>\n<meta property=\"og:description\" content=\"in diesem Abschnitt der Website wird das Verfahren f\u00fcr Garantie- und Nachgarantiereparaturen im Detail beschrieben: 1.1 Der Garantieservice und die Reparatur von PRIDE-Ger\u00e4ten in \u00dcbereinstimmung mit den Anforderungen und Normen des Herstellers werden auf dem Territorium der Russischen F\u00f6deration ausschlie\u00dflich im autorisierten Servicezentrum von LLC &#8220;Laboratory of Sound&#8221; (im Folgenden &#8220;Autorisiertes Servicezentrum&#8221;) durchgef\u00fchrt. 1.2 Das [&hellip;]\" \/>\n<meta property=\"og:url\" content=\"https:\/\/pride.audio\/support\/warranty\/\" \/>\n<meta property=\"og:site_name\" content=\"Pride Car Audio1\" \/>\n<meta property=\"article:modified_time\" content=\"2022-09-24T18:45:33+00:00\" \/>\n<meta name=\"twitter:card\" content=\"summary_large_image\" \/>\n<meta name=\"twitter:label1\" content=\"Gesch\u00e4tzte Lesezeit\" \/>\n\t<meta name=\"twitter:data1\" content=\"3\u00a0Minuten\" \/>\n<script type=\"application\/ld+json\" class=\"yoast-schema-graph\">{\"@context\":\"https:\/\/schema.org\",\"@graph\":[{\"@type\":\"WebPage\",\"@id\":\"https:\/\/pride.audio\/support\/warranty\/\",\"url\":\"https:\/\/pride.audio\/support\/warranty\/\",\"name\":\"Garantieservice - Pride Car Audio1\",\"isPartOf\":{\"@id\":\"https:\/\/pride.audio\/#website\"},\"datePublished\":\"2019-05-08T11:02:09+00:00\",\"dateModified\":\"2022-09-24T18:45:33+00:00\",\"breadcrumb\":{\"@id\":\"https:\/\/pride.audio\/support\/warranty\/#breadcrumb\"},\"inLanguage\":\"de\",\"potentialAction\":[{\"@type\":\"ReadAction\",\"target\":[\"https:\/\/pride.audio\/support\/warranty\/\"]}]},{\"@type\":\"BreadcrumbList\",\"@id\":\"https:\/\/pride.audio\/support\/warranty\/#breadcrumb\",\"itemListElement\":[{\"@type\":\"ListItem\",\"position\":1,\"name\":\"Home\",\"item\":\"https:\/\/pride.audio\/de\/\"},{\"@type\":\"ListItem\",\"position\":2,\"name\":\"Unterst\u00fctzung\",\"item\":\"https:\/\/pride.audio\/support\/\"},{\"@type\":\"ListItem\",\"position\":3,\"name\":\"Garantieservice\"}]},{\"@type\":\"WebSite\",\"@id\":\"https:\/\/pride.audio\/#website\",\"url\":\"https:\/\/pride.audio\/\",\"name\":\"Pride Car Audio1\",\"description\":\"Pride Car Audio: Official site\",\"publisher\":{\"@id\":\"https:\/\/pride.audio\/#organization\"},\"potentialAction\":[{\"@type\":\"SearchAction\",\"target\":{\"@type\":\"EntryPoint\",\"urlTemplate\":\"https:\/\/pride.audio\/?s={search_term_string}\"},\"query-input\":{\"@type\":\"PropertyValueSpecification\",\"valueRequired\":true,\"valueName\":\"search_term_string\"}}],\"inLanguage\":\"de\"},{\"@type\":\"Organization\",\"@id\":\"https:\/\/pride.audio\/#organization\",\"name\":\"Pride Car Audio1\",\"url\":\"https:\/\/pride.audio\/\",\"logo\":{\"@type\":\"ImageObject\",\"inLanguage\":\"de\",\"@id\":\"https:\/\/pride.audio\/#\/schema\/logo\/image\/\",\"url\":\"https:\/\/pride.audio\/wp-content\/uploads\/2023\/08\/g10.svg\",\"contentUrl\":\"https:\/\/pride.audio\/wp-content\/uploads\/2023\/08\/g10.svg\",\"width\":158,\"height\":34,\"caption\":\"Pride Car Audio1\"},\"image\":{\"@id\":\"https:\/\/pride.audio\/#\/schema\/logo\/image\/\"}}]}<\/script>\n<!-- \/ Yoast SEO plugin. -->","yoast_head_json":{"title":"Garantieservice - Pride Car Audio1","robots":{"index":"index","follow":"follow","max-snippet":"max-snippet:-1","max-image-preview":"max-image-preview:large","max-video-preview":"max-video-preview:-1"},"canonical":"https:\/\/pride.audio\/support\/warranty\/","og_locale":"de_DE","og_type":"article","og_title":"Garantieservice - Pride Car Audio1","og_description":"in diesem Abschnitt der Website wird das Verfahren f\u00fcr Garantie- und Nachgarantiereparaturen im Detail beschrieben: 1.1 Der Garantieservice und die Reparatur von PRIDE-Ger\u00e4ten in \u00dcbereinstimmung mit den Anforderungen und Normen des Herstellers werden auf dem Territorium der Russischen F\u00f6deration ausschlie\u00dflich im autorisierten Servicezentrum von LLC &#8220;Laboratory of Sound&#8221; (im Folgenden &#8220;Autorisiertes Servicezentrum&#8221;) durchgef\u00fchrt. 1.2 Das [&hellip;]","og_url":"https:\/\/pride.audio\/support\/warranty\/","og_site_name":"Pride Car Audio1","article_modified_time":"2022-09-24T18:45:33+00:00","twitter_card":"summary_large_image","twitter_misc":{"Gesch\u00e4tzte Lesezeit":"3\u00a0Minuten"},"schema":{"@context":"https:\/\/schema.org","@graph":[{"@type":"WebPage","@id":"https:\/\/pride.audio\/support\/warranty\/","url":"https:\/\/pride.audio\/support\/warranty\/","name":"Garantieservice - Pride Car Audio1","isPartOf":{"@id":"https:\/\/pride.audio\/#website"},"datePublished":"2019-05-08T11:02:09+00:00","dateModified":"2022-09-24T18:45:33+00:00","breadcrumb":{"@id":"https:\/\/pride.audio\/support\/warranty\/#breadcrumb"},"inLanguage":"de","potentialAction":[{"@type":"ReadAction","target":["https:\/\/pride.audio\/support\/warranty\/"]}]},{"@type":"BreadcrumbList","@id":"https:\/\/pride.audio\/support\/warranty\/#breadcrumb","itemListElement":[{"@type":"ListItem","position":1,"name":"Home","item":"https:\/\/pride.audio\/de\/"},{"@type":"ListItem","position":2,"name":"Unterst\u00fctzung","item":"https:\/\/pride.audio\/support\/"},{"@type":"ListItem","position":3,"name":"Garantieservice"}]},{"@type":"WebSite","@id":"https:\/\/pride.audio\/#website","url":"https:\/\/pride.audio\/","name":"Pride Car Audio1","description":"Pride Car Audio: Official site","publisher":{"@id":"https:\/\/pride.audio\/#organization"},"potentialAction":[{"@type":"SearchAction","target":{"@type":"EntryPoint","urlTemplate":"https:\/\/pride.audio\/?s={search_term_string}"},"query-input":{"@type":"PropertyValueSpecification","valueRequired":true,"valueName":"search_term_string"}}],"inLanguage":"de"},{"@type":"Organization","@id":"https:\/\/pride.audio\/#organization","name":"Pride Car Audio1","url":"https:\/\/pride.audio\/","logo":{"@type":"ImageObject","inLanguage":"de","@id":"https:\/\/pride.audio\/#\/schema\/logo\/image\/","url":"https:\/\/pride.audio\/wp-content\/uploads\/2023\/08\/g10.svg","contentUrl":"https:\/\/pride.audio\/wp-content\/uploads\/2023\/08\/g10.svg","width":158,"height":34,"caption":"Pride Car Audio1"},"image":{"@id":"https:\/\/pride.audio\/#\/schema\/logo\/image\/"}}]}},"_links":{"self":[{"href":"https:\/\/pride.audio\/de\/wp-json\/wp\/v2\/pages\/8486","targetHints":{"allow":["GET"]}}],"collection":[{"href":"https:\/\/pride.audio\/de\/wp-json\/wp\/v2\/pages"}],"about":[{"href":"https:\/\/pride.audio\/de\/wp-json\/wp\/v2\/types\/page"}],"author":[{"embeddable":true,"href":"https:\/\/pride.audio\/de\/wp-json\/wp\/v2\/users\/1"}],"replies":[{"embeddable":true,"href":"https:\/\/pride.audio\/de\/wp-json\/wp\/v2\/comments?post=8486"}],"version-history":[{"count":0,"href":"https:\/\/pride.audio\/de\/wp-json\/wp\/v2\/pages\/8486\/revisions"}],"up":[{"embeddable":true,"href":"https:\/\/pride.audio\/de\/wp-json\/wp\/v2\/pages\/8457"}],"wp:attachment":[{"href":"https:\/\/pride.audio\/de\/wp-json\/wp\/v2\/media?parent=8486"}],"curies":[{"name":"wp","href":"https:\/\/api.w.org\/{rel}","templated":true}]}}