{"id":8483,"date":"2022-06-01T14:07:21","date_gmt":"2022-06-01T12:07:21","guid":{"rendered":"https:\/\/pride.audio\/support\/repair-form\/"},"modified":"2022-09-24T20:44:11","modified_gmt":"2022-09-24T18:44:11","slug":"repair-form","status":"publish","type":"page","link":"https:\/\/pride.audio\/de\/support\/repair-form\/","title":{"rendered":"Bearbeitung und Ausf\u00fcllen des Formulars"},"content":{"rendered":"\n<ol class=\"wp-block-list\"><li>Aufbereitung defekter ProduktePreparing broken products<\/li><li>Bringen Sie das Produkt zu Ihrem H\u00e4ndler oder Hauptvertriebsh\u00e4ndler in Ihrem Land<\/li><li>F\u00fcllen Sie das Formular auf der Website aus<\/li><li>Warten auf eine Entscheidung<\/li><li>Wir best\u00e4tigen<\/li><li>Sie nehmen das reparierte Produkt entgegen<\/li><\/ol>\n\n\n\n<p>Sehr geehrter Kunde. Sie m\u00fcssen alle Felder ausf\u00fcllen. Wir \u00fcbernehmen die Daten aus Ihrem pers\u00f6nlichen Konto und die Adresse des Buches. Wenn die Daten nicht korrekt sind, dann m\u00fcssen Sie \u00c4nderungen vornehmen.<\/p>\n\n\n\n<p>Sie m\u00fcssen die zu reparierenden Produkte an folgende Adresse schicken: Lepa tee, 4 Loo Alevik, 74201, Estland, Telefonnummer +372 5560 6288 oder geben Sie das defekte Produkt beim n\u00e4chsten H\u00e4ndler ab. F\u00fcgen Sie dann beim Ausf\u00fcllen des Formulars die Tracking-Nummer hinzu.<\/p>\n\n\n\n<p>Wenn wir Produkte ohne diese Daten erhalten, dann werden die Produkte zur Reparatur auf dieses Formular warten. Bezahlte Lagerung wird in 5 Tagen ohne ein ausgef\u00fclltes Formular beginnen<\/p>\n\n\n<div class=\"text-block\">Dear customer. You must be <a href=\"https:\/\/pride.audio\/de\/my-account\/\">registered<\/a> to fill out the form for repair.<\/div>","protected":false},"excerpt":{"rendered":"<p>Aufbereitung defekter ProduktePreparing broken products Bringen Sie das Produkt zu Ihrem H\u00e4ndler oder Hauptvertriebsh\u00e4ndler in Ihrem Land F\u00fcllen Sie das Formular auf der Website aus Warten auf eine Entscheidung Wir best\u00e4tigen Sie nehmen das reparierte Produkt entgegen Sehr geehrter Kunde. Sie m\u00fcssen alle Felder ausf\u00fcllen. Wir \u00fcbernehmen die Daten aus Ihrem pers\u00f6nlichen Konto und die [&hellip;]<\/p>\n","protected":false},"author":1,"featured_media":0,"parent":8457,"menu_order":0,"comment_status":"closed","ping_status":"closed","template":"page-templates\/knowledge-template.php","meta":{"inline_featured_image":false,"footnotes":""},"class_list":["post-8483","page","type-page","status-publish","hentry"],"acf":[],"yoast_head":"<!-- This site is optimized with the Yoast SEO plugin v27.3 - https:\/\/yoast.com\/product\/yoast-seo-wordpress\/ -->\n<title>Bearbeitung und Ausf\u00fcllen des Formulars - Pride Car Audio1<\/title>\n<meta name=\"robots\" content=\"index, follow, max-snippet:-1, max-image-preview:large, max-video-preview:-1\" \/>\n<link rel=\"canonical\" href=\"https:\/\/pride.audio\/support\/repair-form\/\" \/>\n<meta property=\"og:locale\" content=\"de_DE\" \/>\n<meta property=\"og:type\" content=\"article\" \/>\n<meta property=\"og:title\" content=\"Bearbeitung und Ausf\u00fcllen des Formulars - Pride Car Audio1\" \/>\n<meta property=\"og:description\" content=\"Aufbereitung defekter ProduktePreparing broken products Bringen Sie das Produkt zu Ihrem H\u00e4ndler oder Hauptvertriebsh\u00e4ndler in Ihrem Land F\u00fcllen Sie das Formular auf der Website aus Warten auf eine Entscheidung Wir best\u00e4tigen Sie nehmen das reparierte Produkt entgegen Sehr geehrter Kunde. Sie m\u00fcssen alle Felder ausf\u00fcllen. Wir \u00fcbernehmen die Daten aus Ihrem pers\u00f6nlichen Konto und die [&hellip;]\" \/>\n<meta property=\"og:url\" content=\"https:\/\/pride.audio\/support\/repair-form\/\" \/>\n<meta property=\"og:site_name\" content=\"Pride Car Audio1\" \/>\n<meta property=\"article:modified_time\" content=\"2022-09-24T18:44:11+00:00\" \/>\n<meta name=\"twitter:card\" content=\"summary_large_image\" \/>\n<meta name=\"twitter:label1\" content=\"Gesch\u00e4tzte Lesezeit\" \/>\n\t<meta name=\"twitter:data1\" content=\"1\u00a0Minute\" \/>\n<script type=\"application\/ld+json\" class=\"yoast-schema-graph\">{\"@context\":\"https:\\\/\\\/schema.org\",\"@graph\":[{\"@type\":\"WebPage\",\"@id\":\"https:\\\/\\\/pride.audio\\\/support\\\/repair-form\\\/\",\"url\":\"https:\\\/\\\/pride.audio\\\/support\\\/repair-form\\\/\",\"name\":\"Bearbeitung und Ausf\u00fcllen des Formulars - Pride Car Audio1\",\"isPartOf\":{\"@id\":\"https:\\\/\\\/pride.audio\\\/#website\"},\"datePublished\":\"2022-06-01T12:07:21+00:00\",\"dateModified\":\"2022-09-24T18:44:11+00:00\",\"breadcrumb\":{\"@id\":\"https:\\\/\\\/pride.audio\\\/support\\\/repair-form\\\/#breadcrumb\"},\"inLanguage\":\"de\",\"potentialAction\":[{\"@type\":\"ReadAction\",\"target\":[\"https:\\\/\\\/pride.audio\\\/support\\\/repair-form\\\/\"]}]},{\"@type\":\"BreadcrumbList\",\"@id\":\"https:\\\/\\\/pride.audio\\\/support\\\/repair-form\\\/#breadcrumb\",\"itemListElement\":[{\"@type\":\"ListItem\",\"position\":1,\"name\":\"Home\",\"item\":\"https:\\\/\\\/pride.audio\\\/de\\\/\"},{\"@type\":\"ListItem\",\"position\":2,\"name\":\"Unterst\u00fctzung\",\"item\":\"https:\\\/\\\/pride.audio\\\/support\\\/\"},{\"@type\":\"ListItem\",\"position\":3,\"name\":\"Bearbeitung und Ausf\u00fcllen des Formulars\"}]},{\"@type\":\"WebSite\",\"@id\":\"https:\\\/\\\/pride.audio\\\/#website\",\"url\":\"https:\\\/\\\/pride.audio\\\/\",\"name\":\"Pride Car Audio1\",\"description\":\"Pride Car Audio: Official site\",\"publisher\":{\"@id\":\"https:\\\/\\\/pride.audio\\\/#organization\"},\"potentialAction\":[{\"@type\":\"SearchAction\",\"target\":{\"@type\":\"EntryPoint\",\"urlTemplate\":\"https:\\\/\\\/pride.audio\\\/?s={search_term_string}\"},\"query-input\":{\"@type\":\"PropertyValueSpecification\",\"valueRequired\":true,\"valueName\":\"search_term_string\"}}],\"inLanguage\":\"de\"},{\"@type\":\"Organization\",\"@id\":\"https:\\\/\\\/pride.audio\\\/#organization\",\"name\":\"Pride Car Audio1\",\"url\":\"https:\\\/\\\/pride.audio\\\/\",\"logo\":{\"@type\":\"ImageObject\",\"inLanguage\":\"de\",\"@id\":\"https:\\\/\\\/pride.audio\\\/#\\\/schema\\\/logo\\\/image\\\/\",\"url\":\"https:\\\/\\\/pride.audio\\\/wp-content\\\/uploads\\\/2023\\\/08\\\/g10.svg\",\"contentUrl\":\"https:\\\/\\\/pride.audio\\\/wp-content\\\/uploads\\\/2023\\\/08\\\/g10.svg\",\"width\":158,\"height\":34,\"caption\":\"Pride Car Audio1\"},\"image\":{\"@id\":\"https:\\\/\\\/pride.audio\\\/#\\\/schema\\\/logo\\\/image\\\/\"}}]}<\/script>\n<!-- \/ Yoast SEO plugin. -->","yoast_head_json":{"title":"Bearbeitung und Ausf\u00fcllen des Formulars - Pride Car Audio1","robots":{"index":"index","follow":"follow","max-snippet":"max-snippet:-1","max-image-preview":"max-image-preview:large","max-video-preview":"max-video-preview:-1"},"canonical":"https:\/\/pride.audio\/support\/repair-form\/","og_locale":"de_DE","og_type":"article","og_title":"Bearbeitung und Ausf\u00fcllen des Formulars - Pride Car Audio1","og_description":"Aufbereitung defekter ProduktePreparing broken products Bringen Sie das Produkt zu Ihrem H\u00e4ndler oder Hauptvertriebsh\u00e4ndler in Ihrem Land F\u00fcllen Sie das Formular auf der Website aus Warten auf eine Entscheidung Wir best\u00e4tigen Sie nehmen das reparierte Produkt entgegen Sehr geehrter Kunde. Sie m\u00fcssen alle Felder ausf\u00fcllen. Wir \u00fcbernehmen die Daten aus Ihrem pers\u00f6nlichen Konto und die [&hellip;]","og_url":"https:\/\/pride.audio\/support\/repair-form\/","og_site_name":"Pride Car Audio1","article_modified_time":"2022-09-24T18:44:11+00:00","twitter_card":"summary_large_image","twitter_misc":{"Gesch\u00e4tzte Lesezeit":"1\u00a0Minute"},"schema":{"@context":"https:\/\/schema.org","@graph":[{"@type":"WebPage","@id":"https:\/\/pride.audio\/support\/repair-form\/","url":"https:\/\/pride.audio\/support\/repair-form\/","name":"Bearbeitung und Ausf\u00fcllen des Formulars - Pride Car Audio1","isPartOf":{"@id":"https:\/\/pride.audio\/#website"},"datePublished":"2022-06-01T12:07:21+00:00","dateModified":"2022-09-24T18:44:11+00:00","breadcrumb":{"@id":"https:\/\/pride.audio\/support\/repair-form\/#breadcrumb"},"inLanguage":"de","potentialAction":[{"@type":"ReadAction","target":["https:\/\/pride.audio\/support\/repair-form\/"]}]},{"@type":"BreadcrumbList","@id":"https:\/\/pride.audio\/support\/repair-form\/#breadcrumb","itemListElement":[{"@type":"ListItem","position":1,"name":"Home","item":"https:\/\/pride.audio\/de\/"},{"@type":"ListItem","position":2,"name":"Unterst\u00fctzung","item":"https:\/\/pride.audio\/support\/"},{"@type":"ListItem","position":3,"name":"Bearbeitung und Ausf\u00fcllen des Formulars"}]},{"@type":"WebSite","@id":"https:\/\/pride.audio\/#website","url":"https:\/\/pride.audio\/","name":"Pride Car Audio1","description":"Pride Car Audio: Official site","publisher":{"@id":"https:\/\/pride.audio\/#organization"},"potentialAction":[{"@type":"SearchAction","target":{"@type":"EntryPoint","urlTemplate":"https:\/\/pride.audio\/?s={search_term_string}"},"query-input":{"@type":"PropertyValueSpecification","valueRequired":true,"valueName":"search_term_string"}}],"inLanguage":"de"},{"@type":"Organization","@id":"https:\/\/pride.audio\/#organization","name":"Pride Car Audio1","url":"https:\/\/pride.audio\/","logo":{"@type":"ImageObject","inLanguage":"de","@id":"https:\/\/pride.audio\/#\/schema\/logo\/image\/","url":"https:\/\/pride.audio\/wp-content\/uploads\/2023\/08\/g10.svg","contentUrl":"https:\/\/pride.audio\/wp-content\/uploads\/2023\/08\/g10.svg","width":158,"height":34,"caption":"Pride Car Audio1"},"image":{"@id":"https:\/\/pride.audio\/#\/schema\/logo\/image\/"}}]}},"_links":{"self":[{"href":"https:\/\/pride.audio\/de\/wp-json\/wp\/v2\/pages\/8483","targetHints":{"allow":["GET"]}}],"collection":[{"href":"https:\/\/pride.audio\/de\/wp-json\/wp\/v2\/pages"}],"about":[{"href":"https:\/\/pride.audio\/de\/wp-json\/wp\/v2\/types\/page"}],"author":[{"embeddable":true,"href":"https:\/\/pride.audio\/de\/wp-json\/wp\/v2\/users\/1"}],"replies":[{"embeddable":true,"href":"https:\/\/pride.audio\/de\/wp-json\/wp\/v2\/comments?post=8483"}],"version-history":[{"count":0,"href":"https:\/\/pride.audio\/de\/wp-json\/wp\/v2\/pages\/8483\/revisions"}],"up":[{"embeddable":true,"href":"https:\/\/pride.audio\/de\/wp-json\/wp\/v2\/pages\/8457"}],"wp:attachment":[{"href":"https:\/\/pride.audio\/de\/wp-json\/wp\/v2\/media?parent=8483"}],"curies":[{"name":"wp","href":"https:\/\/api.w.org\/{rel}","templated":true}]}}