{"id":8463,"date":"2019-07-23T13:29:00","date_gmt":"2019-07-23T11:29:00","guid":{"rendered":"https:\/\/pride.audio\/support\/procedures-prices-cargo-shipping-assembling-components-instead-of-broken-parts\/"},"modified":"2022-09-24T20:26:53","modified_gmt":"2022-09-24T18:26:53","slug":"procedures-prices-cargo-shipping-assembling-components-instead-of-broken-parts","status":"publish","type":"page","link":"https:\/\/pride.audio\/de\/support\/procedures-prices-cargo-shipping-assembling-components-instead-of-broken-parts\/","title":{"rendered":"Preise f\u00fcr Verfahren, Frachtversand, Zusammenbau von Komponenten anstelle von Bruchteilen"},"content":{"rendered":"<p>Viele Br\u00fcche sind spezifisch individuell. Wir k\u00f6nnen sie in Gruppen einteilen, je nach den Anzeichen des Problems. In den meisten F\u00e4llen ist jede Situation anders. Diese Tatsache kann die Bekanntgabe des Preises f\u00fcr die Reparatur verz\u00f6gern. Eine genauere Antwort auf die Fragen, die mit der Reparatur verbunden sind, k\u00f6nnen wir erst nach den diagnostischen Verfahren geben. Die Zeit, die der qualifizierte Fachmann f\u00fcr die Reparatur aufwendet, bildet den Preis der Prozedur, was sich auf den Preis der Reparatur f\u00fcr unsere Kunden auswirkt<\/p>\n<p>Der Preis f\u00fcr den Wiedereinbau von Teilen variiert ebenfalls st\u00e4ndig. Erstens, die regelm\u00e4\u00dfige Modifikation unserer Produkte, die eine \u00c4nderung des Preises des Produktes und seiner Komponenten mit sich bringt. Zweitens ist die Entwicklung des russischen Rubels im Vergleich zu anderen W\u00e4hrungen. Wie wir bereits festgestellt haben, werden einige unserer Komponenten aus den USA, Europa und Asien importiert. Dies macht uns verantwortlich f\u00fcr die andere Seite des Gesch\u00e4fts, die in einer anderen W\u00e4hrung operiert. Der Wechselkurs zwischen anderen W\u00e4hrungen und dem russischen Rubel kann jedoch einen gro\u00dfen Einfluss auf den Endpreis haben.<\/p>\n<p>Wenn die Reparaturabteilung herausfindet, dass es keinen Zusammenhang zwischen dem Kunden und dem Bruch des Produkts gibt, bieten wir Reparaturdienstleistungen an, da dies unter die Garantie f\u00e4llt. In diesem Fall k\u00f6nnte der Bruch auf Fehler bei der Herstellung, Montage oder andere negative Faktoren zur\u00fcckzuf\u00fchren sein.<\/p>\n<p>Der Preis f\u00fcr den Transport im Rahmen des Nicht-Garantie-Programms, die Diagnose, die Modifikation des Produkts usw. wird vom Kunden oder H\u00e4ndler der PRIDE-Produkte pers\u00f6nlich berechnet, je nachdem, wer uns das Problem mitgeteilt hat und die Reparaturleistungen in Anspruch nehmen m\u00f6chte.<\/p>\n<p>Andere Fragen, die mit dem Preis der Reparatur zusammenh\u00e4ngen und die wir hier nicht erw\u00e4hnt haben, k\u00f6nnen Sie uns schriftlich stellen. Senden Sie Ihre E-Mails mit Fragen an info@pride.audio<\/p>\n","protected":false},"excerpt":{"rendered":"<p>Viele Br\u00fcche sind spezifisch individuell. Wir k\u00f6nnen sie in Gruppen einteilen, je nach den Anzeichen des Problems. In den meisten F\u00e4llen ist jede Situation anders. Diese Tatsache kann die Bekanntgabe des Preises f\u00fcr die Reparatur verz\u00f6gern. Eine genauere Antwort auf die Fragen, die mit der Reparatur verbunden sind, k\u00f6nnen wir erst nach den diagnostischen Verfahren [&hellip;]<\/p>\n","protected":false},"author":1,"featured_media":0,"parent":8457,"menu_order":0,"comment_status":"closed","ping_status":"closed","template":"page-templates\/knowledge-template.php","meta":{"inline_featured_image":false,"footnotes":""},"class_list":["post-8463","page","type-page","status-publish","hentry"],"acf":[],"yoast_head":"<!-- This site is optimized with the Yoast SEO plugin v27.3 - https:\/\/yoast.com\/product\/yoast-seo-wordpress\/ -->\n<title>Preise f\u00fcr Verfahren, Frachtversand, Zusammenbau von Komponenten anstelle von Bruchteilen - Pride Car Audio1<\/title>\n<meta name=\"robots\" content=\"index, follow, max-snippet:-1, max-image-preview:large, max-video-preview:-1\" \/>\n<link rel=\"canonical\" href=\"https:\/\/pride.audio\/support\/procedures-prices-cargo-shipping-assembling-components-instead-of-broken-parts\/\" \/>\n<meta property=\"og:locale\" content=\"de_DE\" \/>\n<meta property=\"og:type\" content=\"article\" \/>\n<meta property=\"og:title\" content=\"Preise f\u00fcr Verfahren, Frachtversand, Zusammenbau von Komponenten anstelle von Bruchteilen - Pride Car Audio1\" \/>\n<meta property=\"og:description\" content=\"Viele Br\u00fcche sind spezifisch individuell. Wir k\u00f6nnen sie in Gruppen einteilen, je nach den Anzeichen des Problems. In den meisten F\u00e4llen ist jede Situation anders. Diese Tatsache kann die Bekanntgabe des Preises f\u00fcr die Reparatur verz\u00f6gern. Eine genauere Antwort auf die Fragen, die mit der Reparatur verbunden sind, k\u00f6nnen wir erst nach den diagnostischen Verfahren [&hellip;]\" \/>\n<meta property=\"og:url\" content=\"https:\/\/pride.audio\/support\/procedures-prices-cargo-shipping-assembling-components-instead-of-broken-parts\/\" \/>\n<meta property=\"og:site_name\" content=\"Pride Car Audio1\" \/>\n<meta property=\"article:modified_time\" content=\"2022-09-24T18:26:53+00:00\" \/>\n<meta name=\"twitter:card\" content=\"summary_large_image\" \/>\n<meta name=\"twitter:label1\" content=\"Gesch\u00e4tzte Lesezeit\" \/>\n\t<meta name=\"twitter:data1\" content=\"2\u00a0Minuten\" \/>\n<script type=\"application\/ld+json\" class=\"yoast-schema-graph\">{\"@context\":\"https:\\\/\\\/schema.org\",\"@graph\":[{\"@type\":\"WebPage\",\"@id\":\"https:\\\/\\\/pride.audio\\\/support\\\/procedures-prices-cargo-shipping-assembling-components-instead-of-broken-parts\\\/\",\"url\":\"https:\\\/\\\/pride.audio\\\/support\\\/procedures-prices-cargo-shipping-assembling-components-instead-of-broken-parts\\\/\",\"name\":\"Preise f\u00fcr Verfahren, Frachtversand, Zusammenbau von Komponenten anstelle von Bruchteilen - Pride Car Audio1\",\"isPartOf\":{\"@id\":\"https:\\\/\\\/pride.audio\\\/#website\"},\"datePublished\":\"2019-07-23T11:29:00+00:00\",\"dateModified\":\"2022-09-24T18:26:53+00:00\",\"breadcrumb\":{\"@id\":\"https:\\\/\\\/pride.audio\\\/support\\\/procedures-prices-cargo-shipping-assembling-components-instead-of-broken-parts\\\/#breadcrumb\"},\"inLanguage\":\"de\",\"potentialAction\":[{\"@type\":\"ReadAction\",\"target\":[\"https:\\\/\\\/pride.audio\\\/support\\\/procedures-prices-cargo-shipping-assembling-components-instead-of-broken-parts\\\/\"]}]},{\"@type\":\"BreadcrumbList\",\"@id\":\"https:\\\/\\\/pride.audio\\\/support\\\/procedures-prices-cargo-shipping-assembling-components-instead-of-broken-parts\\\/#breadcrumb\",\"itemListElement\":[{\"@type\":\"ListItem\",\"position\":1,\"name\":\"Home\",\"item\":\"https:\\\/\\\/pride.audio\\\/de\\\/\"},{\"@type\":\"ListItem\",\"position\":2,\"name\":\"Unterst\u00fctzung\",\"item\":\"https:\\\/\\\/pride.audio\\\/support\\\/\"},{\"@type\":\"ListItem\",\"position\":3,\"name\":\"Preise f\u00fcr Verfahren, Frachtversand, Zusammenbau von Komponenten anstelle von Bruchteilen\"}]},{\"@type\":\"WebSite\",\"@id\":\"https:\\\/\\\/pride.audio\\\/#website\",\"url\":\"https:\\\/\\\/pride.audio\\\/\",\"name\":\"Pride Car Audio1\",\"description\":\"Pride Car Audio: Official site\",\"publisher\":{\"@id\":\"https:\\\/\\\/pride.audio\\\/#organization\"},\"potentialAction\":[{\"@type\":\"SearchAction\",\"target\":{\"@type\":\"EntryPoint\",\"urlTemplate\":\"https:\\\/\\\/pride.audio\\\/?s={search_term_string}\"},\"query-input\":{\"@type\":\"PropertyValueSpecification\",\"valueRequired\":true,\"valueName\":\"search_term_string\"}}],\"inLanguage\":\"de\"},{\"@type\":\"Organization\",\"@id\":\"https:\\\/\\\/pride.audio\\\/#organization\",\"name\":\"Pride Car Audio1\",\"url\":\"https:\\\/\\\/pride.audio\\\/\",\"logo\":{\"@type\":\"ImageObject\",\"inLanguage\":\"de\",\"@id\":\"https:\\\/\\\/pride.audio\\\/#\\\/schema\\\/logo\\\/image\\\/\",\"url\":\"https:\\\/\\\/pride.audio\\\/wp-content\\\/uploads\\\/2023\\\/08\\\/g10.svg\",\"contentUrl\":\"https:\\\/\\\/pride.audio\\\/wp-content\\\/uploads\\\/2023\\\/08\\\/g10.svg\",\"width\":158,\"height\":34,\"caption\":\"Pride Car Audio1\"},\"image\":{\"@id\":\"https:\\\/\\\/pride.audio\\\/#\\\/schema\\\/logo\\\/image\\\/\"}}]}<\/script>\n<!-- \/ Yoast SEO plugin. -->","yoast_head_json":{"title":"Preise f\u00fcr Verfahren, Frachtversand, Zusammenbau von Komponenten anstelle von Bruchteilen - Pride Car Audio1","robots":{"index":"index","follow":"follow","max-snippet":"max-snippet:-1","max-image-preview":"max-image-preview:large","max-video-preview":"max-video-preview:-1"},"canonical":"https:\/\/pride.audio\/support\/procedures-prices-cargo-shipping-assembling-components-instead-of-broken-parts\/","og_locale":"de_DE","og_type":"article","og_title":"Preise f\u00fcr Verfahren, Frachtversand, Zusammenbau von Komponenten anstelle von Bruchteilen - Pride Car Audio1","og_description":"Viele Br\u00fcche sind spezifisch individuell. Wir k\u00f6nnen sie in Gruppen einteilen, je nach den Anzeichen des Problems. In den meisten F\u00e4llen ist jede Situation anders. Diese Tatsache kann die Bekanntgabe des Preises f\u00fcr die Reparatur verz\u00f6gern. Eine genauere Antwort auf die Fragen, die mit der Reparatur verbunden sind, k\u00f6nnen wir erst nach den diagnostischen Verfahren [&hellip;]","og_url":"https:\/\/pride.audio\/support\/procedures-prices-cargo-shipping-assembling-components-instead-of-broken-parts\/","og_site_name":"Pride Car Audio1","article_modified_time":"2022-09-24T18:26:53+00:00","twitter_card":"summary_large_image","twitter_misc":{"Gesch\u00e4tzte Lesezeit":"2\u00a0Minuten"},"schema":{"@context":"https:\/\/schema.org","@graph":[{"@type":"WebPage","@id":"https:\/\/pride.audio\/support\/procedures-prices-cargo-shipping-assembling-components-instead-of-broken-parts\/","url":"https:\/\/pride.audio\/support\/procedures-prices-cargo-shipping-assembling-components-instead-of-broken-parts\/","name":"Preise f\u00fcr Verfahren, Frachtversand, Zusammenbau von Komponenten anstelle von Bruchteilen - Pride Car Audio1","isPartOf":{"@id":"https:\/\/pride.audio\/#website"},"datePublished":"2019-07-23T11:29:00+00:00","dateModified":"2022-09-24T18:26:53+00:00","breadcrumb":{"@id":"https:\/\/pride.audio\/support\/procedures-prices-cargo-shipping-assembling-components-instead-of-broken-parts\/#breadcrumb"},"inLanguage":"de","potentialAction":[{"@type":"ReadAction","target":["https:\/\/pride.audio\/support\/procedures-prices-cargo-shipping-assembling-components-instead-of-broken-parts\/"]}]},{"@type":"BreadcrumbList","@id":"https:\/\/pride.audio\/support\/procedures-prices-cargo-shipping-assembling-components-instead-of-broken-parts\/#breadcrumb","itemListElement":[{"@type":"ListItem","position":1,"name":"Home","item":"https:\/\/pride.audio\/de\/"},{"@type":"ListItem","position":2,"name":"Unterst\u00fctzung","item":"https:\/\/pride.audio\/support\/"},{"@type":"ListItem","position":3,"name":"Preise f\u00fcr Verfahren, Frachtversand, Zusammenbau von Komponenten anstelle von Bruchteilen"}]},{"@type":"WebSite","@id":"https:\/\/pride.audio\/#website","url":"https:\/\/pride.audio\/","name":"Pride Car Audio1","description":"Pride Car Audio: Official site","publisher":{"@id":"https:\/\/pride.audio\/#organization"},"potentialAction":[{"@type":"SearchAction","target":{"@type":"EntryPoint","urlTemplate":"https:\/\/pride.audio\/?s={search_term_string}"},"query-input":{"@type":"PropertyValueSpecification","valueRequired":true,"valueName":"search_term_string"}}],"inLanguage":"de"},{"@type":"Organization","@id":"https:\/\/pride.audio\/#organization","name":"Pride Car Audio1","url":"https:\/\/pride.audio\/","logo":{"@type":"ImageObject","inLanguage":"de","@id":"https:\/\/pride.audio\/#\/schema\/logo\/image\/","url":"https:\/\/pride.audio\/wp-content\/uploads\/2023\/08\/g10.svg","contentUrl":"https:\/\/pride.audio\/wp-content\/uploads\/2023\/08\/g10.svg","width":158,"height":34,"caption":"Pride Car Audio1"},"image":{"@id":"https:\/\/pride.audio\/#\/schema\/logo\/image\/"}}]}},"_links":{"self":[{"href":"https:\/\/pride.audio\/de\/wp-json\/wp\/v2\/pages\/8463","targetHints":{"allow":["GET"]}}],"collection":[{"href":"https:\/\/pride.audio\/de\/wp-json\/wp\/v2\/pages"}],"about":[{"href":"https:\/\/pride.audio\/de\/wp-json\/wp\/v2\/types\/page"}],"author":[{"embeddable":true,"href":"https:\/\/pride.audio\/de\/wp-json\/wp\/v2\/users\/1"}],"replies":[{"embeddable":true,"href":"https:\/\/pride.audio\/de\/wp-json\/wp\/v2\/comments?post=8463"}],"version-history":[{"count":0,"href":"https:\/\/pride.audio\/de\/wp-json\/wp\/v2\/pages\/8463\/revisions"}],"up":[{"embeddable":true,"href":"https:\/\/pride.audio\/de\/wp-json\/wp\/v2\/pages\/8457"}],"wp:attachment":[{"href":"https:\/\/pride.audio\/de\/wp-json\/wp\/v2\/media?parent=8463"}],"curies":[{"name":"wp","href":"https:\/\/api.w.org\/{rel}","templated":true}]}}