{"id":8460,"date":"2019-07-18T19:53:52","date_gmt":"2019-07-18T17:53:52","guid":{"rendered":"https:\/\/pride.audio\/support\/how-to-order\/"},"modified":"2024-10-11T23:48:08","modified_gmt":"2024-10-11T21:48:08","slug":"how-to-order","status":"publish","type":"page","link":"https:\/\/pride.audio\/de\/support\/how-to-order\/","title":{"rendered":"Wie man bestellt"},"content":{"rendered":"<p><strong>Um Ihre Bestellung aufzugeben, m\u00fcssen Sie Folgendes tun:<\/strong><\/p>\n<p>1. Produkte ausw\u00e4hlen<\/p>\n<p>W\u00e4hlen Sie nacheinander eine Gruppe von Produkten aus (z.B. Produkte &#8211; Subwoofer &#8211; BB-12). F\u00fcr Sie erscheint eine Seite, auf der die Produkte mit Preisangaben, einem kleinen Foto und einigen der wichtigsten Eigenschaften angezeigt werden. Wenn Sie auf den Link klicken, der das Produktmodell anzeigt, k\u00f6nnen Sie die detaillierteste Liste interessanter Eigenschaften finden.<\/p>\n<p>2. Artikel in den Einkaufswagen legen<\/p>\n<p>W\u00e4hlen Sie Ihr Lieblingsmodell aus und klicken Sie auf &#8220;Kaufen&#8221;. Das Produkt wird automatisch in Ihren Einkaufswagen gelegt. Sie k\u00f6nnen eine beliebige Anzahl von Produkten in den Warenkorb legen.<\/p>\n<p>3. Ihr Warenkorb<\/p>\n<p>Um zu bestellen, gehen Sie auf &#8220;Warenkorb&#8221;. \u00dcberpr\u00fcfen Sie seinen Inhalt. Sie k\u00f6nnen die Anzahl der Artikel im Warenkorb \u00e4ndern oder etwas entfernen, das Sie nicht ben\u00f6tigen.<\/p>\n<p>4. Geben Sie Ihre Bestellung auf.<\/p>\n<p>Um den Bestellvorgang abzuschlie\u00dfen, klicken Sie auf die Schaltfl\u00e4che &#8220;Zur Kasse gehen&#8221; und geben Sie Ihre Kontaktinformationen ein. Nachdem Sie auf die Schaltfl\u00e4che &#8220;Bestellung abschicken&#8221; geklickt haben, m\u00fcssen Sie \u00fcber das Zahlungssystem mit den Zahlungskarten Master Card oder Visa bezahlen. Nach Zahlungseingang wird die Bestellung an den Lieferdienst \u00fcbergeben, und dann wird der Manager Sie anrufen und alle Details kl\u00e4ren.<\/p>\n<p>Wenn Sie irgendwelche Fragen haben, kontaktieren Sie uns bitte: online@pridecaraudio.com<\/p>\n","protected":false},"excerpt":{"rendered":"<p>Um Ihre Bestellung aufzugeben, m\u00fcssen Sie Folgendes tun: 1. Produkte ausw\u00e4hlen W\u00e4hlen Sie nacheinander eine Gruppe von Produkten aus (z.B. Produkte &#8211; Subwoofer &#8211; BB-12). F\u00fcr Sie erscheint eine Seite, auf der die Produkte mit Preisangaben, einem kleinen Foto und einigen der wichtigsten Eigenschaften angezeigt werden. Wenn Sie auf den Link klicken, der das Produktmodell [&hellip;]<\/p>\n","protected":false},"author":1,"featured_media":0,"parent":8457,"menu_order":0,"comment_status":"closed","ping_status":"closed","template":"page-templates\/knowledge-template.php","meta":{"inline_featured_image":false,"footnotes":""},"class_list":["post-8460","page","type-page","status-publish","hentry"],"acf":[],"yoast_head":"<!-- This site is optimized with the Yoast SEO plugin v27.3 - https:\/\/yoast.com\/product\/yoast-seo-wordpress\/ -->\n<title>Wie man bestellt - Pride Car Audio1<\/title>\n<meta name=\"robots\" content=\"index, follow, max-snippet:-1, max-image-preview:large, max-video-preview:-1\" \/>\n<link rel=\"canonical\" href=\"https:\/\/pride.audio\/de\/support\/how-to-order\/\" \/>\n<meta property=\"og:locale\" content=\"de_DE\" \/>\n<meta property=\"og:type\" content=\"article\" \/>\n<meta property=\"og:title\" content=\"Wie man bestellt - Pride Car Audio1\" \/>\n<meta property=\"og:description\" content=\"Um Ihre Bestellung aufzugeben, m\u00fcssen Sie Folgendes tun: 1. Produkte ausw\u00e4hlen W\u00e4hlen Sie nacheinander eine Gruppe von Produkten aus (z.B. Produkte &#8211; Subwoofer &#8211; BB-12). F\u00fcr Sie erscheint eine Seite, auf der die Produkte mit Preisangaben, einem kleinen Foto und einigen der wichtigsten Eigenschaften angezeigt werden. Wenn Sie auf den Link klicken, der das Produktmodell [&hellip;]\" \/>\n<meta property=\"og:url\" content=\"https:\/\/pride.audio\/de\/support\/how-to-order\/\" \/>\n<meta property=\"og:site_name\" content=\"Pride Car Audio1\" \/>\n<meta property=\"article:modified_time\" content=\"2024-10-11T21:48:08+00:00\" \/>\n<meta name=\"twitter:card\" content=\"summary_large_image\" \/>\n<meta name=\"twitter:label1\" content=\"Gesch\u00e4tzte Lesezeit\" \/>\n\t<meta name=\"twitter:data1\" content=\"1\u00a0Minute\" \/>\n<script type=\"application\/ld+json\" class=\"yoast-schema-graph\">{\"@context\":\"https:\\\/\\\/schema.org\",\"@graph\":[{\"@type\":\"WebPage\",\"@id\":\"https:\\\/\\\/pride.audio\\\/de\\\/support\\\/how-to-order\\\/\",\"url\":\"https:\\\/\\\/pride.audio\\\/de\\\/support\\\/how-to-order\\\/\",\"name\":\"Wie man bestellt - Pride Car Audio1\",\"isPartOf\":{\"@id\":\"https:\\\/\\\/pride.audio\\\/#website\"},\"datePublished\":\"2019-07-18T17:53:52+00:00\",\"dateModified\":\"2024-10-11T21:48:08+00:00\",\"breadcrumb\":{\"@id\":\"https:\\\/\\\/pride.audio\\\/de\\\/support\\\/how-to-order\\\/#breadcrumb\"},\"inLanguage\":\"de\",\"potentialAction\":[{\"@type\":\"ReadAction\",\"target\":[\"https:\\\/\\\/pride.audio\\\/de\\\/support\\\/how-to-order\\\/\"]}]},{\"@type\":\"BreadcrumbList\",\"@id\":\"https:\\\/\\\/pride.audio\\\/de\\\/support\\\/how-to-order\\\/#breadcrumb\",\"itemListElement\":[{\"@type\":\"ListItem\",\"position\":1,\"name\":\"Home\",\"item\":\"https:\\\/\\\/pride.audio\\\/de\\\/\"},{\"@type\":\"ListItem\",\"position\":2,\"name\":\"Unterst\u00fctzung\",\"item\":\"https:\\\/\\\/pride.audio\\\/support\\\/\"},{\"@type\":\"ListItem\",\"position\":3,\"name\":\"Wie man bestellt\"}]},{\"@type\":\"WebSite\",\"@id\":\"https:\\\/\\\/pride.audio\\\/#website\",\"url\":\"https:\\\/\\\/pride.audio\\\/\",\"name\":\"Pride Car Audio1\",\"description\":\"Pride Car Audio: Official site\",\"publisher\":{\"@id\":\"https:\\\/\\\/pride.audio\\\/#organization\"},\"potentialAction\":[{\"@type\":\"SearchAction\",\"target\":{\"@type\":\"EntryPoint\",\"urlTemplate\":\"https:\\\/\\\/pride.audio\\\/?s={search_term_string}\"},\"query-input\":{\"@type\":\"PropertyValueSpecification\",\"valueRequired\":true,\"valueName\":\"search_term_string\"}}],\"inLanguage\":\"de\"},{\"@type\":\"Organization\",\"@id\":\"https:\\\/\\\/pride.audio\\\/#organization\",\"name\":\"Pride Car Audio1\",\"url\":\"https:\\\/\\\/pride.audio\\\/\",\"logo\":{\"@type\":\"ImageObject\",\"inLanguage\":\"de\",\"@id\":\"https:\\\/\\\/pride.audio\\\/#\\\/schema\\\/logo\\\/image\\\/\",\"url\":\"https:\\\/\\\/pride.audio\\\/wp-content\\\/uploads\\\/2023\\\/08\\\/g10.svg\",\"contentUrl\":\"https:\\\/\\\/pride.audio\\\/wp-content\\\/uploads\\\/2023\\\/08\\\/g10.svg\",\"width\":158,\"height\":34,\"caption\":\"Pride Car Audio1\"},\"image\":{\"@id\":\"https:\\\/\\\/pride.audio\\\/#\\\/schema\\\/logo\\\/image\\\/\"}}]}<\/script>\n<!-- \/ Yoast SEO plugin. -->","yoast_head_json":{"title":"Wie man bestellt - Pride Car Audio1","robots":{"index":"index","follow":"follow","max-snippet":"max-snippet:-1","max-image-preview":"max-image-preview:large","max-video-preview":"max-video-preview:-1"},"canonical":"https:\/\/pride.audio\/de\/support\/how-to-order\/","og_locale":"de_DE","og_type":"article","og_title":"Wie man bestellt - Pride Car Audio1","og_description":"Um Ihre Bestellung aufzugeben, m\u00fcssen Sie Folgendes tun: 1. Produkte ausw\u00e4hlen W\u00e4hlen Sie nacheinander eine Gruppe von Produkten aus (z.B. Produkte &#8211; Subwoofer &#8211; BB-12). F\u00fcr Sie erscheint eine Seite, auf der die Produkte mit Preisangaben, einem kleinen Foto und einigen der wichtigsten Eigenschaften angezeigt werden. Wenn Sie auf den Link klicken, der das Produktmodell [&hellip;]","og_url":"https:\/\/pride.audio\/de\/support\/how-to-order\/","og_site_name":"Pride Car Audio1","article_modified_time":"2024-10-11T21:48:08+00:00","twitter_card":"summary_large_image","twitter_misc":{"Gesch\u00e4tzte Lesezeit":"1\u00a0Minute"},"schema":{"@context":"https:\/\/schema.org","@graph":[{"@type":"WebPage","@id":"https:\/\/pride.audio\/de\/support\/how-to-order\/","url":"https:\/\/pride.audio\/de\/support\/how-to-order\/","name":"Wie man bestellt - Pride Car Audio1","isPartOf":{"@id":"https:\/\/pride.audio\/#website"},"datePublished":"2019-07-18T17:53:52+00:00","dateModified":"2024-10-11T21:48:08+00:00","breadcrumb":{"@id":"https:\/\/pride.audio\/de\/support\/how-to-order\/#breadcrumb"},"inLanguage":"de","potentialAction":[{"@type":"ReadAction","target":["https:\/\/pride.audio\/de\/support\/how-to-order\/"]}]},{"@type":"BreadcrumbList","@id":"https:\/\/pride.audio\/de\/support\/how-to-order\/#breadcrumb","itemListElement":[{"@type":"ListItem","position":1,"name":"Home","item":"https:\/\/pride.audio\/de\/"},{"@type":"ListItem","position":2,"name":"Unterst\u00fctzung","item":"https:\/\/pride.audio\/support\/"},{"@type":"ListItem","position":3,"name":"Wie man bestellt"}]},{"@type":"WebSite","@id":"https:\/\/pride.audio\/#website","url":"https:\/\/pride.audio\/","name":"Pride Car Audio1","description":"Pride Car Audio: Official site","publisher":{"@id":"https:\/\/pride.audio\/#organization"},"potentialAction":[{"@type":"SearchAction","target":{"@type":"EntryPoint","urlTemplate":"https:\/\/pride.audio\/?s={search_term_string}"},"query-input":{"@type":"PropertyValueSpecification","valueRequired":true,"valueName":"search_term_string"}}],"inLanguage":"de"},{"@type":"Organization","@id":"https:\/\/pride.audio\/#organization","name":"Pride Car Audio1","url":"https:\/\/pride.audio\/","logo":{"@type":"ImageObject","inLanguage":"de","@id":"https:\/\/pride.audio\/#\/schema\/logo\/image\/","url":"https:\/\/pride.audio\/wp-content\/uploads\/2023\/08\/g10.svg","contentUrl":"https:\/\/pride.audio\/wp-content\/uploads\/2023\/08\/g10.svg","width":158,"height":34,"caption":"Pride Car Audio1"},"image":{"@id":"https:\/\/pride.audio\/#\/schema\/logo\/image\/"}}]}},"_links":{"self":[{"href":"https:\/\/pride.audio\/de\/wp-json\/wp\/v2\/pages\/8460","targetHints":{"allow":["GET"]}}],"collection":[{"href":"https:\/\/pride.audio\/de\/wp-json\/wp\/v2\/pages"}],"about":[{"href":"https:\/\/pride.audio\/de\/wp-json\/wp\/v2\/types\/page"}],"author":[{"embeddable":true,"href":"https:\/\/pride.audio\/de\/wp-json\/wp\/v2\/users\/1"}],"replies":[{"embeddable":true,"href":"https:\/\/pride.audio\/de\/wp-json\/wp\/v2\/comments?post=8460"}],"version-history":[{"count":0,"href":"https:\/\/pride.audio\/de\/wp-json\/wp\/v2\/pages\/8460\/revisions"}],"up":[{"embeddable":true,"href":"https:\/\/pride.audio\/de\/wp-json\/wp\/v2\/pages\/8457"}],"wp:attachment":[{"href":"https:\/\/pride.audio\/de\/wp-json\/wp\/v2\/media?parent=8460"}],"curies":[{"name":"wp","href":"https:\/\/api.w.org\/{rel}","templated":true}]}}