{"id":8457,"date":"2019-05-08T13:00:57","date_gmt":"2019-05-08T18:00:57","guid":{"rendered":"https:\/\/pride.audio\/support\/"},"modified":"2022-09-24T20:23:27","modified_gmt":"2022-09-24T18:23:27","slug":"support","status":"publish","type":"page","link":"https:\/\/pride.audio\/de\/support\/","title":{"rendered":"Unterst\u00fctzung"},"content":{"rendered":"<section class=\"banner\" style=\"--image: url('https:\/\/pride.audio\/wp-content\/uploads\/category-header-amplifiers-1.jpg')\">\n    <div class=\"container\">\n        <h1 class=\"banner__title\" data-aos=\"fade-up\">Unterst\u00fctzung<\/h1>\n        <div class=\"banner__snippet snippet\" data-aos=\"fade-up\" data-aos-delay=\"400\">Vielen Dank f\u00fcr Ihr Interesse an Pride Car Audio. Wir haben unser Supportsystem in verschiedene Abteilungen unterteilt, um Ihre Bed\u00fcrfnisse besser erf\u00fcllen zu k\u00f6nnen. Bitte w\u00e4hlen Sie unten die Abteilung aus, die Sie ben\u00f6tigen. Wir freuen uns auf ein Gespr\u00e4ch mit Ihnen!<\/div>\n    <\/div>\n<\/section>\n\n<section class=\"catcards\">\n    <div class=\"container\">\n        <div class=\"catcards__inner\">\n            <div class=\"catcards__grid\">\n\t                                <div class=\"catcard light\" data-aos=\"fade-up\" data-aos-delay=\"0\">\n                        <div class=\"catcard__wrapper\">\n                            <div class=\"catcard__contents\">\n                                <div class=\"catcard__title h2\">Fragen zum Kauf<\/div>\n                                <div class=\"catcard__snippet\">Allgemeine Fragen zu Kauf, Lieferung, Zahlung, R\u00fcckerstattung<\/div>\n                                <a href=\"\/de\/support\/how-to-order\/\" class=\"btn btn--border\">Mehr erfahren<\/a>\n                            <\/div>\n                            <br>\n                            <div class=\"catcard__image\">\n\t                            <img loading=\"lazy\" decoding=\"async\" width=\"627\" height=\"424\" src=\"https:\/\/pride.audio\/wp-content\/uploads\/pride_diamond8v2_2.jpg\" class=\"attachment-full size-full\" alt=\"\" srcset=\"https:\/\/pride.audio\/wp-content\/uploads\/pride_diamond8v2_2.jpg 627w, https:\/\/pride.audio\/wp-content\/uploads\/pride_diamond8v2_2-600x406.jpg 600w\" sizes=\"auto, (max-width: 627px) 100vw, 627px\" \/>                            <\/div>\n                        <\/div>\n                    <\/div>\n\t\t\t\t                    <div class=\"catcard light\" data-aos=\"fade-up\" data-aos-delay=\"200\">\n                        <div class=\"catcard__wrapper\">\n                            <div class=\"catcard__contents\">\n                                <div class=\"catcard__title h2\">Dienstleistungen<\/div>\n                                <div class=\"catcard__snippet\">Antworten auf alle Fragen zu Reparatur und Wartung<\/div>\n                                <a href=\"\/de\/support\/procedures-prices-cargo-shipping-assembling-components-instead-of-broken-parts\/\" class=\"btn btn--border\">Mehr erfahren<\/a>\n                            <\/div>\n                            <br>\n                            <div class=\"catcard__image\">\n\t                            <img loading=\"lazy\" decoding=\"async\" width=\"627\" height=\"424\" src=\"https:\/\/pride.audio\/wp-content\/uploads\/pride_diamond8v2_2.jpg\" class=\"attachment-full size-full\" alt=\"\" srcset=\"https:\/\/pride.audio\/wp-content\/uploads\/pride_diamond8v2_2.jpg 627w, https:\/\/pride.audio\/wp-content\/uploads\/pride_diamond8v2_2-600x406.jpg 600w\" sizes=\"auto, (max-width: 627px) 100vw, 627px\" \/>                            <\/div>\n                        <\/div>\n                    <\/div>\n\t\t\t\t            <\/div>\n        <\/div>\n    <\/div>\n<\/section>\n","protected":false},"excerpt":{"rendered":"","protected":false},"author":1,"featured_media":0,"parent":0,"menu_order":0,"comment_status":"closed","ping_status":"closed","template":"page-templates\/canvas-template.php","meta":{"inline_featured_image":false,"footnotes":""},"class_list":["post-8457","page","type-page","status-publish","hentry"],"acf":[],"yoast_head":"<!-- This site is optimized with the Yoast SEO plugin v27.5 - https:\/\/yoast.com\/product\/yoast-seo-wordpress\/ -->\n<title>Unterst\u00fctzung - Pride Car Audio1<\/title>\n<meta name=\"robots\" content=\"index, follow, max-snippet:-1, max-image-preview:large, max-video-preview:-1\" \/>\n<link rel=\"canonical\" href=\"https:\/\/pride.audio\/support\/\" \/>\n<meta property=\"og:locale\" content=\"de_DE\" \/>\n<meta property=\"og:type\" content=\"article\" \/>\n<meta property=\"og:title\" content=\"Unterst\u00fctzung - Pride Car Audio1\" \/>\n<meta property=\"og:url\" content=\"https:\/\/pride.audio\/support\/\" \/>\n<meta property=\"og:site_name\" content=\"Pride Car Audio1\" \/>\n<meta property=\"article:modified_time\" content=\"2022-09-24T18:23:27+00:00\" \/>\n<meta name=\"twitter:card\" content=\"summary_large_image\" \/>\n<script type=\"application\/ld+json\" class=\"yoast-schema-graph\">{\"@context\":\"https:\\\/\\\/schema.org\",\"@graph\":[{\"@type\":\"WebPage\",\"@id\":\"https:\\\/\\\/pride.audio\\\/support\\\/\",\"url\":\"https:\\\/\\\/pride.audio\\\/support\\\/\",\"name\":\"Unterst\u00fctzung - Pride Car Audio1\",\"isPartOf\":{\"@id\":\"https:\\\/\\\/pride.audio\\\/#website\"},\"datePublished\":\"2019-05-08T18:00:57+00:00\",\"dateModified\":\"2022-09-24T18:23:27+00:00\",\"breadcrumb\":{\"@id\":\"https:\\\/\\\/pride.audio\\\/support\\\/#breadcrumb\"},\"inLanguage\":\"de\",\"potentialAction\":[{\"@type\":\"ReadAction\",\"target\":[\"https:\\\/\\\/pride.audio\\\/support\\\/\"]}]},{\"@type\":\"BreadcrumbList\",\"@id\":\"https:\\\/\\\/pride.audio\\\/support\\\/#breadcrumb\",\"itemListElement\":[{\"@type\":\"ListItem\",\"position\":1,\"name\":\"Home\",\"item\":\"https:\\\/\\\/pride.audio\\\/de\\\/\"},{\"@type\":\"ListItem\",\"position\":2,\"name\":\"Unterst\u00fctzung\"}]},{\"@type\":\"WebSite\",\"@id\":\"https:\\\/\\\/pride.audio\\\/#website\",\"url\":\"https:\\\/\\\/pride.audio\\\/\",\"name\":\"Pride Car Audio1\",\"description\":\"Pride Car Audio: Official site\",\"publisher\":{\"@id\":\"https:\\\/\\\/pride.audio\\\/#organization\"},\"potentialAction\":[{\"@type\":\"SearchAction\",\"target\":{\"@type\":\"EntryPoint\",\"urlTemplate\":\"https:\\\/\\\/pride.audio\\\/?s={search_term_string}\"},\"query-input\":{\"@type\":\"PropertyValueSpecification\",\"valueRequired\":true,\"valueName\":\"search_term_string\"}}],\"inLanguage\":\"de\"},{\"@type\":\"Organization\",\"@id\":\"https:\\\/\\\/pride.audio\\\/#organization\",\"name\":\"Pride Car Audio1\",\"url\":\"https:\\\/\\\/pride.audio\\\/\",\"logo\":{\"@type\":\"ImageObject\",\"inLanguage\":\"de\",\"@id\":\"https:\\\/\\\/pride.audio\\\/#\\\/schema\\\/logo\\\/image\\\/\",\"url\":\"https:\\\/\\\/pride.audio\\\/wp-content\\\/uploads\\\/2023\\\/08\\\/g10.svg\",\"contentUrl\":\"https:\\\/\\\/pride.audio\\\/wp-content\\\/uploads\\\/2023\\\/08\\\/g10.svg\",\"width\":158,\"height\":34,\"caption\":\"Pride Car Audio1\"},\"image\":{\"@id\":\"https:\\\/\\\/pride.audio\\\/#\\\/schema\\\/logo\\\/image\\\/\"}}]}<\/script>\n<!-- \/ Yoast SEO plugin. -->","yoast_head_json":{"title":"Unterst\u00fctzung - Pride Car Audio1","robots":{"index":"index","follow":"follow","max-snippet":"max-snippet:-1","max-image-preview":"max-image-preview:large","max-video-preview":"max-video-preview:-1"},"canonical":"https:\/\/pride.audio\/support\/","og_locale":"de_DE","og_type":"article","og_title":"Unterst\u00fctzung - Pride Car Audio1","og_url":"https:\/\/pride.audio\/support\/","og_site_name":"Pride Car Audio1","article_modified_time":"2022-09-24T18:23:27+00:00","twitter_card":"summary_large_image","schema":{"@context":"https:\/\/schema.org","@graph":[{"@type":"WebPage","@id":"https:\/\/pride.audio\/support\/","url":"https:\/\/pride.audio\/support\/","name":"Unterst\u00fctzung - Pride Car Audio1","isPartOf":{"@id":"https:\/\/pride.audio\/#website"},"datePublished":"2019-05-08T18:00:57+00:00","dateModified":"2022-09-24T18:23:27+00:00","breadcrumb":{"@id":"https:\/\/pride.audio\/support\/#breadcrumb"},"inLanguage":"de","potentialAction":[{"@type":"ReadAction","target":["https:\/\/pride.audio\/support\/"]}]},{"@type":"BreadcrumbList","@id":"https:\/\/pride.audio\/support\/#breadcrumb","itemListElement":[{"@type":"ListItem","position":1,"name":"Home","item":"https:\/\/pride.audio\/de\/"},{"@type":"ListItem","position":2,"name":"Unterst\u00fctzung"}]},{"@type":"WebSite","@id":"https:\/\/pride.audio\/#website","url":"https:\/\/pride.audio\/","name":"Pride Car Audio1","description":"Pride Car Audio: Official site","publisher":{"@id":"https:\/\/pride.audio\/#organization"},"potentialAction":[{"@type":"SearchAction","target":{"@type":"EntryPoint","urlTemplate":"https:\/\/pride.audio\/?s={search_term_string}"},"query-input":{"@type":"PropertyValueSpecification","valueRequired":true,"valueName":"search_term_string"}}],"inLanguage":"de"},{"@type":"Organization","@id":"https:\/\/pride.audio\/#organization","name":"Pride Car Audio1","url":"https:\/\/pride.audio\/","logo":{"@type":"ImageObject","inLanguage":"de","@id":"https:\/\/pride.audio\/#\/schema\/logo\/image\/","url":"https:\/\/pride.audio\/wp-content\/uploads\/2023\/08\/g10.svg","contentUrl":"https:\/\/pride.audio\/wp-content\/uploads\/2023\/08\/g10.svg","width":158,"height":34,"caption":"Pride Car Audio1"},"image":{"@id":"https:\/\/pride.audio\/#\/schema\/logo\/image\/"}}]}},"_links":{"self":[{"href":"https:\/\/pride.audio\/de\/wp-json\/wp\/v2\/pages\/8457","targetHints":{"allow":["GET"]}}],"collection":[{"href":"https:\/\/pride.audio\/de\/wp-json\/wp\/v2\/pages"}],"about":[{"href":"https:\/\/pride.audio\/de\/wp-json\/wp\/v2\/types\/page"}],"author":[{"embeddable":true,"href":"https:\/\/pride.audio\/de\/wp-json\/wp\/v2\/users\/1"}],"replies":[{"embeddable":true,"href":"https:\/\/pride.audio\/de\/wp-json\/wp\/v2\/comments?post=8457"}],"version-history":[{"count":0,"href":"https:\/\/pride.audio\/de\/wp-json\/wp\/v2\/pages\/8457\/revisions"}],"wp:attachment":[{"href":"https:\/\/pride.audio\/de\/wp-json\/wp\/v2\/media?parent=8457"}],"curies":[{"name":"wp","href":"https:\/\/api.w.org\/{rel}","templated":true}]}}