{"id":15999,"date":"2023-11-10T18:13:47","date_gmt":"2023-11-10T23:13:47","guid":{"rendered":"https:\/\/pride.audio\/?page_id=15999"},"modified":"2024-04-11T15:37:42","modified_gmt":"2024-04-11T13:37:42","slug":"15999-2","status":"publish","type":"page","link":"https:\/\/pride.audio\/de\/support\/15999-2\/","title":{"rendered":"PRIDE CAR AUDIO-VORTEILE"},"content":{"rendered":"\n<p><strong>VORTEILE VON PRIDE CAR AUDIO: WIE FUNKTIONIERT ES?<\/strong><br>PRIDE CAR AUDIO Benefits ist eine virtuelle W\u00e4hrung, mit der Sie Ihre Eink\u00e4ufe im Pride Car Audio Online Store bezahlen k\u00f6nnen. Es ist leicht zu bekommen und einfach zu verwenden. Die Vorteile von Pride Car Audio sind nicht \u00fcbertragbar, k\u00f6nnen nicht gegen Bargeld eingetauscht werden und k\u00f6nnen nicht au\u00dferhalb des offiziellen Pride Car Audio Online-Shops genutzt werden. Sie k\u00f6nnen den Kontostand Ihrer Pride Car Audio-Vorteile einsehen, indem Sie nach der Anmeldung auf \u201eMein Konto\u201c klicken. Die W\u00e4hrung Ihrer Pride Car Audio-Vorteile ist dieselbe W\u00e4hrung, in der Sie bezahlen m\u00f6chten.<br><\/p>\n\n\n\n<p><strong>SO NUTZEN SIE PRIDE CAR AUDIO CREDIT<\/strong><\/p>\n\n\n\n<p>Sie k\u00f6nnen beim Bezahlvorgang w\u00e4hlen, ob Sie Ihre Pride Car Audio-Vorteile nutzen m\u00f6chten. Wenn der Betrag Ihrer verf\u00fcgbaren Pride Car Audio-Vorteile geringer ist als Ihr Gesamtbestellwert (ohne Versandkosten), k\u00f6nnen Sie die Differenz mit einer unserer Zahlungsmethoden begleichen<br><\/p>\n\n\n\n<p><strong>H\u00e4ufig gestellte Fragen<\/strong><br><strong>Wie kann ich Pride Car Audio-Vorteile erhalten?<\/strong><br>Sie k\u00f6nnen die Pride Car Audio-Vorteile erhalten, indem Sie sich in unserem System registrieren und ein pers\u00f6nliches Konto erstellen. F\u00fcr diese Aktion erhalten Sie den ersten Bonus \u2013 10 USD<\/p>\n\n\n\n<p><strong>Wie erhalte ich 1 % meines gesamten Einkaufswerts als Pride Car Audio-Vorteile zur\u00fcck?<\/strong><br>Wir gew\u00e4hren Pr\u00e4mien 15 Tage nach Versand und erfolgreicher Lieferung der Ware an den K\u00e4ufer. Wenn wir kein Liefersystem haben (z. B. FedEx), werden die Pr\u00e4mien 20 Tage nach dem Entladedatum gutgeschrieben<\/p>\n\n\n\n<p><strong>Wie kann ich einen erh\u00f6hten Cashback-Prozentsatz erhalten?<\/strong><br>Zu Ehren Ihres Geburtstages vergeben wir einen erh\u00f6hten Prozentsatz an Cashback-Boni f\u00fcr Pride Car Audio \u2013 ab 10 %<\/p>\n\n\n\n<p>Der erh\u00f6hte R\u00fcckgabeprozentsatz des Pride Car Audio-Bonus gilt 7 Tage vor Ihrem Geburtstag und 7 Tage danach, sodass Sie volle 15 Tage lang erh\u00f6hte Boni erhalten<\/p>\n\n\n\n<p>Eine besonders angenehme \u00dcberraschung: In diesem Zeitraum k\u00f6nnen Sie den Rabatt jeden Tag nutzen, d. h. Sie k\u00f6nnen in 15 Tagen beispielsweise 20 Mal eine Bestellung aufgeben und 20 Mal 10 % Cashback erhalten<\/p>\n\n\n\n<p><strong>Kann ich Pride Car Audio-Vorteile erhalten, wenn ich ein Produkt mit Gutscheinen oder Pride Car Audio-Guthaben kaufe?<\/strong><br>Wenn Sie ein Produkt mit Gutscheinen oder Pride Car Audio-Vorteilen kaufen, haben Sie keinen Anspruch auf eine R\u00fcckerstattung von 1 % Ihres Gesamtkaufwerts. Wenn ein Kunde beispielsweise einen 50-Dollar-Gutschein f\u00fcr eine Bestellung im Wert von 200 US-Dollar einl\u00f6st, erh\u00e4lt er f\u00fcr die verbleibenden 150 US-Dollar nur 1 % der Pride Car Audio-Vorteile, was 1,50 US-Dollar an Pride Car Audio-Vorteilen entspricht.<\/p>\n\n\n\n<p><strong>Kann ich weiterhin Pride Car Audio-Vorteile erhalten, wenn ich meine Bestellung storniere?<\/strong><br>Pride Car Audio-Vorteile aus r\u00fcckerstatteten Bestellungen verfallen. Wenn die Pride Car Audio-Vorteile Ihrem Konto hinzugef\u00fcgt werden, zieht das System den Betrag automatisch von Ihrem Konto ab. Pride Car Audio Benefits beh\u00e4lt sich das Recht vor, alle durch betr\u00fcgerische Bestellungen erlangten Pride Car Audio Benefits zur\u00fcckzuziehen.<\/p>\n\n\n\n<p><strong>Gibt es eine Begrenzung f\u00fcr die Menge der beim Kauf genutzten Pride Car Audio-Vorteile?<\/strong><br>Nein. Pride Car Audio Credit kann zum Kauf aller Produkte im Pride Car Audio Online Store verwendet werden (Versandkosten ausgenommen).<\/p>\n\n\n\n<p><strong>Kann ich meine Pride Car Audio-Vorteile in anderen L\u00e4ndern nutzen?<\/strong><br>Nein, Sie k\u00f6nnen Ihre Pride Car Audio-Vorteile vorerst nur in den USA nutzen, aber wir arbeiten daran, den Horizont unseres Bonussystems zu erweitern<\/p>\n\n\n\n<p><strong>Verfallen die Vorteile von Pride Car Audio?<\/strong><br>Gew\u00e4hrte Pride Car Audio-Vorteile verfallen nicht. Weitere Informationen zur Nutzung der Pride Car Audio-Vorteile finden Sie online im offiziellen Pride Car Audio Store.<\/p>\n\n\n\n<p><strong>Pride Car Audio Benefits Notes<\/strong><\/p>\n\n\n\n<p>Pride Car Audio Benefits&nbsp; can only be obtained from purchases made by individuals instead of organizations with the purpose of earning profits by reselling products. If any of the following situations occur, ride Car Audio will cancel orders unilaterally and withdraw any ride Car Audio Benefits&nbsp; generated from orders before shipping or receipt confirmation.<\/p>\n\n\n\n<ul class=\"wp-block-list\">\n<li>Users purchase products more than the permitted amount using the same account.<\/li>\n\n\n\n<li>Orders with the same payment account, delivery address, computer IP address, and phone number that could be related to, or made by, the same person, and the total number of products purchased exceeds the permitted amount limit.<\/li>\n\n\n\n<li>Other purchases made through improper means or proven to be illegal.<\/li>\n<\/ul>\n\n\n\n<p>Pride Car Audio Benefits reserves all right of final interpretation of the ride Car Audio Benefits&nbsp; rules, terms, and conditions.<\/p>\n","protected":false},"excerpt":{"rendered":"<p>VORTEILE VON PRIDE CAR AUDIO: WIE FUNKTIONIERT ES?PRIDE CAR AUDIO Benefits ist eine virtuelle W\u00e4hrung, mit der Sie Ihre Eink\u00e4ufe im Pride Car Audio Online Store bezahlen k\u00f6nnen. Es ist leicht zu bekommen und einfach zu verwenden. Die Vorteile von Pride Car Audio sind nicht \u00fcbertragbar, k\u00f6nnen nicht gegen Bargeld eingetauscht werden und k\u00f6nnen nicht [&hellip;]<\/p>\n","protected":false},"author":1,"featured_media":0,"parent":8457,"menu_order":0,"comment_status":"closed","ping_status":"closed","template":"page-templates\/knowledge-template.php","meta":{"inline_featured_image":false,"footnotes":""},"class_list":["post-15999","page","type-page","status-publish","hentry"],"acf":[],"yoast_head":"<!-- This site is optimized with the Yoast SEO plugin v27.3 - https:\/\/yoast.com\/product\/yoast-seo-wordpress\/ -->\n<title>PRIDE CAR AUDIO-VORTEILE - Pride Car Audio1<\/title>\n<meta name=\"robots\" content=\"index, follow, max-snippet:-1, max-image-preview:large, max-video-preview:-1\" \/>\n<link rel=\"canonical\" href=\"https:\/\/pride.audio\/de\/faq\/15999-2\/\" \/>\n<meta property=\"og:locale\" content=\"de_DE\" \/>\n<meta property=\"og:type\" content=\"article\" \/>\n<meta property=\"og:title\" content=\"PRIDE CAR AUDIO-VORTEILE - Pride Car Audio1\" \/>\n<meta property=\"og:description\" content=\"VORTEILE VON PRIDE CAR AUDIO: WIE FUNKTIONIERT ES?PRIDE CAR AUDIO Benefits ist eine virtuelle W\u00e4hrung, mit der Sie Ihre Eink\u00e4ufe im Pride Car Audio Online Store bezahlen k\u00f6nnen. Es ist leicht zu bekommen und einfach zu verwenden. Die Vorteile von Pride Car Audio sind nicht \u00fcbertragbar, k\u00f6nnen nicht gegen Bargeld eingetauscht werden und k\u00f6nnen nicht [&hellip;]\" \/>\n<meta property=\"og:url\" content=\"https:\/\/pride.audio\/de\/faq\/15999-2\/\" \/>\n<meta property=\"og:site_name\" content=\"Pride Car Audio1\" \/>\n<meta property=\"article:modified_time\" content=\"2024-04-11T13:37:42+00:00\" \/>\n<meta name=\"twitter:card\" content=\"summary_large_image\" \/>\n<meta name=\"twitter:label1\" content=\"Gesch\u00e4tzte Lesezeit\" \/>\n\t<meta name=\"twitter:data1\" content=\"3\u00a0Minuten\" \/>\n<script type=\"application\/ld+json\" class=\"yoast-schema-graph\">{\"@context\":\"https:\\\/\\\/schema.org\",\"@graph\":[{\"@type\":\"WebPage\",\"@id\":\"https:\\\/\\\/pride.audio\\\/de\\\/faq\\\/15999-2\\\/\",\"url\":\"https:\\\/\\\/pride.audio\\\/de\\\/faq\\\/15999-2\\\/\",\"name\":\"PRIDE CAR AUDIO-VORTEILE - Pride Car Audio1\",\"isPartOf\":{\"@id\":\"https:\\\/\\\/pride.audio\\\/#website\"},\"datePublished\":\"2023-11-10T23:13:47+00:00\",\"dateModified\":\"2024-04-11T13:37:42+00:00\",\"breadcrumb\":{\"@id\":\"https:\\\/\\\/pride.audio\\\/de\\\/faq\\\/15999-2\\\/#breadcrumb\"},\"inLanguage\":\"de\",\"potentialAction\":[{\"@type\":\"ReadAction\",\"target\":[\"https:\\\/\\\/pride.audio\\\/de\\\/faq\\\/15999-2\\\/\"]}]},{\"@type\":\"BreadcrumbList\",\"@id\":\"https:\\\/\\\/pride.audio\\\/de\\\/faq\\\/15999-2\\\/#breadcrumb\",\"itemListElement\":[{\"@type\":\"ListItem\",\"position\":1,\"name\":\"Home\",\"item\":\"https:\\\/\\\/pride.audio\\\/de\\\/\"},{\"@type\":\"ListItem\",\"position\":2,\"name\":\"FAQ\",\"item\":\"https:\\\/\\\/pride.audio\\\/faq\\\/\"},{\"@type\":\"ListItem\",\"position\":3,\"name\":\"PRIDE CAR AUDIO-VORTEILE\"}]},{\"@type\":\"WebSite\",\"@id\":\"https:\\\/\\\/pride.audio\\\/#website\",\"url\":\"https:\\\/\\\/pride.audio\\\/\",\"name\":\"Pride Car Audio1\",\"description\":\"Pride Car Audio: Official site\",\"publisher\":{\"@id\":\"https:\\\/\\\/pride.audio\\\/#organization\"},\"potentialAction\":[{\"@type\":\"SearchAction\",\"target\":{\"@type\":\"EntryPoint\",\"urlTemplate\":\"https:\\\/\\\/pride.audio\\\/?s={search_term_string}\"},\"query-input\":{\"@type\":\"PropertyValueSpecification\",\"valueRequired\":true,\"valueName\":\"search_term_string\"}}],\"inLanguage\":\"de\"},{\"@type\":\"Organization\",\"@id\":\"https:\\\/\\\/pride.audio\\\/#organization\",\"name\":\"Pride Car Audio1\",\"url\":\"https:\\\/\\\/pride.audio\\\/\",\"logo\":{\"@type\":\"ImageObject\",\"inLanguage\":\"de\",\"@id\":\"https:\\\/\\\/pride.audio\\\/#\\\/schema\\\/logo\\\/image\\\/\",\"url\":\"https:\\\/\\\/pride.audio\\\/wp-content\\\/uploads\\\/2023\\\/08\\\/g10.svg\",\"contentUrl\":\"https:\\\/\\\/pride.audio\\\/wp-content\\\/uploads\\\/2023\\\/08\\\/g10.svg\",\"width\":158,\"height\":34,\"caption\":\"Pride Car Audio1\"},\"image\":{\"@id\":\"https:\\\/\\\/pride.audio\\\/#\\\/schema\\\/logo\\\/image\\\/\"}}]}<\/script>\n<!-- \/ Yoast SEO plugin. -->","yoast_head_json":{"title":"PRIDE CAR AUDIO-VORTEILE - Pride Car Audio1","robots":{"index":"index","follow":"follow","max-snippet":"max-snippet:-1","max-image-preview":"max-image-preview:large","max-video-preview":"max-video-preview:-1"},"canonical":"https:\/\/pride.audio\/de\/faq\/15999-2\/","og_locale":"de_DE","og_type":"article","og_title":"PRIDE CAR AUDIO-VORTEILE - Pride Car Audio1","og_description":"VORTEILE VON PRIDE CAR AUDIO: WIE FUNKTIONIERT ES?PRIDE CAR AUDIO Benefits ist eine virtuelle W\u00e4hrung, mit der Sie Ihre Eink\u00e4ufe im Pride Car Audio Online Store bezahlen k\u00f6nnen. Es ist leicht zu bekommen und einfach zu verwenden. Die Vorteile von Pride Car Audio sind nicht \u00fcbertragbar, k\u00f6nnen nicht gegen Bargeld eingetauscht werden und k\u00f6nnen nicht [&hellip;]","og_url":"https:\/\/pride.audio\/de\/faq\/15999-2\/","og_site_name":"Pride Car Audio1","article_modified_time":"2024-04-11T13:37:42+00:00","twitter_card":"summary_large_image","twitter_misc":{"Gesch\u00e4tzte Lesezeit":"3\u00a0Minuten"},"schema":{"@context":"https:\/\/schema.org","@graph":[{"@type":"WebPage","@id":"https:\/\/pride.audio\/de\/faq\/15999-2\/","url":"https:\/\/pride.audio\/de\/faq\/15999-2\/","name":"PRIDE CAR AUDIO-VORTEILE - Pride Car Audio1","isPartOf":{"@id":"https:\/\/pride.audio\/#website"},"datePublished":"2023-11-10T23:13:47+00:00","dateModified":"2024-04-11T13:37:42+00:00","breadcrumb":{"@id":"https:\/\/pride.audio\/de\/faq\/15999-2\/#breadcrumb"},"inLanguage":"de","potentialAction":[{"@type":"ReadAction","target":["https:\/\/pride.audio\/de\/faq\/15999-2\/"]}]},{"@type":"BreadcrumbList","@id":"https:\/\/pride.audio\/de\/faq\/15999-2\/#breadcrumb","itemListElement":[{"@type":"ListItem","position":1,"name":"Home","item":"https:\/\/pride.audio\/de\/"},{"@type":"ListItem","position":2,"name":"FAQ","item":"https:\/\/pride.audio\/faq\/"},{"@type":"ListItem","position":3,"name":"PRIDE CAR AUDIO-VORTEILE"}]},{"@type":"WebSite","@id":"https:\/\/pride.audio\/#website","url":"https:\/\/pride.audio\/","name":"Pride Car Audio1","description":"Pride Car Audio: Official site","publisher":{"@id":"https:\/\/pride.audio\/#organization"},"potentialAction":[{"@type":"SearchAction","target":{"@type":"EntryPoint","urlTemplate":"https:\/\/pride.audio\/?s={search_term_string}"},"query-input":{"@type":"PropertyValueSpecification","valueRequired":true,"valueName":"search_term_string"}}],"inLanguage":"de"},{"@type":"Organization","@id":"https:\/\/pride.audio\/#organization","name":"Pride Car Audio1","url":"https:\/\/pride.audio\/","logo":{"@type":"ImageObject","inLanguage":"de","@id":"https:\/\/pride.audio\/#\/schema\/logo\/image\/","url":"https:\/\/pride.audio\/wp-content\/uploads\/2023\/08\/g10.svg","contentUrl":"https:\/\/pride.audio\/wp-content\/uploads\/2023\/08\/g10.svg","width":158,"height":34,"caption":"Pride Car Audio1"},"image":{"@id":"https:\/\/pride.audio\/#\/schema\/logo\/image\/"}}]}},"_links":{"self":[{"href":"https:\/\/pride.audio\/de\/wp-json\/wp\/v2\/pages\/15999","targetHints":{"allow":["GET"]}}],"collection":[{"href":"https:\/\/pride.audio\/de\/wp-json\/wp\/v2\/pages"}],"about":[{"href":"https:\/\/pride.audio\/de\/wp-json\/wp\/v2\/types\/page"}],"author":[{"embeddable":true,"href":"https:\/\/pride.audio\/de\/wp-json\/wp\/v2\/users\/1"}],"replies":[{"embeddable":true,"href":"https:\/\/pride.audio\/de\/wp-json\/wp\/v2\/comments?post=15999"}],"version-history":[{"count":0,"href":"https:\/\/pride.audio\/de\/wp-json\/wp\/v2\/pages\/15999\/revisions"}],"up":[{"embeddable":true,"href":"https:\/\/pride.audio\/de\/wp-json\/wp\/v2\/pages\/8457"}],"wp:attachment":[{"href":"https:\/\/pride.audio\/de\/wp-json\/wp\/v2\/media?parent=15999"}],"curies":[{"name":"wp","href":"https:\/\/api.w.org\/{rel}","templated":true}]}}